{"id":14564,"date":"2021-05-15T15:50:26","date_gmt":"2021-05-15T20:50:26","guid":{"rendered":"https:\/\/www.voicesforvaccines.org\/desinformacion\/"},"modified":"2025-08-13T09:51:42","modified_gmt":"2025-08-13T14:51:42","slug":"desinformacion","status":"publish","type":"page","link":"https:\/\/www.voicesforvaccines.org\/es\/ciencia\/desinformacion\/","title":{"rendered":"Desinformaci\u00f3n"},"content":{"rendered":"<div class=\"wpb-content-wrapper\">[vc_row css=&#8221;.vc_custom_1620857387659{border-radius: 1px !important;}&#8221;][vc_column width=&#8221;2\/3&#8243;][vc_row_inner][vc_column_inner]<style>.vcex-heading.vcex_69e65a00289fa{color:#004789;font-size:30px;font-weight:700;}<\/style><h1 class=\"vcex-heading vcex-heading-plain vcex-module wpex-heading wpex-text-2xl vcex_69e65a00289fa\"><span class=\"vcex-heading-inner wpex-inline-block\">Desinformaci\u00f3n<\/span><\/h1>[\/vc_column_inner][\/vc_row_inner][vc_row_inner][vc_column_inner][vc_custom_heading text=&#8221;Tipos de informaci\u00f3n falsa&#8221; font_container=&#8221;tag:h2|text_align:left|color:%23004789&#8243; use_theme_fonts=&#8221;yes&#8221;][vc_column_text responsive_text=&#8221;true&#8221; font_family=&#8221;Open Sans&#8221;]Existen tres tipos de informaci\u00f3n falsa:<\/p>\n<ul>\n<li><strong>Misinformaci\u00f3n<\/strong>: Errores sin intenci\u00f3n de informar mal.<\/li>\n<li><strong>Desinformaci\u00f3n:<\/strong> informaci\u00f3n falsa o inexacta destinada a enga\u00f1ar.<\/li>\n<li><strong>Malinformaci\u00f3n<\/strong>: es cuando alguien comparte cosas falsas con la intenci\u00f3n de hacer da\u00f1o. Por ejemplo, decir que las vacunas son parte de un plan para reducir la poblaci\u00f3n o publicar informaci\u00f3n personal de alguien sin su permiso.<\/li>\n<\/ul>\n<p>La mayor parte de la informaci\u00f3n inexacta relacionada con las vacunas entra en la categor\u00eda de desinformaci\u00f3n. La desinformaci\u00f3n m\u00e1s t\u00edpica incluye distorsionar o malinterpretar a prop\u00f3sito publicaciones cient\u00edficas, hacer afirmaciones falsas respaldadas por creencias que la gente confunde con ciencia y fuentes o individuos no cre\u00edbles.[\/vc_column_text][\/vc_column_inner][\/vc_row_inner][vc_row_inner][vc_column_inner][vc_custom_heading text=&#8221;\u00bfC\u00f3mo se difunde la desinformaci\u00f3n sobre las vacunas?&#8221; font_container=&#8221;tag:h2|text_align:left|color:%23004789&#8243; use_theme_fonts=&#8221;yes&#8221;][vc_column_text]Aunque los creadores de contenidos desinformativos saben que est\u00e1n creando informaci\u00f3n inexacta o falsa, la mayor\u00eda de las personas que la comparten no lo saben. La informaci\u00f3n se redacta y empaqueta para que parezca cre\u00edble, la gente desprevenida la cree cierta y la comparte con sus amigos y as\u00ed se crea una cadena. <a href=\"https:\/\/www.voicesforvaccines.org\/toolkits\/vaccine-hesitancy-toolkit\/common-vaccine-hesitancy-issues\/\">Por desgracia, cuantas m\u00e1s veces se oye algo, se confunde con una verdad, aunque los hechos no concuerden.<\/a>   <\/p>\n<p>Las redes sociales son el principal medio de desinformaci\u00f3n. Es alarmante que muchas personas no lean un art\u00edculo antes de compartirlo en redes. Estudios recientes demuestran que alrededor del 60 por ciento de la gente comparte contenido al que ni siquiera le ha dado clic para revisarlo.[\/vc_column_text][\/vc_column_inner][\/vc_row_inner][vc_row_inner][vc_column_inner][vc_custom_heading text=&#8221;\u00bfCu\u00e1l es el problema de investigar por tu cuenta?&#8221; font_container=&#8221;tag:h2|text_align:left|color:%23004789&#8243; use_theme_fonts=&#8221;yes&#8221;][vc_column_text]Hoy en d\u00eda, o\u00edmos seguido a alguien decir \u201c<strong>no me f\u00edo de lo que oigo, <a href=\"https:\/\/www.voicesforvaccines.org\/toolkits\/vaccine-hesitancy-toolkit\/evaluating-vaccine-information\/\">yo investigo por mi cuenta<\/a><\/strong>\u201d. Parece una gran idea, \u00bfverdad? Pues no lo es. <\/p>\n<p>A menos que seas investigador con formaci\u00f3n y experiencia, es m\u00e1s probable que caigas presa de la tendencia a confirmar que descubrir los hechos. La tendencia a confirmar se produce cuando buscamos y recordamos informaci\u00f3n que confirma nuestras creencias. Un profesional sabe c\u00f3mo evitar estas tendencias y est\u00e1 entrenado para seguir las evidencias en lugar de buscar informaci\u00f3n que apoye lo que cree. Adem\u00e1s, para la mayor\u00eda de nosotros es f\u00e1cil malinterpretar los datos.   <\/p>\n<p>Es importante estar informado y hacer preguntas, pero tambi\u00e9n debemos confiar en los expertos. Si no eres cirujano cardi\u00f3logo, no vas a aprender lo que necesitas saber para arreglar tu coraz\u00f3n con una b\u00fasqueda en Google o un tutorial de YouTube. Lo mismo ocurre con las vacunas.[\/vc_column_text][\/vc_column_inner][\/vc_row_inner][vc_row_inner][vc_column_inner][vc_custom_heading text=&#8221;\u00bfPor qu\u00e9 la gente cree en la desinformaci\u00f3n sobre las vacunas?&#8221; font_container=&#8221;tag:h2|text_align:left|color:%23004789&#8243; use_theme_fonts=&#8221;yes&#8221;][vc_column_text css=&#8221;&#8221;]La desinformaci\u00f3n est\u00e1 dise\u00f1ada para enga\u00f1ar, por lo que las personas que crean contenidos falsos se esfuerzan por hacerlos cre\u00edbles. La desinformaci\u00f3n a veces empieza con algo que suena cierto, como un enlace a una p\u00e1gina que parece confiable. Pero despu\u00e9s, cambia el mensaje y se malinterpreta la verdad. <\/p>\n<p>Otra t\u00e1ctica utilizada para hacer cre\u00edble la desinformaci\u00f3n es presentarla de forma que se parezca mucho a la informaci\u00f3n real o verdadera. Antes, distribuir contenido impreso era caro, por lo que s\u00f3lo las organizaciones cre\u00edbles dispon\u00edan de fondos para hacerlo. Pero con internet, cualquiera con una computadora <a href=\"https:\/\/www.voicesforvaccines.org\/resources\/just-the-facts-newsletter\/just-the-facts-newsletter-topics\/\">puede crear y difundir informaci\u00f3n falsa<\/a>. Dado que es en el mismo espacio donde se encuentra la informaci\u00f3n confiable y tambi\u00e9n la falsa, reconocer la diferencia puede ser muy dif\u00edcil.[\/vc_column_text][\/vc_column_inner][\/vc_row_inner][vc_row_inner][vc_column_inner][vc_custom_heading text=&#8221;\u00bfPor qu\u00e9 hay tanta desinformaci\u00f3n sobre las vacunas?&#8221; font_container=&#8221;tag:h2|text_align:left|color:%23004789&#8243; use_theme_fonts=&#8221;yes&#8221;][vc_column_text]Tres razones comunes para la desinformaci\u00f3n sobre las vacunas son:<\/p>\n<ul>\n<li><strong>Lucrarse vendiendo una alternativa:<\/strong> La mayor\u00eda de las personas influyentes y organizaciones antivacunas venden productos de salud alternativos, como aceites esenciales y suplementos. Tienen un fuerte incentivo econ\u00f3mico para sembrar dudas sobre las vacunas. <\/li>\n<li><strong>Intentar dar sentido a una tragedia<\/strong>: la muerte de un ni\u00f1o es una tragedia inimaginable. En la mayor\u00eda de los casos, los m\u00e9dicos pueden explicar la muerte, pero a veces las respuestas son menos claras. Es comprensible que los padres en duelo intenten dar sentido a su p\u00e9rdida y busquen respuestas. <a href=\"https:\/\/www.voicesforvaccines.org\/toolkits\/a-brief-but-spectacular-history-of-vaccines\/\">A pesar de los a\u00f1os de pruebas que demuestran que las vacunas son seguras<\/a> algunos padres culpar\u00e1n a las vacunas.  <\/li>\n<li><strong>Malinterpretar el riesgo y tomar malas decisiones de salud basadas en c\u00e1lculos err\u00f3neos:<\/strong> <br \/>Es importante proporcionar TODA la informaci\u00f3n para que los padres tomen decisiones informadas y educadas sobre la salud de sus hijos, incluidos los beneficios y riesgos de las vacunas. Como todo en la vida, las vacunas tienen riesgos, pero son m\u00ednimos y menos graves que los riesgos de la enfermedad. Pero como las vacunas han hecho tan buen trabajo, <a href=\"https:\/\/www.voicesforvaccines.org\/toolkits\/family-advocacy-toolkit\/a-healthy-respect-for-vaccine-preventable-diseases\/\">muchos padres nunca han visto las enfermedades contra las que protegen las vacunas<\/a>, <a href=\"https:\/\/www.voicesforvaccines.org\/toolkits\/vaccine-hesitancy-toolkit\/understanding-risk-perception\/\">por lo que tienen problemas para medir el riesgo real de la enfermedad frente al riesgo de la vacuna.<\/a>  <\/li>\n<\/ul>\n[\/vc_column_text][\/vc_column_inner][\/vc_row_inner][vc_row_inner][vc_column_inner][vc_custom_heading text=&#8221;\u00bfC\u00f3mo combatir la desinformaci\u00f3n sobre las vacunas?&#8221; font_container=&#8221;tag:h2|text_align:left|color:%23004789&#8243; use_theme_fonts=&#8221;yes&#8221;][vc_column_text]Obt\u00e9n la informaci\u00f3n de fuentes cre\u00edbles (consulta la barra lateral \u00abA qui\u00e9n escuchar&#8230;\u00bb)<\/p>\n<ul>\n<li>Utiliza Facebook y otras redes sociales para divertirte, no para informarte.<\/li>\n<li>Piensa de forma cr\u00edtica:\n<ul>\n<li>\u00bfQui\u00e9n es el autor? \u00bfCu\u00e1les son sus credenciales? \u00bfIntenta venderte algo?  <\/li>\n<li>\u00bfEs leg\u00edtimo el contenido? F\u00edjate en las fuentes: \u00bfson reales? \u00bfSon cre\u00edbles?  <\/li>\n<li>\u00bfEl contenido es malicioso? \u00bfSe ajusta demasiado a tus creencias? <\/li>\n<\/ul>\n<\/li>\n<li>Consulta nuestras gu\u00edas de recursos de <a href=\"https:\/\/www.voicesforvaccines.org\/toolkits\/family-advocacy-toolkit\/\">Defensa de la Familia<\/a> (Family Advocacy) y <a href=\"https:\/\/www.voicesforvaccines.org\/toolkits\/vaccine-hesitancy-toolkit\/\">Desconfianza<\/a> a las vacunas para obtener m\u00e1s informaci\u00f3n sobre c\u00f3mo <a href=\"https:\/\/www.voicesforvaccines.org\/es\/understanding-vaccine-hesitancy-2\/\">entender la desconfianza hacia las vacunas<\/a>, c\u00f3mo <a href=\"https:\/\/www.voicesforvaccines.org\/toolkits\/vaccine-hesitancy-toolkit\/talking-with-vaccine-hesitant-people\/\">hablar con personas que dudan de ellas y c\u00f3mo se defiende las vacunas<\/a> <a href=\"https:\/\/www.voicesforvaccines.org\/toolkits\/family-advocacy-toolkit\/advocacy-on-social-media\/\">en redes sociales.<\/a><\/li>\n<li>Suscr\u00edbete a nuestro bolet\u00edn informativo <a href=\"https:\/\/www.voicesforvaccines.org\/resources\/just-the-facts-newsletter\/\">S\u00f3lo verdades: Para aclarar la desinformaci\u00f3n.<\/a><\/li>\n<\/ul>\n[\/vc_column_text][\/vc_column_inner][\/vc_row_inner][vc_row_inner remove_bottom_col_margin=&#8221;true&#8221;][vc_column_inner][vc_custom_heading text=&#8221;\u00bfD\u00f3nde puedes encontrar m\u00e1s informaci\u00f3n sobre c\u00f3mo detectar o denunciar la desinformaci\u00f3n?&#8221; font_container=&#8221;tag:h2|text_align:left|color:%23004789&#8243; use_theme_fonts=&#8221;yes&#8221;][vc_column_text]Estas organizaciones son expertas en vacunas y pueden proporcionar informaci\u00f3n cre\u00edble:<\/p>\n<ul>\n<li><a href=\"https:\/\/www.npr.org\/2019\/10\/29\/774541010\/fake-news-is-scary-heres-how-to-spot-misinformation\" target=\"_blank\" rel=\"noopener\">National Public Radio (NPR)&#8217;s How to Spot Misinformation Life Kit (C\u00f3mo detectar la desinformaci\u00f3n).<\/a><\/li>\n<li><a href=\"https:\/\/www.who.int\/campaigns\/connecting-the-world-to-combat-coronavirus\/how-to-report-misinformation-online\" target=\"_blank\" rel=\"noopener\">Organizaci\u00f3n Mundial de la Salud (OMS): C\u00f3mo denunciar la desinformaci\u00f3n en internet.<\/a><\/li>\n<\/ul>\n[\/vc_column_text]<div class=\"templatera_shortcode\"><style type=\"text\/css\" data-type=\"vc_shortcodes-default-css\">.vc_do_custom_heading{margin-bottom:0.625rem;margin-top:0;}<\/style><style type=\"text\/css\" data-type=\"vc_shortcodes-custom-css\">.vc_custom_1623967295184{padding-top: 20px !important;}<\/style>[vc_row][vc_column][vc_custom_heading text=\"\u00bfC\u00f3mo s\u00e9 que esta informaci\u00f3n es cre\u00edble?\" font_container=\"tag:h2|text_align:left|color:%23004789\" use_theme_fonts=\"yes\" css=\".vc_custom_1623967295184{padding-top: 20px !important;}\"][vc_column_text]Trabajamos para los padres, por lo que nos aseguramos de que sus preocupaciones se aborden utilizando hechos y ciencia, y nuestro contenido es revisado por expertos que han dedicado su carrera al estudio de las vacunas. <a href=\"https:\/\/www.voicesforvaccines.org\/credible-info\/\">Obt\u00e9n m\u00e1s informaci\u00f3n<\/a> sobre c\u00f3mo nos aseguramos de ofrecerte la mejor informaci\u00f3n para ayudarte a tomar decisiones saludables para tu familia.[\/vc_column_text][\/vc_column][\/vc_row]<\/div>[\/vc_column_inner][\/vc_row_inner][\/vc_column][vc_column width=&#8221;1\/3&#8243; el_class=&#8221;lookforme&#8221;][vc_row_inner css=&#8221;.vc_custom_1738016037039{border-top-width: 1px !important;border-right-width: 1px !important;border-bottom-width: 1px !important;border-left-width: 1px !important;background-color: #eeeeee !important;}&#8221; el_class=&#8221;lookforme&#8221;][vc_column_inner]<style>.vcex-icon-box.vcex_69e65a002a888{background:#9ecc41;}.vcex-icon-box.vcex_69e65a002a888 .vcex-icon-box-heading{color:#004789;font-family:'Open Sans', sans-serif;}.vcex-icon-box.vcex_69e65a002a888 .vcex-icon-box-image{width:30px;}<\/style><div class=\"vcex-module vcex-icon-box vcex-icon-box-one wpex-flex wpex-text-left vc_custom_1651884101261 vcex_69e65a002a888\"><div class=\"vcex-icon-box-symbol vcex-icon-box-symbol--image wpex-flex-shrink-0 wpex-mr-20\"><img loading=\"lazy\" class=\"vcex-icon-box-image wpex-align-middle\" decoding=\"async\" src=\"https:\/\/www.voicesforvaccines.org\/content\/uploads\/2021\/06\/Partner-HealthCare-30x30.png\" alt=\"\" srcset=\"https:\/\/www.voicesforvaccines.org\/content\/uploads\/2021\/06\/Partner-HealthCare-30x30.png 30w, https:\/\/www.voicesforvaccines.org\/content\/uploads\/2021\/06\/Partner-HealthCare-150x150@2x.png 300w, https:\/\/www.voicesforvaccines.org\/content\/uploads\/2021\/06\/Partner-HealthCare-75x75@2x.png 150w, https:\/\/www.voicesforvaccines.org\/content\/uploads\/2021\/06\/Partner-HealthCare-30x30@2x.png 60w, https:\/\/www.voicesforvaccines.org\/content\/uploads\/2021\/06\/Partner-HealthCare-25x25.png 25w, https:\/\/www.voicesforvaccines.org\/content\/uploads\/2021\/06\/Partner-HealthCare-50x50.png 50w, https:\/\/www.voicesforvaccines.org\/content\/uploads\/2021\/06\/Partner-HealthCare-75x75.png 75w, https:\/\/www.voicesforvaccines.org\/content\/uploads\/2021\/06\/Partner-HealthCare-55x55.png 55w, https:\/\/www.voicesforvaccines.org\/content\/uploads\/2021\/06\/Partner-HealthCare-55x55@2x.png 110w, https:\/\/www.voicesforvaccines.org\/content\/uploads\/2021\/06\/Partner-HealthCare-50x50@2x.png 100w, https:\/\/www.voicesforvaccines.org\/content\/uploads\/2021\/06\/Partner-HealthCare-45x45.png 45w, https:\/\/www.voicesforvaccines.org\/content\/uploads\/2021\/06\/Partner-HealthCare-45x45@2x.png 90w, https:\/\/www.voicesforvaccines.org\/content\/uploads\/2021\/06\/Partner-HealthCare.png 366w, https:\/\/www.voicesforvaccines.org\/content\/uploads\/2021\/06\/Partner-HealthCare-30x30@2x.png 2x\" width=\"30\" height=\"30\"><\/div><div class=\"vcex-icon-box-text wpex-flex-grow\"><h3 class=\"vcex-icon-box-heading wpex-heading wpex-text-md wpex-mb-10\">A qui\u00e9n escuchar...<\/h3><\/div><\/div><div class=\"vcex-spacing wpex-w-100 wpex-clear\" style=\"height:10px;\"><\/div>[vc_column_text]Cuando se trata de la salud de tus hijos, necesitas el consejo de un experto para asegurarte de que est\u00e1s haciendo lo mejor. \u00bfQui\u00e9nes son los expertos? <\/p>\n<p>Son los m\u00e9dicos, cient\u00edficos y profesionales de la salud p\u00fablica que han dedicado sus vidas al estudio de las vacunas.<\/p>\n<p>Habla con tu m\u00e9dico y consulta p\u00e1ginas de internet cre\u00edbles de fuentes leg\u00edtimas; desconf\u00eda de quienes no son expertos. No dejar\u00edas que un cardi\u00f3logo (cirujano del coraz\u00f3n) reparara el motor de tu coche ni que un mec\u00e1nico reparara tu coraz\u00f3n, as\u00ed que \u00bfpor qu\u00e9 arriesgarse con la salud de tu hijo? <\/p>\n<p>Para m\u00e1s informaci\u00f3n, consulta algunas fuentes confiables en Internet:<\/p>\n<ul>\n<li><a href=\"https:\/\/www.chop.edu\/centers-programs\/vaccine-education-center\" target=\"_blank\" rel=\"noopener\">Hospital Infantil del Philadelfia Vaccine Education Center.<\/a><\/li>\n<li><a href=\"https:\/\/vaccine-information.org\/\" target=\"_blank\" rel=\"noopener\">Informaci\u00f3n sobre vacunas de la Immunization Action Coalition. <\/a><\/li>\n<li><a href=\"https:\/\/www.historyofvaccines.org\/\" target=\"_blank\" rel=\"noopener\">Historia de las vacunas del College of Physicians of Philadelfia.<\/a><\/li>\n<\/ul>\n[\/vc_column_text][\/vc_column_inner][\/vc_row_inner][vc_row_inner][vc_column_inner][vc_raw_html]PCEtLSBCZWdpbiBNYWlsY2hpbXAgU2lnbnVwIEZvcm0gLS0+CjxkaXYgaWQ9Im1jX2VtYmVkX3NpZ251cCI+CiAgICA8Zm9ybSBhY3Rpb249Imh0dHBzOi8vdm9pY2VzZm9ydmFjY2luZXMudXM2Lmxpc3QtbWFuYWdlLmNvbS9zdWJzY3JpYmUvcG9zdD91PWUxN2E2NTQwOWNkOGYxM2JhN2U1OGNjOTcmYW1wO2lkPWI0NzM0ZTAzZTkmYW1wO2ZfaWQ9MDBjMmMyZTFmMCIgbWV0aG9kPSJwb3N0IiBpZD0ibWMtZW1iZWRkZWQtc3Vic2NyaWJlLWZvcm0iIG5hbWU9Im1jLWVtYmVkZGVkLXN1YnNjcmliZS1mb3JtIiBjbGFzcz0idmFsaWRhdGUiIHRhcmdldD0iX3NlbGYiPgogICAgICAgIDxkaXYgaWQ9Im1jX2VtYmVkX3NpZ251cF9zY3JvbGwiPgogICAgICAgIDxoMj5Tw7NsbyBsb3MgaGVjaG9zPC9oMj4KPHA+VGUgYWNvbnNlamFtb3MgbGVlciBlbCBib2xldMOtbiBpbmZvcm1hdGl2byA8YSBocmVmPSJodHRwczovL3d3dy52b2ljZXNmb3J2YWNjaW5lcy5vcmcvcmVzb3VyY2VzL2p1c3QtdGhlLWZhY3RzLW5ld3NsZXR0ZXIvIj7igJxzb2xvIGhlY2hvc+KAnSBkZSBWb2ljZXMgZm9yIFZhY2NpbmVzPC9hPiBxdWUgc2UgZW52aWFyYSBkaXJlY3RhbWVudGUgYSB0dSBlbWFpbCB0b2RhcyBsYXMgc2VtYW5hcyB5IG1hbnRlbnRlIGFsIHRhbnRvIGRlIGxhIGRlc2luZm9ybWFjacOzbiBlbiBsYXMgcmVkZXMgc29jaWFsZXMuPC9wPgo8ZGl2IGNsYXNzPSJtYy1maWVsZC1ncm91cCI+Cgk8bGFiZWwgZm9yPSJtY2UtRU1BSUwiPkNvcnJlbyBlbGVjdHLDs25pY28gKCA8aT4gb2JsaWdhdG9yaW8pPC9pPgo8L2xhYmVsPgoJPGlucHV0IHR5cGU9ImVtYWlsIiB2YWx1ZT0iIiBuYW1lPSJFTUFJTCIgY2xhc3M9InJlcXVpcmVkIGVtYWlsIiBpZD0ibWNlLUVNQUlMIiByZXF1aXJlZD0iIj4KCTxzcGFuIGlkPSJtY2UtRU1BSUwtSEVMUEVSVEVYVCIgY2xhc3M9ImhlbHBlcl90ZXh0Ij48L3NwYW4+CjwvZGl2PjwvYnI+IAo8ZGl2IGNsYXNzPSJtYy1maWVsZC1ncm91cCI+Cgk8bGFiZWwgZm9yPSJtY2UtRk5BTUUiPk5vbWJyZSAgPC9sYWJlbD48L2JyPiAKCTxpbnB1dCB0eXBlPSJ0ZXh0IiB2YWx1ZT0iIiBuYW1lPSJGTkFNRSIgY2xhc3M9IiIgaWQ9Im1jZS1GTkFNRSI+Cgk8c3BhbiBpZD0ibWNlLUZOQU1FLUhFTFBFUlRFWFQiIGNsYXNzPSJoZWxwZXJfdGV4dCI+PC9zcGFuPgo8L2Rpdj48L2JyPgo8ZGl2IGNsYXNzPSJtYy1maWVsZC1ncm91cCI+Cgk8bGFiZWwgZm9yPSJtY2UtTE5BTUUiPkFwZWxsaWRvcyAgPC9sYWJlbD48L2JyPiAKCTxpbnB1dCB0eXBlPSJ0ZXh0IiB2YWx1ZT0iIiBuYW1lPSJMTkFNRSIgY2xhc3M9IiIgaWQ9Im1jZS1MTkFNRSI+Cgk8c3BhbiBpZD0ibWNlLUxOQU1FLUhFTFBFUlRFWFQiIGNsYXNzPSJoZWxwZXJfdGV4dCI+PC9zcGFuPgo8L2Rpdj48L2JyPgoKCTxkaXYgaWQ9Im1jZS1yZXNwb25zZXMiIGNsYXNzPSJjbGVhciI+CgkJPGRpdiBjbGFzcz0icmVzcG9uc2UiIGlkPSJtY2UtZXJyb3ItcmVzcG9uc2UiIHN0eWxlPSJkaXNwbGF5Om5vbmUiPjwvZGl2PgoJCTxkaXYgY2xhc3M9InJlc3BvbnNlIiBpZD0ibWNlLXN1Y2Nlc3MtcmVzcG9uc2UiIHN0eWxlPSJkaXNwbGF5Om5vbmUiPjwvZGl2PgoJPC9kaXY+ICAgIDwhLS0gcmVhbCBwZW9wbGUgc2hvdWxkIG5vdCBmaWxsIHRoaXMgaW4gYW5kIGV4cGVjdCBnb29kIHRoaW5ncyAtIGRvIG5vdCByZW1vdmUgdGhpcyBvciByaXNrIGZvcm0gYm90IHNpZ251cHMtLT4KICAgIDxkaXYgc3R5bGU9InBvc2l0aW9uOiBhYnNvbHV0ZTsgbGVmdDogLTUwMDBweDsiIGFyaWEtaGlkZGVuPSJ0cnVlIj48aW5wdXQgdHlwZT0idGV4dCIgbmFtZT0iYl9lMTdhNjU0MDljZDhmMTNiYTdlNThjYzk3X2I0NzM0ZTAzZTkiIHRhYmluZGV4PSItMSIgdmFsdWU9IiI+PC9kaXY+CiAgICA8ZGl2IGNsYXNzPSJjbGVhciI+PGlucHV0IHR5cGU9InN1Ym1pdCIgdmFsdWU9IlN1c2Nyw61iZXRlIiBuYW1lPSJzdWJzY3JpYmUiIGlkPSJtYy1lbWJlZGRlZC1zdWJzY3JpYmUiIGNsYXNzPSJidXR0b24iPjwvZGl2PgogICAgPC9kaXY+CjwvZm9ybT4KPC9kaXY+Cgo8IS0tRW5kIG1jX2VtYmVkX3NpZ251cC0tPg==[\/vc_raw_html][\/vc_column_inner][\/vc_row_inner][vc_row_inner][vc_column_inner][vc_custom_heading text=&#8221;Saber m\u00e1s&#8221; font_container=&#8221;tag:h3|text_align:left|color:%23004789&#8243; use_theme_fonts=&#8221;yes&#8221; css=&#8221;.vc_custom_1651865114005{padding-top: 20px !important;}&#8221;][\/vc_column_inner][\/vc_row_inner][vc_row_inner][vc_column_inner][\/vc_column_inner][\/vc_row_inner][\/vc_column][\/vc_row]\n<\/div>","protected":false},"excerpt":{"rendered":"<p>Aprende sobre la ciencia de la desinformaci\u00f3n: c\u00f3mo y por qu\u00e9 se difunde la desinformaci\u00f3n, c\u00f3mo identificarla y c\u00f3mo contrarrestarla con hechos.<\/p>\n","protected":false},"author":14,"featured_media":0,"parent":14779,"menu_order":0,"comment_status":"closed","ping_status":"closed","template":"","meta":{"_acf_changed":false,"_price":"","_stock":"","_tribe_ticket_header":"","_tribe_default_ticket_provider":"","_tribe_ticket_capacity":"0","_ticket_start_date":"","_ticket_end_date":"","_tribe_ticket_show_description":"","_tribe_ticket_show_not_going":false,"_tribe_ticket_use_global_stock":"","_tribe_ticket_global_stock_level":"","_global_stock_mode":"","_global_stock_cap":"","_tribe_rsvp_for_event":"","_tribe_ticket_going_count":"","_tribe_ticket_not_going_count":"","_tribe_tickets_list":"[]","_tribe_ticket_has_attendee_info_fields":false,"footnotes":"","_tec_slr_enabled":"","_tec_slr_layout":""},"class_list":["post-14564","page","type-page","status-publish","hentry","entry","no-media"],"acf":[],"ticketed":false,"_links":{"self":[{"href":"https:\/\/www.voicesforvaccines.org\/es\/wp-json\/wp\/v2\/pages\/14564","targetHints":{"allow":["GET"]}}],"collection":[{"href":"https:\/\/www.voicesforvaccines.org\/es\/wp-json\/wp\/v2\/pages"}],"about":[{"href":"https:\/\/www.voicesforvaccines.org\/es\/wp-json\/wp\/v2\/types\/page"}],"author":[{"embeddable":true,"href":"https:\/\/www.voicesforvaccines.org\/es\/wp-json\/wp\/v2\/users\/14"}],"replies":[{"embeddable":true,"href":"https:\/\/www.voicesforvaccines.org\/es\/wp-json\/wp\/v2\/comments?post=14564"}],"version-history":[{"count":2,"href":"https:\/\/www.voicesforvaccines.org\/es\/wp-json\/wp\/v2\/pages\/14564\/revisions"}],"predecessor-version":[{"id":14566,"href":"https:\/\/www.voicesforvaccines.org\/es\/wp-json\/wp\/v2\/pages\/14564\/revisions\/14566"}],"up":[{"embeddable":true,"href":"https:\/\/www.voicesforvaccines.org\/es\/wp-json\/wp\/v2\/pages\/14779"}],"wp:attachment":[{"href":"https:\/\/www.voicesforvaccines.org\/es\/wp-json\/wp\/v2\/media?parent=14564"}],"curies":[{"name":"wp","href":"https:\/\/api.w.org\/{rel}","templated":true}]}}