{"id":14568,"date":"2021-05-14T18:02:51","date_gmt":"2021-05-14T23:02:51","guid":{"rendered":"https:\/\/www.voicesforvaccines.org\/informacion-sobre-vacunas-adicionales\/"},"modified":"2025-08-18T14:33:49","modified_gmt":"2025-08-18T19:33:49","slug":"informacion-sobre-vacunas-adicionales","status":"publish","type":"page","link":"https:\/\/www.voicesforvaccines.org\/es\/informacion-sobre-vacunas-y-enfermedades-prevenibles-con-vacunas\/informacion-sobre-vacunas-adicionales\/","title":{"rendered":"Informaci\u00f3n sobre vacunas adicionales"},"content":{"rendered":"<div class=\"wpb-content-wrapper\">[vc_row css=&#8221;.vc_custom_1651867634186{border-radius: 1px !important;}&#8221;][vc_column width=&#8221;2\/3&#8243;][vc_row_inner][vc_column_inner]<h1 class=\"vcex-heading vcex-heading-plain vcex-module wpex-heading wpex-text-2xl\"><span class=\"vcex-heading-inner wpex-inline-block\">Vacunas adicionales<\/span><\/h1>[\/vc_column_inner][\/vc_row_inner][vc_row_inner remove_bottom_col_margin=&#8221;true&#8221;][vc_column_inner][vc_custom_heading text=&#8221;\u00bfQu\u00e9 otras vacunas deber\u00edas tener?&#8221; font_container=&#8221;tag:h2|text_align:left|color:%23004789&#8243; use_theme_fonts=&#8221;yes&#8221;][vc_column_text responsive_text=&#8221;true&#8221; font_family=&#8221;Open Sans&#8221;]Si piensas viajar o trabajar en ciertos lugares o profesiones, es posible que necesites algunas vacunas.<\/p>\n<h3>Vacunas para viajar<\/h3>\n<p>Las vacunas que puedas necesitar depender\u00e1n <a href=\"https:\/\/wwwnc.cdc.gov\/travel\/destinations\/list\" target=\"_blank\" rel=\"noopener\">de ad\u00f3nde viajes<\/a>. Algunas vacunas requieren una serie de dosis para obtener la m\u00e1xima protecci\u00f3n, por lo que es importante que las planees con tiempo. Independientemente de tu destino, debes asegurarte de estar al d\u00eda con este tipo de vacunas.<\/p>\n<h3>Vacunas relacionadas con el trabajo<\/h3>\n<p>Las personas que trabajan en el \u00e1mbito de salud (m\u00e9dicos, enfermeros, veterinarios) pueden necesitar ciertas vacunas, entre ellas:<\/p>\n<ul>\n<li><a href=\"Influenza\">Influenza o gripe (cada a\u00f1o) <\/a><\/li>\n<li><a href=\"https:\/\/www.voicesforvaccines.org\/es\/informacion-sobre-vacunas-y-enfermedades-prevenibles-con-vacunas\/informacion-sobre-la-vacuna-de-la-hepatitis-b\/\">Hepatitis B <\/a><\/li>\n<li><a href=\"https:\/\/www.voicesforvaccines.org\/es\/informacion-sobre-vacunas-y-enfermedades-prevenibles-con-vacunas\/informacion-sobre-la-vacuna-triple-virica\/\">MMR (sarampi\u00f3n, paperas y rub\u00e9ola)  <\/a><\/li>\n<li><a href=\"\/Chickenpox\">Varicela <\/a><\/li>\n<li><a href=\"https:\/\/www.voicesforvaccines.org\/vaccine-information\/tdap\/\">Tdap (t\u00e9tanos, difteria y tosferina) <\/a><\/li>\n<li><a href=\"https:\/\/www.voicesforvaccines.org\/es\/informacion-sobre-vacunas-y-enfermedades-prevenibles-con-vacunas\/informacion-sobre-la-enfermedad-meningococica\/\">Meningoc\u00f3cica la que previene la meningitis<\/a><\/li>\n<\/ul>\n<p>Dependiendo de la entidad o <a href=\"https:\/\/www.immunize.org\/laws\/\" target=\"_blank\" rel=\"noopener\">estado en el que vivas<\/a> o de tu jefe o empleador, es posible que te pidan requisitos de vacunaci\u00f3n adicionales.<\/p>\n<h3>Vacunas relacionadas con tu estilo de vida<\/h3>\n<table>\n<tbody>\n<tr>\n<td><b>Si t\u00fa&#8230;<\/b><\/td>\n<td><b>Es posible que necesites\u2026<\/b><\/td>\n<\/tr>\n<tr>\n<td>Fumas cigarrillos<\/td>\n<td>Vacunas neumoc\u00f3cicas<\/td>\n<\/tr>\n<tr>\n<td>Naciste fuera de los Estados Unidos<\/td>\n<td>Vacunas contra la hepatitis A<\/td>\n<\/tr>\n<tr>\n<td>Eres hombre y sueles tener relaciones sexuales con hombres<\/td>\n<td>Vacunas contra la hepatitis A y B, y\/o vacuna contra el VPH<\/td>\n<\/tr>\n<tr>\n<td>Usas medicamentos sin receta (incluidos los inyectables)<\/td>\n<td>Vacunas contra la hepatitis A y B<\/td>\n<\/tr>\n<tr>\n<td>Vives en la calle<\/td>\n<td>Vacunas contra la hepatitis A y B <\/td>\n<\/tr>\n<\/tbody>\n<\/table>\n<p>Haz el <a href=\"https:\/\/www2.cdc.gov\/nip\/adultimmsched\/\" target=\"_blank\" rel=\"noopener\">cuestionario sobre vacunas para adultos de la CDC<\/a> para saber qu\u00e9 vacunas puedes necesitar.<\/p>\n<p>Habla siempre con tu m\u00e9dico sobr\u00e9 las vacunas que necesita tu familia.[\/vc_column_text][\/vc_column_inner][\/vc_row_inner]<div class=\"templatera_shortcode\"><style type=\"text\/css\" data-type=\"vc_shortcodes-default-css\">.vc_do_custom_heading{margin-bottom:0.625rem;margin-top:0;}<\/style><style type=\"text\/css\" data-type=\"vc_shortcodes-custom-css\">.vc_custom_1623967295184{padding-top: 20px !important;}<\/style>[vc_row][vc_column][vc_custom_heading text=\"\u00bfC\u00f3mo s\u00e9 que esta informaci\u00f3n es cre\u00edble?\" font_container=\"tag:h2|text_align:left|color:%23004789\" use_theme_fonts=\"yes\" css=\".vc_custom_1623967295184{padding-top: 20px !important;}\"][vc_column_text]Trabajamos para los padres, por lo que nos aseguramos de que sus preocupaciones se aborden utilizando hechos y ciencia, y nuestro contenido es revisado por expertos que han dedicado su carrera al estudio de las vacunas. <a href=\"https:\/\/www.voicesforvaccines.org\/credible-info\/\">Obt\u00e9n m\u00e1s informaci\u00f3n<\/a> sobre c\u00f3mo nos aseguramos de ofrecerte la mejor informaci\u00f3n para ayudarte a tomar decisiones saludables para tu familia.[\/vc_column_text][\/vc_column][\/vc_row]<\/div>[\/vc_column][vc_column width=&#8221;1\/3&#8243; css=&#8221;.vc_custom_1651867607040{border-radius: 1px !important;}&#8221;][vc_custom_heading text=&#8221;Saber m\u00e1s&#8221; font_container=&#8221;tag:h3|text_align:left|color:%23004789&#8243; use_theme_fonts=&#8221;yes&#8221; css=&#8221;.vc_custom_1651867518809{padding-top: 10px !important;}&#8221;]<div class=\"templatera_shortcode\"><style type=\"text\/css\" data-type=\"vc_shortcodes-default-css\">.vc_do_custom_heading{margin-bottom:0.625rem;margin-top:0;}<\/style>[vc_row][vc_column][vc_custom_heading text=\"Have a question?\" font_container=\"tag:h3|text_align:left\" use_theme_fonts=\"yes\"]<div class=\"vcex-spacing wpex-w-100 wpex-clear\" style=\"height:10px;\"><\/div>[vc_column_text]You can <a href=\"https:\/\/www.voicesforvaccines.org\/ask-an-expert\/\">ask us<\/a> and one of our <a href=\"https:\/\/www.voicesforvaccines.org\/credible-info\/\">experts<\/a> might answer it on our website.[\/vc_column_text][\/vc_column][\/vc_row]<\/div>[\/vc_column][\/vc_row]\n<\/div>","protected":false},"excerpt":{"rendered":"<p>[vc_row css=&#8221;.vc_custom_1651867634186{border-radius: 1px !important;}&#8221;][vc_column width=&#8221;2\/3&#8243;][vc_row_inner][vc_column_inner][\/vc_column_inner][\/vc_row_inner][vc_row_inner remove_bottom_col_margin=&#8221;true&#8221;][vc_column_inner][vc_custom_heading text=&#8221;\u00bfQu\u00e9 otras vacunas deber\u00edas tener?&#8221; font_container=&#8221;tag:h2|text_align:left|color:%23004789&#8243; use_theme_fonts=&#8221;yes&#8221;][vc_column_text responsive_text=&#8221;true&#8221; font_family=&#8221;Open Sans&#8221;]Si piensas viajar o trabajar en ciertos lugares o profesiones, es posible que necesites algunas&hellip;<\/p>\n","protected":false},"author":14,"featured_media":13168,"parent":14784,"menu_order":0,"comment_status":"closed","ping_status":"closed","template":"templates\/no-sidebar.php","meta":{"_acf_changed":false,"_price":"","_stock":"","_tribe_ticket_header":"","_tribe_default_ticket_provider":"","_tribe_ticket_capacity":"0","_ticket_start_date":"","_ticket_end_date":"","_tribe_ticket_show_description":"","_tribe_ticket_show_not_going":false,"_tribe_ticket_use_global_stock":"","_tribe_ticket_global_stock_level":"","_global_stock_mode":"","_global_stock_cap":"","_tribe_rsvp_for_event":"","_tribe_ticket_going_count":"","_tribe_ticket_not_going_count":"","_tribe_tickets_list":"[]","_tribe_ticket_has_attendee_info_fields":false,"footnotes":"","_tec_slr_enabled":"","_tec_slr_layout":""},"class_list":["post-14568","page","type-page","status-publish","has-post-thumbnail","hentry","entry","has-media"],"acf":[],"ticketed":false,"_links":{"self":[{"href":"https:\/\/www.voicesforvaccines.org\/es\/wp-json\/wp\/v2\/pages\/14568","targetHints":{"allow":["GET"]}}],"collection":[{"href":"https:\/\/www.voicesforvaccines.org\/es\/wp-json\/wp\/v2\/pages"}],"about":[{"href":"https:\/\/www.voicesforvaccines.org\/es\/wp-json\/wp\/v2\/types\/page"}],"author":[{"embeddable":true,"href":"https:\/\/www.voicesforvaccines.org\/es\/wp-json\/wp\/v2\/users\/14"}],"replies":[{"embeddable":true,"href":"https:\/\/www.voicesforvaccines.org\/es\/wp-json\/wp\/v2\/comments?post=14568"}],"version-history":[{"count":2,"href":"https:\/\/www.voicesforvaccines.org\/es\/wp-json\/wp\/v2\/pages\/14568\/revisions"}],"predecessor-version":[{"id":14570,"href":"https:\/\/www.voicesforvaccines.org\/es\/wp-json\/wp\/v2\/pages\/14568\/revisions\/14570"}],"up":[{"embeddable":true,"href":"https:\/\/www.voicesforvaccines.org\/es\/wp-json\/wp\/v2\/pages\/14784"}],"wp:featuredmedia":[{"embeddable":true,"href":"https:\/\/www.voicesforvaccines.org\/es\/wp-json\/wp\/v2\/media\/13168"}],"wp:attachment":[{"href":"https:\/\/www.voicesforvaccines.org\/es\/wp-json\/wp\/v2\/media?parent=14568"}],"curies":[{"name":"wp","href":"https:\/\/api.w.org\/{rel}","templated":true}]}}