{"id":14594,"date":"2021-05-12T18:28:30","date_gmt":"2021-05-12T23:28:30","guid":{"rendered":"https:\/\/www.voicesforvaccines.org\/informacion-sobre-la-varicela\/"},"modified":"2025-10-24T13:54:14","modified_gmt":"2025-10-24T18:54:14","slug":"informacion-sobre-la-varicela","status":"publish","type":"page","link":"https:\/\/www.voicesforvaccines.org\/es\/informacion-sobre-vacunas-y-enfermedades-prevenibles-con-vacunas\/informacion-sobre-la-varicela\/","title":{"rendered":"Informaci\u00f3n sobre la varicela"},"content":{"rendered":"<div class=\"wpb-content-wrapper\">[vc_row css=&#8221;.vc_custom_1651864177538{border-radius: 1px !important;}&#8221;][vc_column width=&#8221;2\/3&#8243;][vc_row_inner][vc_column_inner]<style>.vcex-heading.vcex_69d2405930459{color:#004789;}<\/style><h1 class=\"vcex-heading vcex-heading-plain vcex-module wpex-heading wpex-text-2xl vcex_69d2405930459\"><span class=\"vcex-heading-inner wpex-inline-block\">Vacuna contra la varicela<\/span><\/h1>[\/vc_column_inner][\/vc_row_inner][vc_row_inner][vc_column_inner][vc_custom_heading text=&#8221;\u00bfQu\u00e9 es la varicela?&#8221; font_container=&#8221;tag:h2|text_align:left|color:%23004789&#8243; use_theme_fonts=&#8221;yes&#8221;][vc_column_text]La varicela es una enfermedad muy contagiosa causada por el virus varicela-z\u00f3ster. Esta enfermedad provoca ronchas con picaz\u00f3n que forman costras y suelen durar alrededor de una semana. Rascarse las costras puede causar cicatrices permanentes, por lo que no es recomendable hacerlo. La varicela tambi\u00e9n puede causar fiebre, cansancio, p\u00e9rdida de apetito y dolor de cabeza.[\/vc_column_text][\/vc_column_inner][\/vc_row_inner][vc_row_inner][vc_column_inner][vc_custom_heading text=&#8221;\u00bfCu\u00e1les son los riesgos de la varicela?&#8221; font_container=&#8221;tag:h2|text_align:left|color:%23004789&#8243; use_theme_fonts=&#8221;yes&#8221;][vc_column_text]Incluso en ni\u00f1os sanos, la <a href=\"https:\/\/www.voicesforvaccines.org\/being-anti-vaccine-is-tiring\/\">varicela puede ser grave<\/a>. La varicela suele ser m\u00e1s grave en beb\u00e9s, ni\u00f1os mayores y adultos. Entre las complicaciones poco frecuentes pero graves se incluyen infecciones cut\u00e1neas, neumon\u00eda, inflamaci\u00f3n de las venas y arterias, inflamaci\u00f3n del cerebro e infecciones de la sangre, los huesos o las articulaciones. Algunas personas que tuvieron varicela cuando eran ni\u00f1os pueden desarrollar una erupci\u00f3n dolorosa llamada herpes a\u00f1os m\u00e1s tarde. Si una persona contrae la varicela durante la primera mitad del embarazo, el virus de la varicela puede causar graves da\u00f1os en el beb\u00e9.[\/vc_column_text][\/vc_column_inner][\/vc_row_inner][vc_row_inner][vc_column_inner][vc_custom_heading text=&#8221;\u00bfQu\u00e9 eficacia tiene la vacuna contra la varicela?&#8221; font_container=&#8221;tag:h2|text_align:left|color:%23004789&#8243; use_theme_fonts=&#8221;yes&#8221;][vc_column_text]La vacuna contra la varicela requiere dos dosis para ofrecer la mejor protecci\u00f3n. Cuando los ni\u00f1os reciben ambas dosis, la vacuna tiene una eficacia superior al 90 por ciento en la prevenci\u00f3n de la varicela y cercana al 100 por ciento en la prevenci\u00f3n de la varicela grave. Ninguna vacuna garantiza al 100 por ciento que una persona no contraer\u00e1 la enfermedad, pero es poco probable que una persona completamente vacunada la padezca. Incluso si as\u00ed ocurre, es probable que sea leve, con pocas o ninguna ampolla y fiebre baja o sin fiebre.<br \/>Adem\u00e1s, si un ni\u00f1o est\u00e1 vacunado contra la varicela, es menos probable que contraiga herpes m\u00e1s adelante en la infancia, la adolescencia o en la edad adulta.   <\/p>\n<p>Adem\u00e1s, si un ni\u00f1o est\u00e1 vacunado contra la varicela, es menos probable que contraiga <a href=\"https:\/\/www.voicesforvaccines.org\/es\/informacion-sobre-vacunas-y-enfermedades-prevenibles-con-vacunas\/informacion-sobre-la-culebrilla-herpes-zoster\/\">herpes zoster<\/a> m\u00e1s adelante en la infancia, la adolescencia o en la edad adulta.[\/vc_column_text][\/vc_column_inner][\/vc_row_inner][vc_row_inner][vc_column_inner][vc_custom_heading text=&#8221;\u00bfQu\u00e9 tan segura es la vacuna contra la varicela?&#8221; font_container=&#8221;tag:h2|text_align:left|color:%23004789&#8243; use_theme_fonts=&#8221;yes&#8221;][vc_column_text]La <a href=\"https:\/\/www.voicesforvaccines.org\/es\/ciencia\/seguridad-de-las-vacunas\/\">vacuna contra la varicela es muy segura.<\/a> Como cualquier vacuna o medicamento, puede haber efectos secundarios, pero suelen ser leves, entre ellos: <\/p>\n<ul>\n<li>Dolor en el brazo donde se administra la vacuna (en aproximadamente 1 de cada 5 ni\u00f1os).<\/li>\n<li>Ronchas leves que pueden aparecer hasta un mes despu\u00e9s de la vacunaci\u00f3n (en aproximadamente 1 de cada 25 personas).<\/li>\n<li>Fiebre alta que desaparece aproximadamente en un d\u00eda<\/li>\n<\/ul>\n<p><a href=\"https:\/\/www.voicesforvaccines.org\/es\/ciencia\/efectos-secundarios-de-las-vacunas\/\">Las reacciones leves a la vacuna son normales<\/a> y son se\u00f1ales de que el cuerpo y las vacunas est\u00e1n trabajando juntos para crear una respuesta inmune que proteja contra la varicela. Los efectos secundarios muy raros pueden incluir neumon\u00eda o <a href=\"https:\/\/www.mayoclinic.org\/diseases-conditions\/febrile-seizure\/symptoms-causes\/syc-20372522#:~:text=A%20febrile%20seizure%20is%20a,can%20seem%20like%20an%20eternity\" target=\"_blank\" rel=\"noopener\">convulsiones relacionadas con la fiebre<\/a>. La fiebre, no la vacuna, es la que puede provocar las convulsiones. Aunque entendemos que estas pueden asustar a los padres, es importante comprender que este tipo de convulsiones son casi siempre inofensivas.[\/vc_column_text][\/vc_column_inner][\/vc_row_inner][vc_row_inner][vc_column_inner][vc_custom_heading text=&#8221;\u00bfCu\u00e1ndo debe vacunarse mi hijo contra la varicela?&#8221; font_container=&#8221;tag:h2|text_align:left|color:%23004789&#8243; use_theme_fonts=&#8221;yes&#8221;][vc_column_text]Los ni\u00f1os deben recibir la primera dosis de la vacuna contra la varicela entre los 12 y los 15 meses de edad, y una segunda dosis de refuerzo entre los 4 y los 6 a\u00f1os. Los ni\u00f1os que no se vacunaron a tiempo y tienen entre 6 y 13 a\u00f1os pueden recibir las dos dosis con tres meses de diferencia. Si usted o su hijo tienen m\u00e1s de 13 a\u00f1os, consulte con su m\u00e9dico.  <\/p>\n<p>Es posible que haya otras vacunas que tu hijo deba recibir al mismo tiempo que la vacuna contra la varicela, y puede que haya algunos ni\u00f1os que no deban recibir esta vacuna. Hable con su m\u00e9dico sobre las vacunas que necesita su familia. Utiliza nuestro <a href=\"\/VaccineBooklet\">panfleto sobre vacunas<\/a> para prepararte para las citas de vacunaci\u00f3n de tu hijo.[\/vc_column_text][\/vc_column_inner][\/vc_row_inner][vc_row_inner][vc_column_inner][vc_custom_heading text=&#8221;\u00bfQu\u00e9 puedo hacer el d\u00eda que reciba la vacuna?&#8221; font_container=&#8221;tag:h2|text_align:left|color:%23004789&#8243; use_theme_fonts=&#8221;yes&#8221;][vc_column_text]Un poquito de preparaci\u00f3n ayuda much\u00edsimo a reducir el estr\u00e9s, tanto para ti como para tu hijo. La informaci\u00f3n confiable te ayuda a garantizar elecciones saludables e incrementar la confianza en la vacuna.[\/vc_column_text][\/vc_column_inner][\/vc_row_inner][vc_row_inner equal_height=&#8221;yes&#8221; content_placement=&#8221;middle&#8221;][vc_column_inner width=&#8221;1\/3&#8243;]<figure class=\"vcex-image vcex-module\"><div class=\"vcex-image-inner wpex-relative wpex-inline-block\"><a href=\"https:\/\/www.voicesforvaccines.org\/fact-sheets\/chickenpox-vaccine-fact-sheet\/\"><img width=\"1700\" height=\"2200\" src=\"https:\/\/www.voicesforvaccines.org\/content\/uploads\/2021\/09\/Chicken-Pox-Vaccine-Fact-Sheet-Cover-Page.png\" class=\"vcex-image-img wpex-align-middle\" alt=\"Download the Chickenpox PDF Fact Sheet\" loading=\"lazy\" decoding=\"async\" srcset=\"https:\/\/www.voicesforvaccines.org\/content\/uploads\/2021\/09\/Chicken-Pox-Vaccine-Fact-Sheet-Cover-Page.png 1700w, https:\/\/www.voicesforvaccines.org\/content\/uploads\/2021\/09\/Chicken-Pox-Vaccine-Fact-Sheet-Cover-Page-232x300.png 232w, https:\/\/www.voicesforvaccines.org\/content\/uploads\/2021\/09\/Chicken-Pox-Vaccine-Fact-Sheet-Cover-Page-791x1024.png 791w, https:\/\/www.voicesforvaccines.org\/content\/uploads\/2021\/09\/Chicken-Pox-Vaccine-Fact-Sheet-Cover-Page-116x150.png 116w, https:\/\/www.voicesforvaccines.org\/content\/uploads\/2021\/09\/Chicken-Pox-Vaccine-Fact-Sheet-Cover-Page-768x994.png 768w, https:\/\/www.voicesforvaccines.org\/content\/uploads\/2021\/09\/Chicken-Pox-Vaccine-Fact-Sheet-Cover-Page-1187x1536.png 1187w, https:\/\/www.voicesforvaccines.org\/content\/uploads\/2021\/09\/Chicken-Pox-Vaccine-Fact-Sheet-Cover-Page-1583x2048.png 1583w\" sizes=\"auto, (max-width: 1700px) 100vw, 1700px\" \/><\/a><\/div><\/figure>[\/vc_column_inner][vc_column_inner width=&#8221;2\/3&#8243;][vc_custom_heading text=&#8221;Hoja informativa sobre la varicela&#8221; font_container=&#8221;tag:h3|text_align:left|color:%23004789&#8243; use_theme_fonts=&#8221;yes&#8221;][vc_column_text]Descarga e imprime nuestra <a href=\"https:\/\/www.voicesforvaccines.org\/fact-sheets\/chickenpox-vaccine-fact-sheet\/\">hoja informativa sobre la varicela<\/a> para saber qu\u00e9 puedes esperar en tu cita.[\/vc_column_text]<div class=\"vcex-spacing wpex-w-100 wpex-clear\"><\/div><a href=\"https:\/\/www.voicesforvaccines.org\/fact-sheets\/chickenpox-vaccine-fact-sheet\/\" class=\"vcex-button theme-button inline\"><span class=\"vcex-button-inner theme-button-inner wpex-flex wpex-flex-wrap wpex-items-center wpex-justify-center\">Consigue la hoja informativa sobre la varicela<\/span><\/a> [\/vc_column_inner][\/vc_row_inner][vc_row_inner remove_bottom_col_margin=&#8221;true&#8221;][vc_column_inner][vc_custom_heading text=&#8221;\u00bfD\u00f3nde puedo encontrar informaci\u00f3n confiable?&#8221; font_container=&#8221;tag:h2|text_align:left|color:%23004789&#8243; use_theme_fonts=&#8221;yes&#8221;][vc_column_text responsive_text=&#8221;true&#8221; font_family=&#8221;Open Sans&#8221;]<span style=\"font-weight: 400;\">Estas organizaciones son expertas en vacunas y pueden proporcionar informaci\u00f3n confiable:<\/span><\/p>\n<ul>\n<li style=\"font-weight: 400;\" aria-level=\"1\"><a href=\"https:\/\/www.cdc.gov\/vaccines\/vpd\/varicella\/public\/index.html\"><span style=\"font-weight: 400;\">CDC <\/span><span style=\"font-weight: 400;\">Vacunaci\u00f3n contra la varicela: Lo que todo el mundo debe saber<\/span><\/a><\/li>\n<li style=\"font-weight: 400;\" aria-level=\"1\"><a href=\"https:\/\/www.immunize.org\/askexperts\/experts_var.asp\" target=\"_blank\" rel=\"noopener\"><span style=\"font-weight: 400;\">Coalici\u00f3n de Acci\u00f3n para la Inmunizaci\u00f3n <\/span><span style=\"font-weight: 400;\">Pregunta a los expertos: Varicela<\/span><\/a><span style=\"font-weight: 400;\"> <\/span><\/li>\n<li style=\"font-weight: 400;\" aria-level=\"1\"><a href=\"https:\/\/www.chop.edu\/centers-programs\/parents-pack\/personal-stories\/chickenpox\" target=\"_blank\" rel=\"noopener\"><span style=\"font-weight: 400;\">Hospital Infantil de Filadelfia <\/span><span style=\"font-weight: 400;\">Historias personales de padres &#8211; Varicela<\/span><\/a><span style=\"font-weight: 400;\"> <\/span><\/li>\n<\/ul>\n[\/vc_column_text]<div class=\"templatera_shortcode\"><style type=\"text\/css\" data-type=\"vc_shortcodes-default-css\">.vc_do_custom_heading{margin-bottom:0.625rem;margin-top:0;}<\/style><style type=\"text\/css\" data-type=\"vc_shortcodes-custom-css\">.vc_custom_1623967295184{padding-top: 20px !important;}<\/style>[vc_row][vc_column][vc_custom_heading text=\"\u00bfC\u00f3mo s\u00e9 que esta informaci\u00f3n es cre\u00edble?\" font_container=\"tag:h2|text_align:left|color:%23004789\" use_theme_fonts=\"yes\" css=\".vc_custom_1623967295184{padding-top: 20px !important;}\"][vc_column_text]Trabajamos para los padres, por lo que nos aseguramos de que sus preocupaciones se aborden utilizando hechos y ciencia, y nuestro contenido es revisado por expertos que han dedicado su carrera al estudio de las vacunas. <a href=\"https:\/\/www.voicesforvaccines.org\/credible-info\/\">Obt\u00e9n m\u00e1s informaci\u00f3n<\/a> sobre c\u00f3mo nos aseguramos de ofrecerte la mejor informaci\u00f3n para ayudarte a tomar decisiones saludables para tu familia.[\/vc_column_text][\/vc_column][\/vc_row]<\/div>[\/vc_column_inner][\/vc_row_inner][\/vc_column][vc_column width=&#8221;1\/3&#8243;][vc_row_inner css=&#8221;.vc_custom_1694638482579{background-color: #2e598d !important;}&#8221;][vc_column_inner]<style>.vcex-heading.vcex_69d240593499e{color:#004789;}<\/style><h2 class=\"vcex-heading vcex-heading-plain vcex-module wpex-heading wpex-text-2xl sr-only vcex_69d240593499e\"><span class=\"vcex-heading-inner wpex-inline-block\">Conoce los riesgos: Varicela<\/span><\/h2><figure class=\"vcex-image vcex-module\"><div class=\"vcex-image-inner wpex-relative wpex-inline-block\"><img width=\"794\" height=\"226\" src=\"https:\/\/www.voicesforvaccines.org\/content\/uploads\/2023\/09\/know-the-facts-chickenpox.png\" class=\"vcex-image-img wpex-align-middle\" alt=\"Know the risks: Chickenpox\" loading=\"lazy\" decoding=\"async\" srcset=\"https:\/\/www.voicesforvaccines.org\/content\/uploads\/2023\/09\/know-the-facts-chickenpox.png 794w, https:\/\/www.voicesforvaccines.org\/content\/uploads\/2023\/09\/know-the-facts-chickenpox-300x85.png 300w, https:\/\/www.voicesforvaccines.org\/content\/uploads\/2023\/09\/know-the-facts-chickenpox-150x43.png 150w, https:\/\/www.voicesforvaccines.org\/content\/uploads\/2023\/09\/know-the-facts-chickenpox-768x219.png 768w, https:\/\/www.voicesforvaccines.org\/content\/uploads\/2023\/09\/know-the-facts-chickenpox-50x14.png 50w, https:\/\/www.voicesforvaccines.org\/content\/uploads\/2023\/09\/know-the-facts-chickenpox-100x28.png 100w\" sizes=\"auto, (max-width: 794px) 100vw, 794px\" \/><\/div><\/figure><div class=\"vcex-module vcex-divider vcex-divider-solid vcex-divider-center wpex-mx-auto wpex-max-w-100 wpex-block wpex-h-0 wpex-border-b wpex-border-solid wpex-border-main\" style=\"width:80%;margin-block:10px;border-bottom-width:5px;border-color:#ffffff;\"><\/div><div class=\"vcex-spacing wpex-w-100 wpex-clear\" style=\"height:5px;\"><\/div>[vc_column_text color=&#8221;#ffffff&#8221; text_align=&#8221;center&#8221; line_height=&#8221;snug&#8221; letter_spacing=&#8221;tight&#8221; css=&#8221;.vc_custom_1694640207846{padding-right: 10px !important;padding-left: 10px !important;}&#8221;]Si todos los habitantes de la ciudad de Nueva York contrajeran varicela, habr\u00eda alrededor de <span class=\"wpex-text-lg\" style=\"color: #9fca4f;\"><strong>20,000<\/strong><\/span> hospitalizaciones y entre <span class=\"wpex-text-lg\" style=\"color: #9fca4f;\"><strong>200 y 300<\/strong><\/span> muertes.<\/p>\n<p>En cambio, si todos estuvieran vacunados, solo habr\u00eda unas <span class=\"wpex-text-lg\" style=\"color: #9fca4f;\"><strong>8 <\/strong><\/span>personas con efectos secundarios graves por la vacuna.[\/vc_column_text]<div class=\"vcex-spacing wpex-w-100 wpex-clear\" style=\"height:20px;\"><\/div><figure class=\"vcex-image vcex-module wpex-text-center\"><div class=\"vcex-image-inner wpex-relative wpex-inline-block\"><img width=\"543\" height=\"581\" src=\"https:\/\/www.voicesforvaccines.org\/content\/uploads\/2023\/09\/chickenpox-big-apple.png\" class=\"vcex-image-img wpex-align-middle\" alt=\"\" loading=\"lazy\" decoding=\"async\" srcset=\"https:\/\/www.voicesforvaccines.org\/content\/uploads\/2023\/09\/chickenpox-big-apple.png 543w, https:\/\/www.voicesforvaccines.org\/content\/uploads\/2023\/09\/chickenpox-big-apple-280x300.png 280w, https:\/\/www.voicesforvaccines.org\/content\/uploads\/2023\/09\/chickenpox-big-apple-140x150.png 140w, https:\/\/www.voicesforvaccines.org\/content\/uploads\/2023\/09\/chickenpox-big-apple-47x50.png 47w, https:\/\/www.voicesforvaccines.org\/content\/uploads\/2023\/09\/chickenpox-big-apple-93x100.png 93w\" sizes=\"auto, (max-width: 543px) 100vw, 543px\" \/><\/div><\/figure><div class=\"vcex-spacing wpex-w-100 wpex-clear\" style=\"height:10px;\"><\/div>[\/vc_column_inner][\/vc_row_inner][vc_row_inner remove_bottom_col_margin=&#8221;true&#8221; css=&#8221;.vc_custom_1694640285251{border-right-width: 10px !important;border-bottom-width: 10px !important;border-left-width: 10px !important;border-left-color: #2e598d !important;border-left-style: solid !important;border-right-color: #2e598d !important;border-right-style: solid !important;border-bottom-color: #2e598d !important;border-bottom-style: solid !important;}&#8221;][vc_column_inner]<div class=\"vcex-spacing wpex-w-100 wpex-clear\" style=\"height:10px;\"><\/div>[vc_column_text text_align=&#8221;center&#8221; color=&#8221;#2e598d&#8221; css=&#8221;.vc_custom_1694640262505{background-color: #ffffff !important;}&#8221; line_height=&#8221;snug&#8221; letter_spacing=&#8221;tight&#8221;]<span class=\"wpex-text-sm\"><strong>No dejes que nadie te diga lo contrario: la vacuna <span class=\"wpex-text-lg\" style=\"color: #9fca4f;\">SIEMPRE<\/span> es m\u00e1s segura que la enfermedad<\/strong><\/span>[\/vc_column_text]<div class=\"vcex-spacing wpex-w-100 wpex-clear\" style=\"height:10px;\"><\/div><div class=\"vcex-module vcex-divider vcex-divider-solid vcex-divider-center wpex-mx-auto wpex-max-w-100 wpex-block wpex-h-0 wpex-border-b wpex-border-solid wpex-border-main\" style=\"width:80%;border-bottom-width:1px;border-color:#2e598d;\"><\/div><div class=\"vcex-spacing wpex-w-100 wpex-clear\" style=\"height:10px;\"><\/div><figure class=\"vcex-image vcex-module wpex-text-center\"><div class=\"vcex-image-inner wpex-relative wpex-inline-block\"><img loading=\"lazy\" class=\"vcex-image-img wpex-align-middle\" decoding=\"async\" src=\"https:\/\/www.voicesforvaccines.org\/content\/uploads\/2021\/06\/LogoNoTag-White-100x47.png\" alt=\"\" srcset=\"https:\/\/www.voicesforvaccines.org\/content\/uploads\/2021\/06\/LogoNoTag-White-100x47.png 100w, https:\/\/www.voicesforvaccines.org\/content\/uploads\/2021\/06\/LogoNoTag-White-300x140.png 300w, https:\/\/www.voicesforvaccines.org\/content\/uploads\/2021\/06\/LogoNoTag-White-150x70.png 150w, https:\/\/www.voicesforvaccines.org\/content\/uploads\/2021\/06\/LogoNoTag-White-768x358.png 768w, https:\/\/www.voicesforvaccines.org\/content\/uploads\/2021\/06\/LogoNoTag-White-100x47@2x.png 200w, https:\/\/www.voicesforvaccines.org\/content\/uploads\/2021\/06\/LogoNoTag-White.png 846w, https:\/\/www.voicesforvaccines.org\/content\/uploads\/2021\/06\/LogoNoTag-White-100x47@2x.png 2x\" width=\"100\" height=\"47\"><\/div><\/figure><div class=\"vcex-spacing wpex-w-100 wpex-clear\" style=\"height:5px;\"><\/div>[\/vc_column_inner][\/vc_row_inner][vc_row_inner css=&#8221;.vc_custom_1694640393540{padding-top: 20px !important;}&#8221;][vc_column_inner][vc_custom_heading text=&#8221;Saber m\u00e1s&#8221; font_container=&#8221;tag:h3|text_align:left|color:%23004789&#8243; use_theme_fonts=&#8221;yes&#8221;][\/vc_column_inner][\/vc_row_inner][vc_row_inner][vc_column_inner][\/vc_column_inner][\/vc_row_inner]<div class=\"templatera_shortcode\"><style type=\"text\/css\" data-type=\"vc_shortcodes-default-css\">.vc_do_custom_heading{margin-bottom:0.625rem;margin-top:0;}<\/style>[vc_row][vc_column][vc_custom_heading text=\"Have a question?\" font_container=\"tag:h3|text_align:left\" use_theme_fonts=\"yes\"]<div class=\"vcex-spacing wpex-w-100 wpex-clear\" style=\"height:10px;\"><\/div>[vc_column_text]You can <a href=\"https:\/\/www.voicesforvaccines.org\/ask-an-expert\/\">ask us<\/a> and one of our <a href=\"https:\/\/www.voicesforvaccines.org\/credible-info\/\">experts<\/a> might answer it on our website.[\/vc_column_text][\/vc_column][\/vc_row]<\/div>[\/vc_column][\/vc_row]\n<\/div>","protected":false},"excerpt":{"rendered":"<p>La varicela es una enfermedad muy contagiosa causada por el virus varicela-z\u00f3ster. Esta enfermedad provoca ronchas con picaz\u00f3n que forman costras y suelen durar alrededor de una semana. Rascarse las costras puede causar cicatrices permanentes, por lo que no es recomendable hacerlo. La varicela tambi\u00e9n puede causar fiebre, cansancio, p\u00e9rdida de apetito y dolor de cabeza. <\/p>\n","protected":false},"author":14,"featured_media":13511,"parent":14784,"menu_order":0,"comment_status":"closed","ping_status":"closed","template":"templates\/no-sidebar.php","meta":{"_acf_changed":false,"_price":"","_stock":"","_tribe_ticket_header":"","_tribe_default_ticket_provider":"","_tribe_ticket_capacity":"0","_ticket_start_date":"","_ticket_end_date":"","_tribe_ticket_show_description":"","_tribe_ticket_show_not_going":false,"_tribe_ticket_use_global_stock":"","_tribe_ticket_global_stock_level":"","_global_stock_mode":"","_global_stock_cap":"","_tribe_rsvp_for_event":"","_tribe_ticket_going_count":"","_tribe_ticket_not_going_count":"","_tribe_tickets_list":"[]","_tribe_ticket_has_attendee_info_fields":false,"footnotes":"","_tec_slr_enabled":"","_tec_slr_layout":""},"class_list":["post-14594","page","type-page","status-publish","has-post-thumbnail","hentry","entry","has-media"],"acf":[],"ticketed":false,"_links":{"self":[{"href":"https:\/\/www.voicesforvaccines.org\/es\/wp-json\/wp\/v2\/pages\/14594","targetHints":{"allow":["GET"]}}],"collection":[{"href":"https:\/\/www.voicesforvaccines.org\/es\/wp-json\/wp\/v2\/pages"}],"about":[{"href":"https:\/\/www.voicesforvaccines.org\/es\/wp-json\/wp\/v2\/types\/page"}],"author":[{"embeddable":true,"href":"https:\/\/www.voicesforvaccines.org\/es\/wp-json\/wp\/v2\/users\/14"}],"replies":[{"embeddable":true,"href":"https:\/\/www.voicesforvaccines.org\/es\/wp-json\/wp\/v2\/comments?post=14594"}],"version-history":[{"count":20,"href":"https:\/\/www.voicesforvaccines.org\/es\/wp-json\/wp\/v2\/pages\/14594\/revisions"}],"predecessor-version":[{"id":15186,"href":"https:\/\/www.voicesforvaccines.org\/es\/wp-json\/wp\/v2\/pages\/14594\/revisions\/15186"}],"up":[{"embeddable":true,"href":"https:\/\/www.voicesforvaccines.org\/es\/wp-json\/wp\/v2\/pages\/14784"}],"wp:featuredmedia":[{"embeddable":true,"href":"https:\/\/www.voicesforvaccines.org\/es\/wp-json\/wp\/v2\/media\/13511"}],"wp:attachment":[{"href":"https:\/\/www.voicesforvaccines.org\/es\/wp-json\/wp\/v2\/media?parent=14594"}],"curies":[{"name":"wp","href":"https:\/\/api.w.org\/{rel}","templated":true}]}}