{"id":14597,"date":"2021-05-12T18:49:06","date_gmt":"2021-05-12T23:49:06","guid":{"rendered":"https:\/\/www.voicesforvaccines.org\/informacion-sobre-la-vacuna-covid-19\/"},"modified":"2025-08-18T14:33:37","modified_gmt":"2025-08-18T19:33:37","slug":"informacion-sobre-la-vacuna-covid-19","status":"publish","type":"page","link":"https:\/\/www.voicesforvaccines.org\/es\/informacion-sobre-vacunas-y-enfermedades-prevenibles-con-vacunas\/informacion-sobre-la-vacuna-covid-19\/","title":{"rendered":"Informaci\u00f3n sobre la vacuna COVID-19"},"content":{"rendered":"<div class=\"wpb-content-wrapper\">[vc_row css=&#8221;.vc_custom_1620857387659{border-radius: 1px !important;}&#8221;][vc_column width=&#8221;2\/3&#8243;][vc_row_inner][vc_column_inner]<style>.vcex-heading.vcex_69ebe72b762a7{color:#004789;}<\/style><h1 class=\"vcex-heading vcex-heading-plain vcex-module wpex-heading wpex-text-2xl vcex_69ebe72b762a7\"><span class=\"vcex-heading-inner wpex-inline-block\">Vacunas contra el COVID-19<\/span><\/h1>[\/vc_column_inner][\/vc_row_inner][vc_row_inner][vc_column_inner][vc_custom_heading text=&#8221;\u00bfQu\u00e9 es la COVID-19?&#8221; font_container=&#8221;tag:h2|text_align:left|color:%23004789&#8243; use_theme_fonts=&#8221;yes&#8221;][vc_column_text]<span style=\"font-weight: 400;\">El COVID (o COVID-19) es una enfermedad viral grave que puede afectar a los pulmones, al sistema vascular (o sistema de vasos sangu\u00edneos) y a otros \u00f3rganos como el coraz\u00f3n, los ri\u00f1ones, el p\u00e1ncreas, etc\u00e9tera.<\/span><span style=\"font-weight: 400;\"><br \/>\n<\/span><\/p>\n<p><span style=\"font-weight: 400;\">El COVID est\u00e1 causado por un tipo de coronavirus llamado SARS-CoV-2. Los coronavirus son una gran familia de virus responsables de enfermedades como el SARS y el MERS, que causaron brotes mortales en China y el norte de \u00c1frica, y tambi\u00e9n son responsables de varias cepas m\u00e1s leves del resfriado com\u00fan.  <\/span>[\/vc_column_text][\/vc_column_inner][\/vc_row_inner][vc_row_inner][vc_column_inner][vc_custom_heading text=&#8221;\u00bfCu\u00e1les son los riesgos del COVID-19?&#8221; font_container=&#8221;tag:h2|text_align:left|color:%23004789&#8243; use_theme_fonts=&#8221;yes&#8221;][vc_column_text]<span style=\"font-weight: 400;\">Las personas que contraen COVID pueden sufrir una amplia variedad de s\u00edntomas, desde moqueo hasta dificultad para respirar. A medida que el virus muta, los riesgos y los efectos secundarios pueden variar. Con algunas variantes, es com\u00fan la p\u00e9rdida del olfato o del gusto. Otros s\u00edntomas leves a moderados incluyen fiebre, dolores corporales y musculares, agotamiento, n\u00e1useas y v\u00f3mitos, y tos intensa.   <\/span><\/p>\n<p><span style=\"font-weight: 400;\"><br \/>\n<\/span><span style=\"font-weight: 400;\">Las complicaciones graves del COVID pueden incluir:<\/span><\/p>\n<ul>\n<li style=\"font-weight: 400;\" aria-level=\"1\"><span style=\"font-weight: 400;\">Neumon\u00eda<\/span><\/li>\n<li style=\"font-weight: 400;\" aria-level=\"1\"><span style=\"font-weight: 400;\">lesiones en \u00f3rganos, incluidos el coraz\u00f3n, el h\u00edgado y los ri\u00f1ones<\/span><\/li>\n<li style=\"font-weight: 400;\" aria-level=\"1\"><span style=\"font-weight: 400;\">s\u00edndrome de dificultad respiratoria aguda (SDRA)<\/span><\/li>\n<li style=\"font-weight: 400;\" aria-level=\"1\"><span style=\"font-weight: 400;\">choque s\u00e9ptico \u2013 reacci\u00f3n muy grave del cuerpo ante una infecci\u00f3n y puede provocar la falla de \u00f3rganos como el coraz\u00f3n, ri\u00f1ones o pulmones.<\/span><\/li>\n<li style=\"font-weight: 400;\" aria-level=\"1\"><span style=\"font-weight: 400;\">co\u00e1gulos en la sangre<\/span><\/li>\n<li style=\"font-weight: 400;\" aria-level=\"1\"><span style=\"font-weight: 400;\">COVID prolongado<\/span><\/li>\n<li style=\"font-weight: 400;\" aria-level=\"1\"><span style=\"font-weight: 400;\">muerte<\/span><\/li>\n<\/ul>\n<p><span style=\"font-weight: 400;\">En pacientes m\u00e1s j\u00f3venes, incluso una infecci\u00f3n leve por COVID puede causar MIS-C, o S\u00edndrome Inflamatorio Multisist\u00e9mico en ni\u00f1os, en casos raros. Este s\u00edndrome est\u00e1 causado por la inflamaci\u00f3n de varias partes del cuerpo, incluidos \u00f3rganos, piel, ojos, cerebro y sistema estomacal. Los s\u00edntomas incluyen fiebre, dolor abdominal, v\u00f3mitos, diarrea, ronchas, dolor de cabeza y confusi\u00f3n.  <\/span><span style=\"font-weight: 400;\"><br \/>\n<\/span><span style=\"font-weight: 400;\"><br \/>\n<\/span><span style=\"font-weight: 400;\">COVID prolongado o afecciones pos-COVID (PCC):<\/span><\/p>\n<p><span style=\"font-weight: 400;\">Algunas personas que han tenido COVID pueden experimentar efectos a largo plazo de la infecci\u00f3n, lo que a menudo se denomina COVID prolongado.<\/span><\/p>\n<ul>\n<li style=\"font-weight: 400;\" aria-level=\"1\"><span style=\"font-weight: 400;\">Los s\u00edntomas var\u00edan y pueden durar semanas, meses o m\u00e1s.<\/span><\/li>\n<li style=\"font-weight: 400;\" aria-level=\"1\"><span style=\"font-weight: 400;\">Ocurre con mayor frecuencia en personas que sufrieron COVID-19 grave, pero incluso aquellas con COVID leve o sin s\u00edntomas podr\u00edan desarrollar COVID prolongado.<\/span><\/li>\n<li style=\"font-weight: 400;\" aria-level=\"1\"><span style=\"font-weight: 400;\">Las personas que no est\u00e1n vacunadas contra el COVID pueden tener m\u00e1s probabilidades de desarrollar COVID prolongado que aquellas que s\u00ed lo est\u00e1n.<\/span><\/li>\n<li style=\"font-weight: 400;\" aria-level=\"1\"><span style=\"font-weight: 400;\">Los s\u00edntomas incluyen fatiga extrema, dificultad respiratoria continua, confusi\u00f3n mental, dolores de cabeza, depresi\u00f3n, ansiedad, dolor en las articulaciones y otras dificultades f\u00edsicas que interfieren con la vida diaria.<\/span><\/li>\n<\/ul>\n[\/vc_column_text][\/vc_column_inner][\/vc_row_inner][vc_row_inner][vc_column_inner][vc_custom_heading text=&#8221;\u00bfC\u00f3mo funciona la vacuna contra el COVID-19?&#8221; font_container=&#8221;tag:h2|text_align:left|color:%23004789&#8243; use_theme_fonts=&#8221;yes&#8221;][vc_column_text]Todas las vacunas funcionan de la misma manera: presentan prote\u00ednas a su cuerpo para ense\u00f1ar a su sistema inmune a atacarlas y eliminarlas. Dado que estas prote\u00ednas parecen ser similares al virus real, su cuerpo recordar\u00e1 c\u00f3mo atacarlas y podr\u00e1 protegerlo del virus real si se encuentra con \u00e9l. <\/p>\n<p>Las vacunas contra el COVID introducen estas prote\u00ednas en su cuerpo de una de estas maneras:<\/p>\n<ul>\n<li style=\"font-weight: 400;\" aria-level=\"1\"><b>Vacunas de ARNm:<\/b><span style=\"font-weight: 400;\"> El ARNm -una especie de mensajero de informaci\u00f3n gen\u00e9tica\u2013 es un conjunto de instrucciones que ense\u00f1a a las c\u00e9lulas a producir prote\u00ednas. La vacuna utiliza ARNm que le dice a tu cuerpo que produzca prote\u00ednas de espiga que se parecen a las prote\u00ednas de la parte exterior del virus del COVID. Estas prote\u00ednas sin el resto del virus del COVID no pueden enfermarte. Tu cuerpo puede entonces reconocer la forma de esas prote\u00ednas y protegerlo contra el virus, que tambi\u00e9n lleva prote\u00ednas con la misma forma.   <\/span><\/li>\n<li style=\"font-weight: 400;\" aria-level=\"1\"><b>Vacunas inactivadas:<\/b><span style=\"font-weight: 400;\"> Son similares a muchas otras vacunas disponibles en la actualidad, como las vacunas inactivadas contra la gripe. Utilizan un virus inactivado (muerto) como ant\u00edgeno (respuesta inmune) para ense\u00f1ar a tu sistema inmunol\u00f3gico c\u00f3mo es el virus real. Dado que el virus de esta vacuna est\u00e1 muerto, no puede causar la enfermedad.  <\/span><\/li>\n<li style=\"font-weight: 400;\" aria-level=\"1\"><b>Vacunas de vector viral:<\/b> Estas vacunas utilizan un virus inofensivo (vector) que no puede enfermarte para que act\u00fae como un virus del COVID. Este ant\u00edgeno entrar\u00e1 en una c\u00e9lula de tu cuerpo y le indicar\u00e1 que produzca prote\u00ednas de espiga que se parecen a las del virus real del COVID. Estas prote\u00ednas sin el virus real del COVID no pueden enfermarte. Tu cuerpo puede reconocer la forma de esas prote\u00ednas y protegerte contra el virus, que tambi\u00e9n transporta prote\u00ednas con la misma forma. Sin embargo, en los Estados Unidos, las vacunas de vector viral no est\u00e1n disponibles.    <\/li>\n<\/ul>\n[\/vc_column_text][\/vc_column_inner][\/vc_row_inner][vc_row_inner][vc_column_inner][vc_custom_heading text=&#8221;\u00bfCu\u00e1les son los riesgos y beneficios de la vacuna COVID-19?&#8221; font_container=&#8221;tag:h2|text_align:left|color:%23004789&#8243; use_theme_fonts=&#8221;yes&#8221;][vc_column_text]<span style=\"font-weight: 400;\">Se han administrado m\u00e1s de 12.000 millones de dosis de la vacuna COVID-19 a personas de todo el mundo, lo que nos da mucha informaci\u00f3n sobre los verdaderos riesgos y beneficios de la vacunaci\u00f3n.<\/span><span style=\"font-weight: 400;\"><br \/>\n<\/span><\/p>\n<p><span style=\"font-weight: 400;\">Efectos secundarios comunes:<\/span><\/p>\n<ul>\n<li style=\"font-weight: 400;\" aria-level=\"1\"><span style=\"font-weight: 400;\">hinchaz\u00f3n, enrojecimiento y dolor en el lugar donde se administr\u00f3 la vacuna<\/span><\/li>\n<li style=\"font-weight: 400;\" aria-level=\"1\"><span style=\"font-weight: 400;\">fiebre<\/span><\/li>\n<li style=\"font-weight: 400;\" aria-level=\"1\"><span style=\"font-weight: 400;\">dolor de cabeza<\/span><\/li>\n<li style=\"font-weight: 400;\" aria-level=\"1\"><span style=\"font-weight: 400;\">cansancio<\/span><\/li>\n<li style=\"font-weight: 400;\" aria-level=\"1\"><span style=\"font-weight: 400;\">dolor muscular<\/span><\/li>\n<li style=\"font-weight: 400;\" aria-level=\"1\"><span style=\"font-weight: 400;\">escalofr\u00edos<\/span><\/li>\n<li style=\"font-weight: 400;\" aria-level=\"1\"><span style=\"font-weight: 400;\">n\u00e1useas<\/span><span style=\"font-weight: 400;\"><br \/>\n<\/span><\/li>\n<\/ul>\n<p><span style=\"font-weight: 400;\">Es muy raro que alguien tenga una reacci\u00f3n grave a la vacuna, pero es posible tener una reacci\u00f3n al\u00e9rgica grave u otra reacci\u00f3n rara. <\/span><\/p>\n<ul>\n<li style=\"font-weight: 400;\" aria-level=\"1\"><span style=\"font-weight: 400;\">La miocarditis y la pericarditis, o inflamaci\u00f3n del coraz\u00f3n o del revestimiento del coraz\u00f3n, pueden ser efectos secundarios raros de las vacunas ARNm. Los s\u00edntomas pueden incluir  <\/span><span style=\"font-weight: 400;\">Dolor en el pecho, dificultad para respirar y sensaci\u00f3n de latido r\u00e1pido, aleteo o palpitaciones. Este efecto secundario es m\u00e1s com\u00fan en varones adolescentes o adultos j\u00f3venes que en otros grupos.  <\/span><span style=\"font-weight: 400;\">Suele ser leve y desaparece por s\u00ed solo. Tambi\u00e9n es importante tener en cuenta que los riesgos de miocarditis y pericarditis son mucho mayores tras la infecci\u00f3n por COVID que con la vacuna, y pueden ser m\u00e1s graves. <\/span><\/li>\n<li style=\"font-weight: 400;\" aria-level=\"1\"><span style=\"font-weight: 400;\">La trombosis con s\u00edndrome de trombocitopenia (STT), un tipo de problema de coagulaci\u00f3n de la sangre, es un efecto secundario poco frecuente de las vacunas con vectores virales, que no se utilizan en Estados Unidos Este tipo de co\u00e1gulo sangu\u00edneo, y los co\u00e1gulos sangu\u00edneos en general, no es un efecto secundario de las vacunas de ARNm. <\/span><\/li>\n<\/ul>\n[\/vc_column_text][\/vc_column_inner][\/vc_row_inner][vc_row_inner][vc_column_inner][vc_custom_heading text=&#8221;\u00bfQu\u00e9 puedo esperar el d\u00eda que reciba la vacuna?&#8221; font_container=&#8221;tag:h2|text_align:left|color:%23004789&#8243; use_theme_fonts=&#8221;yes&#8221;][vc_column_text]Un poquito de preparaci\u00f3n ayuda much\u00edsimo a reducir el estr\u00e9s, tanto para ti como para tu hijo. La informaci\u00f3n confiable te ayuda a garantizar elecciones saludables y fomenta la confianza en la vacuna.[\/vc_column_text][\/vc_column_inner][\/vc_row_inner][vc_row_inner equal_height=&#8221;yes&#8221; content_placement=&#8221;middle&#8221;][vc_column_inner width=&#8221;1\/3&#8243;]<figure class=\"vcex-image vcex-module\"><div class=\"vcex-image-inner wpex-relative wpex-inline-block\"><a href=\"https:\/\/www.voicesforvaccines.org\/fact-sheets\/chickenpox-vaccine-fact-sheet\/\"><img width=\"541\" height=\"703\" src=\"https:\/\/www.voicesforvaccines.org\/content\/uploads\/2022\/05\/COVID-19-Fact-Sheet.png\" class=\"vcex-image-img wpex-align-middle\" alt=\"Download the COVID-19 PDF Fact Sheet\" loading=\"lazy\" decoding=\"async\" srcset=\"https:\/\/www.voicesforvaccines.org\/content\/uploads\/2022\/05\/COVID-19-Fact-Sheet.png 541w, https:\/\/www.voicesforvaccines.org\/content\/uploads\/2022\/05\/COVID-19-Fact-Sheet-231x300.png 231w, https:\/\/www.voicesforvaccines.org\/content\/uploads\/2022\/05\/COVID-19-Fact-Sheet-115x150.png 115w\" sizes=\"auto, (max-width: 541px) 100vw, 541px\" \/><\/a><\/div><\/figure>[\/vc_column_inner][vc_column_inner width=&#8221;2\/3&#8243;][vc_custom_heading text=&#8221;Panfleto informativo sobre el COVID-19&#8243; font_container=&#8221;tag:h3|text_align:left|color:%23004789&#8243; use_theme_fonts=&#8221;yes&#8221;][vc_column_text]Descarga e imprime nuestro <a href=\"https:\/\/www.voicesforvaccines.org\/fact-sheets\/chickenpox-vaccine-fact-sheet\/\">panfleto informativo sobre COVID-19<\/a> para saber qu\u00e9 hacer en tu cita. Obt\u00e9n la hoja informativa sobre COVID-19.[\/vc_column_text]<div class=\"vcex-spacing wpex-w-100 wpex-clear\"><\/div><a href=\"https:\/\/www.voicesforvaccines.org\/fact-sheets\/covid-vaccine-fact-sheet\/\" class=\"vcex-button theme-button inline\"><span class=\"vcex-button-inner theme-button-inner wpex-flex wpex-flex-wrap wpex-items-center wpex-justify-center\">Consigue la hoja informativa COVID-19<\/span><\/a> [\/vc_column_inner][\/vc_row_inner][vc_row_inner remove_bottom_col_margin=&#8221;true&#8221;][vc_column_inner][vc_custom_heading text=&#8221;\u00bfD\u00f3nde puedo obtener m\u00e1s informaci\u00f3n sobre la vacuna COVID-19?&#8221; font_container=&#8221;tag:h2|text_align:left|color:%23004789&#8243; use_theme_fonts=&#8221;yes&#8221;][vc_column_text]Obt\u00e9n m\u00e1s informaci\u00f3n sobre COVID-19:<\/p>\n<ul>\n<li style=\"font-weight: 400;\" aria-level=\"1\"><span style=\"font-weight: 400;\"><a href=\"https:\/\/www.cdc.gov\/coronavirus\/2019-ncov\/index.html\" target=\"_blank\" rel=\"noopener\">CDC COVID Informaci\u00f3n<\/a> <\/span><\/li>\n<li style=\"font-weight: 400;\" aria-level=\"1\"><a href=\"https:\/\/news.google.com\/covid19\/map?hl=en-US&amp;gl=US&amp;ceid=US%3Aen\" target=\"_blank\" rel=\"noopener\">\u00daltimas noticias sobre el COVID<\/a><\/li>\n<li style=\"font-weight: 400;\" aria-level=\"1\"><a href=\"https:\/\/www.chop.edu\/centers-programs\/vaccine-education-center\/vaccine-details\/covid-19-vaccine\" target=\"_blank\" rel=\"noopener\">Vaccine Education Center&#8217;s Busque informaci\u00f3n sobre las vacunas para el COVID-19<\/a><\/li>\n<\/ul>\n[\/vc_column_text][\/vc_column_inner][\/vc_row_inner][vc_row_inner][vc_column_inner]<div class=\"templatera_shortcode\"><style type=\"text\/css\" data-type=\"vc_shortcodes-default-css\">.vc_do_custom_heading{margin-bottom:0.625rem;margin-top:0;}<\/style><style type=\"text\/css\" data-type=\"vc_shortcodes-custom-css\">.vc_custom_1623967295184{padding-top: 20px !important;}<\/style>[vc_row][vc_column][vc_custom_heading text=\"\u00bfC\u00f3mo s\u00e9 que esta informaci\u00f3n es cre\u00edble?\" font_container=\"tag:h2|text_align:left|color:%23004789\" use_theme_fonts=\"yes\" css=\".vc_custom_1623967295184{padding-top: 20px !important;}\"][vc_column_text]Trabajamos para los padres, por lo que nos aseguramos de que sus preocupaciones se aborden utilizando hechos y ciencia, y nuestro contenido es revisado por expertos que han dedicado su carrera al estudio de las vacunas. <a href=\"https:\/\/www.voicesforvaccines.org\/credible-info\/\">Obt\u00e9n m\u00e1s informaci\u00f3n<\/a> sobre c\u00f3mo nos aseguramos de ofrecerte la mejor informaci\u00f3n para ayudarte a tomar decisiones saludables para tu familia.[\/vc_column_text][\/vc_column][\/vc_row]<\/div>[\/vc_column_inner][\/vc_row_inner][\/vc_column][vc_column width=&#8221;1\/3&#8243; el_class=&#8221;lookforme&#8221;][vc_row_inner css=&#8221;.vc_custom_1651605300780{border-top-width: 1px !important;border-right-width: 1px !important;border-bottom-width: 1px !important;border-left-width: 1px !important;border-left-color: #000000 !important;border-left-style: solid !important;border-right-color: #000000 !important;border-right-style: solid !important;border-top-color: #000000 !important;border-top-style: solid !important;border-bottom-color: #000000 !important;border-bottom-style: solid !important;}&#8221; el_class=&#8221;lookforme&#8221;][vc_column_inner]<style>.vcex-icon-box.vcex_69ebe72b79e5a{background:#9ecc41;}.vcex-icon-box.vcex_69ebe72b79e5a .vcex-icon-box-heading{color:#004789;font-family:'Open Sans', sans-serif;}.vcex-icon-box.vcex_69ebe72b79e5a .vcex-icon-box-image{width:30px;}<\/style><div class=\"vcex-module vcex-icon-box vcex-icon-box-one wpex-flex wpex-py-0 wpex-px-0 wpex-text-left vc_custom_1651605578675 vcex_69ebe72b79e5a\"><div class=\"vcex-icon-box-symbol vcex-icon-box-symbol--image wpex-flex-shrink-0 wpex-mr-20\"><img loading=\"lazy\" class=\"vcex-icon-box-image wpex-align-middle\" decoding=\"async\" src=\"https:\/\/www.voicesforvaccines.org\/content\/uploads\/2021\/06\/Concept-BuildingBlocks-30x30.png\" alt=\"\" srcset=\"https:\/\/www.voicesforvaccines.org\/content\/uploads\/2021\/06\/Concept-BuildingBlocks-30x30.png 30w, https:\/\/www.voicesforvaccines.org\/content\/uploads\/2021\/06\/Concept-BuildingBlocks-300x300.png 300w, https:\/\/www.voicesforvaccines.org\/content\/uploads\/2021\/06\/Concept-BuildingBlocks-150x150.png 150w, https:\/\/www.voicesforvaccines.org\/content\/uploads\/2021\/06\/Concept-BuildingBlocks-30x30@2x.png 60w, https:\/\/www.voicesforvaccines.org\/content\/uploads\/2021\/06\/Concept-BuildingBlocks.png 366w, https:\/\/www.voicesforvaccines.org\/content\/uploads\/2021\/06\/Concept-BuildingBlocks-30x30@2x.png 2x\" width=\"30\" height=\"30\"><\/div><div class=\"vcex-icon-box-text wpex-flex-grow\"><h3 class=\"vcex-icon-box-heading wpex-heading wpex-text-md wpex-mb-10\">Pregunta a los expertos<\/h3><\/div><\/div>[vc_column_text css=&#8221;.vc_custom_1651605081400{margin-right: 5px !important;margin-left: 5px !important;padding-top: 20px !important;}&#8221;]<strong>Dentro del laboratorio que invent\u00f3 la vacuna del COVID-19<\/strong>[\/vc_column_text]<div class=\"vcex-spacing wpex-w-100 wpex-clear\" style=\"height:20px;\"><\/div>[vc_video link=&#8221;https:\/\/www.youtube.com\/watch?v=-92HQA0GcI8&#8243; css=&#8221;.vc_custom_1651605087940{margin-right: 5px !important;margin-left: 5px !important;}&#8221;][vc_column_text css=&#8221;.vc_custom_1651605099382{margin-right: 5px !important;margin-left: 5px !important;padding-top: 20px !important;}&#8221;]<strong>\u00bfC\u00f3mo funcionan las vacunas de ARNm?<\/strong>[\/vc_column_text]<div class=\"vcex-spacing wpex-w-100 wpex-clear\" style=\"height:20px;\"><\/div>[vc_video link=&#8221;https:\/\/www.youtube.com\/watch?v=the81FQoAUI&#8221; css=&#8221;.vc_custom_1651605105278{margin-right: 5px !important;margin-left: 5px !important;}&#8221;][vc_column_text css=&#8221;.vc_custom_1651605113469{margin-right: 5px !important;margin-left: 5px !important;padding-top: 20px !important;}&#8221;]&gt; <a href=\"https:\/\/youtube.com\/playlist?list=PLM53nMUclCywEnC9tJy-7Qf_96JkziDy8\" target=\"_blank\" rel=\"noopener\">M\u00e1s v\u00eddeos<\/a>[\/vc_column_text][\/vc_column_inner][\/vc_row_inner][vc_row_inner][vc_column_inner][vc_custom_heading text=&#8221;Saber m\u00e1s&#8221; font_container=&#8221;tag:h3|text_align:left|color:%23004789&#8243; use_theme_fonts=&#8221;yes&#8221; css=&#8221;.vc_custom_1651624353447{padding-top: 20px !important;}&#8221;][\/vc_column_inner][\/vc_row_inner][vc_row_inner][vc_column_inner][\/vc_column_inner][\/vc_row_inner]<div class=\"templatera_shortcode\"><style type=\"text\/css\" data-type=\"vc_shortcodes-default-css\">.vc_do_custom_heading{margin-bottom:0.625rem;margin-top:0;}<\/style>[vc_row][vc_column][vc_custom_heading text=\"Have a question?\" font_container=\"tag:h3|text_align:left\" use_theme_fonts=\"yes\"]<div class=\"vcex-spacing wpex-w-100 wpex-clear\" style=\"height:10px;\"><\/div>[vc_column_text]You can <a href=\"https:\/\/www.voicesforvaccines.org\/ask-an-expert\/\">ask us<\/a> and one of our <a href=\"https:\/\/www.voicesforvaccines.org\/credible-info\/\">experts<\/a> might answer it on our website.[\/vc_column_text][\/vc_column][\/vc_row]<\/div>[\/vc_column][\/vc_row]\n<\/div>","protected":false},"excerpt":{"rendered":"<p>El COVID est\u00e1 causado por un tipo de coronavirus llamado SARS-CoV-2. M\u00e1s informaci\u00f3n sobre el COVID-19 y las actualizaciones de la vacuna. <\/p>\n","protected":false},"author":14,"featured_media":13511,"parent":14784,"menu_order":0,"comment_status":"closed","ping_status":"closed","template":"","meta":{"_acf_changed":false,"_price":"","_stock":"","_tribe_ticket_header":"","_tribe_default_ticket_provider":"","_tribe_ticket_capacity":"0","_ticket_start_date":"","_ticket_end_date":"","_tribe_ticket_show_description":"","_tribe_ticket_show_not_going":false,"_tribe_ticket_use_global_stock":"","_tribe_ticket_global_stock_level":"","_global_stock_mode":"","_global_stock_cap":"","_tribe_rsvp_for_event":"","_tribe_ticket_going_count":"","_tribe_ticket_not_going_count":"","_tribe_tickets_list":"[]","_tribe_ticket_has_attendee_info_fields":false,"footnotes":"","_tec_slr_enabled":"","_tec_slr_layout":""},"class_list":["post-14597","page","type-page","status-publish","has-post-thumbnail","hentry","entry","has-media"],"acf":[],"ticketed":false,"_links":{"self":[{"href":"https:\/\/www.voicesforvaccines.org\/es\/wp-json\/wp\/v2\/pages\/14597","targetHints":{"allow":["GET"]}}],"collection":[{"href":"https:\/\/www.voicesforvaccines.org\/es\/wp-json\/wp\/v2\/pages"}],"about":[{"href":"https:\/\/www.voicesforvaccines.org\/es\/wp-json\/wp\/v2\/types\/page"}],"author":[{"embeddable":true,"href":"https:\/\/www.voicesforvaccines.org\/es\/wp-json\/wp\/v2\/users\/14"}],"replies":[{"embeddable":true,"href":"https:\/\/www.voicesforvaccines.org\/es\/wp-json\/wp\/v2\/comments?post=14597"}],"version-history":[{"count":5,"href":"https:\/\/www.voicesforvaccines.org\/es\/wp-json\/wp\/v2\/pages\/14597\/revisions"}],"predecessor-version":[{"id":14602,"href":"https:\/\/www.voicesforvaccines.org\/es\/wp-json\/wp\/v2\/pages\/14597\/revisions\/14602"}],"up":[{"embeddable":true,"href":"https:\/\/www.voicesforvaccines.org\/es\/wp-json\/wp\/v2\/pages\/14784"}],"wp:featuredmedia":[{"embeddable":true,"href":"https:\/\/www.voicesforvaccines.org\/es\/wp-json\/wp\/v2\/media\/13511"}],"wp:attachment":[{"href":"https:\/\/www.voicesforvaccines.org\/es\/wp-json\/wp\/v2\/media?parent=14597"}],"curies":[{"name":"wp","href":"https:\/\/api.w.org\/{rel}","templated":true}]}}