{"id":14677,"date":"2021-05-13T17:25:48","date_gmt":"2021-05-13T22:25:48","guid":{"rendered":"https:\/\/www.voicesforvaccines.org\/informacion-sobre-la-vacuna-dtpa\/"},"modified":"2025-08-18T14:33:38","modified_gmt":"2025-08-18T19:33:38","slug":"informacion-sobre-la-vacuna-dtpa","status":"publish","type":"page","link":"https:\/\/www.voicesforvaccines.org\/es\/informacion-sobre-vacunas-y-enfermedades-prevenibles-con-vacunas\/informacion-sobre-la-vacuna-dtpa\/","title":{"rendered":"Informaci\u00f3n sobre la vacuna DTPa"},"content":{"rendered":"<div class=\"wpb-content-wrapper\">[vc_row css=&#8221;.vc_custom_1620857387659{border-radius: 1px !important;}&#8221;][vc_column width=&#8221;2\/3&#8243;][vc_row_inner][vc_column_inner]<style>.vcex-heading.vcex_69d36f0e5a0b4{color:#004789;}<\/style><h1 class=\"vcex-heading vcex-heading-plain vcex-module wpex-heading wpex-text-2xl vcex_69d36f0e5a0b4\"><span class=\"vcex-heading-inner wpex-inline-block\">Vacuna DTaP (contra la difteria, el t\u00e9tanos y la tosferina)<\/span><\/h1>[\/vc_column_inner][\/vc_row_inner][vc_row_inner][vc_column_inner][vc_custom_heading text=&#8221;\u00bfQu\u00e9 son la difteria, el t\u00e9tanos y la tosferina?&#8221; font_container=&#8221;tag:h2|text_align:left|color:%23004789&#8243; use_theme_fonts=&#8221;yes&#8221;][vc_column_text]<span style=\"font-weight: 400;\">La difteria es una infecci\u00f3n bacteriana grave que se transmite de persona a persona, por ejemplo, al toser o estornudar. Esta bacteria produce una sustancia que da\u00f1a los tejidos del cuerpo, principalmente en las v\u00edas respiratorias y en la piel. Puede causar dolor de garganta, inflamaci\u00f3n de los ganglios y debilidad general. Cuando afecta la piel, provoca llagas abiertas.    <\/span><\/p>\n<p><span style=\"font-weight: 400;\">El t\u00e9tanos (tambi\u00e9n conocido como trismo) es una infecci\u00f3n causada por bacterias que viven en la tierra o heces de animal. Entra al cuerpo a trav\u00e9s de heridas profundas, quemaduras graves o fracturas en las que el hueso queda expuesto. Puede provocar rigidez y espasmos musculares muy dolorosos que incluso dificultan la respiraci\u00f3n.    <\/span><\/p>\n<p><span style=\"font-weight: 400;\">La tosferina es una infecci\u00f3n bacteriana que causa una tos fuerte y constante, y puede hacer dif\u00edcil la respiraci\u00f3n. A veces se le llama \u201cla tos de los 100 d\u00edas\u201d porque puede durar mucho tiempo. Aunque cualquiera puede enfermarse, es especialmente peligrosa e incluso mortal para beb\u00e9s menores de un a\u00f1o.  <\/span>[\/vc_column_text][\/vc_column_inner][\/vc_row_inner][vc_row_inner][vc_column_inner][vc_custom_heading text=&#8221;\u00bfQu\u00e9 riesgos tienen estas enfermedades?&#8221; font_container=&#8221;tag:h2|text_align:left|color:%23004789&#8243; use_theme_fonts=&#8221;yes&#8221;][vc_column_text]<span style=\"font-weight: 400;\">Si la toxina de la difteria llega a la sangre, puede da\u00f1ar el coraz\u00f3n, nervios o ri\u00f1ones, y provocar par\u00e1lisis. Sin tratamiento, la mitad de quienes enferman de difteria respiratoria pueden morir. Incluso con atenci\u00f3n m\u00e9dica, el 10\u202fpor ciento de las personas pueden fallecer.   <\/span><\/p>\n<p><span style=\"font-weight: 400;\">El t\u00e9tanos puede causar contracciones musculares tan fuertes que pueden fracturar los huesos. Tambi\u00e9n puede afectar los pulmones o causar co\u00e1gulos que obstruyan las arterias. El tratamiento es complicado y largo. Aun con atenci\u00f3n m\u00e9dica, entre un 10 y 20\u202fpor ciento de quienes se contagian, mueren.   <\/span><\/p>\n<p><span style=\"font-weight: 400;\">La tosferina puede ser muy grave en beb\u00e9s, 1 de cada 2 necesita ser hospitalizado. Casi el 25 por ciento desarrollan neumon\u00eda y alrededor del 60 por ciento tendr\u00e1n respiraci\u00f3n lenta o dejar\u00e1n de respirar. Uno de cada 100 morir\u00e1.  <\/span>[\/vc_column_text][\/vc_column_inner][\/vc_row_inner][vc_row_inner][vc_column_inner][vc_custom_heading text=&#8221;\u00bfQu\u00e9 tan efectiva es la vacuna DTaP?&#8221; font_container=&#8221;tag:h2|text_align:left|color:%23004789&#8243; use_theme_fonts=&#8221;yes&#8221;][vc_column_text]<span style=\"font-weight: 400;\">Muy efectiva. Si los ni\u00f1os reciben las 5 dosis recomendadas, 9 de cada 10 estar\u00e1n completamente protegidos contra estas tres enfermedades.  <\/span><\/p>\n<p><span style=\"font-weight: 400;\">Antes de que existieran estas vacunas, la difteria era una de las principales causas de muerte en ni\u00f1os en Estados Unidos y el mundo. <\/span><\/p>\n<p><span style=\"font-weight: 400;\">La vacuna contra el t\u00e9tanos se empez\u00f3 a usar en Estados Unidos en la d\u00e9cada de 1950. Antes de ello, al menos mil personas contra\u00edan t\u00e9tanos cada a\u00f1o y cerca de la mitad mor\u00edan.   <\/span><\/p>\n<p><span style=\"font-weight: 400;\">Antes de que la vacuna contra la tosferina comenzara a aplicarse en la d\u00e9cada de 1940, esta enfermedad provocaba unos 200 mil casos al a\u00f1o y m\u00e1s de 9 mil muertes, principalmente en ni\u00f1os peque\u00f1os. Hoy en d\u00eda, gracias a la vacunaci\u00f3n, estas enfermedades son muy poco comunes en Estados Unidos.  <\/span>[\/vc_column_text][\/vc_column_inner][\/vc_row_inner][vc_row_inner][vc_column_inner][vc_custom_heading text=&#8221;\u00bfLa vacuna DTaP es segura?&#8221; font_container=&#8221;tag:h2|text_align:left|color:%23004789&#8243; use_theme_fonts=&#8221;yes&#8221;][vc_column_text]<span style=\"font-weight: 400;\">S\u00ed. La vacuna es muy segura. Como cualquier medicina, <a href=\"https:\/\/www.voicesforvaccines.org\/es\/ciencia\/efectos-secundarios-de-las-vacunas\/\">puede causar algunos efectos secundarios<\/a>, pero la mayor\u00eda son leves y desaparecen solos. Algunos pueden ser:  <\/span><\/p>\n<ul>\n<li style=\"font-weight: 400;\" aria-level=\"1\"><span style=\"font-weight: 400;\">Fiebre (en 1 de cada 4 ni\u00f1os, sobre todo despu\u00e9s de la 4<\/span><span style=\"font-weight: 400;\">a<\/span><span style=\"font-weight: 400;\"> y 5<\/span><span style=\"font-weight: 400;\">a<\/span><span style=\"font-weight: 400;\"> dosis)<\/span><\/li>\n<li style=\"font-weight: 400;\" aria-level=\"1\"><span style=\"font-weight: 400;\">Enrojecimiento, hinchaz\u00f3n o molestia en donde se inyect\u00f3 (en 1 de cada 4 ni\u00f1os, despu\u00e9s de la 4<\/span><span style=\"font-weight: 400;\">a<\/span><span style=\"font-weight: 400;\"> y 5<\/span><span style=\"font-weight: 400;\">a<\/span><span style=\"font-weight: 400;\"> dosis)<\/span><\/li>\n<li style=\"font-weight: 400;\" aria-level=\"1\"><span style=\"font-weight: 400;\">Irritabilidad (en 1 de cada 3 ni\u00f1os, de 1 a 3 d\u00edas despu\u00e9s de la vacuna)<\/span><\/li>\n<li style=\"font-weight: 400;\" aria-level=\"1\"><span style=\"font-weight: 400;\">Cansancio o poco apetito (en 1 de cada 10 ni\u00f1os, de 1 a 3 d\u00edas despu\u00e9s de la vacuna)<\/span><\/li>\n<\/ul>\n<p><span style=\"font-weight: 400;\">Algunos efectos secundarios poco comunes pueden ser:<\/span><\/p>\n<ul>\n<li style=\"font-weight: 400;\" aria-level=\"1\"><span style=\"font-weight: 400;\">Convulsiones en las que el ni\u00f1o se sacude o mira fijamente (en 1 de cada 14,000 ni\u00f1os)<\/span><\/li>\n<li style=\"font-weight: 400;\" aria-level=\"1\"><span style=\"font-weight: 400;\">Llanto continuo por m\u00e1s de 3 horas (en 1 de cada 1,000)<\/span><\/li>\n<li style=\"font-weight: 400;\" aria-level=\"1\"><span style=\"font-weight: 400;\">Fiebre muy alta (m\u00e1s de 105\u00b0F o 40.5\u00b0C, en 1 de cada 16,000 casos)<\/span><\/li>\n<\/ul>\n<p><span style=\"font-weight: 400;\">Los efectos secundarios graves son extremadamente raros e incluyen reacciones al\u00e9rgicas (menos de 1 por cada mill\u00f3n de dosis) como ronchas y comez\u00f3n, hinchaz\u00f3n en la cara o garganta, dificultad para respirar o latidos r\u00e1pidos del coraz\u00f3n. Estas reacciones aparecen poco tiempo despu\u00e9s de recibir la vacuna. Otros efectos secundarios graves pero muy poco frecuentes son convulsiones a largo plazo, coma y da\u00f1o cerebral.   <\/span>[\/vc_column_text][\/vc_column_inner][\/vc_row_inner][vc_row_inner][vc_column_inner][vc_custom_heading text=&#8221;\u00bfCu\u00e1ndo debe aplicarse la vacuna DTaP?&#8221; font_container=&#8221;tag:h2|text_align:left|color:%23004789&#8243; use_theme_fonts=&#8221;yes&#8221;][vc_column_text]<span style=\"font-weight: 400;\">Se aplican 5 dosis en total, a las edades de:<\/span><\/p>\n<ul>\n<li style=\"font-weight: 400;\" aria-level=\"1\"><span style=\"font-weight: 400;\">2 meses<\/span><\/li>\n<li style=\"font-weight: 400;\" aria-level=\"1\"><span style=\"font-weight: 400;\">4 meses<\/span><\/li>\n<li style=\"font-weight: 400;\" aria-level=\"1\"><span style=\"font-weight: 400;\">6 meses<\/span><\/li>\n<li style=\"font-weight: 400;\" aria-level=\"1\"><span style=\"font-weight: 400;\">Entre los 15 y 18 meses<\/span><\/li>\n<li style=\"font-weight: 400;\" aria-level=\"1\"><span style=\"font-weight: 400;\">Entre los 4 y 6 a\u00f1os<\/span><\/li>\n<\/ul>\n<p><span style=\"font-weight: 400;\">Existen distintas versiones de esta vacuna, as\u00ed que es buena idea hablar con el m\u00e9dico o el personal del centro de salud para asegurarte de que tu hijo reciba la que le corresponde o cualquier otra que pueda necesitar. <\/span><\/p>\n<table style=\"width: 100%;\">\n<tbody>\n<tr>\n<th>Vacuna<\/th>\n<th>Protege en contra de:<\/th>\n<th>Edad en la que se recomienda aplicar<\/th>\n<\/tr>\n<tr>\n<td>DTaP<\/td>\n<td>\n<ul>\n<li>Difteria<\/li>\n<li>T\u00e9tanos<\/li>\n<li>Tosferina<\/li>\n<\/ul>\n<\/td>\n<td>6 semanas &#8211; 6 a\u00f1os<\/td>\n<\/tr>\n<tr>\n<td>Tdap<\/td>\n<td>\n<ul>\n<li>Difteria<\/li>\n<li>T\u00e9tanos<\/li>\n<li>Tosferina<\/li>\n<\/ul>\n<\/td>\n<td>7 &#8211; 10 a\u00f1os si no est\u00e1s totalmente vacunado, una dosis a los 11-12 a\u00f1os, y cada diez a\u00f1os hasta la edad adulta.<\/td>\n<\/tr>\n<tr>\n<td>DT<\/td>\n<td>\n<ul>\n<li>Difteria<\/li>\n<li>T\u00e9tanos<\/li>\n<\/ul>\n<\/td>\n<td>6 semanas &#8211; 6 a\u00f1os, no preferido<\/td>\n<\/tr>\n<tr>\n<td>Td<\/td>\n<td>\n<ul>\n<li>Difteria<\/li>\n<li>T\u00e9tanos<\/li>\n<\/ul>\n<\/td>\n<td>7 &#8211; 10 a\u00f1os + si no est\u00e1 totalmente vacunado<\/td>\n<\/tr>\n<tr>\n<td>DTPa-VPI-HepB<\/td>\n<td>\n<ul>\n<li>Difteria<\/li>\n<li>T\u00e9tanos<\/li>\n<li>Tosferina<\/li>\n<li>Polio<\/li>\n<li>Hepatitis B<\/li>\n<\/ul>\n<\/td>\n<td>6 semanas &#8211; 6 a\u00f1os<\/td>\n<\/tr>\n<tr>\n<td>DTPa-VPI-Hib<\/td>\n<td>\n<ul>\n<li>Difteria<\/li>\n<li>T\u00e9tanos<\/li>\n<li>Tosferina<\/li>\n<li>Polio<\/li>\n<li><em>Haemophilus influenzae<\/em><\/li>\n<\/ul>\n<\/td>\n<td>6 meses &#8211; 4 a\u00f1os<\/td>\n<\/tr>\n<tr>\n<td>DTaP-IPV<\/td>\n<td>\n<ul>\n<li>Difteria<\/li>\n<li>T\u00e9tanos<\/li>\n<li>Tos ferina<\/li>\n<li>Polio<\/li>\n<\/ul>\n<\/td>\n<td>Aprobado para la 5\u00aa vacuna DTaP y la 4\u00aa vacuna IPV de refuerzo a los 4-5 a\u00f1os.<\/td>\n<\/tr>\n<\/tbody>\n<\/table>\n[\/vc_column_text][\/vc_column_inner][\/vc_row_inner][vc_row_inner visibility=&#8221;hidden&#8221;][vc_column_inner][vc_custom_heading text=&#8221;\u00bfLa DPT es la misma vacuna?&#8221; font_container=&#8221;tag:h2|text_align:left|color:%23004789&#8243; use_theme_fonts=&#8221;yes&#8221;][vc_column_text]Al igual que las vacunas DTaP y Tdap, las vacunas DPT proteg\u00edan contra la difteria, la tos ferina y el t\u00e9tanos. Esta vacuna conten\u00eda ant\u00edgeno de tos ferina de c\u00e9lulas enteras (P), a diferencia de la tos ferina acelular (aP) de la DTPa y la Tdap, que s\u00f3lo conten\u00edan parte de la toxina de la tos ferina. La vacuna DPT se utiliz\u00f3 desde 1948 hasta su suspensi\u00f3n en la d\u00e9cada de 1980. La DPT ten\u00eda una alta tasa de efectos secundarios leves o moderados, como enrojecimiento en el lugar de la inyecci\u00f3n o fiebre, lo que llev\u00f3 a algunos a preocuparse por su seguridad. Sin embargo, los estudios nunca mostraron ninguna asociaci\u00f3n con problemas de seguridad importantes o graves.[\/vc_column_text][\/vc_column_inner][\/vc_row_inner][vc_row_inner][vc_column_inner][vc_custom_heading text=&#8221;\u00bfQu\u00e9 puedo esperar en una cita para la vacuna DTPa?&#8221; font_container=&#8221;tag:h2|text_align:left|color:%23004789&#8243; use_theme_fonts=&#8221;yes&#8221;][vc_column_text]Un poquito de preparaci\u00f3n ayuda much\u00edsimo a reducir el estr\u00e9s, tanto para ti como para tu hijo. La informaci\u00f3n confiable te ayuda a garantizar elecciones saludables e incrementar la confianza en la vacuna.[\/vc_column_text][\/vc_column_inner][\/vc_row_inner][vc_row_inner equal_height=&#8221;yes&#8221; content_placement=&#8221;middle&#8221;][vc_column_inner width=&#8221;1\/3&#8243;]<figure class=\"vcex-image vcex-module\"><div class=\"vcex-image-inner wpex-relative wpex-inline-block\"><a href=\"https:\/\/www.voicesforvaccines.org\/fact-sheets\/dtap-vaccine\/\"><img width=\"790\" height=\"1022\" src=\"https:\/\/www.voicesforvaccines.org\/content\/uploads\/2021\/10\/Screen-Shot-2021-10-03-at-3.53.50-PM.png\" class=\"vcex-image-img wpex-align-middle\" alt=\"Download the DTaP PDF Fact Sheet\" loading=\"lazy\" decoding=\"async\" srcset=\"https:\/\/www.voicesforvaccines.org\/content\/uploads\/2021\/10\/Screen-Shot-2021-10-03-at-3.53.50-PM.png 790w, https:\/\/www.voicesforvaccines.org\/content\/uploads\/2021\/10\/Screen-Shot-2021-10-03-at-3.53.50-PM-232x300.png 232w, https:\/\/www.voicesforvaccines.org\/content\/uploads\/2021\/10\/Screen-Shot-2021-10-03-at-3.53.50-PM-116x150.png 116w, https:\/\/www.voicesforvaccines.org\/content\/uploads\/2021\/10\/Screen-Shot-2021-10-03-at-3.53.50-PM-768x994.png 768w\" sizes=\"auto, (max-width: 790px) 100vw, 790px\" \/><\/a><\/div><\/figure>[\/vc_column_inner][vc_column_inner width=&#8221;2\/3&#8243;][vc_custom_heading text=&#8221;Hoja informativa sobre la DTPa&#8221; font_container=&#8221;tag:h3|text_align:left|color:%23004789&#8243; use_theme_fonts=&#8221;yes&#8221;][vc_column_text]\u00bfA tu hijo le toca la DTPa? Prep\u00e1rate para tu cita descargando nuestra <a href=\"https:\/\/www.voicesforvaccines.org\/fact-sheets\/dtap-vaccine\/\">hoja informativa sobre la vacuna DTPa<\/a>.[\/vc_column_text]<div class=\"vcex-spacing wpex-w-100 wpex-clear\"><\/div><a href=\"https:\/\/www.voicesforvaccines.org\/fact-sheets\/dtap-vaccine\/\" class=\"vcex-button theme-button inline\"><span class=\"vcex-button-inner theme-button-inner wpex-flex wpex-flex-wrap wpex-items-center wpex-justify-center\">Consigue la hoja informativa sobre la DTPa<\/span><\/a> [\/vc_column_inner][\/vc_row_inner][vc_row_inner remove_bottom_col_margin=&#8221;true&#8221;][vc_column_inner][vc_custom_heading text=&#8221;\u00bfD\u00f3nde encuentro m\u00e1s informaci\u00f3n?&#8221; font_container=&#8221;tag:h2|text_align:left|color:%23004789&#8243; use_theme_fonts=&#8221;yes&#8221;][vc_column_text responsive_text=&#8221;true&#8221; font_family=&#8221;Open Sans&#8221;]<span style=\"font-weight: 400;\">Estas organizaciones son expertas en vacunas y pueden proporcionar informaci\u00f3n confiable:<\/span><\/p>\n<ul>\n<li style=\"font-weight: 400;\" aria-level=\"1\"><a href=\"https:\/\/www.chop.edu\/centers-programs\/vaccine-education-center\/vaccine-details\/diphtheria-tetanus-and-pertussis-vaccines\" target=\"_blank\" rel=\"noopener\"><span style=\"font-weight: 400;\">Children&#8217;s Hospital of Philadelphia <\/span><span style=\"font-weight: 400;\">Un vistazo a cada vacuna: Difteria, t\u00e9tanos y tosferina<\/span> <\/a><\/li>\n<li style=\"font-weight: 400;\" aria-level=\"1\"><a href=\"https:\/\/www.cdc.gov\/vaccinesafety\/vaccines\/dtap-tdap-vaccine.html\" target=\"_blank\" rel=\"noopener\"><span style=\"font-weight: 400;\">CDC &#8211;<\/span><span style=\"font-weight: 400;\">Informaci\u00f3n sobre las vacunas contra la difteria, el t\u00e9tanos y la tosferina<br \/><\/span><\/a><\/li>\n<li style=\"font-weight: 400;\" aria-level=\"1\"><a href=\"https:\/\/hub.jhu.edu\/2017\/01\/11\/vaccines-autism-public-health-expert\/\" target=\"_blank\" rel=\"noopener\"><span style=\"font-weight: 400;\">Hopsital Johns Hopkins <\/span><span style=\"font-weight: 400;\">La ciencia es clara: las vacunas son seguras, efectivas y no causan autismo<\/span><\/a><\/li>\n<\/ul>\n[\/vc_column_text]<div class=\"templatera_shortcode\"><style type=\"text\/css\" data-type=\"vc_shortcodes-default-css\">.vc_do_custom_heading{margin-bottom:0.625rem;margin-top:0;}<\/style><style type=\"text\/css\" data-type=\"vc_shortcodes-custom-css\">.vc_custom_1623967295184{padding-top: 20px !important;}<\/style>[vc_row][vc_column][vc_custom_heading text=\"\u00bfC\u00f3mo s\u00e9 que esta informaci\u00f3n es cre\u00edble?\" font_container=\"tag:h2|text_align:left|color:%23004789\" use_theme_fonts=\"yes\" css=\".vc_custom_1623967295184{padding-top: 20px !important;}\"][vc_column_text]Trabajamos para los padres, por lo que nos aseguramos de que sus preocupaciones se aborden utilizando hechos y ciencia, y nuestro contenido es revisado por expertos que han dedicado su carrera al estudio de las vacunas. <a href=\"https:\/\/www.voicesforvaccines.org\/credible-info\/\">Obt\u00e9n m\u00e1s informaci\u00f3n<\/a> sobre c\u00f3mo nos aseguramos de ofrecerte la mejor informaci\u00f3n para ayudarte a tomar decisiones saludables para tu familia.[\/vc_column_text][\/vc_column][\/vc_row]<\/div>[\/vc_column_inner][\/vc_row_inner][\/vc_column][vc_column width=&#8221;1\/3&#8243; css=&#8221;.vc_custom_1651870557718{border-radius: 1px !important;}&#8221;][vc_row_inner css=&#8221;.vc_custom_1694638482579{background-color: #2e598d !important;}&#8221;][vc_column_inner]<style>.vcex-heading.vcex_69d36f0e6f41e{color:#004789;}<\/style><h2 class=\"vcex-heading vcex-heading-plain vcex-module wpex-heading wpex-text-2xl sr-only vcex_69d36f0e6f41e\"><span class=\"vcex-heading-inner wpex-inline-block\">Conoce los riesgos: Vacuna DTPa<\/span><\/h2><figure class=\"vcex-image vcex-module\"><div class=\"vcex-image-inner wpex-relative wpex-inline-block\"><img width=\"804\" height=\"234\" src=\"https:\/\/www.voicesforvaccines.org\/content\/uploads\/2023\/09\/know-the-risks-dtap.png\" class=\"vcex-image-img wpex-align-middle\" alt=\"Know the risks: dtap vaccine\" loading=\"lazy\" decoding=\"async\" srcset=\"https:\/\/www.voicesforvaccines.org\/content\/uploads\/2023\/09\/know-the-risks-dtap.png 804w, https:\/\/www.voicesforvaccines.org\/content\/uploads\/2023\/09\/know-the-risks-dtap-300x87.png 300w, https:\/\/www.voicesforvaccines.org\/content\/uploads\/2023\/09\/know-the-risks-dtap-150x44.png 150w, https:\/\/www.voicesforvaccines.org\/content\/uploads\/2023\/09\/know-the-risks-dtap-768x224.png 768w, https:\/\/www.voicesforvaccines.org\/content\/uploads\/2023\/09\/know-the-risks-dtap-50x15.png 50w, https:\/\/www.voicesforvaccines.org\/content\/uploads\/2023\/09\/know-the-risks-dtap-100x29.png 100w\" sizes=\"auto, (max-width: 804px) 100vw, 804px\" \/><\/div><\/figure><div class=\"vcex-module vcex-divider vcex-divider-solid vcex-divider-center wpex-mx-auto wpex-max-w-100 wpex-block wpex-h-0 wpex-border-b wpex-border-solid wpex-border-main\" style=\"width:80%;margin-block:10px;border-bottom-width:5px;border-color:#ffffff;\"><\/div><div class=\"vcex-spacing wpex-w-100 wpex-clear\" style=\"height:5px;\"><\/div>[vc_column_text color=&#8221;#ffffff&#8221; text_align=&#8221;left&#8221; line_height=&#8221;snug&#8221; letter_spacing=&#8221;tight&#8221; css=&#8221;.vc_custom_1694882764862{padding-right: 10px !important;padding-left: 10px !important;}&#8221;]La difteria, el t\u00e9tanos y la tos ferina son enfermedades graves. Por cada <span class=\"wpex-text-lg\" style=\"color: #9fca4f;\"><strong>1,000,000<\/strong><\/span> casos, las muertes estimadas son[\/vc_column_text]<div class=\"vcex-spacing wpex-w-100 wpex-clear\" style=\"height:20px;\"><\/div><figure class=\"vcex-image vcex-module wpex-text-center\"><div class=\"vcex-image-inner wpex-relative wpex-inline-block\"><img width=\"675\" height=\"936\" src=\"https:\/\/www.voicesforvaccines.org\/content\/uploads\/2023\/09\/dtap-sidebar.png\" class=\"vcex-image-img wpex-align-middle\" alt=\"\" loading=\"lazy\" decoding=\"async\" srcset=\"https:\/\/www.voicesforvaccines.org\/content\/uploads\/2023\/09\/dtap-sidebar.png 675w, https:\/\/www.voicesforvaccines.org\/content\/uploads\/2023\/09\/dtap-sidebar-216x300.png 216w, https:\/\/www.voicesforvaccines.org\/content\/uploads\/2023\/09\/dtap-sidebar-108x150.png 108w, https:\/\/www.voicesforvaccines.org\/content\/uploads\/2023\/09\/dtap-sidebar-36x50.png 36w, https:\/\/www.voicesforvaccines.org\/content\/uploads\/2023\/09\/dtap-sidebar-72x100.png 72w\" sizes=\"auto, (max-width: 675px) 100vw, 675px\" \/><\/div><\/figure><div class=\"vcex-spacing wpex-w-100 wpex-clear\" style=\"height:10px;\"><\/div>[vc_column_text color=&#8221;#ffffff&#8221; text_align=&#8221;left&#8221; line_height=&#8221;snug&#8221; letter_spacing=&#8221;tight&#8221; css=&#8221;.vc_custom_1694882769279{padding-right: 10px !important;padding-left: 10px !important;}&#8221;]En cambio, el riesgo de que la DTPa produzca una reacci\u00f3n grave relacionada con la vacuna es infinitesimal. \u00bfNo ves la barra?   <span class=\"wpex-text-lg\" style=\"color: #f2ab2f;\"><strong>Eso es porque s\u00f3lo es 1 entre 1.000.000.<\/strong><\/span>[\/vc_column_text][\/vc_column_inner][\/vc_row_inner][vc_row_inner remove_bottom_col_margin=&#8221;true&#8221; css=&#8221;.vc_custom_1694640285251{border-right-width: 10px !important;border-bottom-width: 10px !important;border-left-width: 10px !important;border-left-color: #2e598d !important;border-left-style: solid !important;border-right-color: #2e598d !important;border-right-style: solid !important;border-bottom-color: #2e598d !important;border-bottom-style: solid !important;}&#8221;][vc_column_inner]<div class=\"vcex-spacing wpex-w-100 wpex-clear\" style=\"height:10px;\"><\/div>[vc_column_text text_align=&#8221;center&#8221; color=&#8221;#2e598d&#8221; css=&#8221;.vc_custom_1694640262505{background-color: #ffffff !important;}&#8221; line_height=&#8221;snug&#8221; letter_spacing=&#8221;tight&#8221;]<span class=\"wpex-text-sm\"><strong>No dejes que nadie te diga lo contrario: la vacuna <span class=\"wpex-text-lg\" style=\"color: #9fca4f;\">SIEMPRE<\/span> es m\u00e1s segura que la enfermedad<\/strong><\/span>[\/vc_column_text]<div class=\"vcex-spacing wpex-w-100 wpex-clear\" style=\"height:10px;\"><\/div><div class=\"vcex-module vcex-divider vcex-divider-solid vcex-divider-center wpex-mx-auto wpex-max-w-100 wpex-block wpex-h-0 wpex-border-b wpex-border-solid wpex-border-main\" style=\"width:80%;border-bottom-width:1px;border-color:#2e598d;\"><\/div><div class=\"vcex-spacing wpex-w-100 wpex-clear\" style=\"height:10px;\"><\/div><figure class=\"vcex-image vcex-module wpex-text-center\"><div class=\"vcex-image-inner wpex-relative wpex-inline-block\"><img loading=\"lazy\" class=\"vcex-image-img wpex-align-middle\" decoding=\"async\" src=\"https:\/\/www.voicesforvaccines.org\/content\/uploads\/2021\/06\/LogoNoTag-White-100x47.png\" alt=\"\" srcset=\"https:\/\/www.voicesforvaccines.org\/content\/uploads\/2021\/06\/LogoNoTag-White-100x47.png 100w, https:\/\/www.voicesforvaccines.org\/content\/uploads\/2021\/06\/LogoNoTag-White-300x140.png 300w, https:\/\/www.voicesforvaccines.org\/content\/uploads\/2021\/06\/LogoNoTag-White-150x70.png 150w, https:\/\/www.voicesforvaccines.org\/content\/uploads\/2021\/06\/LogoNoTag-White-768x358.png 768w, https:\/\/www.voicesforvaccines.org\/content\/uploads\/2021\/06\/LogoNoTag-White-100x47@2x.png 200w, https:\/\/www.voicesforvaccines.org\/content\/uploads\/2021\/06\/LogoNoTag-White.png 846w, https:\/\/www.voicesforvaccines.org\/content\/uploads\/2021\/06\/LogoNoTag-White-100x47@2x.png 2x\" width=\"100\" height=\"47\"><\/div><\/figure><div class=\"vcex-spacing wpex-w-100 wpex-clear\" style=\"height:5px;\"><\/div>[\/vc_column_inner][\/vc_row_inner][vc_row_inner][vc_column_inner]<div class=\"vcex-spacing wpex-w-100 wpex-clear\" style=\"height:20px;\"><\/div>[vc_custom_heading text=&#8221;Saber m\u00e1s&#8221; font_container=&#8221;tag:h3|text_align:left|color:%23004789&#8243; use_theme_fonts=&#8221;yes&#8221;][\/vc_column_inner][\/vc_row_inner][vc_row_inner][vc_column_inner][\/vc_column_inner][\/vc_row_inner]<div class=\"templatera_shortcode\"><style type=\"text\/css\" data-type=\"vc_shortcodes-default-css\">.vc_do_custom_heading{margin-bottom:0.625rem;margin-top:0;}<\/style>[vc_row][vc_column][vc_custom_heading text=\"Have a question?\" font_container=\"tag:h3|text_align:left\" use_theme_fonts=\"yes\"]<div class=\"vcex-spacing wpex-w-100 wpex-clear\" style=\"height:10px;\"><\/div>[vc_column_text]You can <a href=\"https:\/\/www.voicesforvaccines.org\/ask-an-expert\/\">ask us<\/a> and one of our <a href=\"https:\/\/www.voicesforvaccines.org\/credible-info\/\">experts<\/a> might answer it on our website.[\/vc_column_text][\/vc_column][\/vc_row]<\/div>[\/vc_column][\/vc_row]\n<\/div>","protected":false},"excerpt":{"rendered":"<p>[vc_row css=&#8221;.vc_custom_1620857387659{border-radius: 1px !important;}&#8221;][vc_column width=&#8221;2\/3&#8243;][vc_row_inner][vc_column_inner][\/vc_column_inner][\/vc_row_inner][vc_row_inner][vc_column_inner][vc_custom_heading text=&#8221;\u00bfQu\u00e9 son la difteria, el t\u00e9tanos y la tosferina?&#8221; font_container=&#8221;tag:h2|text_align:left|color:%23004789&#8243; use_theme_fonts=&#8221;yes&#8221;][vc_column_text]La difteria es una infecci\u00f3n bacteriana grave que se transmite de persona a persona, por&hellip;<\/p>\n","protected":false},"author":14,"featured_media":12809,"parent":14784,"menu_order":0,"comment_status":"closed","ping_status":"closed","template":"templates\/no-sidebar.php","meta":{"_acf_changed":false,"_price":"","_stock":"","_tribe_ticket_header":"","_tribe_default_ticket_provider":"","_tribe_ticket_capacity":"0","_ticket_start_date":"","_ticket_end_date":"","_tribe_ticket_show_description":"","_tribe_ticket_show_not_going":false,"_tribe_ticket_use_global_stock":"","_tribe_ticket_global_stock_level":"","_global_stock_mode":"","_global_stock_cap":"","_tribe_rsvp_for_event":"","_tribe_ticket_going_count":"","_tribe_ticket_not_going_count":"","_tribe_tickets_list":"[]","_tribe_ticket_has_attendee_info_fields":false,"footnotes":"","_tec_slr_enabled":"","_tec_slr_layout":""},"class_list":["post-14677","page","type-page","status-publish","has-post-thumbnail","hentry","entry","has-media"],"acf":[],"ticketed":false,"_links":{"self":[{"href":"https:\/\/www.voicesforvaccines.org\/es\/wp-json\/wp\/v2\/pages\/14677","targetHints":{"allow":["GET"]}}],"collection":[{"href":"https:\/\/www.voicesforvaccines.org\/es\/wp-json\/wp\/v2\/pages"}],"about":[{"href":"https:\/\/www.voicesforvaccines.org\/es\/wp-json\/wp\/v2\/types\/page"}],"author":[{"embeddable":true,"href":"https:\/\/www.voicesforvaccines.org\/es\/wp-json\/wp\/v2\/users\/14"}],"replies":[{"embeddable":true,"href":"https:\/\/www.voicesforvaccines.org\/es\/wp-json\/wp\/v2\/comments?post=14677"}],"version-history":[{"count":2,"href":"https:\/\/www.voicesforvaccines.org\/es\/wp-json\/wp\/v2\/pages\/14677\/revisions"}],"predecessor-version":[{"id":14679,"href":"https:\/\/www.voicesforvaccines.org\/es\/wp-json\/wp\/v2\/pages\/14677\/revisions\/14679"}],"up":[{"embeddable":true,"href":"https:\/\/www.voicesforvaccines.org\/es\/wp-json\/wp\/v2\/pages\/14784"}],"wp:featuredmedia":[{"embeddable":true,"href":"https:\/\/www.voicesforvaccines.org\/es\/wp-json\/wp\/v2\/media\/12809"}],"wp:attachment":[{"href":"https:\/\/www.voicesforvaccines.org\/es\/wp-json\/wp\/v2\/media?parent=14677"}],"curies":[{"name":"wp","href":"https:\/\/api.w.org\/{rel}","templated":true}]}}