{"id":14692,"date":"2021-05-13T18:27:10","date_gmt":"2021-05-13T23:27:10","guid":{"rendered":"https:\/\/www.voicesforvaccines.org\/informacion-sobre-la-vacuna-de-la-hepatitis-a\/"},"modified":"2025-08-18T14:33:39","modified_gmt":"2025-08-18T19:33:39","slug":"informacion-sobre-la-vacuna-de-la-hepatitis-a","status":"publish","type":"page","link":"https:\/\/www.voicesforvaccines.org\/es\/informacion-sobre-vacunas-y-enfermedades-prevenibles-con-vacunas\/informacion-sobre-la-vacuna-de-la-hepatitis-a\/","title":{"rendered":"Informaci\u00f3n sobre la vacuna de la hepatitis A"},"content":{"rendered":"<div class=\"wpb-content-wrapper\">[vc_row css=&#8221;.vc_custom_1620857387659{border-radius: 1px !important;}&#8221;][vc_column width=&#8221;2\/3&#8243;][vc_row_inner][vc_column_inner]<style>.vcex-heading.vcex_69d2275fbc4b9{color:#004789;font-size:30px;font-weight:700;}<\/style><h1 class=\"vcex-heading vcex-heading-plain vcex-module wpex-heading wpex-text-2xl vcex_69d2275fbc4b9\"><span class=\"vcex-heading-inner wpex-inline-block\">Vacuna contra la hepatitis A<\/span><\/h1>[\/vc_column_inner][\/vc_row_inner][vc_row_inner][vc_column_inner][vc_custom_heading text=&#8221;\u00bfQu\u00e9 es la hepatitis A?&#8221; font_container=&#8221;tag:h2|text_align:left|color:%23004789&#8243; use_theme_fonts=&#8221;yes&#8221;][vc_column_text]La hepatitis A es una infecci\u00f3n viral del h\u00edgado muy contagiosa. Se puede transmitir de persona a persona a trav\u00e9s del contacto cercano o al comer o beber algo que est\u00e9 contaminado. Los s\u00edntomas pueden durar hasta dos meses e incluyen cansancio extremo, n\u00e1useas, dolor de est\u00f3mago, dolor en las articulaciones, picaz\u00f3n intensa y color amarillo en la piel o los ojos (ictericia). Hay personas, incluyendo ni\u00f1os, que no presentan s\u00edntomas, pero igual pueden contagiar a otros sin saberlo.[\/vc_column_text][\/vc_column_inner][\/vc_row_inner][vc_row_inner][vc_column_inner][vc_custom_heading text=&#8221;\u00bfQu\u00e9 tan peligrosa es la hepatitis A?&#8221; font_container=&#8221;tag:h2|text_align:left|color:%23004789&#8243; use_theme_fonts=&#8221;yes&#8221;][vc_column_text]Por lo general, la hepatitis A no deja secuelas permanentes, pero puede hacerte sentir realmente mal mientras la padeces. En casos poco comunes, puede causar insuficiencia hep\u00e1tica aguda, que es cuando el h\u00edgado no puede hacer sus funciones normales y requiere atenci\u00f3n m\u00e9dica urgente e incluso un trasplante de h\u00edgado.[\/vc_column_text][\/vc_column_inner][\/vc_row_inner][vc_row_inner][vc_column_inner][vc_custom_heading text=&#8221;\u00bfQu\u00e9 tan efectiva es la vacuna?&#8221; font_container=&#8221;tag:h2|text_align:left|color:%23004789&#8243; use_theme_fonts=&#8221;yes&#8221;][vc_column_text]La vacuna contra la hepatitis A se aplica en dos dosis. Si se reciben las dos en el tiempo correcto, protege a m\u00e1s del 95 por ciento de las personas. Es decir, es muy efectiva para prevenir la enfermedad.[\/vc_column_text][\/vc_column_inner][\/vc_row_inner][vc_row_inner][vc_column_inner][vc_custom_heading text=&#8221;\u00bfY qu\u00e9 tan segura es?&#8221; font_container=&#8221;tag:h2|text_align:left|color:%23004789&#8243; use_theme_fonts=&#8221;yes&#8221;][vc_column_text]Muy segura. Como la mayor\u00eda de las vacunas, puede causar efectos secundarios leves como enrojecimiento o dolor en el brazo donde se aplic\u00f3, pero no se han reportado reacciones graves. <\/p>\n<p>Desde 2016, se han detectado alrededor de 34 mil casos de hepatitis A en Estados Unidos. Aunque la mayor\u00eda de las personas se recuperan, pueden pasar semanas sinti\u00e9ndose muy mal. La vacuna es una forma segura y eficaz de evitar pasar por eso.[\/vc_column_text][\/vc_column_inner][\/vc_row_inner][vc_row_inner][vc_column_inner][vc_custom_heading text=&#8221;\u00bfCu\u00e1ndo debe vacunarse mi hijo?&#8221; font_container=&#8221;tag:h2|text_align:left|color:%23004789&#8243; use_theme_fonts=&#8221;yes&#8221;][vc_column_text]Los ni\u00f1os necesitan dos dosis: la primera, entre los 12 y los 23 meses de edad. La segunda, al menos seis meses despu\u00e9s de la primera. <\/p>\n<p>Es buena idea hablar con el doctor de sus ni\u00f1os (pediatra) para saber qu\u00e9 otras vacunas podr\u00eda recibir tu hijo o hija en la misma cita.[\/vc_column_text][\/vc_column_inner][\/vc_row_inner][vc_row_inner][vc_column_inner][vc_custom_heading text=&#8221;\u00bfQu\u00e9 puedo esperar el d\u00eda que reciba la vacuna?&#8221; font_container=&#8221;tag:h2|text_align:left|color:%23004789&#8243; use_theme_fonts=&#8221;yes&#8221;][vc_column_text]Un poquito de preparaci\u00f3n ayuda much\u00edsimo a reducir el estr\u00e9s, tanto para ti como para tu hijo. La informaci\u00f3n confiable te ayuda a garantizar elecciones saludables y fomenta la confianza en la vacuna.[\/vc_column_text][\/vc_column_inner][\/vc_row_inner][vc_row_inner equal_height=&#8221;yes&#8221; content_placement=&#8221;middle&#8221;][vc_column_inner width=&#8221;1\/3&#8243;]<figure class=\"vcex-image vcex-module\"><div class=\"vcex-image-inner wpex-relative wpex-inline-block\"><a href=\"https:\/\/www.voicesforvaccines.org\/fact-sheets\/chickenpox-vaccine-fact-sheet\/\"><img width=\"782\" height=\"1024\" src=\"https:\/\/www.voicesforvaccines.org\/content\/uploads\/2021\/10\/Screen-Shot-2021-10-03-at-3.20.28-PM.png\" class=\"vcex-image-img wpex-align-middle\" alt=\"Download the Hepatitis A PDF Fact Sheet\" loading=\"lazy\" decoding=\"async\" srcset=\"https:\/\/www.voicesforvaccines.org\/content\/uploads\/2021\/10\/Screen-Shot-2021-10-03-at-3.20.28-PM.png 782w, https:\/\/www.voicesforvaccines.org\/content\/uploads\/2021\/10\/Screen-Shot-2021-10-03-at-3.20.28-PM-229x300.png 229w, https:\/\/www.voicesforvaccines.org\/content\/uploads\/2021\/10\/Screen-Shot-2021-10-03-at-3.20.28-PM-115x150.png 115w, https:\/\/www.voicesforvaccines.org\/content\/uploads\/2021\/10\/Screen-Shot-2021-10-03-at-3.20.28-PM-768x1006.png 768w\" sizes=\"auto, (max-width: 782px) 100vw, 782px\" \/><\/a><\/div><\/figure>[\/vc_column_inner][vc_column_inner width=&#8221;2\/3&#8243;][vc_custom_heading text=&#8221;Hoja informativa sobre la hepatitis&#8221; font_container=&#8221;tag:h3|text_align:left|color:%23004789&#8243; use_theme_fonts=&#8221;yes&#8221;][vc_column_text]\u00bfTienes alg\u00fan familiar que deba vacunarse contra la Hepatitis A? Descarga e imprime nuestra <a href=\"https:\/\/www.voicesforvaccines.org\/fact-sheets\/hepatitis-a-vaccine\/\">hoja informativa sobre la Hepatitis<\/a> A para estar bien preparado.[\/vc_column_text]<div class=\"vcex-spacing wpex-w-100 wpex-clear\"><\/div><a href=\"https:\/\/www.voicesforvaccines.org\/fact-sheets\/chickenpox-vaccine-fact-sheet\/\" class=\"vcex-button theme-button inline\"><span class=\"vcex-button-inner theme-button-inner wpex-flex wpex-flex-wrap wpex-items-center wpex-justify-center\">Descarga la hoja informativa sobre la hepatitis A<\/span><\/a> [\/vc_column_inner][\/vc_row_inner][vc_row_inner remove_bottom_col_margin=&#8221;true&#8221;][vc_column_inner][vc_custom_heading text=&#8221;\u00bfD\u00f3nde puedo encontrar informaci\u00f3n confiable?&#8221; font_container=&#8221;tag:h2|text_align:left|color:%23004789&#8243; use_theme_fonts=&#8221;yes&#8221;][vc_column_text responsive_text=&#8221;true&#8221; font_family=&#8221;Open Sans&#8221;]<span style=\"font-weight: 400;\">Estas organizaciones son expertas en vacunas y pueden proporcionar informaci\u00f3n confiable:<\/span><\/p>\n<ul>\n<li style=\"font-weight: 400;\" aria-level=\"1\"><a href=\"https:\/\/www.mayoclinic.org\/diseases-conditions\/hepatitis-a\/symptoms-causes\/syc-20367007\" target=\"_blank\" rel=\"noopener\"> <span style=\"font-weight: 400;\">Mayo Clinic &#8211; <\/span><span style=\"font-weight: 400;\">Informaci\u00f3n sobre la hepatitis A <\/span> <\/a><\/li>\n<li style=\"font-weight: 400;\" aria-level=\"1\"><a href=\"https:\/\/www.webmd.com\/a-to-z-guides\/prevention-15\/vaccines\/need-hepatitis-vaccines\" target=\"_blank\" rel=\"noopener\"><span style=\"font-weight: 400;\">WebMD &#8211; <\/span><span style=\"font-weight: 400;\">\u00bfNecesito las vacunas de la Hepatitis A y B? <\/span> <\/a><\/li>\n<li style=\"font-weight: 400;\" aria-level=\"1\"><a href=\"https:\/\/www.immunize.org\/askexperts\/experts_hepa.asp\" target=\"_blank\" rel=\"noopener\">Coalici\u00f3n de Acci\u00f3n para la Inmunizaci\u00f3n \u2013 Pregunte al experto: Hepatitis A<\/a><\/li>\n<\/ul>\n[\/vc_column_text]<div class=\"templatera_shortcode\"><style type=\"text\/css\" data-type=\"vc_shortcodes-default-css\">.vc_do_custom_heading{margin-bottom:0.625rem;margin-top:0;}<\/style><style type=\"text\/css\" data-type=\"vc_shortcodes-custom-css\">.vc_custom_1623967295184{padding-top: 20px !important;}<\/style>[vc_row][vc_column][vc_custom_heading text=\"\u00bfC\u00f3mo s\u00e9 que esta informaci\u00f3n es cre\u00edble?\" font_container=\"tag:h2|text_align:left|color:%23004789\" use_theme_fonts=\"yes\" css=\".vc_custom_1623967295184{padding-top: 20px !important;}\"][vc_column_text]Trabajamos para los padres, por lo que nos aseguramos de que sus preocupaciones se aborden utilizando hechos y ciencia, y nuestro contenido es revisado por expertos que han dedicado su carrera al estudio de las vacunas. <a href=\"https:\/\/www.voicesforvaccines.org\/credible-info\/\">Obt\u00e9n m\u00e1s informaci\u00f3n<\/a> sobre c\u00f3mo nos aseguramos de ofrecerte la mejor informaci\u00f3n para ayudarte a tomar decisiones saludables para tu familia.[\/vc_column_text][\/vc_column][\/vc_row]<\/div>[\/vc_column_inner][\/vc_row_inner][\/vc_column][vc_column width=&#8221;1\/3&#8243; css=&#8221;.vc_custom_1651870878544{border-radius: 1px !important;}&#8221;][vc_row_inner css=&#8221;.vc_custom_1694638482579{background-color: #2e598d !important;}&#8221;][vc_column_inner]<style>.vcex-heading.vcex_69d2275fc08b7{color:#004789;}<\/style><h2 class=\"vcex-heading vcex-heading-plain vcex-module wpex-heading wpex-text-2xl sr-only vcex_69d2275fc08b7\"><span class=\"vcex-heading-inner wpex-inline-block\">Conoce los riesgos: hepatitis A...<\/span><\/h2><figure class=\"vcex-image vcex-module\"><div class=\"vcex-image-inner wpex-relative wpex-inline-block\"><img width=\"816\" height=\"233\" src=\"https:\/\/www.voicesforvaccines.org\/content\/uploads\/2023\/09\/know-the-risks-hepatitis-a.png\" class=\"vcex-image-img wpex-align-middle\" alt=\"\" loading=\"lazy\" decoding=\"async\" srcset=\"https:\/\/www.voicesforvaccines.org\/content\/uploads\/2023\/09\/know-the-risks-hepatitis-a.png 816w, https:\/\/www.voicesforvaccines.org\/content\/uploads\/2023\/09\/know-the-risks-hepatitis-a-300x86.png 300w, https:\/\/www.voicesforvaccines.org\/content\/uploads\/2023\/09\/know-the-risks-hepatitis-a-150x43.png 150w, https:\/\/www.voicesforvaccines.org\/content\/uploads\/2023\/09\/know-the-risks-hepatitis-a-768x219.png 768w, https:\/\/www.voicesforvaccines.org\/content\/uploads\/2023\/09\/know-the-risks-hepatitis-a-50x14.png 50w, https:\/\/www.voicesforvaccines.org\/content\/uploads\/2023\/09\/know-the-risks-hepatitis-a-100x29.png 100w\" sizes=\"auto, (max-width: 816px) 100vw, 816px\" \/><\/div><\/figure><div class=\"vcex-module vcex-divider vcex-divider-solid vcex-divider-center wpex-mx-auto wpex-max-w-100 wpex-block wpex-h-0 wpex-border-b wpex-border-solid wpex-border-main\" style=\"width:80%;margin-block:10px;border-bottom-width:5px;border-color:#ffffff;\"><\/div><div class=\"vcex-spacing wpex-w-100 wpex-clear\" style=\"height:5px;\"><\/div>[vc_column_text color=&#8221;#ffffff&#8221; text_align=&#8221;center&#8221; line_height=&#8221;snug&#8221; letter_spacing=&#8221;tight&#8221; css=&#8221;.vc_custom_1694887060349{padding-right: 10px !important;padding-left: 10px !important;}&#8221;]La hepatitis A es una infecci\u00f3n viral del h\u00edgado muy contagiosa. Se puede transmitir de persona a persona a trav\u00e9s del contacto cercano o al comer o beber algo que est\u00e9 contaminado.[\/vc_column_text]<div class=\"vcex-spacing wpex-w-100 wpex-clear\" style=\"height:20px;\"><\/div>[\/vc_column_inner][\/vc_row_inner][vc_row_inner css=&#8221;.vc_custom_1694638482579{background-color: #2e598d !important;}&#8221;][vc_column_inner width=&#8221;1\/2&#8243;]<figure class=\"vcex-image vcex-module wpex-text-center\"><div class=\"vcex-image-inner wpex-relative wpex-inline-block vc_custom_1694887691676\"><img width=\"433\" height=\"376\" src=\"https:\/\/www.voicesforvaccines.org\/content\/uploads\/2023\/09\/wash-your-hands.png\" class=\"vcex-image-img wpex-align-middle\" alt=\"washing hands prevents illness\" loading=\"lazy\" decoding=\"async\" \/><\/div><\/figure>[\/vc_column_inner][vc_column_inner width=&#8221;1\/2&#8243;][vc_column_text color=&#8221;#ffffff&#8221; text_align=&#8221;center&#8221; line_height=&#8221;snug&#8221; letter_spacing=&#8221;tight&#8221; css=&#8221;.vc_custom_1694887133398{padding-right: 10px !important;padding-left: 10px !important;}&#8221;]Los ni\u00f1os no suelen presentar s\u00edntomas, pero pueden transmitir la hepatitis A a otras personas.[\/vc_column_text][\/vc_column_inner][\/vc_row_inner][vc_row_inner css=&#8221;.vc_custom_1694638482579{background-color: #2e598d !important;}&#8221;][vc_column_inner][vc_column_text color=&#8221;#ffffff&#8221; text_align=&#8221;center&#8221; line_height=&#8221;snug&#8221; letter_spacing=&#8221;tight&#8221; css=&#8221;.vc_custom_1694887185841{padding-right: 10px !important;padding-left: 10px !important;}&#8221;]Hay algunas cosas que tenemos seguras:[\/vc_column_text]<div class=\"vcex-spacing wpex-w-100 wpex-clear\" style=\"height:20px;\"><\/div>[vc_column_text color=&#8221;#ffffff&#8221; text_align=&#8221;center&#8221; line_height=&#8221;snug&#8221; letter_spacing=&#8221;tight&#8221; css=&#8221;.vc_custom_1694887256917{padding-right: 10px !important;padding-left: 10px !important;}&#8221;]1. La vacuna es muy <span class=\"wpex-text-lg\" style=\"color: #9fca4f;\"><strong>segura y altamente efectiva<\/strong><\/span>. No se han reportado reacciones adversas serias.[\/vc_column_text][\/vc_column_inner][\/vc_row_inner][vc_row_inner content_placement=&#8221;middle&#8221; css=&#8221;.vc_custom_1694887358782{background-color: #2e598d !important;}&#8221;][vc_column_inner width=&#8221;1\/2&#8243;][vc_column_text color=&#8221;#ffffff&#8221; text_align=&#8221;center&#8221; line_height=&#8221;snug&#8221; letter_spacing=&#8221;tight&#8221; css=&#8221;.vc_custom_1694887334286{padding-right: 10px !important;padding-left: 10px !important;}&#8221;]2. Amamos a nuestros hijos, pero seamos honestos\u2026 no siempre se lavan las manos como deber\u00edan.[\/vc_column_text][\/vc_column_inner][vc_column_inner width=&#8221;1\/2&#8243;]<figure class=\"vcex-image vcex-module wpex-text-center\"><div class=\"vcex-image-inner wpex-relative wpex-inline-block vc_custom_1694887944212\"><img width=\"246\" height=\"289\" src=\"https:\/\/www.voicesforvaccines.org\/content\/uploads\/2023\/09\/dirty-hands.png\" class=\"vcex-image-img wpex-align-middle\" alt=\"\" loading=\"lazy\" decoding=\"async\" srcset=\"https:\/\/www.voicesforvaccines.org\/content\/uploads\/2023\/09\/dirty-hands.png 246w, https:\/\/www.voicesforvaccines.org\/content\/uploads\/2023\/09\/dirty-hands-128x150.png 128w, https:\/\/www.voicesforvaccines.org\/content\/uploads\/2023\/09\/dirty-hands-43x50.png 43w, https:\/\/www.voicesforvaccines.org\/content\/uploads\/2023\/09\/dirty-hands-85x100.png 85w\" sizes=\"auto, (max-width: 246px) 100vw, 246px\" \/><\/div><\/figure>[\/vc_column_inner][\/vc_row_inner][vc_row_inner remove_bottom_col_margin=&#8221;true&#8221; css=&#8221;.vc_custom_1694640285251{border-right-width: 10px !important;border-bottom-width: 10px !important;border-left-width: 10px !important;border-left-color: #2e598d !important;border-left-style: solid !important;border-right-color: #2e598d !important;border-right-style: solid !important;border-bottom-color: #2e598d !important;border-bottom-style: solid !important;}&#8221;][vc_column_inner]<div class=\"vcex-spacing wpex-w-100 wpex-clear\" style=\"height:10px;\"><\/div>[vc_column_text text_align=&#8221;center&#8221; color=&#8221;#2e598d&#8221; css=&#8221;.vc_custom_1694640262505{background-color: #ffffff !important;}&#8221; line_height=&#8221;snug&#8221; letter_spacing=&#8221;tight&#8221;]<span class=\"wpex-text-sm\"><strong>No dejes que nadie te diga lo contrario: La vacuna <span class=\"wpex-text-lg\" style=\"color: #9fca4f;\">SIEMPRE<\/span> es m\u00e1s segura que la enfermedad.<\/strong><\/span>[\/vc_column_text]<div class=\"vcex-spacing wpex-w-100 wpex-clear\" style=\"height:10px;\"><\/div><div class=\"vcex-module vcex-divider vcex-divider-solid vcex-divider-center wpex-mx-auto wpex-max-w-100 wpex-block wpex-h-0 wpex-border-b wpex-border-solid wpex-border-main\" style=\"width:80%;border-bottom-width:1px;border-color:#2e598d;\"><\/div><div class=\"vcex-spacing wpex-w-100 wpex-clear\" style=\"height:10px;\"><\/div><figure class=\"vcex-image vcex-module wpex-text-center\"><div class=\"vcex-image-inner wpex-relative wpex-inline-block\"><img loading=\"lazy\" class=\"vcex-image-img wpex-align-middle\" decoding=\"async\" src=\"https:\/\/www.voicesforvaccines.org\/content\/uploads\/2021\/06\/LogoNoTag-White-100x47.png\" alt=\"\" srcset=\"https:\/\/www.voicesforvaccines.org\/content\/uploads\/2021\/06\/LogoNoTag-White-100x47.png 100w, https:\/\/www.voicesforvaccines.org\/content\/uploads\/2021\/06\/LogoNoTag-White-300x140.png 300w, https:\/\/www.voicesforvaccines.org\/content\/uploads\/2021\/06\/LogoNoTag-White-150x70.png 150w, https:\/\/www.voicesforvaccines.org\/content\/uploads\/2021\/06\/LogoNoTag-White-768x358.png 768w, https:\/\/www.voicesforvaccines.org\/content\/uploads\/2021\/06\/LogoNoTag-White-100x47@2x.png 200w, https:\/\/www.voicesforvaccines.org\/content\/uploads\/2021\/06\/LogoNoTag-White.png 846w, https:\/\/www.voicesforvaccines.org\/content\/uploads\/2021\/06\/LogoNoTag-White-100x47@2x.png 2x\" width=\"100\" height=\"47\"><\/div><\/figure><div class=\"vcex-spacing wpex-w-100 wpex-clear\" style=\"height:5px;\"><\/div>[\/vc_column_inner][\/vc_row_inner][vc_row_inner][vc_column_inner][vc_custom_heading text=&#8221;Aprende m\u00e1s&#8221; font_container=&#8221;tag:h3|text_align:left|color:%23004789&#8243; use_theme_fonts=&#8221;yes&#8221; css=&#8221;.vc_custom_1651870884966{padding-top: 20px !important;}&#8221;][\/vc_column_inner][\/vc_row_inner][vc_row_inner][vc_column_inner][\/vc_column_inner][\/vc_row_inner]<div class=\"templatera_shortcode\"><style type=\"text\/css\" data-type=\"vc_shortcodes-default-css\">.vc_do_custom_heading{margin-bottom:0.625rem;margin-top:0;}<\/style>[vc_row][vc_column][vc_custom_heading text=\"Have a question?\" font_container=\"tag:h3|text_align:left\" use_theme_fonts=\"yes\"]<div class=\"vcex-spacing wpex-w-100 wpex-clear\" style=\"height:10px;\"><\/div>[vc_column_text]You can <a href=\"https:\/\/www.voicesforvaccines.org\/ask-an-expert\/\">ask us<\/a> and one of our <a href=\"https:\/\/www.voicesforvaccines.org\/credible-info\/\">experts<\/a> might answer it on our website.[\/vc_column_text][\/vc_column][\/vc_row]<\/div>[\/vc_column][\/vc_row]\n<\/div>","protected":false},"excerpt":{"rendered":"<p>[vc_row css=&#8221;.vc_custom_1620857387659{border-radius: 1px !important;}&#8221;][vc_column width=&#8221;2\/3&#8243;][vc_row_inner][vc_column_inner][\/vc_column_inner][\/vc_row_inner][vc_row_inner][vc_column_inner][vc_custom_heading text=&#8221;\u00bfQu\u00e9 es la hepatitis A?&#8221; font_container=&#8221;tag:h2|text_align:left|color:%23004789&#8243; use_theme_fonts=&#8221;yes&#8221;][vc_column_text]La hepatitis A es una infecci\u00f3n viral del h\u00edgado muy contagiosa. Se puede transmitir de persona a persona a&hellip;<\/p>\n","protected":false},"author":14,"featured_media":13175,"parent":14784,"menu_order":0,"comment_status":"closed","ping_status":"closed","template":"templates\/no-sidebar.php","meta":{"_acf_changed":false,"_price":"","_stock":"","_tribe_ticket_header":"","_tribe_default_ticket_provider":"","_tribe_ticket_capacity":"0","_ticket_start_date":"","_ticket_end_date":"","_tribe_ticket_show_description":"","_tribe_ticket_show_not_going":false,"_tribe_ticket_use_global_stock":"","_tribe_ticket_global_stock_level":"","_global_stock_mode":"","_global_stock_cap":"","_tribe_rsvp_for_event":"","_tribe_ticket_going_count":"","_tribe_ticket_not_going_count":"","_tribe_tickets_list":"[]","_tribe_ticket_has_attendee_info_fields":false,"footnotes":"","_tec_slr_enabled":"","_tec_slr_layout":""},"class_list":["post-14692","page","type-page","status-publish","has-post-thumbnail","hentry","entry","has-media"],"acf":[],"ticketed":false,"_links":{"self":[{"href":"https:\/\/www.voicesforvaccines.org\/es\/wp-json\/wp\/v2\/pages\/14692","targetHints":{"allow":["GET"]}}],"collection":[{"href":"https:\/\/www.voicesforvaccines.org\/es\/wp-json\/wp\/v2\/pages"}],"about":[{"href":"https:\/\/www.voicesforvaccines.org\/es\/wp-json\/wp\/v2\/types\/page"}],"author":[{"embeddable":true,"href":"https:\/\/www.voicesforvaccines.org\/es\/wp-json\/wp\/v2\/users\/14"}],"replies":[{"embeddable":true,"href":"https:\/\/www.voicesforvaccines.org\/es\/wp-json\/wp\/v2\/comments?post=14692"}],"version-history":[{"count":5,"href":"https:\/\/www.voicesforvaccines.org\/es\/wp-json\/wp\/v2\/pages\/14692\/revisions"}],"predecessor-version":[{"id":14697,"href":"https:\/\/www.voicesforvaccines.org\/es\/wp-json\/wp\/v2\/pages\/14692\/revisions\/14697"}],"up":[{"embeddable":true,"href":"https:\/\/www.voicesforvaccines.org\/es\/wp-json\/wp\/v2\/pages\/14784"}],"wp:featuredmedia":[{"embeddable":true,"href":"https:\/\/www.voicesforvaccines.org\/es\/wp-json\/wp\/v2\/media\/13175"}],"wp:attachment":[{"href":"https:\/\/www.voicesforvaccines.org\/es\/wp-json\/wp\/v2\/media?parent=14692"}],"curies":[{"name":"wp","href":"https:\/\/api.w.org\/{rel}","templated":true}]}}