{"id":14732,"date":"2021-05-13T19:06:17","date_gmt":"2021-05-14T00:06:17","guid":{"rendered":"https:\/\/www.voicesforvaccines.org\/informacion-sobre-la-vacuna-de-la-hepatitis-b\/"},"modified":"2025-10-07T14:44:51","modified_gmt":"2025-10-07T19:44:51","slug":"informacion-sobre-la-vacuna-de-la-hepatitis-b","status":"publish","type":"page","link":"https:\/\/www.voicesforvaccines.org\/es\/informacion-sobre-vacunas-y-enfermedades-prevenibles-con-vacunas\/informacion-sobre-la-vacuna-de-la-hepatitis-b\/","title":{"rendered":"Informaci\u00f3n sobre la vacuna de la Hepatitis B"},"content":{"rendered":"<div class=\"wpb-content-wrapper\">[vc_row css=&#8221;.vc_custom_1620857387659{border-radius: 1px !important;}&#8221;][vc_column width=&#8221;2\/3&#8243;][vc_row_inner][vc_column_inner]<style>.vcex-heading.vcex_69d1a0c033df1{color:#004789;}<\/style><h1 class=\"vcex-heading vcex-heading-plain vcex-module wpex-heading wpex-text-2xl vcex_69d1a0c033df1\"><span class=\"vcex-heading-inner wpex-inline-block\">Vacuna contra la hepatitis B<\/span><\/h1>[\/vc_column_inner][\/vc_row_inner][vc_row_inner][vc_column_inner][vc_custom_heading text=&#8221;\u00bfQu\u00e9 es la hepatitis B?&#8221; font_container=&#8221;tag:h2|text_align:left|color:%23004789&#8243; use_theme_fonts=&#8221;yes&#8221;][vc_column_text]La hepatitis B es una enfermedad que afecta al h\u00edgado y puede ser muy peligrosa. Se pasa de una persona a otra por la sangre o por otros l\u00edquidos del cuerpo. Una de las formas m\u00e1s comunes de contagio es cuando una mam\u00e1 se la pasa a su beb\u00e9 al momento de nacer. Por eso, a los reci\u00e9n nacidos se les pone una vacuna para protegerlos de esta enfermedad.  <\/p>\n<p>Los s\u00edntomas de la hepatitis B incluyen<\/p>\n<ul>\n<li>dolor abdominal<\/li>\n<li>fiebre<\/li>\n<li>dolor en las articulaciones<\/li>\n<li>debilidad y fatiga<\/li>\n<li>coloraci\u00f3n amarillenta de la piel y la parte blanca de los ojos (ictericia)<\/li>\n<\/ul>\n[\/vc_column_text][\/vc_column_inner][\/vc_row_inner][vc_row_inner][vc_column_inner][vc_custom_heading text=&#8221;\u00bfCu\u00e1les son los riesgos de la hepatitis B?&#8221; font_container=&#8221;tag:h2|text_align:left|color:%23004789&#8243; use_theme_fonts=&#8221;yes&#8221;][vc_column_text]<span style=\"font-weight: 400;\">Una infecci\u00f3n por hepatitis B puede ser <\/span><b>aguda<\/b><span style=\"font-weight: 400;\"> (con una duraci\u00f3n inferior a 6 meses) o <\/span><b>cr\u00f3nica<\/b><span style=\"font-weight: 400;\"> (con una duraci\u00f3n de 6 meses o m\u00e1s). La hepatitis B aguda puede terminar en hepatitis B cr\u00f3nica. La hepatitis B cr\u00f3nica puede durar toda la vida y provocar enfermedades graves, como cirrosis y c\u00e1ncer de h\u00edgado. Cuanto m\u00e1s joven sea la persona cuando contrae la hepatitis B, m\u00e1s probabilidades hay de que se convierta en cr\u00f3nica. No existe cura para la hepatitis B, pero las vacunas pueden prevenirla.   <\/span>[\/vc_column_text][\/vc_column_inner][\/vc_row_inner][vc_row_inner][vc_column_inner][vc_custom_heading text=&#8221;\u00bfQu\u00e9 eficacia tiene la vacuna contra la hepatitis B?&#8221; font_container=&#8221;tag:h2|text_align:left|color:%23004789&#8243; use_theme_fonts=&#8221;yes&#8221;][vc_column_text]<span style=\"font-weight: 400;\">La vacuna tiene una eficacia del 80 al 100 por ciento cuando la persona completa la serie, que incluye entre 2 y 4 dosis, dependiendo de la vacuna que se administre. <\/span>[\/vc_column_text][\/vc_column_inner][\/vc_row_inner][vc_row_inner][vc_column_inner][vc_custom_heading text=&#8221;\u00bfQu\u00e9 seguridad tiene la vacuna contra la hepatitis B?&#8221; font_container=&#8221;tag:h2|text_align:left|color:%23004789&#8243; use_theme_fonts=&#8221;yes&#8221;][vc_column_text]<span style=\"font-weight: 400;\">La vacuna contra la hepatitis B es muy segura. Como cualquier vacuna o medicamento, puede haber efectos secundarios, pero suelen ser leves y desaparecen por s\u00ed solos. El <a href=\"https:\/\/www.voicesforvaccines.org\/es\/ciencia\/seguridad-de-las-vacunas\/\">efecto secundario m\u00e1s com\u00fan<\/a> es dolor en el brazo donde se recibe la vacuna.   <\/span><\/p>\n<p><span style=\"font-weight: 400;\">Las reacciones leves a la vacuna son normales y son se\u00f1ales de que el cuerpo est\u00e1 generando una respuesta inmune para protegerse contra la hepatitis B. <\/span>[\/vc_column_text][\/vc_column_inner][\/vc_row_inner][vc_row_inner][vc_column_inner][vc_custom_heading text=&#8221;\u00bfCu\u00e1ndo debe recibir mi hijo la vacuna contra la hepatitis B?&#8221; font_container=&#8221;tag:h2|text_align:left|color:%23004789&#8243; use_theme_fonts=&#8221;yes&#8221;][vc_column_text]<span style=\"font-weight: 400;\">La vacuna contra la hepatitis B consiste en una serie de 2 a 4 dosis, dependiendo de la vacuna que reciba tu hijo. Debe recibir la vacuna en los siguientes momentos: <\/span><\/p>\n<ul>\n<li style=\"font-weight: 400;\" aria-level=\"1\"><span style=\"font-weight: 400;\">Al nacer.<\/span><\/li>\n<li style=\"font-weight: 400;\" aria-level=\"1\"><span style=\"font-weight: 400;\">A los 1-2 meses.<\/span><\/li>\n<li style=\"font-weight: 400;\" aria-level=\"1\"><span style=\"font-weight: 400;\">A los 4-6 meses.<\/span><\/li>\n<\/ul>\n<p><span style=\"font-weight: 400;\">Debe haber un espacio de al menos 4 semanas entre la primera y la segunda dosis, y de al menos 8 semanas entre la segunda y la tercera dosis.<\/span><\/p>\n<p><span style=\"font-weight: 400;\">Hable con su m\u00e9dico sobre qu\u00e9 otras vacunas necesita tu familia.<\/span>[\/vc_column_text][\/vc_column_inner][\/vc_row_inner][vc_row_inner][vc_column_inner][vc_custom_heading text=&#8221;\u00bfQu\u00e9 puedo esperar el d\u00eda de la vacuna?&#8221; font_container=&#8221;tag:h2|text_align:left|color:%23004789&#8243; use_theme_fonts=&#8221;yes&#8221;][vc_column_text]Un poquito de preparaci\u00f3n ayuda much\u00edsimo a reducir el estr\u00e9s, tanto para ti como para tu hijo. La informaci\u00f3n confiable te ayuda a garantizar desiciones saludables y fomenta la confianza en la vacuna.[\/vc_column_text][\/vc_column_inner][\/vc_row_inner][vc_row_inner equal_height=&#8221;yes&#8221; content_placement=&#8221;middle&#8221;][vc_column_inner width=&#8221;1\/3&#8243;]<figure class=\"vcex-image vcex-module\"><div class=\"vcex-image-inner wpex-relative wpex-inline-block\"><a href=\"https:\/\/www.voicesforvaccines.org\/fact-sheets\/chickenpox-vaccine-fact-sheet\/\"><img width=\"796\" height=\"1026\" src=\"https:\/\/www.voicesforvaccines.org\/content\/uploads\/2021\/10\/Screen-Shot-2021-10-03-at-3.17.33-PM.png\" class=\"vcex-image-img wpex-align-middle\" alt=\"Download the Hepatitis B PDF Fact Sheet\" loading=\"lazy\" decoding=\"async\" srcset=\"https:\/\/www.voicesforvaccines.org\/content\/uploads\/2021\/10\/Screen-Shot-2021-10-03-at-3.17.33-PM.png 796w, https:\/\/www.voicesforvaccines.org\/content\/uploads\/2021\/10\/Screen-Shot-2021-10-03-at-3.17.33-PM-233x300.png 233w, https:\/\/www.voicesforvaccines.org\/content\/uploads\/2021\/10\/Screen-Shot-2021-10-03-at-3.17.33-PM-794x1024.png 794w, https:\/\/www.voicesforvaccines.org\/content\/uploads\/2021\/10\/Screen-Shot-2021-10-03-at-3.17.33-PM-116x150.png 116w, https:\/\/www.voicesforvaccines.org\/content\/uploads\/2021\/10\/Screen-Shot-2021-10-03-at-3.17.33-PM-768x990.png 768w\" sizes=\"auto, (max-width: 796px) 100vw, 796px\" \/><\/a><\/div><\/figure>[\/vc_column_inner][vc_column_inner width=&#8221;2\/3&#8243;][vc_custom_heading text=&#8221;Panfleto informativo sobre la hepatitis B&#8221; font_container=&#8221;tag:h3|text_align:left|color:%23004789&#8243; use_theme_fonts=&#8221;yes&#8221;][vc_column_text]\u00bfTu hijo debe vacunarse contra la hepatitis B? Obt\u00e9n nuestro <a href=\"https:\/\/www.voicesforvaccines.org\/fact-sheets\/hepatitis-b-vaccine\/\">panfleto informativo sobre la hepatitis B<\/a> para ayudarte a prepararlo.[\/vc_column_text]<div class=\"vcex-spacing wpex-w-100 wpex-clear\"><\/div><a href=\"https:\/\/www.voicesforvaccines.org\/fact-sheets\/chickenpox-vaccine-fact-sheet\/\" class=\"vcex-button theme-button inline\"><span class=\"vcex-button-inner theme-button-inner wpex-flex wpex-flex-wrap wpex-items-center wpex-justify-center\">Obt\u00e9n el panfleto informativo sobre la hepatitis B<\/span><\/a> [\/vc_column_inner][\/vc_row_inner][vc_row_inner remove_bottom_col_margin=&#8221;true&#8221;][vc_column_inner][vc_custom_heading text=&#8221;\u00bfD\u00f3nde puedo obtener m\u00e1s informaci\u00f3n?&#8221; font_container=&#8221;tag:h2|text_align:left|color:%23004789&#8243; use_theme_fonts=&#8221;yes&#8221;][vc_column_text responsive_text=&#8221;true&#8221; font_family=&#8221;Open Sans&#8221;]<span style=\"font-weight: 400;\">Estas organizaciones son expertas en vacunas y pueden proporcionar informaci\u00f3n confiable:<\/span><\/p>\n<ul>\n<li style=\"font-weight: 400;\" aria-level=\"1\"><a href=\"https:\/\/www.hepb.org\/prevention-and-diagnosis\/vaccination\/\" target=\"_blank\" rel=\"noopener\"><span style=\"font-weight: 400;\">Panfleto informativo<\/span> <span style=\"font-weight: 400;\">de la Fundaci\u00f3n contra la Hepatitis B<\/span> <\/a><\/li>\n<li style=\"font-weight: 400;\" aria-level=\"1\"><a href=\"https:\/\/www.cdc.gov\/vaccines\/vpd\/hepb\/index.html\" target=\"_blank\" rel=\"noopener\"><span style=\"font-weight: 400;\">Vacunaci\u00f3n contra la hepatitis B de los<\/span> <span style=\"font-weight: 400;\">CDC<\/span><\/a><\/li>\n<li style=\"font-weight: 400;\" aria-level=\"1\"><a href=\"https:\/\/www.immunize.org\/askexperts\/experts_hepb.asp\" target=\"_blank\" rel=\"noopener\">La Coalici\u00f3n de Acci\u00f3n por la Inmunizaci\u00f3n pregunta a los expertos: Hepatitis B<\/a><\/li>\n<\/ul>\n[\/vc_column_text]<div class=\"templatera_shortcode\"><style type=\"text\/css\" data-type=\"vc_shortcodes-default-css\">.vc_do_custom_heading{margin-bottom:0.625rem;margin-top:0;}<\/style><style type=\"text\/css\" data-type=\"vc_shortcodes-custom-css\">.vc_custom_1623967295184{padding-top: 20px !important;}<\/style>[vc_row][vc_column][vc_custom_heading text=\"\u00bfC\u00f3mo s\u00e9 que esta informaci\u00f3n es cre\u00edble?\" font_container=\"tag:h2|text_align:left|color:%23004789\" use_theme_fonts=\"yes\" css=\".vc_custom_1623967295184{padding-top: 20px !important;}\"][vc_column_text]Trabajamos para los padres, por lo que nos aseguramos de que sus preocupaciones se aborden utilizando hechos y ciencia, y nuestro contenido es revisado por expertos que han dedicado su carrera al estudio de las vacunas. <a href=\"https:\/\/www.voicesforvaccines.org\/credible-info\/\">Obt\u00e9n m\u00e1s informaci\u00f3n<\/a> sobre c\u00f3mo nos aseguramos de ofrecerte la mejor informaci\u00f3n para ayudarte a tomar decisiones saludables para tu familia.[\/vc_column_text][\/vc_column][\/vc_row]<\/div>[\/vc_column_inner][\/vc_row_inner][\/vc_column][vc_column width=&#8221;1\/3&#8243; css=&#8221;.vc_custom_1651871250435{border-radius: 1px !important;}&#8221;][vc_row_inner remove_bottom_col_margin=&#8221;true&#8221; css=&#8221;.vc_custom_1697909038444{background-color: #2e598d !important;}&#8221; visibility=&#8221;hide-at-mm-breakpoint&#8221; el_id=&#8221;DESKTOP&#8221;][vc_column_inner]<style>.vcex-heading.vcex_69d1a0c03740a{color:#004789;}<\/style><h2 class=\"vcex-heading vcex-heading-plain vcex-module wpex-heading wpex-text-2xl sr-only vcex_69d1a0c03740a\"><span class=\"vcex-heading-inner wpex-inline-block\">Conoce los riesgos: Hepatitis B<\/span><\/h2><figure class=\"vcex-image vcex-module\"><div class=\"vcex-image-inner wpex-relative wpex-inline-block\"><img width=\"816\" height=\"232\" src=\"https:\/\/www.voicesforvaccines.org\/content\/uploads\/2023\/10\/know-the-risks-hepatitis-b.png\" class=\"vcex-image-img wpex-align-middle\" alt=\"\" loading=\"lazy\" decoding=\"async\" \/><\/div><\/figure><div class=\"vcex-module vcex-divider vcex-divider-solid vcex-divider-center wpex-mx-auto wpex-max-w-100 wpex-block wpex-h-0 wpex-border-b wpex-border-solid wpex-border-main\" style=\"width:80%;margin-block:10px;border-bottom-width:5px;border-color:#ffffff;\"><\/div>[\/vc_column_inner][\/vc_row_inner][vc_row_inner remove_bottom_col_margin=&#8221;true&#8221; css=&#8221;.vc_custom_1697847953616{background-color: #2e598d !important;}&#8221; visibility=&#8221;hide-at-mm-breakpoint&#8221;][vc_column_inner width=&#8221;2\/3&#8243;]<div class=\"vcex-spacing wpex-w-100 wpex-clear\" style=\"height:5px;\"><\/div>[vc_column_text color=&#8221;#ffffff&#8221; text_align=&#8221;center&#8221; line_height=&#8221;snug&#8221; letter_spacing=&#8221;tight&#8221; css=&#8221;.vc_custom_1697848118487{padding-right: 10px !important;padding-left: 10px !important;}&#8221;]\u00bfCu\u00e1les son los riesgos de la hepatitis B?[\/vc_column_text][\/vc_column_inner][vc_column_inner width=&#8221;1\/3&#8243;]<figure class=\"vcex-image vcex-module wpex-text-right\"><div class=\"vcex-image-inner wpex-relative wpex-inline-block vc_custom_1697846808991\"><img width=\"193\" height=\"278\" src=\"https:\/\/www.voicesforvaccines.org\/content\/uploads\/2023\/10\/protect-the-babies.png\" class=\"vcex-image-img wpex-align-middle\" alt=\"\" loading=\"lazy\" decoding=\"async\" srcset=\"https:\/\/www.voicesforvaccines.org\/content\/uploads\/2023\/10\/protect-the-babies.png 193w, https:\/\/www.voicesforvaccines.org\/content\/uploads\/2023\/10\/protect-the-babies-104x150.png 104w, https:\/\/www.voicesforvaccines.org\/content\/uploads\/2023\/10\/protect-the-babies-35x50.png 35w, https:\/\/www.voicesforvaccines.org\/content\/uploads\/2023\/10\/protect-the-babies-69x100.png 69w\" sizes=\"auto, (max-width: 193px) 100vw, 193px\" \/><\/div><\/figure>[\/vc_column_inner][\/vc_row_inner][vc_row_inner remove_bottom_col_margin=&#8221;true&#8221; css=&#8221;.vc_custom_1697847985156{background-color: #2e598d !important;}&#8221; visibility=&#8221;hide-at-mm-breakpoint&#8221;][vc_column_inner]<div class=\"vcex-spacing wpex-w-100 wpex-clear\" style=\"height:5px;\"><\/div>[vc_column_text color=&#8221;#ffffff&#8221; text_align=&#8221;left&#8221; line_height=&#8221;snug&#8221; letter_spacing=&#8221;tight&#8221; css=&#8221;.vc_custom_1697848126679{padding-bottom: 10px !important;}&#8221;]\n<p style=\"text-align: center;\"><span class=\"wpex-text-lg\" style=\"color: #9fca4f;\"><strong>\u00a1T\u00fa puedes!<\/strong><\/span><\/p>\n[\/vc_column_text]<div class=\"vcex-spacing wpex-w-100 wpex-clear\" style=\"height:20px;\"><\/div>[vc_column_text color=&#8221;#ffffff&#8221; text_align=&#8221;left&#8221; line_height=&#8221;snug&#8221; letter_spacing=&#8221;tight&#8221; css=&#8221;.vc_custom_1697848068229{padding-bottom: 10px !important;}&#8221;]\n<p style=\"text-align: left;\"><span class=\"wpex-text-lg\" style=\"color: #9fca4f;\"><strong>\u00bfSab\u00edas que?<\/strong><\/span><\/p>\n[\/vc_column_text][vc_column_text color=&#8221;#ffffff&#8221; text_align=&#8221;center&#8221; line_height=&#8221;snug&#8221; letter_spacing=&#8221;tight&#8221; css=&#8221;.vc_custom_1697848073406{padding-right: 10px !important;padding-left: 10px !important;}&#8221;]\n<ul>\n<li><span class=\"wpex-text-lg\" style=\"color: #9fca4f;\"><br \/>\n  <strong>1.2 millones de<\/strong><br \/>\n<\/span> personas en los Estados Unidos son portadoras del virus de la hepatitis B. La mayor\u00eda ni siquiera lo sabe. <\/li>\n<li>Una de las formas m\u00e1s comunes de contraer la hepatitis B es <span class=\"wpex-text-lg\" style=\"color: #9fca4f;\"><br \/>\n  <strong>de madre a hijo durante el embarazo o el parto<\/strong><br \/>\n<\/span>.<\/li>\n<li>Entre el <span class=\"wpex-text-lg\" style=\"color: #9fca4f;\"><br \/>\n  <strong>15 y el 25 por ciento <\/strong><br \/>\n<\/span>de las personas con hepatitis B cr\u00f3nica desarrollar\u00e1n c\u00e1ncer de h\u00edgado o cirrosis en la edad adulta. \u00bfA\u00fan no est\u00e1s convencido de la importancia de la vacuna contra la hepatitis B? <\/li>\n<\/ul>\n[\/vc_column_text]<div class=\"vcex-spacing wpex-w-100 wpex-clear\" style=\"height:20px;\"><\/div>[vc_column_text color=&#8221;#ffffff&#8221; text_align=&#8221;left&#8221; line_height=&#8221;snug&#8221; letter_spacing=&#8221;tight&#8221; css=&#8221;.vc_custom_1697847134748{padding-bottom: 10px !important;}&#8221;]\n<p style=\"text-align: left;\"><span class=\"wpex-text-lg\" style=\"color: #9fca4f;\"><strong>\u00bfA\u00fan no est\u00e1s convencido?<\/strong><\/span><\/p>\n[\/vc_column_text][\/vc_column_inner][\/vc_row_inner][vc_row_inner remove_bottom_col_margin=&#8221;true&#8221; css=&#8221;.vc_custom_1697847850646{background-color: #2e598d !important;background-position: center !important;background-repeat: no-repeat !important;background-size: contain !important;}&#8221; visibility=&#8221;hide-at-mm-breakpoint&#8221;][vc_column_inner width=&#8221;1\/2&#8243;]<figure class=\"vcex-image vcex-module\"><div class=\"vcex-image-inner wpex-relative wpex-inline-block vc_custom_1697847613342\"><img width=\"331\" height=\"280\" src=\"https:\/\/www.voicesforvaccines.org\/content\/uploads\/2023\/10\/Alaska.png\" class=\"vcex-image-img wpex-align-middle\" alt=\"\" loading=\"lazy\" decoding=\"async\" srcset=\"https:\/\/www.voicesforvaccines.org\/content\/uploads\/2023\/10\/Alaska.png 331w, https:\/\/www.voicesforvaccines.org\/content\/uploads\/2023\/10\/Alaska-300x254.png 300w, https:\/\/www.voicesforvaccines.org\/content\/uploads\/2023\/10\/Alaska-150x127.png 150w, https:\/\/www.voicesforvaccines.org\/content\/uploads\/2023\/10\/Alaska-50x42.png 50w, https:\/\/www.voicesforvaccines.org\/content\/uploads\/2023\/10\/Alaska-100x85.png 100w\" sizes=\"auto, (max-width: 331px) 100vw, 331px\" \/><\/div><\/figure>[\/vc_column_inner][vc_column_inner width=&#8221;1\/2&#8243;][vc_column_text color=&#8221;#ffffff&#8221; text_align=&#8221;center&#8221; line_height=&#8221;snug&#8221; letter_spacing=&#8221;tight&#8221; css=&#8221;.vc_custom_1697847548460{margin-left: -30px !important;padding-right: 10px !important;}&#8221;]\n<p style=\"text-align: center;\"><strong>Considera esto: <\/strong>el c\u00e1ncer de h\u00edgado en los j\u00f3venes nativos de Alaska se redujo a <span class=\"wpex-text-lg\" style=\"color: #9fca4f;\"><strong>CERO<\/strong> <\/span>despu\u00e9s de la vacunaci\u00f3n universal contra la hepatitis B en los reci\u00e9n nacidos.<\/p>\n[\/vc_column_text][\/vc_column_inner][\/vc_row_inner][vc_row_inner remove_bottom_col_margin=&#8221;true&#8221; css=&#8221;.vc_custom_1697847845448{background-color: #2e598d !important;}&#8221; visibility=&#8221;hide-at-mm-breakpoint&#8221;][vc_column_inner]<div class=\"vcex-spacing wpex-w-100 wpex-clear\" style=\"height:20px;\"><\/div>[vc_column_text color=&#8221;#ffffff&#8221; text_align=&#8221;center&#8221; line_height=&#8221;snug&#8221; letter_spacing=&#8221;tight&#8221; css=&#8221;.vc_custom_1697847062828{padding-right: 10px !important;padding-left: 10px !important;}&#8221;]Hay muchos tipos de c\u00e1ncer que a\u00fan no podemos prevenir. Pero este s\u00ed podemos.[\/vc_column_text]<div class=\"vcex-spacing wpex-w-100 wpex-clear\" style=\"height:20px;\"><\/div>[\/vc_column_inner][\/vc_row_inner][vc_row_inner remove_bottom_col_margin=&#8221;true&#8221; css=&#8221;.vc_custom_1697847837304{border-right-width: 10px !important;border-bottom-width: 10px !important;border-left-width: 10px !important;border-left-color: #2e598d !important;border-left-style: solid !important;border-right-color: #2e598d !important;border-right-style: solid !important;border-bottom-color: #2e598d !important;border-bottom-style: solid !important;}&#8221; visibility=&#8221;hide-at-mm-breakpoint&#8221;][vc_column_inner]<div class=\"vcex-spacing wpex-w-100 wpex-clear\" style=\"height:10px;\"><\/div>[vc_column_text text_align=&#8221;center&#8221; color=&#8221;#2e598d&#8221; css=&#8221;.vc_custom_1694640262505{background-color: #ffffff !important;}&#8221; line_height=&#8221;snug&#8221; letter_spacing=&#8221;tight&#8221;]<span class=\"wpex-text-sm\"><strong>No dejes que nadie te diga lo contrario: La vacuna es <span class=\"wpex-text-lg\" style=\"color: #9fca4f;\">SIEMPRE<\/span> m\u00e1s segura que la enfermedad.<\/strong><\/span>[\/vc_column_text]<div class=\"vcex-spacing wpex-w-100 wpex-clear\" style=\"height:10px;\"><\/div><div class=\"vcex-module vcex-divider vcex-divider-solid vcex-divider-center wpex-mx-auto wpex-max-w-100 wpex-block wpex-h-0 wpex-border-b wpex-border-solid wpex-border-main\" style=\"width:80%;border-bottom-width:1px;border-color:#2e598d;\"><\/div><div class=\"vcex-spacing wpex-w-100 wpex-clear\" style=\"height:10px;\"><\/div><figure class=\"vcex-image vcex-module wpex-text-center\"><div class=\"vcex-image-inner wpex-relative wpex-inline-block\"><img loading=\"lazy\" class=\"vcex-image-img wpex-align-middle\" decoding=\"async\" src=\"https:\/\/www.voicesforvaccines.org\/content\/uploads\/2021\/06\/LogoNoTag-White-100x47.png\" alt=\"\" srcset=\"https:\/\/www.voicesforvaccines.org\/content\/uploads\/2021\/06\/LogoNoTag-White-100x47.png 100w, https:\/\/www.voicesforvaccines.org\/content\/uploads\/2021\/06\/LogoNoTag-White-300x140.png 300w, https:\/\/www.voicesforvaccines.org\/content\/uploads\/2021\/06\/LogoNoTag-White-150x70.png 150w, https:\/\/www.voicesforvaccines.org\/content\/uploads\/2021\/06\/LogoNoTag-White-768x358.png 768w, https:\/\/www.voicesforvaccines.org\/content\/uploads\/2021\/06\/LogoNoTag-White-100x47@2x.png 200w, https:\/\/www.voicesforvaccines.org\/content\/uploads\/2021\/06\/LogoNoTag-White.png 846w, https:\/\/www.voicesforvaccines.org\/content\/uploads\/2021\/06\/LogoNoTag-White-100x47@2x.png 2x\" width=\"100\" height=\"47\"><\/div><\/figure><div class=\"vcex-spacing wpex-w-100 wpex-clear\" style=\"height:5px;\"><\/div>[\/vc_column_inner][\/vc_row_inner][vc_row_inner visibility=&#8221;show-at-mm-breakpoint&#8221; el_id=&#8221;MOBILE&#8221;][vc_column_inner]<figure class=\"vcex-image vcex-module\"><div class=\"vcex-image-inner wpex-relative wpex-inline-block\"><img width=\"3400\" height=\"7500\" src=\"https:\/\/www.voicesforvaccines.org\/content\/uploads\/2021\/05\/HepBRiskSideBar.png\" class=\"vcex-image-img wpex-align-middle\" alt=\"What if you could lower your child\u2019s risk of cancer at birth? You can! Did you know that 1.2 million people in the U.S. carry the Hep B virus? Most don\u2019t even know it. One of the most common ways to get Hep B is from mother to baby at birth. 15-25% of people with chronic Hep B will develop liver cancer or cirrhosis as adults. Still not convinced about the importance of the Hep B vaccine? Consider this: Liver cancer in Alaskan Native youth dropped to ZERO after universal newborn Hep B vaccination. There are a lot of cancers we can\u2019t prevent yet. But this one we can. Protect your child!\" loading=\"lazy\" decoding=\"async\" srcset=\"https:\/\/www.voicesforvaccines.org\/content\/uploads\/2021\/05\/HepBRiskSideBar.png 3400w, https:\/\/www.voicesforvaccines.org\/content\/uploads\/2021\/05\/HepBRiskSideBar-136x300.png 136w, https:\/\/www.voicesforvaccines.org\/content\/uploads\/2021\/05\/HepBRiskSideBar-464x1024.png 464w, https:\/\/www.voicesforvaccines.org\/content\/uploads\/2021\/05\/HepBRiskSideBar-68x150.png 68w, https:\/\/www.voicesforvaccines.org\/content\/uploads\/2021\/05\/HepBRiskSideBar-768x1694.png 768w, https:\/\/www.voicesforvaccines.org\/content\/uploads\/2021\/05\/HepBRiskSideBar-696x1536.png 696w, https:\/\/www.voicesforvaccines.org\/content\/uploads\/2021\/05\/HepBRiskSideBar-928x2048.png 928w\" sizes=\"auto, (max-width: 3400px) 100vw, 3400px\" \/><\/div><\/figure>[\/vc_column_inner][\/vc_row_inner][vc_row_inner][vc_column_inner][vc_custom_heading text=&#8221;Aprende m\u00e1s&#8221; font_container=&#8221;tag:h3|text_align:left|color:%23004789&#8243; use_theme_fonts=&#8221;yes&#8221; css=&#8221;.vc_custom_1651871256812{padding-top: 20px !important;}&#8221;][\/vc_column_inner][\/vc_row_inner][vc_row_inner][vc_column_inner][\/vc_column_inner][\/vc_row_inner]<div class=\"templatera_shortcode\"><style type=\"text\/css\" data-type=\"vc_shortcodes-default-css\">.vc_do_custom_heading{margin-bottom:0.625rem;margin-top:0;}<\/style>[vc_row][vc_column][vc_custom_heading text=\"Have a question?\" font_container=\"tag:h3|text_align:left\" use_theme_fonts=\"yes\"]<div class=\"vcex-spacing wpex-w-100 wpex-clear\" style=\"height:10px;\"><\/div>[vc_column_text]You can <a href=\"https:\/\/www.voicesforvaccines.org\/ask-an-expert\/\">ask us<\/a> and one of our <a href=\"https:\/\/www.voicesforvaccines.org\/credible-info\/\">experts<\/a> might answer it on our website.[\/vc_column_text][\/vc_column][\/vc_row]<\/div>[\/vc_column][\/vc_row]\n<\/div>","protected":false},"excerpt":{"rendered":"<p>[vc_row css=&#8221;.vc_custom_1620857387659{border-radius: 1px !important;}&#8221;][vc_column width=&#8221;2\/3&#8243;][vc_row_inner][vc_column_inner][\/vc_column_inner][\/vc_row_inner][vc_row_inner][vc_column_inner][vc_custom_heading text=&#8221;\u00bfQu\u00e9 es la hepatitis B?&#8221; font_container=&#8221;tag:h2|text_align:left|color:%23004789&#8243; use_theme_fonts=&#8221;yes&#8221;][vc_column_text]La hepatitis B es una enfermedad que afecta al h\u00edgado y puede ser muy peligrosa. Se pasa de una&hellip;<\/p>\n","protected":false},"author":14,"featured_media":12709,"parent":14784,"menu_order":0,"comment_status":"closed","ping_status":"closed","template":"templates\/no-sidebar.php","meta":{"_acf_changed":false,"_price":"","_stock":"","_tribe_ticket_header":"","_tribe_default_ticket_provider":"","_tribe_ticket_capacity":"0","_ticket_start_date":"","_ticket_end_date":"","_tribe_ticket_show_description":"","_tribe_ticket_show_not_going":false,"_tribe_ticket_use_global_stock":"","_tribe_ticket_global_stock_level":"","_global_stock_mode":"","_global_stock_cap":"","_tribe_rsvp_for_event":"","_tribe_ticket_going_count":"","_tribe_ticket_not_going_count":"","_tribe_tickets_list":"[]","_tribe_ticket_has_attendee_info_fields":false,"footnotes":"","_tec_slr_enabled":"","_tec_slr_layout":""},"class_list":["post-14732","page","type-page","status-publish","has-post-thumbnail","hentry","entry","has-media"],"acf":[],"ticketed":false,"_links":{"self":[{"href":"https:\/\/www.voicesforvaccines.org\/es\/wp-json\/wp\/v2\/pages\/14732","targetHints":{"allow":["GET"]}}],"collection":[{"href":"https:\/\/www.voicesforvaccines.org\/es\/wp-json\/wp\/v2\/pages"}],"about":[{"href":"https:\/\/www.voicesforvaccines.org\/es\/wp-json\/wp\/v2\/types\/page"}],"author":[{"embeddable":true,"href":"https:\/\/www.voicesforvaccines.org\/es\/wp-json\/wp\/v2\/users\/14"}],"replies":[{"embeddable":true,"href":"https:\/\/www.voicesforvaccines.org\/es\/wp-json\/wp\/v2\/comments?post=14732"}],"version-history":[{"count":5,"href":"https:\/\/www.voicesforvaccines.org\/es\/wp-json\/wp\/v2\/pages\/14732\/revisions"}],"predecessor-version":[{"id":15099,"href":"https:\/\/www.voicesforvaccines.org\/es\/wp-json\/wp\/v2\/pages\/14732\/revisions\/15099"}],"up":[{"embeddable":true,"href":"https:\/\/www.voicesforvaccines.org\/es\/wp-json\/wp\/v2\/pages\/14784"}],"wp:featuredmedia":[{"embeddable":true,"href":"https:\/\/www.voicesforvaccines.org\/es\/wp-json\/wp\/v2\/media\/12709"}],"wp:attachment":[{"href":"https:\/\/www.voicesforvaccines.org\/es\/wp-json\/wp\/v2\/media?parent=14732"}],"curies":[{"name":"wp","href":"https:\/\/api.w.org\/{rel}","templated":true}]}}