{"id":14737,"date":"2021-05-13T19:42:34","date_gmt":"2021-05-14T00:42:34","guid":{"rendered":"https:\/\/www.voicesforvaccines.org\/informacion-sobre-el-vph\/"},"modified":"2025-08-18T14:33:41","modified_gmt":"2025-08-18T19:33:41","slug":"informacion-sobre-el-vph","status":"publish","type":"page","link":"https:\/\/www.voicesforvaccines.org\/es\/informacion-sobre-vacunas-y-enfermedades-prevenibles-con-vacunas\/informacion-sobre-el-vph\/","title":{"rendered":"Informaci\u00f3n sobre el VPH"},"content":{"rendered":"<div class=\"wpb-content-wrapper\">[vc_row css=&#8221;.vc_custom_1700535239023{border-radius: 1px !important;}&#8221;][vc_column width=&#8221;2\/3&#8243;][vc_row_inner][vc_column_inner]<h1 class=\"vcex-heading vcex-heading-plain vcex-module wpex-heading wpex-text-2xl\"><span class=\"vcex-heading-inner wpex-inline-block\">Vacuna contra el virus del papiloma humano (VPH)<\/span><\/h1>[\/vc_column_inner][\/vc_row_inner][vc_row_inner][vc_column_inner][vc_custom_heading text=&#8221;\u00bfQu\u00e9 es el virus del papiloma humano (VPH)?&#8221; font_container=&#8221;tag:h2|text_align:left|color:%23004789&#8243; use_theme_fonts=&#8221;yes&#8221;][vc_column_text]Existen m\u00e1s de 200 tipos de virus del papiloma humano (VPH), 40 de los cuales pueden causar infecciones en la zona genital, la boca y la garganta. Las infecciones genitales por VPH son muy frecuentes. La mayor\u00eda de las personas (80 por ciento) sexualmente activas contraer\u00e1n el VPH en alg\u00fan momento de su vida. Unos 14 millones de estadounidenses, incluidos adolescentes, se infectan por VPH cada a\u00f1o.[\/vc_column_text][\/vc_column_inner][\/vc_row_inner][vc_row_inner][vc_column_inner][vc_custom_heading text=&#8221;\u00bfCu\u00e1les son los riesgos del VPH?&#8221; font_container=&#8221;tag:h2|text_align:left|color:%23004789&#8243; use_theme_fonts=&#8221;yes&#8221;][vc_column_text]La mayor\u00eda de las personas que contraen el VPH no presentan s\u00edntomas. Pero hay al menos 6 tipos de VPH que pueden causar c\u00e1ncer. El c\u00e1ncer de cuello uterino es el m\u00e1s frecuente, pero hay otros tipos de c\u00e1ncer, como vagina, pene, ano, boca y garganta.  <\/p>\n<p>Cada a\u00f1o se diagnostican unos 13 mil 800 nuevos casos de c\u00e1ncer en el cuello del \u00fatero, y unas 4 mil 290 mujeres mueren de este c\u00e1ncer. Casi todos esos casos se deben al VPH.[\/vc_column_text][\/vc_column_inner][\/vc_row_inner][vc_row_inner][vc_column_inner][vc_custom_heading text=&#8221;\u00bfCu\u00e1l es la eficacia de la vacuna contra el VPH?&#8221; font_container=&#8221;tag:h2|text_align:left|color:%23004789&#8243; use_theme_fonts=&#8221;yes&#8221;][vc_column_text]La vacuna contra el VPH es muy eficaz. Desde que se recomend\u00f3 en 2006, las infecciones por VPH contra las cepas cubiertas en la vacuna han disminuido en un 85por ciento en chicas de 14 a 19 a\u00f1os y en un 71por ciento en mujeres de 20 a\u00f1os.[\/vc_column_text][\/vc_column_inner][\/vc_row_inner][vc_row_inner][vc_column_inner][vc_custom_heading text=&#8221;\u00bfEs segura la vacuna contra el VPH?&#8221; font_container=&#8221;tag:h2|text_align:left|color:%23004789&#8243; use_theme_fonts=&#8221;yes&#8221;][vc_column_text]La vacuna contra el VPH es muy segura. Algunos antivacunas han intentado poner en duda la <a href=\"https:\/\/www.voicesforvaccines.org\/es\/ciencia\/seguridad-de-las-vacunas\/\">seguridad de la vacuna<\/a>, pero los hechos hablan por s\u00ed solos: <\/p>\n<ul>\n<li>Los cient\u00edficos han estudiado exhaustivamente las vacunas contra el VPH durante m\u00e1s de 12 a\u00f1os.<\/li>\n<li>M\u00e1s de 74 mil personas han participado en ensayos cl\u00ednicos para estudiar la seguridad y eficacia de las vacunas.<\/li>\n<li>Los profesionales sanitarios han administrado de forma segura m\u00e1s de 120 millones de dosis de la vacuna contra el VPH, protegiendo del c\u00e1ncer a millones de j\u00f3venes.<\/li>\n<\/ul>\n<p>Como ocurre con cualquier vacuna o medicamento, puede haber <a href=\"https:\/\/www.voicesforvaccines.org\/es\/ciencia\/efectos-secundarios-de-las-vacunas\/\">efectos secundarios<\/a>, pero suelen ser leves, por ejemplo:<\/p>\n<ul>\n<li>dolor en el brazo donde se recibe la vacuna (se da en aproximadamente 1 de cada 5 ni\u00f1os)<\/li>\n<li>mareos o desmayos (m\u00e1s frecuentes en adolescentes; se recomienda que permanezcan sentados o acostados durante 15 minutos despu\u00e9s de recibir la vacuna)<\/li>\n<li>n\u00e1useas<\/li>\n<li>dolor de cabeza<\/li>\n<\/ul>\n<p>Las reacciones leves a la vacuna son normales y signos de que el organismo est\u00e1 preparando una respuesta inmune para protegerse contra el VPH. Las reacciones secundarias graves son poco frecuentes: se notifican unos 3 casos de anafilaxia por cada un mill\u00f3n de dosis.[\/vc_column_text][\/vc_column_inner][\/vc_row_inner][vc_row_inner][vc_column_inner][vc_custom_heading text=&#8221;\u00bfCu\u00e1ndo debe vacunarse mi hijo contra el VPH?&#8221; font_container=&#8221;tag:h2|text_align:left|color:%23004789&#8243; use_theme_fonts=&#8221;yes&#8221;][vc_column_text]Todos los ni\u00f1os y ni\u00f1as de 11 a 12 a\u00f1os necesitan dos dosis de la vacuna contra el VPH para protegerse de los c\u00e1nceres causados por infecciones por VPH. Estos c\u00e1nceres pueden afectar tanto a hombres como a mujeres. <\/p>\n<p>Lo entendemos; No quieres pensar en que tu hijo o hija adolescente sea sexualmente activo, por lo que quiz\u00e1 te resistas a vacunarlo, pero hay excelentes razones para hacerlo a tiempo:<\/p>\n<ul>\n<li><strong>Mejor protecci\u00f3n:<\/strong> Los ni\u00f1os de 11 a 12 a\u00f1os tienen una respuesta inmune m\u00e1s fuerte a la vacuna contra el VPH que los adolescentes que se vacunan m\u00e1s tarde.<\/li>\n<li><strong>Es m\u00e1s f\u00e1cil completar la serie:<\/strong> Hay m\u00e1s posibilidades de vacunarse (y de completar la serie de vacunas), ya que los m\u00e9dicos suelen atender m\u00e1s a los preadolescentes que a los adolescentes en las visitas de control.<\/li>\n<li><strong>Menor riesgo de exposici\u00f3n:<\/strong> La vacuna contra el VPH s\u00f3lo funciona si la serie se completa ANTES de que la persona se infecte, y casi ning\u00fan ni\u00f1o de 9 a 12 a\u00f1os tiene el VPH.<\/li>\n<li><strong>M\u00e1s eficaz:<\/strong> La vacunaci\u00f3n temprana previene muchos m\u00e1s pre-c\u00e1nceres que la vacunaci\u00f3n tard\u00eda.<\/li>\n<\/ul>\n<p>Hable con su doctor sobre las vacunas que necesita su familia.[\/vc_column_text][\/vc_column_inner][\/vc_row_inner][vc_row_inner][vc_column_inner][vc_custom_heading text=&#8221;\u00bfQu\u00e9 puedo esperar el d\u00eda de la vacuna?&#8221; font_container=&#8221;tag:h2|text_align:left|color:%23004789&#8243; use_theme_fonts=&#8221;yes&#8221;][vc_column_text]Un poquito de preparaci\u00f3n ayuda much\u00edsimo a reducir el estr\u00e9s, tanto para ti como para tu hijo. La informaci\u00f3n confiable te ayuda a garantizar elecciones saludables y fomenta la confianza en la vacuna.[\/vc_column_text][\/vc_column_inner][\/vc_row_inner][vc_row_inner equal_height=&#8221;yes&#8221; content_placement=&#8221;middle&#8221;][vc_column_inner width=&#8221;1\/3&#8243;]<figure class=\"vcex-image vcex-module\"><div class=\"vcex-image-inner wpex-relative wpex-inline-block\"><a href=\"https:\/\/www.voicesforvaccines.org\/fact-sheets\/human-papillomavirus-hpv-vaccine\/\"><img width=\"790\" height=\"1016\" src=\"https:\/\/www.voicesforvaccines.org\/content\/uploads\/2021\/10\/Screen-Shot-2021-10-03-at-3.41.58-PM.png\" class=\"vcex-image-img wpex-align-middle\" alt=\"Download the HPV PDF Fact Sheet\" loading=\"lazy\" decoding=\"async\" srcset=\"https:\/\/www.voicesforvaccines.org\/content\/uploads\/2021\/10\/Screen-Shot-2021-10-03-at-3.41.58-PM.png 790w, https:\/\/www.voicesforvaccines.org\/content\/uploads\/2021\/10\/Screen-Shot-2021-10-03-at-3.41.58-PM-233x300.png 233w, https:\/\/www.voicesforvaccines.org\/content\/uploads\/2021\/10\/Screen-Shot-2021-10-03-at-3.41.58-PM-117x150.png 117w, https:\/\/www.voicesforvaccines.org\/content\/uploads\/2021\/10\/Screen-Shot-2021-10-03-at-3.41.58-PM-768x988.png 768w\" sizes=\"auto, (max-width: 790px) 100vw, 790px\" \/><\/a><\/div><\/figure>[\/vc_column_inner][vc_column_inner width=&#8221;2\/3&#8243;][vc_custom_heading text=&#8221;Hoja informativa sobre la vacuna contra el VPH&#8221; font_container=&#8221;tag:h3|text_align:left|color:%23004789&#8243; use_theme_fonts=&#8221;yes&#8221;][vc_column_text]\u00bfTiene tu hijo una cita pr\u00f3xima para la vacuna contra el VPH? Prep\u00e1rate descargando nuestro <a href=\"https:\/\/www.voicesforvaccines.org\/fact-sheets\/human-papillomavirus-hpv-vaccine\/\">panfleto informativa sobre la vacuna contra el VPH<\/a>.[\/vc_column_text]<div class=\"vcex-spacing wpex-w-100 wpex-clear\"><\/div><a href=\"https:\/\/www.voicesforvaccines.org\/fact-sheets\/human-papillomavirus-hpv-vaccine\/\" class=\"vcex-button theme-button inline\"><span class=\"vcex-button-inner theme-button-inner wpex-flex wpex-flex-wrap wpex-items-center wpex-justify-center\">Obt\u00e9n el panfleto informativo sobre la vacuna contra el VPH<\/span><\/a> [\/vc_column_inner][\/vc_row_inner][vc_row_inner remove_bottom_col_margin=&#8221;true&#8221;][vc_column_inner][vc_custom_heading text=&#8221;\u00bfD\u00f3nde puedo encontrar informaci\u00f3n confiable?&#8221; font_container=&#8221;tag:h2|text_align:left|color:%23004789&#8243; use_theme_fonts=&#8221;yes&#8221;][vc_column_text responsive_text=&#8221;true&#8221; font_family=&#8221;Open Sans&#8221;]Estas organizaciones son expertas en vacunas y pueden proporcionar informaci\u00f3n confiable:<\/p>\n<ul>\n<li><a href=\"https:\/\/www.cdc.gov\/hpv\/parents\/vaccinesafety.html\" target=\"_blank\" rel=\"noopener\">Hoja informativa de los CDC El VPH es seguro y eficaz  <\/a><\/li>\n<li><a href=\"https:\/\/www.mayoclinic.org\/diseases-conditions\/hpv-infection\/in-depth\/hpv-vaccine\/art-20047292\" target=\"_blank\" rel=\"noopener\">Vacuna contra el VPH de la Cl\u00ednica Mayo: qui\u00e9n la necesita, c\u00f3mo funciona<\/a><\/li>\n<li><a href=\"https:\/\/www.cancer.org\/cancer\/cancer-causes\/infectious-agents\/hpv\/hpv-vaccine-facts-and-fears.html\" target=\"_blank\" rel=\"noopener\">Datos sobre la vacuna contra el VPH de la Sociedad Americana contra el C\u00e1ncer <\/a><\/li>\n<\/ul>\n[\/vc_column_text]<div class=\"templatera_shortcode\"><style type=\"text\/css\" data-type=\"vc_shortcodes-default-css\">.vc_do_custom_heading{margin-bottom:0.625rem;margin-top:0;}<\/style><style type=\"text\/css\" data-type=\"vc_shortcodes-custom-css\">.vc_custom_1623967295184{padding-top: 20px !important;}<\/style>[vc_row][vc_column][vc_custom_heading text=\"\u00bfC\u00f3mo s\u00e9 que esta informaci\u00f3n es cre\u00edble?\" font_container=\"tag:h2|text_align:left|color:%23004789\" use_theme_fonts=\"yes\" css=\".vc_custom_1623967295184{padding-top: 20px !important;}\"][vc_column_text]Trabajamos para los padres, por lo que nos aseguramos de que sus preocupaciones se aborden utilizando hechos y ciencia, y nuestro contenido es revisado por expertos que han dedicado su carrera al estudio de las vacunas. <a href=\"https:\/\/www.voicesforvaccines.org\/credible-info\/\">Obt\u00e9n m\u00e1s informaci\u00f3n<\/a> sobre c\u00f3mo nos aseguramos de ofrecerte la mejor informaci\u00f3n para ayudarte a tomar decisiones saludables para tu familia.[\/vc_column_text][\/vc_column][\/vc_row]<\/div>[\/vc_column_inner][\/vc_row_inner][\/vc_column][vc_column width=&#8221;1\/3&#8243; css=&#8221;.vc_custom_1651873757925{border-radius: 1px !important;}&#8221;][vc_row_inner remove_bottom_col_margin=&#8221;true&#8221; css=&#8221;.vc_custom_1700537156972{background-color: #2e598d !important;}&#8221;][vc_column_inner]<style>.vcex-heading.vcex_69e9d9709df9f{color:#004789;}<\/style><h2 class=\"vcex-heading vcex-heading-plain vcex-module wpex-heading wpex-text-2xl sr-only vcex_69e9d9709df9f\"><span class=\"vcex-heading-inner wpex-inline-block\">Conoce los riesgos: VPH<\/span><\/h2><div class=\"vcex-spacing wpex-w-100 wpex-clear\" style=\"height:5px;\"><\/div><figure class=\"vcex-image vcex-module\"><div class=\"vcex-image-inner wpex-relative wpex-inline-block\"><img width=\"821\" height=\"223\" src=\"https:\/\/www.voicesforvaccines.org\/content\/uploads\/2023\/11\/know-the-risks-hpv.png\" class=\"vcex-image-img wpex-align-middle\" alt=\"\" loading=\"lazy\" decoding=\"async\" srcset=\"https:\/\/www.voicesforvaccines.org\/content\/uploads\/2023\/11\/know-the-risks-hpv.png 821w, https:\/\/www.voicesforvaccines.org\/content\/uploads\/2023\/11\/know-the-risks-hpv-300x81.png 300w, https:\/\/www.voicesforvaccines.org\/content\/uploads\/2023\/11\/know-the-risks-hpv-150x41.png 150w, https:\/\/www.voicesforvaccines.org\/content\/uploads\/2023\/11\/know-the-risks-hpv-768x209.png 768w, https:\/\/www.voicesforvaccines.org\/content\/uploads\/2023\/11\/know-the-risks-hpv-50x14.png 50w, https:\/\/www.voicesforvaccines.org\/content\/uploads\/2023\/11\/know-the-risks-hpv-100x27.png 100w\" sizes=\"auto, (max-width: 821px) 100vw, 821px\" \/><\/div><\/figure><div class=\"vcex-module vcex-divider vcex-divider-solid vcex-divider-center wpex-mx-auto wpex-max-w-100 wpex-block wpex-h-0 wpex-border-b wpex-border-solid wpex-border-main\" style=\"width:80%;margin-block-end:10px;border-bottom-width:5px;border-color:#ffffff;\"><\/div><div class=\"vcex-spacing wpex-w-100 wpex-clear\" style=\"height:10px;\"><\/div>[\/vc_column_inner][\/vc_row_inner][vc_row_inner remove_bottom_col_margin=&#8221;true&#8221; css=&#8221;.vc_custom_1700537186967{background-color: #2e598d !important;}&#8221;][vc_column_inner]<div class=\"vcex-spacing wpex-w-100 wpex-clear\" style=\"height:5px;\"><\/div>[vc_column_text color=&#8221;#ffffff&#8221; text_align=&#8221;center&#8221; line_height=&#8221;snug&#8221; letter_spacing=&#8221;tight&#8221; css=&#8221;.vc_custom_1700536892665{margin-right: 10px !important;}&#8221;]El VPH es un virus muy com\u00fan que puede causar c\u00e1ncer.[\/vc_column_text]<div class=\"vcex-spacing wpex-w-100 wpex-clear\" style=\"height:15px;\"><\/div>[\/vc_column_inner][\/vc_row_inner][vc_row_inner equal_height=&#8221;yes&#8221; content_placement=&#8221;middle&#8221; remove_bottom_col_margin=&#8221;true&#8221; css=&#8221;.vc_custom_1700537224868{background-color: #2e598d !important;}&#8221;][vc_column_inner width=&#8221;1\/2&#8243;][vc_column_text color=&#8221;#ffffff&#8221; text_align=&#8221;center&#8221; line_height=&#8221;snug&#8221; letter_spacing=&#8221;tight&#8221; css=&#8221;.vc_custom_1700538611724{padding-left: 10px !important;}&#8221;]La mayor\u00eda de las personas (<span class=\"wpex-text-lg wpex-text-2xl\" style=\"color: #9fca4f;\"><strong>80 por ciento<\/strong><\/span>) sexualmente activas contraer\u00e1n el VPH en alg\u00fan momento de su vida.[\/vc_column_text][\/vc_column_inner][vc_column_inner width=&#8221;1\/2&#8243;]<figure class=\"vcex-image vcex-module wpex-text-center\"><div class=\"vcex-image-inner wpex-relative wpex-inline-block\"><img width=\"365\" height=\"312\" src=\"https:\/\/www.voicesforvaccines.org\/content\/uploads\/2023\/11\/80-percent.png\" class=\"vcex-image-img wpex-align-middle\" alt=\"\" loading=\"lazy\" decoding=\"async\" srcset=\"https:\/\/www.voicesforvaccines.org\/content\/uploads\/2023\/11\/80-percent.png 365w, https:\/\/www.voicesforvaccines.org\/content\/uploads\/2023\/11\/80-percent-300x256.png 300w, https:\/\/www.voicesforvaccines.org\/content\/uploads\/2023\/11\/80-percent-150x128.png 150w, https:\/\/www.voicesforvaccines.org\/content\/uploads\/2023\/11\/80-percent-50x43.png 50w, https:\/\/www.voicesforvaccines.org\/content\/uploads\/2023\/11\/80-percent-100x85.png 100w\" sizes=\"auto, (max-width: 365px) 100vw, 365px\" \/><\/div><\/figure>[\/vc_column_inner][\/vc_row_inner][vc_row_inner css=&#8221;.vc_custom_1694638482579{background-color: #2e598d !important;}&#8221;][vc_column_inner]<div class=\"vcex-spacing wpex-w-100 wpex-clear\" style=\"height:20px;\"><\/div>[vc_column_text color=&#8221;#ffffff&#8221; text_align=&#8221;center&#8221; line_height=&#8221;snug&#8221; letter_spacing=&#8221;tight&#8221; css=&#8221;.vc_custom_1700535387305{padding-right: 10px !important;padding-left: 10px !important;}&#8221;]Con m\u00e1s de 100 millones de dosis administradas en Estados Unidos, tenemos muchas pruebas de los beneficios de la vacuna contra el VPH:[\/vc_column_text][\/vc_column_inner][\/vc_row_inner][vc_row_inner equal_height=&#8221;yes&#8221; content_placement=&#8221;bottom&#8221; css=&#8221;.vc_custom_1700537012839{background-color: #2e598d !important;}&#8221;][vc_column_inner css=&#8221;.vc_custom_1700538381098{background-image: url(https:\/\/www.voicesforvaccines.org\/content\/uploads\/2023\/11\/arrow-down-blue.png?id=9372) !important;background-position: center !important;background-repeat: no-repeat !important;background-size: contain !important;}&#8221;]<div class=\"vcex-spacing wpex-w-100 wpex-clear\" style=\"height:50px;\"><\/div>[vc_column_text color=&#8221;#ffffff&#8221; text_align=&#8221;center&#8221; line_height=&#8221;snug&#8221; letter_spacing=&#8221;tight&#8221; css=&#8221;.vc_custom_1700537954943{margin-top: -20px !important;padding-right: 45px !important;padding-left: 45px !important;}&#8221;]\n<p style=\"text-align: center;\"><span class=\"wpex-text-sm\"><strong><span class=\"wpex-text-md\">En las chicas de 14 a 19 a\u00f1os se observ\u00f3 un 64 por ciento<\/span><\/strong><\/span><\/p>\n[\/vc_column_text]<div class=\"vcex-spacing wpex-w-100 wpex-clear\" style=\"height:5px;\"><\/div>[vc_column_text color=&#8221;#ffffff&#8221; text_align=&#8221;center&#8221; line_height=&#8221;snug&#8221; letter_spacing=&#8221;tight&#8221; css=&#8221;.vc_custom_1700538193434{padding-right: 40px !important;padding-left: 40px !important;}&#8221;]\n<p style=\"text-align: center;\"><strong><span class=\"wpex-text-4xl\" style=\"color: #2e598d;\">64%<\/span><\/strong><\/p>\n[\/vc_column_text]<div class=\"vcex-spacing wpex-w-100 wpex-clear\" style=\"height:5px;\"><\/div>[vc_column_text color=&#8221;#ffffff&#8221; text_align=&#8221;center&#8221; line_height=&#8221;snug&#8221; letter_spacing=&#8221;tight&#8221; css=&#8221;.vc_custom_1700538254438{padding-right: 50px !important;padding-left: 50px !important;}&#8221;]\n<p style=\"text-align: center;\"><span class=\"wpex-text-sm\"><strong><span class=\"wpex-text-md\">causantes de c\u00e1ncer<\/span><\/strong><\/span><br \/>\n<strong style=\"font-size: var(--wpex-text-sm);\"><span class=\"wpex-text-md\">de infecciones por VPH<\/span><\/strong><\/p>\n[\/vc_column_text]<div class=\"vcex-spacing wpex-w-100 wpex-clear\" style=\"height:100px;\"><\/div>[\/vc_column_inner][\/vc_row_inner][vc_row_inner equal_height=&#8221;yes&#8221; content_placement=&#8221;bottom&#8221; css=&#8221;.vc_custom_1700537012839{background-color: #2e598d !important;}&#8221;][vc_column_inner css=&#8221;.vc_custom_1700538426564{background-image: url(https:\/\/www.voicesforvaccines.org\/content\/uploads\/2023\/11\/arrow-down-green.png?id=9371) !important;background-position: center !important;background-repeat: no-repeat !important;background-size: contain !important;}&#8221;]<div class=\"vcex-spacing wpex-w-100 wpex-clear\" style=\"height:50px;\"><\/div>[vc_column_text color=&#8221;#ffffff&#8221; text_align=&#8221;center&#8221; line_height=&#8221;snug&#8221; letter_spacing=&#8221;tight&#8221; css=&#8221;.vc_custom_1700538451086{margin-top: -20px !important;padding-right: 45px !important;padding-left: 45px !important;}&#8221;]\n<p style=\"text-align: center;\"><strong>Entre los j\u00f3venes vacunados hubo un<\/strong><\/p>\n[\/vc_column_text]<div class=\"vcex-spacing wpex-w-100 wpex-clear\" style=\"height:5px;\"><\/div>[vc_column_text color=&#8221;#ffffff&#8221; text_align=&#8221;center&#8221; line_height=&#8221;snug&#8221; letter_spacing=&#8221;tight&#8221; css=&#8221;.vc_custom_1700538459929{padding-right: 40px !important;padding-left: 40px !important;}&#8221;]\n<p style=\"text-align: center;\"><strong><span class=\"wpex-text-4xl\" style=\"color: #2e598d;\">47%<\/span><\/strong><\/p>\n[\/vc_column_text]<div class=\"vcex-spacing wpex-w-100 wpex-clear\" style=\"height:5px;\"><\/div>[vc_column_text color=&#8221;#ffffff&#8221; text_align=&#8221;center&#8221; line_height=&#8221;snug&#8221; letter_spacing=&#8221;tight&#8221; css=&#8221;.vc_custom_1700538483027{padding-right: 50px !important;padding-left: 50px !important;}&#8221;]\n<p style=\"text-align: center;\"><strong>menor riesgo de pre-c\u00e1ncer de cuello del \u00fatero<\/strong><\/p>\n[\/vc_column_text]<div class=\"vcex-spacing wpex-w-100 wpex-clear\" style=\"height:100px;\"><\/div>[\/vc_column_inner][\/vc_row_inner][vc_row_inner css=&#8221;.vc_custom_1694638482579{background-color: #2e598d !important;}&#8221;][vc_column_inner]<div class=\"vcex-spacing wpex-w-100 wpex-clear\" style=\"height:10px;\"><\/div>[vc_column_text color=&#8221;#ffffff&#8221; text_align=&#8221;center&#8221; line_height=&#8221;snug&#8221; letter_spacing=&#8221;tight&#8221; css=&#8221;.vc_custom_1700538650180{padding-right: 10px !important;padding-left: 10px !important;}&#8221;]<strong>Las cifras no mienten<\/strong>: la vacuna contra el VPH es una de nuestras mejores armas contra los c\u00e1nceres que pueden robarles el futuro a los ni\u00f1os.[\/vc_column_text][\/vc_column_inner][\/vc_row_inner][vc_row_inner remove_bottom_col_margin=&#8221;true&#8221; css=&#8221;.vc_custom_1694640285251{border-right-width: 10px !important;border-bottom-width: 10px !important;border-left-width: 10px !important;border-left-color: #2e598d !important;border-left-style: solid !important;border-right-color: #2e598d !important;border-right-style: solid !important;border-bottom-color: #2e598d !important;border-bottom-style: solid !important;}&#8221;][vc_column_inner]<div class=\"vcex-spacing wpex-w-100 wpex-clear\" style=\"height:10px;\"><\/div><div class=\"vcex-spacing wpex-w-100 wpex-clear\" style=\"height:20px;\"><\/div>[vc_column_text text_align=&#8221;center&#8221; color=&#8221;#2e598d&#8221; css=&#8221;.vc_custom_1694640262505{background-color: #ffffff !important;}&#8221; line_height=&#8221;snug&#8221; letter_spacing=&#8221;tight&#8221;]<span class=\"wpex-text-sm\"><strong>No dejes que nadie te diga lo contrario: La vacuna <span class=\"wpex-text-lg\" style=\"color: #9fca4f;\">SIEMPRE<\/span> es m\u00e1s segura que la enfermedad.<\/strong><\/span>[\/vc_column_text]<div class=\"vcex-spacing wpex-w-100 wpex-clear\" style=\"height:10px;\"><\/div><div class=\"vcex-module vcex-divider vcex-divider-solid vcex-divider-center wpex-mx-auto wpex-max-w-100 wpex-block wpex-h-0 wpex-border-b wpex-border-solid wpex-border-main\" style=\"width:80%;border-bottom-width:1px;border-color:#2e598d;\"><\/div><div class=\"vcex-spacing wpex-w-100 wpex-clear\" style=\"height:10px;\"><\/div><figure class=\"vcex-image vcex-module wpex-text-center\"><div class=\"vcex-image-inner wpex-relative wpex-inline-block\"><img loading=\"lazy\" class=\"vcex-image-img wpex-align-middle\" decoding=\"async\" src=\"https:\/\/www.voicesforvaccines.org\/content\/uploads\/2021\/06\/LogoNoTag-White-100x47.png\" alt=\"\" srcset=\"https:\/\/www.voicesforvaccines.org\/content\/uploads\/2021\/06\/LogoNoTag-White-100x47.png 100w, https:\/\/www.voicesforvaccines.org\/content\/uploads\/2021\/06\/LogoNoTag-White-300x140.png 300w, https:\/\/www.voicesforvaccines.org\/content\/uploads\/2021\/06\/LogoNoTag-White-150x70.png 150w, https:\/\/www.voicesforvaccines.org\/content\/uploads\/2021\/06\/LogoNoTag-White-768x358.png 768w, https:\/\/www.voicesforvaccines.org\/content\/uploads\/2021\/06\/LogoNoTag-White-100x47@2x.png 200w, https:\/\/www.voicesforvaccines.org\/content\/uploads\/2021\/06\/LogoNoTag-White.png 846w, https:\/\/www.voicesforvaccines.org\/content\/uploads\/2021\/06\/LogoNoTag-White-100x47@2x.png 2x\" width=\"100\" height=\"47\"><\/div><\/figure><div class=\"vcex-spacing wpex-w-100 wpex-clear\" style=\"height:5px;\"><\/div>[\/vc_column_inner][\/vc_row_inner][vc_row_inner][vc_column_inner][vc_custom_heading text=&#8221;Aprende m\u00e1s&#8221; font_container=&#8221;tag:h3|text_align:left|color:%23004789&#8243; use_theme_fonts=&#8221;yes&#8221; css=&#8221;.vc_custom_1651624950470{padding-top: 20px !important;}&#8221;][\/vc_column_inner][\/vc_row_inner][vc_row_inner][vc_column_inner][\/vc_column_inner][\/vc_row_inner]<div class=\"templatera_shortcode\"><style type=\"text\/css\" data-type=\"vc_shortcodes-default-css\">.vc_do_custom_heading{margin-bottom:0.625rem;margin-top:0;}<\/style>[vc_row][vc_column][vc_custom_heading text=\"Have a question?\" font_container=\"tag:h3|text_align:left\" use_theme_fonts=\"yes\"]<div class=\"vcex-spacing wpex-w-100 wpex-clear\" style=\"height:10px;\"><\/div>[vc_column_text]You can <a href=\"https:\/\/www.voicesforvaccines.org\/ask-an-expert\/\">ask us<\/a> and one of our <a href=\"https:\/\/www.voicesforvaccines.org\/credible-info\/\">experts<\/a> might answer it on our website.[\/vc_column_text][\/vc_column][\/vc_row]<\/div>[\/vc_column][\/vc_row]\n<\/div>","protected":false},"excerpt":{"rendered":"<p>El virus del papiloma humano (VPH) es una infecci\u00f3n v\u00edrica que puede causar seis tipos de c\u00e1ncer. Inf\u00f3rmate sobre el VPH y la vacuna que lo previene. <\/p>\n","protected":false},"author":14,"featured_media":13511,"parent":14784,"menu_order":0,"comment_status":"closed","ping_status":"closed","template":"templates\/no-sidebar.php","meta":{"_acf_changed":false,"_price":"","_stock":"","_tribe_ticket_header":"","_tribe_default_ticket_provider":"","_tribe_ticket_capacity":"0","_ticket_start_date":"","_ticket_end_date":"","_tribe_ticket_show_description":"","_tribe_ticket_show_not_going":false,"_tribe_ticket_use_global_stock":"","_tribe_ticket_global_stock_level":"","_global_stock_mode":"","_global_stock_cap":"","_tribe_rsvp_for_event":"","_tribe_ticket_going_count":"","_tribe_ticket_not_going_count":"","_tribe_tickets_list":"[]","_tribe_ticket_has_attendee_info_fields":false,"footnotes":"","_tec_slr_enabled":"","_tec_slr_layout":""},"class_list":["post-14737","page","type-page","status-publish","has-post-thumbnail","hentry","entry","has-media"],"acf":[],"ticketed":false,"_links":{"self":[{"href":"https:\/\/www.voicesforvaccines.org\/es\/wp-json\/wp\/v2\/pages\/14737","targetHints":{"allow":["GET"]}}],"collection":[{"href":"https:\/\/www.voicesforvaccines.org\/es\/wp-json\/wp\/v2\/pages"}],"about":[{"href":"https:\/\/www.voicesforvaccines.org\/es\/wp-json\/wp\/v2\/types\/page"}],"author":[{"embeddable":true,"href":"https:\/\/www.voicesforvaccines.org\/es\/wp-json\/wp\/v2\/users\/14"}],"replies":[{"embeddable":true,"href":"https:\/\/www.voicesforvaccines.org\/es\/wp-json\/wp\/v2\/comments?post=14737"}],"version-history":[{"count":2,"href":"https:\/\/www.voicesforvaccines.org\/es\/wp-json\/wp\/v2\/pages\/14737\/revisions"}],"predecessor-version":[{"id":14739,"href":"https:\/\/www.voicesforvaccines.org\/es\/wp-json\/wp\/v2\/pages\/14737\/revisions\/14739"}],"up":[{"embeddable":true,"href":"https:\/\/www.voicesforvaccines.org\/es\/wp-json\/wp\/v2\/pages\/14784"}],"wp:featuredmedia":[{"embeddable":true,"href":"https:\/\/www.voicesforvaccines.org\/es\/wp-json\/wp\/v2\/media\/13511"}],"wp:attachment":[{"href":"https:\/\/www.voicesforvaccines.org\/es\/wp-json\/wp\/v2\/media?parent=14737"}],"curies":[{"name":"wp","href":"https:\/\/api.w.org\/{rel}","templated":true}]}}