{"id":14740,"date":"2021-05-13T20:29:16","date_gmt":"2021-05-14T01:29:16","guid":{"rendered":"https:\/\/www.voicesforvaccines.org\/informacion-sobre-la-enfermedad-meningococica\/"},"modified":"2025-08-18T14:33:43","modified_gmt":"2025-08-18T19:33:43","slug":"informacion-sobre-la-enfermedad-meningococica","status":"publish","type":"page","link":"https:\/\/www.voicesforvaccines.org\/es\/informacion-sobre-vacunas-y-enfermedades-prevenibles-con-vacunas\/informacion-sobre-la-enfermedad-meningococica\/","title":{"rendered":"Informaci\u00f3n sobre la enfermedad meningoc\u00f3cica"},"content":{"rendered":"<div class=\"wpb-content-wrapper\">[vc_row css=&#8221;.vc_custom_1620857387659{border-radius: 1px !important;}&#8221;][vc_column width=&#8221;2\/3&#8243;][vc_row_inner][vc_column_inner]<h1 class=\"vcex-heading vcex-heading-plain vcex-module wpex-heading wpex-text-2xl\"><span class=\"vcex-heading-inner wpex-inline-block\">Vacunas meningoc\u00f3cicas<\/span><\/h1>[\/vc_column_inner][\/vc_row_inner][vc_row_inner][vc_column_inner][vc_custom_heading text=&#8221;\u00bfQu\u00e9 es la meningitis?&#8221; font_container=&#8221;tag:h2|text_align:left|color:%23004789&#8243; use_theme_fonts=&#8221;yes&#8221; css=&#8221;&#8221;][vc_column_text]<span style=\"font-weight: 400\">La enfermedad meningoc\u00f3cica est\u00e1 causada por una bacteria denominada <\/span><i><span style=\"font-weight: 400\">Neisseria meningitidis<\/span><\/i><span style=\"font-weight: 400\">, tambi\u00e9n llamada meningococo. Puede atacar r\u00e1pidamente y suele ser grave. Aunque esta vacuna suele llamarse vacuna contra la meningitis, este nombre no es del todo exacto porque la meningitis tiene m\u00faltiples causas, entre ellas otras infecciones y lesiones, y porque la vacuna protege contra varias cepas de N. meningitidis que causan m\u00faltiples dolencias.   <\/span><\/p>\n<p><span style=\"font-weight: 400\">Aunque la enfermedad meningoc\u00f3cica es poco frecuente, los adolescentes y adultos j\u00f3venes de 16 a 23 a\u00f1os corren un mayor riesgo. La bacteria meningoc\u00f3cica puede causar infecciones graves, incluso mortales, como <\/span><\/p>\n<ul>\n<li style=\"font-weight: 400\"><span style=\"font-weight: 400\">Meningitis (infecci\u00f3n del revestimiento del cerebro y la m\u00e9dula espinal)<\/span><\/li>\n<li style=\"font-weight: 400\"><span style=\"font-weight: 400\">Bacteriemia o septicemia (infecciones de la sangre)<\/span><\/li>\n<\/ul>\n<p><span style=\"font-weight: 400\">Se contagia por contacto de persona a persona, al toser o por contacto cercano con<br \/>alguien portador de una de las bacterias.<\/span><\/p>\n<p>Los s\u00edntomas de la meningitis suelen aparecer muy repentinamente e incluyen:<\/p>\n<ul>\n<li>Fiebre<\/li>\n<li>Dolor de cabeza<\/li>\n<li>Rigidez de cuello<\/li>\n<li>N\u00e1useas<\/li>\n<li>V\u00f3mitos<\/li>\n<li>Fotofobia (sensibilidad a la luz)<\/li>\n<li>Confusi\u00f3n<\/li>\n<\/ul>\n<p>Los reci\u00e9n nacidos y los beb\u00e9s pueden presentar diferentes s\u00edntomas, entre ellos:<\/p>\n<ul>\n<li>Lentitud o inactividad<\/li>\n<li>Irritabilidad<\/li>\n<li>V\u00f3mitos<\/li>\n<li>Alimentaci\u00f3n deficiente<\/li>\n<li>Mollera abultada (el punto blando de la cabeza del beb\u00e9)<\/li>\n<li>Reflejos anormales<\/li>\n<\/ul>\n<p>Los s\u00edntomas de la meningitis bacteriana suelen aparecer entre 3 y 7 d\u00edas despu\u00e9s de la exposici\u00f3n. La meningitis bacteriana evoluciona muy r\u00e1pidamente. Los s\u00edntomas pueden ser muy graves, como convulsiones y coma.  <\/p>\n<p><strong>La meningitis bacteriana puede ser mortal; es sumamente importante que llame al m\u00e9dico de inmediato si tu hijo presenta alg\u00fan s\u00edntoma temprano.<\/strong>[\/vc_column_text][\/vc_column_inner][\/vc_row_inner][vc_row_inner][vc_column_inner][vc_custom_heading text=&#8221;\u00bfCu\u00e1les son los riesgos de la enfermedad meningoc\u00f3cica?&#8221; font_container=&#8221;tag:h2|text_align:left|color:%23004789&#8243; use_theme_fonts=&#8221;yes&#8221;][vc_column_text]La meningitis puede ser muy grave:<\/p>\n<ul>\n<li>Entre el 10 y el 14 por ciento de las personas con meningitis fallecen.<\/li>\n<li>Entre el 11 y el 19 por ciento de las personas con meningitis sufrir\u00e1n discapacidades permanentes.<\/li>\n<\/ul>\n<p>Los riesgos de la meningitis incluyen convulsiones y da\u00f1os al cerebro permanentes, entre ellos :<\/p>\n<ul>\n<li>P\u00e9rdida de audici\u00f3n<\/li>\n<li>Dificultades de memoria<\/li>\n<li>Dificultades de aprendizaje<\/li>\n<li>Da\u00f1os cerebrales<\/li>\n<li>Problemas al caminar<\/li>\n<li>Convulsiones<\/li>\n<li>Insuficiencia renal \u2013 cuando los ri\u00f1ones no pueden filtrar los desechos en la sangre<\/li>\n<li>Shock<\/li>\n<li>Muerte<\/li>\n<\/ul>\n<p><span style=\"font-weight: 400\">Los s\u00edntomas de la<\/span><span style=\"font-weight: 400\">septicemia meningoc\u00f3cica (o meningococemia)<\/span><span style=\"font-weight: 400\"> pueden incluir:<\/span><\/p>\n<ul>\n<li style=\"font-weight: 400\"><span style=\"font-weight: 400\">Fiebre y escalofr\u00edos<\/span><\/li>\n<li style=\"font-weight: 400\"><span style=\"font-weight: 400\">Cansancio<\/span><\/li>\n<li style=\"font-weight: 400\"><span style=\"font-weight: 400\">V\u00f3mitos<\/span><\/li>\n<li style=\"font-weight: 400\"><span style=\"font-weight: 400\">Manos y pies fr\u00edos<\/span><\/li>\n<li style=\"font-weight: 400\"><span style=\"font-weight: 400\">Molestias o dolor intenso en los m\u00fasculos, articulaciones, pecho o abdomen (barriga)<\/span><\/li>\n<li style=\"font-weight: 400\"><span style=\"font-weight: 400\">Respiraci\u00f3n acelerada<\/span><\/li>\n<li style=\"font-weight: 400\"><span style=\"font-weight: 400\">Diarrea<\/span><\/li>\n<li style=\"font-weight: 400\"><span style=\"font-weight: 400\">En las \u00faltimas fases, una erupci\u00f3n de color morado oscuro<\/span><\/li>\n<\/ul>\n<p><span style=\"font-weight: 400\">Aproximadamente 1 de cada 5 personas que sobreviven a la infecci\u00f3n meningoc\u00f3cica sufre una discapacidad permanente.<\/span>[\/vc_column_text][\/vc_column_inner][\/vc_row_inner][vc_row_inner][vc_column_inner][vc_custom_heading text=&#8221;\u00bfQu\u00e9 eficacia tienen las vacunas que protegen contra la meningitis?&#8221; font_container=&#8221;tag:h2|text_align:left|color:%23004789&#8243; use_theme_fonts=&#8221;yes&#8221;][vc_column_text]Hay diferentes enfermedades que pueden causar meningitis y varias vacunas que protegen contra ellas. Hay 2 tipos de vacunas antimeningoc\u00f3cicas (MCV4 y MenB). Estas vacunas tienen una eficacia aproximada del 85-90 por ciento en la prevenci\u00f3n de la enfermedad meningoc\u00f3cica. Estas vacunas juntas protegen contra las cinco cepas m\u00e1s comunes de bacterias meningoc\u00f3cicas que se encuentran en Estados Unidos.[\/vc_column_text][\/vc_column_inner][\/vc_row_inner][vc_row_inner][vc_column_inner][vc_custom_heading text=&#8221;\u00bfSon seguras las vacunas que protegen contra la meningitis?&#8221; font_container=&#8221;tag:h2|text_align:left|color:%23004789&#8243; use_theme_fonts=&#8221;yes&#8221;][vc_column_text]Tanto la <strong>vacuna meningoc\u00f3cica conjugada<\/strong> como la <strong>vacuna meningoc\u00f3cica B<\/strong> son <a href=\"https:\/\/www.voicesforvaccines.org\/es\/ciencia\/seguridad-de-las-vacunas\/\">muy seguras<\/a>, y <a href=\"https:\/\/www.voicesforvaccines.org\/es\/ciencia\/efectos-secundarios-de-las-vacunas\/\">los efectos secundarios graves son extremadamente raros<\/a>. Aproximadamente, la mitad de las personas que reciben la vacuna tendr\u00e1n dolor\/enrojecimiento en el lugar donde se coloc\u00f3 la vacuna o fiebre leve.[\/vc_column_text][\/vc_column_inner][\/vc_row_inner][vc_row_inner][vc_column_inner][vc_custom_heading text=&#8221;\u00bfCu\u00e1ndo debe vacunarse mi hijo contra la meningitis?&#8221; font_container=&#8221;tag:h2|text_align:left|color:%23004789&#8243; use_theme_fonts=&#8221;yes&#8221;][vc_column_text]Diferentes infecciones pueden causar complicaciones, incluida la meningitis. Es importante proteger a tu familia de todas las enfermedades que pueden causar meningitis. Habla con tu m\u00e9dico sobre las vacunas que necesitan los miembros de tu familia:  <\/p>\n<ul>\n<li><strong>Vacuna meningoc\u00f3cica conjugada:<\/strong> Primera dosis a los 11-12 a\u00f1os, con una dosis de refuerzo a los 16 a\u00f1os. Los adolescentes y adultos j\u00f3venes (de 16 a 23 a\u00f1os) tambi\u00e9n pueden vacunarse contra el meningococo del serogrupo B (cepa o variante distinta). <\/li>\n<li><strong>Vacuna meningoc\u00f3cica B:<\/strong> La vacuna MenB debe administrarse a los adolescentes de 16 a 18 a\u00f1os.<\/li>\n<\/ul>\n[\/vc_column_text][\/vc_column_inner][\/vc_row_inner][vc_row_inner][vc_column_inner][vc_custom_heading text=&#8221;\u00bfQu\u00e9 puedo esperar el d\u00eda de la vacuna?&#8221; font_container=&#8221;tag:h2|text_align:left|color:%23004789&#8243; use_theme_fonts=&#8221;yes&#8221;][vc_column_text]Un poquito de preparaci\u00f3n ayuda much\u00edsimo a reducir el estr\u00e9s, tanto para ti como para tu hijo. La informaci\u00f3n confiable te ayuda a garantizar elecciones saludables y fomenta la confianza en la vacuna.[\/vc_column_text][\/vc_column_inner][\/vc_row_inner][vc_row_inner equal_height=&#8221;yes&#8221; content_placement=&#8221;middle&#8221;][vc_column_inner width=&#8221;1\/3&#8243;]<figure class=\"vcex-image vcex-module\"><div class=\"vcex-image-inner wpex-relative wpex-inline-block\"><a href=\"https:\/\/www.voicesforvaccines.org\/fact-sheets\/chickenpox-vaccine-fact-sheet\/\"><img width=\"790\" height=\"1024\" src=\"https:\/\/www.voicesforvaccines.org\/content\/uploads\/2021\/10\/Screen-Shot-2021-10-03-at-3.24.22-PM.png\" class=\"vcex-image-img wpex-align-middle\" alt=\"Download the Meningitis PDF Fact Sheet\" loading=\"lazy\" decoding=\"async\" srcset=\"https:\/\/www.voicesforvaccines.org\/content\/uploads\/2021\/10\/Screen-Shot-2021-10-03-at-3.24.22-PM.png 790w, https:\/\/www.voicesforvaccines.org\/content\/uploads\/2021\/10\/Screen-Shot-2021-10-03-at-3.24.22-PM-231x300.png 231w, https:\/\/www.voicesforvaccines.org\/content\/uploads\/2021\/10\/Screen-Shot-2021-10-03-at-3.24.22-PM-116x150.png 116w, https:\/\/www.voicesforvaccines.org\/content\/uploads\/2021\/10\/Screen-Shot-2021-10-03-at-3.24.22-PM-768x995.png 768w\" sizes=\"auto, (max-width: 790px) 100vw, 790px\" \/><\/a><\/div><\/figure>[\/vc_column_inner][vc_column_inner width=&#8221;2\/3&#8243;][vc_custom_heading text=&#8221;Panfleto informativo sobre la vacuna meningoc\u00f3cica&#8221; font_container=&#8221;tag:h3|text_align:left|color:%23004789&#8243; use_theme_fonts=&#8221;yes&#8221;][vc_column_text]\u00bfLe toca a tu hijo una vacuna contra la meningitis? Lee nuestra <a href=\"https:\/\/www.voicesforvaccines.org\/fact-sheets\/meningococcal-vaccines\/\">panfleto informativo sobre la vacuna meningoc\u00f3cica<\/a> para preparar su cita.[\/vc_column_text]<div class=\"vcex-spacing wpex-w-100 wpex-clear\"><\/div><a href=\"https:\/\/www.voicesforvaccines.org\/fact-sheets\/chickenpox-vaccine-fact-sheet\/\" class=\"vcex-button theme-button inline\"><span class=\"vcex-button-inner theme-button-inner wpex-flex wpex-flex-wrap wpex-items-center wpex-justify-center\">Obt\u00e9n la hoja informativa sobre la vacuna meningoc\u00f3cica<\/span><\/a> [\/vc_column_inner][\/vc_row_inner][vc_row_inner remove_bottom_col_margin=&#8221;true&#8221;][vc_column_inner][vc_custom_heading text=&#8221;\u00bfD\u00f3nde puedo encontrar informaci\u00f3n confiable?&#8221; font_container=&#8221;tag:h2|text_align:left|color:%23004789&#8243; use_theme_fonts=&#8221;yes&#8221;][vc_column_text responsive_text=&#8221;true&#8221; font_family=&#8221;Open Sans&#8221;]Estas organizaciones son expertas en vacunas y pueden proporcionar informaci\u00f3n confiable:<\/p>\n<ul>\n<li><a href=\"https:\/\/www.webmd.com\/children\/vaccines\/meningitis-vaccine-what-parents-should-know#1\" target=\"_blank\" rel=\"noopener\">Web MD&#8217;s Las vacunas contra la meningitis: Lo que los padres deben saber.<\/a><\/li>\n<li><a href=\"https:\/\/www.cdc.gov\/vaccines\/vpd\/mening\/public\/adolescent-vaccine.html#:~:text=MenACWY%20vaccines%20are%20safe.,where%20the%20shot%20was%20given\" target=\"_blank\" rel=\"noopener\">Vacunaci\u00f3n meningoc\u00f3cica para preadolescentes y adolescentes de los CDC: Informaci\u00f3n para padres.<\/a><\/li>\n<li><a href=\"https:\/\/www.immunize.org\/askexperts\/experts_meningococcal_b.asp\" target=\"_blank\" rel=\"noopener\">Immunize Action Coalition&#8217;s pregunta a los expertos. <\/a><\/li>\n<\/ul>\n[\/vc_column_text]<div class=\"templatera_shortcode\"><style type=\"text\/css\" data-type=\"vc_shortcodes-default-css\">.vc_do_custom_heading{margin-bottom:0.625rem;margin-top:0;}<\/style><style type=\"text\/css\" data-type=\"vc_shortcodes-custom-css\">.vc_custom_1623967295184{padding-top: 20px !important;}<\/style>[vc_row][vc_column][vc_custom_heading text=\"\u00bfC\u00f3mo s\u00e9 que esta informaci\u00f3n es cre\u00edble?\" font_container=\"tag:h2|text_align:left|color:%23004789\" use_theme_fonts=\"yes\" css=\".vc_custom_1623967295184{padding-top: 20px !important;}\"][vc_column_text]Trabajamos para los padres, por lo que nos aseguramos de que sus preocupaciones se aborden utilizando hechos y ciencia, y nuestro contenido es revisado por expertos que han dedicado su carrera al estudio de las vacunas. <a href=\"https:\/\/www.voicesforvaccines.org\/credible-info\/\">Obt\u00e9n m\u00e1s informaci\u00f3n<\/a> sobre c\u00f3mo nos aseguramos de ofrecerte la mejor informaci\u00f3n para ayudarte a tomar decisiones saludables para tu familia.[\/vc_column_text][\/vc_column][\/vc_row]<\/div>[\/vc_column_inner][\/vc_row_inner][\/vc_column][vc_column width=&#8221;1\/3&#8243; css=&#8221;.vc_custom_1651874402373{border-radius: 1px !important;}&#8221;][vc_row_inner css=&#8221;.vc_custom_1694638482579{background-color: #2e598d !important;}&#8221;][vc_column_inner]<style>.vcex-heading.vcex_69d1da7683a84{color:#004789;}<\/style><h2 class=\"vcex-heading vcex-heading-plain vcex-module wpex-heading wpex-text-2xl sr-only vcex_69d1da7683a84\"><span class=\"vcex-heading-inner wpex-inline-block\">Conoce los riesgos: Meningitis<\/span><\/h2><figure class=\"vcex-image vcex-module\"><div class=\"vcex-image-inner wpex-relative wpex-inline-block\"><img width=\"801\" height=\"223\" src=\"https:\/\/www.voicesforvaccines.org\/content\/uploads\/2023\/09\/know-the-risks-meningitis.png\" class=\"vcex-image-img wpex-align-middle\" alt=\"Know the risks: Meningitis\" loading=\"lazy\" decoding=\"async\" srcset=\"https:\/\/www.voicesforvaccines.org\/content\/uploads\/2023\/09\/know-the-risks-meningitis.png 801w, https:\/\/www.voicesforvaccines.org\/content\/uploads\/2023\/09\/know-the-risks-meningitis-300x84.png 300w, https:\/\/www.voicesforvaccines.org\/content\/uploads\/2023\/09\/know-the-risks-meningitis-150x42.png 150w, https:\/\/www.voicesforvaccines.org\/content\/uploads\/2023\/09\/know-the-risks-meningitis-768x214.png 768w, https:\/\/www.voicesforvaccines.org\/content\/uploads\/2023\/09\/know-the-risks-meningitis-50x14.png 50w, https:\/\/www.voicesforvaccines.org\/content\/uploads\/2023\/09\/know-the-risks-meningitis-100x28.png 100w\" sizes=\"auto, (max-width: 801px) 100vw, 801px\" \/><\/div><\/figure><div class=\"vcex-module vcex-divider vcex-divider-solid vcex-divider-center wpex-mx-auto wpex-max-w-100 wpex-block wpex-h-0 wpex-border-b wpex-border-solid wpex-border-main\" style=\"width:80%;margin-block:10px;border-bottom-width:5px;border-color:#ffffff;\"><\/div><div class=\"vcex-spacing wpex-w-100 wpex-clear\" style=\"height:5px;\"><\/div>[vc_column_text css=&#8221;.vc_custom_1694885707124{padding-right: 10px !important;padding-left: 10px !important;}&#8221; color=&#8221;#ffffff&#8221; text_align=&#8221;center&#8221; line_height=&#8221;snug&#8221; letter_spacing=&#8221;tight&#8221;]La meningitis se produce r\u00e1pidamente y puede ser dif\u00edcil de diagnosticar al principio. <\/p>\n<p>Cuanto m\u00e1s tiempo pase sin tratamiento, m\u00e1s graves ser\u00e1n las complicaciones, incluida la muerte en 24 horas. <\/p>\n<p><span class=\"wpex-text-lg\" style=\"color: #9fca4f\"><strong>Incluso con tratamiento&#8230;<\/strong><\/span><br \/>\n1 de cada 5 personas tendr\u00e1 una <span class=\"wpex-text-lg\" style=\"color: #9fca4f\"><strong>discapacidad permanente<\/strong><\/span>:[\/vc_column_text]<div class=\"vcex-spacing wpex-w-100 wpex-clear\" style=\"height:20px;\"><\/div><figure class=\"vcex-image vcex-module wpex-text-center\"><div class=\"vcex-image-inner wpex-relative wpex-inline-block\"><img width=\"691\" height=\"148\" src=\"https:\/\/www.voicesforvaccines.org\/content\/uploads\/2023\/09\/1-in-5-people.png\" class=\"vcex-image-img wpex-align-middle\" alt=\"1 in 5 people\" loading=\"lazy\" decoding=\"async\" srcset=\"https:\/\/www.voicesforvaccines.org\/content\/uploads\/2023\/09\/1-in-5-people.png 691w, https:\/\/www.voicesforvaccines.org\/content\/uploads\/2023\/09\/1-in-5-people-300x64.png 300w, https:\/\/www.voicesforvaccines.org\/content\/uploads\/2023\/09\/1-in-5-people-150x32.png 150w, https:\/\/www.voicesforvaccines.org\/content\/uploads\/2023\/09\/1-in-5-people-50x11.png 50w, https:\/\/www.voicesforvaccines.org\/content\/uploads\/2023\/09\/1-in-5-people-100x21.png 100w\" sizes=\"auto, (max-width: 691px) 100vw, 691px\" \/><\/div><\/figure><div class=\"vcex-spacing wpex-w-100 wpex-clear\" style=\"height:10px;\"><\/div>[vc_column_text css=&#8221;.vc_custom_1694885882399{padding-right: 10px !important;padding-left: 10px !important;}&#8221; color=&#8221;#ffffff&#8221; text_align=&#8221;center&#8221; line_height=&#8221;snug&#8221; letter_spacing=&#8221;tight&#8221;]y 1 de cada 10 personas <span class=\"wpex-text-lg\" style=\"color: #9fca4f\"><strong>morir\u00e1<\/strong><\/span>:[\/vc_column_text]<div class=\"vcex-spacing wpex-w-100 wpex-clear\" style=\"height:10px;\"><\/div><figure class=\"vcex-image vcex-module wpex-text-center\"><div class=\"vcex-image-inner wpex-relative wpex-inline-block\"><img width=\"691\" height=\"148\" src=\"https:\/\/www.voicesforvaccines.org\/content\/uploads\/2023\/09\/1-in-10-people.png\" class=\"vcex-image-img wpex-align-middle\" alt=\"1 in 10 people\" loading=\"lazy\" decoding=\"async\" \/><\/div><\/figure><div class=\"vcex-spacing wpex-w-100 wpex-clear\" style=\"height:10px;\"><\/div>[vc_column_text css=&#8221;.vc_custom_1694886093290{padding-right: 10px !important;padding-left: 10px !important;}&#8221; color=&#8221;#ffffff&#8221; text_align=&#8221;center&#8221; line_height=&#8221;snug&#8221; letter_spacing=&#8221;tight&#8221;]Los efectos duraderos de la meningitis son devastadores.<\/p>\n<p><span class=\"wpex-text-lg\"><strong style=\"color: #9fca4f\">\u00bfPor qu\u00e9 correr el riesgo?<\/strong><\/span>[\/vc_column_text][\/vc_column_inner][\/vc_row_inner][vc_row_inner remove_bottom_col_margin=&#8221;true&#8221; css=&#8221;.vc_custom_1694640285251{border-right-width: 10px !important;border-bottom-width: 10px !important;border-left-width: 10px !important;border-left-color: #2e598d !important;border-left-style: solid !important;border-right-color: #2e598d !important;border-right-style: solid !important;border-bottom-color: #2e598d !important;border-bottom-style: solid !important;}&#8221;][vc_column_inner]<div class=\"vcex-spacing wpex-w-100 wpex-clear\" style=\"height:10px;\"><\/div>[vc_column_text css=&#8221;.vc_custom_1694640262505{background-color: #ffffff !important;}&#8221; text_align=&#8221;center&#8221; color=&#8221;#2e598d&#8221; line_height=&#8221;snug&#8221; letter_spacing=&#8221;tight&#8221;]<span class=\"wpex-text-sm\"><strong>No dejes que nadie te diga lo contrario: La vacuna <span class=\"wpex-text-lg\" style=\"color: #9fca4f\">SIEMPRE<\/span> es m\u00e1s segura que la enfermedad.<\/strong><\/span>[\/vc_column_text]<div class=\"vcex-spacing wpex-w-100 wpex-clear\" style=\"height:10px;\"><\/div><div class=\"vcex-module vcex-divider vcex-divider-solid vcex-divider-center wpex-mx-auto wpex-max-w-100 wpex-block wpex-h-0 wpex-border-b wpex-border-solid wpex-border-main\" style=\"width:80%;border-bottom-width:1px;border-color:#2e598d;\"><\/div><div class=\"vcex-spacing wpex-w-100 wpex-clear\" style=\"height:10px;\"><\/div><figure class=\"vcex-image vcex-module wpex-text-center\"><div class=\"vcex-image-inner wpex-relative wpex-inline-block\"><img loading=\"lazy\" class=\"vcex-image-img wpex-align-middle\" decoding=\"async\" src=\"https:\/\/www.voicesforvaccines.org\/content\/uploads\/2021\/06\/LogoNoTag-White-100x47.png\" alt=\"\" srcset=\"https:\/\/www.voicesforvaccines.org\/content\/uploads\/2021\/06\/LogoNoTag-White-100x47.png 100w, https:\/\/www.voicesforvaccines.org\/content\/uploads\/2021\/06\/LogoNoTag-White-300x140.png 300w, https:\/\/www.voicesforvaccines.org\/content\/uploads\/2021\/06\/LogoNoTag-White-150x70.png 150w, https:\/\/www.voicesforvaccines.org\/content\/uploads\/2021\/06\/LogoNoTag-White-768x358.png 768w, https:\/\/www.voicesforvaccines.org\/content\/uploads\/2021\/06\/LogoNoTag-White-100x47@2x.png 200w, https:\/\/www.voicesforvaccines.org\/content\/uploads\/2021\/06\/LogoNoTag-White.png 846w, https:\/\/www.voicesforvaccines.org\/content\/uploads\/2021\/06\/LogoNoTag-White-100x47@2x.png 2x\" width=\"100\" height=\"47\"><\/div><\/figure><div class=\"vcex-spacing wpex-w-100 wpex-clear\" style=\"height:5px;\"><\/div>[\/vc_column_inner][\/vc_row_inner][vc_row_inner][vc_column_inner][vc_custom_heading text=&#8221;Aprende m\u00e1s&#8221; font_container=&#8221;tag:h3|text_align:left|color:%23004789&#8243; use_theme_fonts=&#8221;yes&#8221; css=&#8221;.vc_custom_1651624950470{padding-top: 20px !important;}&#8221;][\/vc_column_inner][\/vc_row_inner][vc_row_inner][vc_column_inner][\/vc_column_inner][\/vc_row_inner]<div class=\"templatera_shortcode\"><style type=\"text\/css\" data-type=\"vc_shortcodes-default-css\">.vc_do_custom_heading{margin-bottom:0.625rem;margin-top:0;}<\/style>[vc_row][vc_column][vc_custom_heading text=\"Have a question?\" font_container=\"tag:h3|text_align:left\" use_theme_fonts=\"yes\"]<div class=\"vcex-spacing wpex-w-100 wpex-clear\" style=\"height:10px;\"><\/div>[vc_column_text]You can <a href=\"https:\/\/www.voicesforvaccines.org\/ask-an-expert\/\">ask us<\/a> and one of our <a href=\"https:\/\/www.voicesforvaccines.org\/credible-info\/\">experts<\/a> might answer it on our website.[\/vc_column_text][\/vc_column][\/vc_row]<\/div>[\/vc_column][\/vc_row]\n<\/div>","protected":false},"excerpt":{"rendered":"<p>La meningitis es una infecci\u00f3n bacteriana grave que puede causar discapacidad grave y la muerte. Inf\u00f3rmate sobre la meningitis y las vacunas que la previenen. <\/p>\n","protected":false},"author":14,"featured_media":13511,"parent":14784,"menu_order":0,"comment_status":"closed","ping_status":"closed","template":"templates\/no-sidebar.php","meta":{"_acf_changed":false,"_price":"","_stock":"","_tribe_ticket_header":"","_tribe_default_ticket_provider":"","_tribe_ticket_capacity":"0","_ticket_start_date":"","_ticket_end_date":"","_tribe_ticket_show_description":"","_tribe_ticket_show_not_going":false,"_tribe_ticket_use_global_stock":"","_tribe_ticket_global_stock_level":"","_global_stock_mode":"","_global_stock_cap":"","_tribe_rsvp_for_event":"","_tribe_ticket_going_count":"","_tribe_ticket_not_going_count":"","_tribe_tickets_list":"[]","_tribe_ticket_has_attendee_info_fields":false,"footnotes":"","_tec_slr_enabled":"","_tec_slr_layout":""},"class_list":["post-14740","page","type-page","status-publish","has-post-thumbnail","hentry","entry","has-media"],"acf":[],"ticketed":false,"_links":{"self":[{"href":"https:\/\/www.voicesforvaccines.org\/es\/wp-json\/wp\/v2\/pages\/14740","targetHints":{"allow":["GET"]}}],"collection":[{"href":"https:\/\/www.voicesforvaccines.org\/es\/wp-json\/wp\/v2\/pages"}],"about":[{"href":"https:\/\/www.voicesforvaccines.org\/es\/wp-json\/wp\/v2\/types\/page"}],"author":[{"embeddable":true,"href":"https:\/\/www.voicesforvaccines.org\/es\/wp-json\/wp\/v2\/users\/14"}],"replies":[{"embeddable":true,"href":"https:\/\/www.voicesforvaccines.org\/es\/wp-json\/wp\/v2\/comments?post=14740"}],"version-history":[{"count":4,"href":"https:\/\/www.voicesforvaccines.org\/es\/wp-json\/wp\/v2\/pages\/14740\/revisions"}],"predecessor-version":[{"id":14774,"href":"https:\/\/www.voicesforvaccines.org\/es\/wp-json\/wp\/v2\/pages\/14740\/revisions\/14774"}],"up":[{"embeddable":true,"href":"https:\/\/www.voicesforvaccines.org\/es\/wp-json\/wp\/v2\/pages\/14784"}],"wp:featuredmedia":[{"embeddable":true,"href":"https:\/\/www.voicesforvaccines.org\/es\/wp-json\/wp\/v2\/media\/13511"}],"wp:attachment":[{"href":"https:\/\/www.voicesforvaccines.org\/es\/wp-json\/wp\/v2\/media?parent=14740"}],"curies":[{"name":"wp","href":"https:\/\/api.w.org\/{rel}","templated":true}]}}