{"id":14743,"date":"2021-05-13T20:14:57","date_gmt":"2021-05-14T01:14:57","guid":{"rendered":"https:\/\/www.voicesforvaccines.org\/informacion-sobre-la-vacuna-triple-virica\/"},"modified":"2025-08-18T14:33:53","modified_gmt":"2025-08-18T19:33:53","slug":"informacion-sobre-la-vacuna-triple-virica","status":"publish","type":"page","link":"https:\/\/www.voicesforvaccines.org\/es\/informacion-sobre-vacunas-y-enfermedades-prevenibles-con-vacunas\/informacion-sobre-la-vacuna-triple-virica\/","title":{"rendered":"Informaci\u00f3n sobre la vacuna triple v\u00edrica"},"content":{"rendered":"<div class=\"wpb-content-wrapper\">[vc_row css=&#8221;.vc_custom_1620857387659{border-radius: 1px !important;}&#8221;][vc_column width=&#8221;2\/3&#8243;][vc_row_inner][vc_column_inner]<style>.vcex-heading.vcex_69d3878b768bc{font-weight:700;}<\/style><h1 class=\"vcex-heading vcex-heading-plain vcex-module wpex-heading wpex-text-2xl vcex_69d3878b768bc\"><span class=\"vcex-heading-inner wpex-inline-block\">Vacuna contra el sarampi\u00f3n, las paperas y la rub\u00e9ola (SPR)<\/span><\/h1>[\/vc_column_inner][\/vc_row_inner][vc_row_inner][vc_column_inner][vc_custom_heading text=&#8221;\u00bfQu\u00e9 son el sarampi\u00f3n, las paperas y la rub\u00e9ola?&#8221; font_container=&#8221;tag:h2|text_align:left|color:%23004789&#8243; use_theme_fonts=&#8221;yes&#8221;][vc_column_text]El sarampi\u00f3n es una enfermedad viral muy contagiosa que se transmite de una persona a otra al toser o estornudar. Los s\u00edntomas comunes incluyen tos, secreci\u00f3n nasal (mucosidad), ojos inflamados, dolor de garganta, fiebre y ronchas con manchas rojas. Debido al \u00e9xito del programa de vacunaci\u00f3n contra el sarampi\u00f3n, el virus del sarampi\u00f3n ya no circula durante todo el a\u00f1o en Estados Unidos. Sin embargo, los ni\u00f1os pueden infectarse en el extranjero o en sus comunidades locales cuando se producen casos o brotes. Y el virus del sarampi\u00f3n podr\u00eda volver a circular ampliamente en los Estados Unidos. a menos que mantengamos altos niveles de vacunaci\u00f3n, especialmente en los ni\u00f1os.    <\/p>\n<p>Las paperas son otra enfermedad viral contagiosa que afecta a las gl\u00e1ndulas que rodean las orejas y provoca hinchaz\u00f3n y dolor en la mand\u00edbula. Se transmite de persona a persona por contacto cercano, como el que se produce cuando se comparte la casa o el sal\u00f3n de clases, se practica deporte con otras personas o se comparten vasos o botellas de agua. <\/p>\n<p>La rub\u00e9ola es una enfermedad viral contagiosa que ocurre con una erupci\u00f3n roja, aumento del tama\u00f1o de los ganglios linf\u00e1ticos del cuello, fiebre leve y dolor de cabeza. Se transmite de persona a persona por el aire al toser o estornudar. Las mujeres que contraen la rub\u00e9ola al principio del embarazo pueden tener hijos con defectos hereditarios muy graves. A diferencia del sarampi\u00f3n, el virus de la rub\u00e9ola ya no circula durante todo el a\u00f1o en Estados Unidos, pero los padres deben seguir vacunando a sus hijos para evitar que contraigan la rub\u00e9ola en Estados Unidos o en el extranjero.[\/vc_column_text][\/vc_column_inner][\/vc_row_inner][vc_row_inner][vc_column_inner][vc_custom_heading text=&#8221;\u00bfCu\u00e1les son los riesgos del sarampi\u00f3n, las paperas y la rub\u00e9ola?&#8221; font_container=&#8221;tag:h2|text_align:left|color:%23004789&#8243; use_theme_fonts=&#8221;yes&#8221;][vc_column_text css=&#8221;&#8221;]El sarampi\u00f3n puede ser muy grave. Entre las personas que contraen el sarampi\u00f3n: <\/p>\n<ul>\n<li>Aproximadamente 1 de cada 14 personas con sarampi\u00f3n contraer\u00e1 una infecci\u00f3n de o\u00eddo (normalmente en ni\u00f1os).<\/li>\n<li>Las infecciones de o\u00eddo graves pueden causar sordera permanente.<\/li>\n<li>Aproximadamente 1 de cada 16 contraer\u00e1 neumon\u00eda, que es la causa m\u00e1s frecuente de muerte infantil relacionada con el sarampi\u00f3n.<\/li>\n<li>Aproximadamente 1 de cada mil personas desarrollar\u00e1 inflamaci\u00f3n del cerebro (encefalitis). El 15 por ciento de las personas que desarrollan encefalitis morir\u00e1n y el 25 por ciento sufrir\u00e1n da\u00f1os cerebrales permanentes. <\/li>\n<\/ul>\n<p>Antes de la vacunaci\u00f3n a gran escala a trav\u00e9s del <a href=\"https:\/\/www.cdc.gov\/vaccines\/programs\/vfc\/index.html\" target=\"_blank\" rel=\"noopener\">programa Vaccines for Children<\/a> (1985 &#8211; 1992), unas 450 personas mor\u00edan cada a\u00f1o en Estados Unidos a causa del sarampi\u00f3n. Incluso con los mejores cuidados, hasta 3 de cada mil personas con sarampi\u00f3n morir\u00e1n.  <\/p>\n<p>El riesgo m\u00e1s frecuente de paperas es la meningitis viral, que se da en 1 de cada 7 ni\u00f1os. Otras complicaciones, que pueden ser especialmente graves en adultos, son la inflamaci\u00f3n de test\u00edculos, ovarios, p\u00e1ncreas, cerebro y m\u00e9dula espinal. Estas complicaciones pueden provocar sordera o infertilidad es decir esterilidad permanente.  <\/p>\n<p>La rub\u00e9ola es una enfermedad leve; sin embargo, si se contrae durante el embarazo, los efectos sobre el beb\u00e9 pueden ser devastadores. Casi el 80 por ciento de los beb\u00e9s nacidos de mujeres que padecieron rub\u00e9ola en el primer trimestre desarrollan el s\u00edndrome de rub\u00e9ola cong\u00e9nita. Las mujeres embarazadas no pueden recibir esta vacuna, por lo que es importante que la reciban antes de quedarse embarazadas y que todas las personas de su entorno tambi\u00e9n hayan sido vacunadas. El s\u00edndrome de rub\u00e9ola cong\u00e9nita puede causar:   <\/p>\n<ul>\n<li>cataratas y ceguera<\/li>\n<li>sordera<\/li>\n<li>defectos hereditarios del coraz\u00f3n<\/li>\n<li>defectos en otros \u00f3rganos<\/li>\n<li>discapacidad mental<\/li>\n<\/ul>\n[\/vc_column_text][\/vc_column_inner][\/vc_row_inner][vc_row_inner][vc_column_inner][vc_custom_heading text=&#8221;\u00bfQu\u00e9 eficacia tiene la vacuna triple viral?&#8221; font_container=&#8221;tag:h2|text_align:left|color:%23004789&#8243; use_theme_fonts=&#8221;yes&#8221;][vc_column_text]El CDC recomienda dos dosis de la triple viral para obtener la mejor protecci\u00f3n:<\/p>\n<p>Una dosis de vacuna triple viral es:<\/p>\n<ul>\n<li>93 por ciento eficaz contra el sarampi\u00f3n<\/li>\n<li>78 por ciento eficaz contra las paperas<\/li>\n<li>97 por ciento eficaz contra la rub\u00e9ola<\/li>\n<\/ul>\n<p>Dos dosis de vacuna triple viral son:<\/p>\n<ul>\n<li>97% eficaz contra el sarampi\u00f3n<\/li>\n<li>88% eficaz contra las paperas<\/li>\n<\/ul>\n[\/vc_column_text][\/vc_column_inner][\/vc_row_inner][vc_row_inner][vc_column_inner][vc_custom_heading text=&#8221;\u00bfEs segura la vacuna triple viral?&#8221; font_container=&#8221;tag:h2|text_align:left|color:%23004789&#8243; use_theme_fonts=&#8221;yes&#8221;][vc_column_text]La triple viral es una <a href=\"https:\/\/www.voicesforvaccines.org\/science\/vaccinesafety\/\">vacuna muy segura<\/a> que protege contra enfermedades graves y a veces mortales. Como todos los medicamentos, existen algunos riesgos, pero son <a href=\"https:\/\/www.voicesforvaccines.org\/science\/vaccinesideeffects\/\">muy poco frecuentes<\/a>. Los riesgos de complicaciones graves de la enfermedad son mucho mayores que el riesgo de una reacci\u00f3n adversa grave.  <\/p>\n<p>Algunos padres est\u00e1n preocupados por la triple viral bas\u00e1ndose en un art\u00edculo falso publicado hace a\u00f1os en el que se afirmaba una relaci\u00f3n con el autismo. El estudio de 1998 que inici\u00f3 esta desinformaci\u00f3n fue investigado y result\u00f3 ser falso. El m\u00e9dico que dirigi\u00f3 el estudio alter\u00f3 los datos y fue declarado culpable de mala conducta cient\u00edfica. Perdi\u00f3 su licencia para ejercer la medicina y la revista que public\u00f3 originalmente el art\u00edculo se desdijo. Cuando un estudio se anula, deja de formar parte del registro cient\u00edfico.    <\/p>\n<p>Desde entonces, se han realizado cientos de estudios con miles de ni\u00f1os en muchos pa\u00edses para determinar si las vacunas podr\u00edan estar relacionadas con el autismo. Ninguno de estos estudios ha encontrado ninguna relaci\u00f3n. Dos estudios importantes incluyen:  <\/p>\n<ul>\n<li>El estudio de Brent Taylor de 1999, que compar\u00f3 a ni\u00f1os con y sin autismo. El estudio descubri\u00f3 que el porcentaje de ni\u00f1os vacunados era el mismo en ambos grupos. <\/li>\n<li>Estudio de Madsen, realizado en Dinamarca entre 1991 y 1998, que incluy\u00f3 a 537 mil 303 ni\u00f1os en un total de 2 millones129 mil 864 personas al a\u00f1o. El estudio concluy\u00f3 que el riesgo de autismo era el mismo en ni\u00f1os vacunados y no vacunados. <\/li>\n<\/ul>\n<p>Debemos asegurarnos de que la informaci\u00f3n que utilizamos para tomar cualquier decisi\u00f3n importante es confiable.<\/p>\n<p>Por desgracia, el estudio de 1998 no era confiable, pero ha sido muy perjudicial.[\/vc_column_text][\/vc_column_inner][\/vc_row_inner][vc_row_inner][vc_column_inner][vc_custom_heading text=&#8221;\u00bfCu\u00e1ndo debe recibir mi hijo la vacuna triple viral?&#8221; font_container=&#8221;tag:h2|text_align:left|color:%23004789&#8243; use_theme_fonts=&#8221;yes&#8221;][vc_column_text]Los ni\u00f1os deben recibir dos dosis de la triple viral. El CDC recomienda la primera dosis entre los 12 y los 15 meses de edad, y la segunda dosis entre los 4 y los 6 a\u00f1os. <\/p>\n<p>Habla con tu m\u00e9dico sobre qu\u00e9 otras vacunas necesita tu familia.[\/vc_column_text][\/vc_column_inner][\/vc_row_inner][vc_row_inner][vc_column_inner][vc_custom_heading text=&#8221;\u00bfQu\u00e9 puedo esperar el d\u00eda de la vacuna?&#8221; font_container=&#8221;tag:h2|text_align:left|color:%23004789&#8243; use_theme_fonts=&#8221;yes&#8221;][vc_column_text]Un poquito de preparaci\u00f3n ayuda much\u00edsimo a reducir el estr\u00e9s, tanto para ti como para tu hijo. La informaci\u00f3n confiable te ayuda a garantizar elecciones saludables y fomenta la confianza en la vacuna.[\/vc_column_text][\/vc_column_inner][\/vc_row_inner][vc_row_inner equal_height=&#8221;yes&#8221; content_placement=&#8221;middle&#8221;][vc_column_inner width=&#8221;1\/3&#8243;]<figure class=\"vcex-image vcex-module\"><div class=\"vcex-image-inner wpex-relative wpex-inline-block\"><a href=\"https:\/\/www.voicesforvaccines.org\/fact-sheets\/mmr-vaccine\/\"><img width=\"784\" height=\"1022\" src=\"https:\/\/www.voicesforvaccines.org\/content\/uploads\/2021\/10\/Screen-Shot-2021-10-03-at-3.36.47-PM.png\" class=\"vcex-image-img wpex-align-middle\" alt=\"Download the MMR Vaccine PDF Fact Sheet\" loading=\"lazy\" decoding=\"async\" srcset=\"https:\/\/www.voicesforvaccines.org\/content\/uploads\/2021\/10\/Screen-Shot-2021-10-03-at-3.36.47-PM.png 784w, https:\/\/www.voicesforvaccines.org\/content\/uploads\/2021\/10\/Screen-Shot-2021-10-03-at-3.36.47-PM-230x300.png 230w, https:\/\/www.voicesforvaccines.org\/content\/uploads\/2021\/10\/Screen-Shot-2021-10-03-at-3.36.47-PM-115x150.png 115w, https:\/\/www.voicesforvaccines.org\/content\/uploads\/2021\/10\/Screen-Shot-2021-10-03-at-3.36.47-PM-768x1001.png 768w\" sizes=\"auto, (max-width: 784px) 100vw, 784px\" \/><\/a><\/div><\/figure>[\/vc_column_inner][vc_column_inner width=&#8221;2\/3&#8243;][vc_custom_heading text=&#8221;Panfleto informativo sobre el sarampi\u00f3n, las paperas y la rub\u00e9ola&#8221; font_container=&#8221;tag:h3|text_align:left|color:%23004789&#8243; use_theme_fonts=&#8221;yes&#8221;][vc_column_text]\u00bfLe toca a tu hijo la vacuna contra el sarampi\u00f3n, las paperas y la rub\u00e9ola (SPR)? Obt\u00e9n nuestro <a href=\"https:\/\/www.voicesforvaccines.org\/fact-sheets\/mmr-vaccine\/\">panfleto informativo sobre la vacuna triple viral<\/a> y prepara tu cita.[\/vc_column_text]<div class=\"vcex-spacing wpex-w-100 wpex-clear\"><\/div><a href=\"https:\/\/www.voicesforvaccines.org\/fact-sheets\/chickenpox-vaccine-fact-sheet\/\" class=\"vcex-button theme-button inline\"><span class=\"vcex-button-inner theme-button-inner wpex-flex wpex-flex-wrap wpex-items-center wpex-justify-center\">Obt\u00e9n el panfleto informativo sobre la triple viral<\/span><\/a> [\/vc_column_inner][\/vc_row_inner][vc_row_inner remove_bottom_col_margin=&#8221;true&#8221;][vc_column_inner][vc_custom_heading text=&#8221;\u00bfD\u00f3nde puedo encontrar informaci\u00f3n confiable?&#8221; font_container=&#8221;tag:h2|text_align:left|color:%23004789&#8243; use_theme_fonts=&#8221;yes&#8221;][vc_column_text responsive_text=&#8221;true&#8221; font_family=&#8221;Open Sans&#8221;]Estas organizaciones son expertas en vacunas y pueden proporcionar informaci\u00f3n confiable:<\/p>\n<ul>\n<li><a href=\"https:\/\/www.chop.edu\/centers-programs\/vaccine-education-center\/vaccine-details\/measles-mumps-and-rubella-vaccines\" target=\"_blank\" rel=\"noopener\">Children&#8217;s Hospital of Philadelphia&#8217;s. Una mirada a cada vacuna: Sarampi\u00f3n, paperas y rub\u00e9ola<\/a><\/li>\n<li><a href=\"https:\/\/www.webmd.com\/children\/vaccines\/measles-mumps-and-rubella-mmr-vaccine#1\" target=\"_blank\" rel=\"noopener\">WebMD&#8217;s Vacuna vs. sarampi\u00f3n, paperas y rub\u00e9ola (MMR)<\/a><\/li>\n<li><a href=\"https:\/\/www.chop.edu\/centers-programs\/vaccine-education-center\/vaccine-details\/measles-mumps-and-rubella-vaccines\" target=\"_blank\" rel=\"noopener\">Children&#8217;s Hospital of Philadelphia&#8217;s. Una mirada a cada vacuna: Sarampi\u00f3n, paperas y rub\u00e9ola <\/a><\/li>\n<\/ul>\n[\/vc_column_text]<div class=\"templatera_shortcode\"><style type=\"text\/css\" data-type=\"vc_shortcodes-default-css\">.vc_do_custom_heading{margin-bottom:0.625rem;margin-top:0;}<\/style><style type=\"text\/css\" data-type=\"vc_shortcodes-custom-css\">.vc_custom_1623967295184{padding-top: 20px !important;}<\/style>[vc_row][vc_column][vc_custom_heading text=\"\u00bfC\u00f3mo s\u00e9 que esta informaci\u00f3n es cre\u00edble?\" font_container=\"tag:h2|text_align:left|color:%23004789\" use_theme_fonts=\"yes\" css=\".vc_custom_1623967295184{padding-top: 20px !important;}\"][vc_column_text]Trabajamos para los padres, por lo que nos aseguramos de que sus preocupaciones se aborden utilizando hechos y ciencia, y nuestro contenido es revisado por expertos que han dedicado su carrera al estudio de las vacunas. <a href=\"https:\/\/www.voicesforvaccines.org\/credible-info\/\">Obt\u00e9n m\u00e1s informaci\u00f3n<\/a> sobre c\u00f3mo nos aseguramos de ofrecerte la mejor informaci\u00f3n para ayudarte a tomar decisiones saludables para tu familia.[\/vc_column_text][\/vc_column][\/vc_row]<\/div>[\/vc_column_inner][\/vc_row_inner][\/vc_column][vc_column width=&#8221;1\/3&#8243; css=&#8221;.vc_custom_1651874138779{border-radius: 1px !important;}&#8221;][vc_row_inner][vc_column_inner][vc_single_image image=&#8221;13474&#8243; onclick=&#8221;img_link_large&#8221;][\/vc_column_inner][\/vc_row_inner][vc_row_inner][vc_column_inner][vc_custom_heading text=&#8221;Aprende m\u00e1s&#8221; font_container=&#8221;tag:h3|text_align:left|color:%23004789&#8243; use_theme_fonts=&#8221;yes&#8221; css=&#8221;.vc_custom_1651624950470{padding-top: 20px !important;}&#8221;][\/vc_column_inner][\/vc_row_inner][vc_row_inner][vc_column_inner][\/vc_column_inner][\/vc_row_inner][vc_row_inner][vc_column_inner]<style>.vcex-post-type-grid-wrap.vcex_69d3878b8068a .entry-title{font-size:1rem;margin-block-end:1rem;font-weight:600;}<\/style><div class=\"vcex-module vcex-post-type-grid-wrap wpex-clr vcex_69d3878b8068a\"><div class=\"wpex-row vcex-post-type-grid entries wpex-clr\"><div class=\"vcex-post-type-entry vcex-grid-item wpex-clr col span_1_of_1 textleft col-1 entry post-5998 type-toolkits has-media\"><div class=\"vcex-post-type-entry-inner entry-inner wpex-first-mt-0 wpex-last-mb-0 wpex-clr vc_custom_1709176678935\"><div class=\"vcex-post-type-entry-media entry-media wpex-relative wpex-mb-20\"><a href=\"https:\/\/www.voicesforvaccines.org\/es\/toolkits\/community-immunity-toolkit\/why-is-community-immunity-all-our-job\/\" title=\"Why Community Immunity is Everyone&#8217;s Job\"><img loading=\"lazy\" class=\"vcex-blog-entry-img wpex-align-middle\" decoding=\"async\" src=\"https:\/\/www.voicesforvaccines.org\/content\/uploads\/2022\/05\/Community-Immunity-Cover-26-232x300.png\" alt=\"\" srcset=\"https:\/\/www.voicesforvaccines.org\/content\/uploads\/2022\/05\/Community-Immunity-Cover-26-232x300.png 232w, https:\/\/www.voicesforvaccines.org\/content\/uploads\/2022\/05\/Community-Immunity-Cover-26-791x1024.png 791w, https:\/\/www.voicesforvaccines.org\/content\/uploads\/2022\/05\/Community-Immunity-Cover-26-116x150.png 116w, https:\/\/www.voicesforvaccines.org\/content\/uploads\/2022\/05\/Community-Immunity-Cover-26-768x994.png 768w, https:\/\/www.voicesforvaccines.org\/content\/uploads\/2022\/05\/Community-Immunity-Cover-26-1187x1536.png 1187w, https:\/\/www.voicesforvaccines.org\/content\/uploads\/2022\/05\/Community-Immunity-Cover-26-39x50.png 39w, https:\/\/www.voicesforvaccines.org\/content\/uploads\/2022\/05\/Community-Immunity-Cover-26-77x100.png 77w, https:\/\/www.voicesforvaccines.org\/content\/uploads\/2022\/05\/Community-Immunity-Cover-26-232x300@2x.png 464w, https:\/\/www.voicesforvaccines.org\/content\/uploads\/2022\/05\/Community-Immunity-Cover-26.png 1545w, https:\/\/www.voicesforvaccines.org\/content\/uploads\/2022\/05\/Community-Immunity-Cover-26-232x300@2x.png 2x\" width=\"232\" height=\"300\"><\/a><\/div><div class=\"vcex-post-type-entry-details entry-details wpex-first-mt-0 wpex-last-mb-0 wpex-clr\"><span class=\"vcex-post-type-entry-title entry-title wpex-mb-5\"><a href=\"https:\/\/www.voicesforvaccines.org\/es\/toolkits\/community-immunity-toolkit\/why-is-community-immunity-all-our-job\/\">Why Community Immunity is Everyone&#8217;s Job<\/a><\/span ><\/div><\/div><\/div><\/div><\/div>[\/vc_column_inner][\/vc_row_inner]<div class=\"templatera_shortcode\"><style type=\"text\/css\" data-type=\"vc_shortcodes-default-css\">.vc_do_custom_heading{margin-bottom:0.625rem;margin-top:0;}<\/style>[vc_row][vc_column][vc_custom_heading text=\"Have a question?\" font_container=\"tag:h3|text_align:left\" use_theme_fonts=\"yes\"]<div class=\"vcex-spacing wpex-w-100 wpex-clear\" style=\"height:10px;\"><\/div>[vc_column_text]You can <a href=\"https:\/\/www.voicesforvaccines.org\/ask-an-expert\/\">ask us<\/a> and one of our <a href=\"https:\/\/www.voicesforvaccines.org\/credible-info\/\">experts<\/a> might answer it on our website.[\/vc_column_text][\/vc_column][\/vc_row]<\/div>[\/vc_column][\/vc_row]\n<\/div>","protected":false},"excerpt":{"rendered":"<p>El sarampi\u00f3n, las paperas y la rub\u00e9ola son infecciones v\u00edricas que pueden causar da\u00f1os permanentes. Inf\u00f3rmate sobre el sarampi\u00f3n, las paperas y la rub\u00e9ola, y sobre la vacuna que las previene. <\/p>\n","protected":false},"author":14,"featured_media":13511,"parent":14784,"menu_order":0,"comment_status":"closed","ping_status":"closed","template":"templates\/no-sidebar.php","meta":{"_acf_changed":false,"_price":"","_stock":"","_tribe_ticket_header":"","_tribe_default_ticket_provider":"","_tribe_ticket_capacity":"0","_ticket_start_date":"","_ticket_end_date":"","_tribe_ticket_show_description":"","_tribe_ticket_show_not_going":false,"_tribe_ticket_use_global_stock":"","_tribe_ticket_global_stock_level":"","_global_stock_mode":"","_global_stock_cap":"","_tribe_rsvp_for_event":"","_tribe_ticket_going_count":"","_tribe_ticket_not_going_count":"","_tribe_tickets_list":"[]","_tribe_ticket_has_attendee_info_fields":false,"footnotes":"","_tec_slr_enabled":"","_tec_slr_layout":""},"class_list":["post-14743","page","type-page","status-publish","has-post-thumbnail","hentry","entry","has-media"],"acf":[],"ticketed":false,"_links":{"self":[{"href":"https:\/\/www.voicesforvaccines.org\/es\/wp-json\/wp\/v2\/pages\/14743","targetHints":{"allow":["GET"]}}],"collection":[{"href":"https:\/\/www.voicesforvaccines.org\/es\/wp-json\/wp\/v2\/pages"}],"about":[{"href":"https:\/\/www.voicesforvaccines.org\/es\/wp-json\/wp\/v2\/types\/page"}],"author":[{"embeddable":true,"href":"https:\/\/www.voicesforvaccines.org\/es\/wp-json\/wp\/v2\/users\/14"}],"replies":[{"embeddable":true,"href":"https:\/\/www.voicesforvaccines.org\/es\/wp-json\/wp\/v2\/comments?post=14743"}],"version-history":[{"count":3,"href":"https:\/\/www.voicesforvaccines.org\/es\/wp-json\/wp\/v2\/pages\/14743\/revisions"}],"predecessor-version":[{"id":14746,"href":"https:\/\/www.voicesforvaccines.org\/es\/wp-json\/wp\/v2\/pages\/14743\/revisions\/14746"}],"up":[{"embeddable":true,"href":"https:\/\/www.voicesforvaccines.org\/es\/wp-json\/wp\/v2\/pages\/14784"}],"wp:featuredmedia":[{"embeddable":true,"href":"https:\/\/www.voicesforvaccines.org\/es\/wp-json\/wp\/v2\/media\/13511"}],"wp:attachment":[{"href":"https:\/\/www.voicesforvaccines.org\/es\/wp-json\/wp\/v2\/media?parent=14743"}],"curies":[{"name":"wp","href":"https:\/\/api.w.org\/{rel}","templated":true}]}}