{"id":14748,"date":"2021-05-13T20:53:33","date_gmt":"2021-05-14T01:53:33","guid":{"rendered":"https:\/\/www.voicesforvaccines.org\/informacion-sobre-la-neumonia\/"},"modified":"2025-08-18T14:33:54","modified_gmt":"2025-08-18T19:33:54","slug":"informacion-sobre-la-neumonia","status":"publish","type":"page","link":"https:\/\/www.voicesforvaccines.org\/es\/informacion-sobre-vacunas-y-enfermedades-prevenibles-con-vacunas\/informacion-sobre-la-neumonia\/","title":{"rendered":"Informaci\u00f3n sobre la neumon\u00eda"},"content":{"rendered":"<div class=\"wpb-content-wrapper\">[vc_row css=&#8221;.vc_custom_1620857387659{border-radius: 1px !important;}&#8221;][vc_column width=&#8221;2\/3&#8243;][vc_row_inner][vc_column_inner]<style>.vcex-heading.vcex_69d1aa3a3cea5{font-size:30px;font-weight:700;}<\/style><h1 class=\"vcex-heading vcex-heading-plain vcex-module wpex-heading wpex-text-2xl vcex_69d1aa3a3cea5\"><span class=\"vcex-heading-inner wpex-inline-block\">Vacuna antineumoc\u00f3cica<\/span><\/h1>[\/vc_column_inner][\/vc_row_inner][vc_row_inner][vc_column_inner][vc_custom_heading text=&#8221;\u00bfQu\u00e9 es la enfermedad neumoc\u00f3cica?&#8221; font_container=&#8221;tag:h2|text_align:left|color:%23004789&#8243; use_theme_fonts=&#8221;yes&#8221;][vc_column_text]<span style=\"font-weight: 400;\">La enfermedad neumoc\u00f3cica es provocada por una bacteria llamada <\/span><i><span style=\"font-weight: 400;\">Streptococcus pneumoniae<\/span><\/i><span style=\"font-weight: 400;\">ta<\/span><span style=\"font-weight: 400;\"> bi\u00e9n neumococo.<\/span><span style=\"font-weight: 400;\">A esta vacuna<\/span><span style=\"font-weight: 400;\"> muchas veces se llama &#8220;vacuna contra la neumon\u00eda&#8221;, pero este nombre puede confundir, porque la neumon\u00eda puede ser causada por diferentes virus, hongos o bacterias. Esta vacuna, en realidad protege contra varias formas graves de enfermedad<\/span><i><span style=\"font-weight: 400;\">S. pneumoniae<\/span><\/i> <span style=\"font-weight: 400;\">causadas por el neumococo, una bacteria que puede afectar muchos \u00f3rganos y que en algunos casos puede ser mortal causando: <\/span><\/p>\n<p><strong>Neumon\u00eda (una infecci\u00f3n de los pulmones)<\/strong><\/p>\n<ul>\n<li style=\"font-weight: 400;\" aria-level=\"2\"><span style=\"font-weight: 400;\">Fiebre y escalofr\u00edos<\/span><\/li>\n<li style=\"font-weight: 400;\" aria-level=\"2\"><span style=\"font-weight: 400;\">Tos<\/span><\/li>\n<li style=\"font-weight: 400;\" aria-level=\"2\"><span style=\"font-weight: 400;\">Respiraci\u00f3n r\u00e1pida o dificultad para respirar<\/span><\/li>\n<li style=\"font-weight: 400;\" aria-level=\"2\"><span style=\"font-weight: 400;\">Dolor en el pecho<\/span><\/li>\n<li style=\"font-weight: 400;\" aria-level=\"2\"><span style=\"font-weight: 400;\">Los adultos mayores con neumon\u00eda neumoc\u00f3cica pueden experimentar confusi\u00f3n o baja atenci\u00f3n y concentraci\u00f3n, en lugar de los s\u00edntomas m\u00e1s comunes antes mencionados.<\/span><\/li>\n<\/ul>\n<p><strong>Meningitis (una infecci\u00f3n grave de la parte que cubre y protege el cerebro y la m\u00e9dula espinal).<\/strong><\/p>\n<ul>\n<li style=\"font-weight: 400;\" aria-level=\"2\"><span style=\"font-weight: 400;\">Rigidez de cuello<\/span><\/li>\n<li style=\"font-weight: 400;\" aria-level=\"2\"><span style=\"font-weight: 400;\">Fiebre<\/span><\/li>\n<li style=\"font-weight: 400;\" aria-level=\"2\"><span style=\"font-weight: 400;\">Dolor de cabeza<\/span><\/li>\n<li style=\"font-weight: 400;\" aria-level=\"2\"><span style=\"font-weight: 400;\">Fotofobia (los ojos son m\u00e1s sensibles a la luz)<\/span><\/li>\n<li style=\"font-weight: 400;\" aria-level=\"2\"><span style=\"font-weight: 400;\">Confusi\u00f3n<\/span><\/li>\n<li style=\"font-weight: 400;\" aria-level=\"2\"><span style=\"font-weight: 400;\">En los beb\u00e9s, la meningitis puede causar falta de apetito, baja atenci\u00f3n y concentraci\u00f3n y v\u00f3mitos.<\/span><\/li>\n<\/ul>\n<p><strong>Bacteriemia y septicemia (infecciones de la sangre)<\/strong><\/p>\n<ul>\n<li><span style=\"font-weight: 400;\">Fiebre<\/span><\/li>\n<li><span style=\"font-weight: 400;\">Escalofr\u00edos<\/span><\/li>\n<li><span style=\"font-weight: 400;\">Bajo nivel de atenci\u00f3n<\/span><\/li>\n<li style=\"font-weight: 400;\" aria-level=\"2\"><span style=\"font-weight: 400;\">Confusi\u00f3n o desorientaci\u00f3n<\/span><\/li>\n<li style=\"font-weight: 400;\" aria-level=\"2\"><span style=\"font-weight: 400;\">Dificultad para respirar<\/span><\/li>\n<li style=\"font-weight: 400;\" aria-level=\"2\"><span style=\"font-weight: 400;\">Frecuencia cardiaca elevada<\/span><\/li>\n<li style=\"font-weight: 400;\" aria-level=\"2\"><span style=\"font-weight: 400;\">Fiebre, temblores o sensaci\u00f3n de mucho fr\u00edo<\/span><\/li>\n<li style=\"font-weight: 400;\" aria-level=\"2\"><span style=\"font-weight: 400;\">Dolor o malestar extremo<\/span><\/li>\n<li style=\"font-weight: 400;\" aria-level=\"2\"><span style=\"font-weight: 400;\">Piel h\u00fameda o sudorosa<\/span><\/li>\n<\/ul>\n<p><strong>Otitis media (infecci\u00f3n del o\u00eddo medio)<\/strong><\/p>\n<ul>\n<li style=\"font-weight: 400;\" aria-level=\"2\"><span style=\"font-weight: 400;\">Se cree que el neumococo causa entre el 50 por ciento y el 60 por ciento de los casos de otitis media<\/span><\/li>\n<\/ul>\n<p><strong>Sinusitis (infecci\u00f3n de los espacios de la nariz)<\/strong>[\/vc_column_text][\/vc_column_inner][\/vc_row_inner][vc_row_inner][vc_column_inner][vc_custom_heading text=&#8221;\u00bfCu\u00e1les son los riesgos de la enfermedad neumoc\u00f3cica?&#8221; font_container=&#8221;tag:h2|text_align:left|color:%23004789&#8243; use_theme_fonts=&#8221;yes&#8221;][vc_column_text]<strong>Neumon\u00eda neumoc\u00f3cica<\/strong><\/p>\n<ul>\n<li style=\"font-weight: 400;\" aria-level=\"1\"><span style=\"font-weight: 400;\">Infecci\u00f3n entre las membranas que cubren los pulmones y el pecho:<\/span><\/li>\n<li style=\"font-weight: 400;\" aria-level=\"1\"><span style=\"font-weight: 400;\">Inflamaci\u00f3n del saco que rodea el coraz\u00f3n. el coraz\u00f3n se inflama y duele, causando problemas para que funcione bien.<\/span><\/li>\n<li style=\"font-weight: 400;\" aria-level=\"1\"><span style=\"font-weight: 400;\">Bloqueo de las v\u00edas respiratorias que llevan el aire a los pulmones (obstrucci\u00f3n endobronquial) con colapso dentro de los pulmones (atelectasia) y acumulaci\u00f3n de pus (absceso) en los pulmones, que dificultan la respiraci\u00f3n.<\/span><\/li>\n<li style=\"font-weight: 400;\" aria-level=\"1\"><span style=\"font-weight: 400;\">La neumon\u00eda neumoc\u00f3cica mata a aproximadamente 1 de cada 20 personas que la contraen. <\/span><\/li>\n<\/ul>\n<p><strong>Meningitis neumoc\u00f3cica<\/strong><\/p>\n<ul>\n<li style=\"font-weight: 400;\" aria-level=\"1\"><span style=\"font-weight: 400;\">La meningitis neumoc\u00f3cica mata aproximadamente a 1 de cada 12 ni\u00f1os y a 1 de cada 7 adultos mayores que se contagian. Quienes sobreviven pueden tener problemas a largo plazo, como p\u00e9rdida de audici\u00f3n o retraso en el desarrollo. <\/span><\/li>\n<\/ul>\n<p><strong>Bacteriemia neumoc\u00f3cica<\/strong><\/p>\n<ul>\n<li style=\"font-weight: 400;\" aria-level=\"1\"><span style=\"font-weight: 400;\">La bacteriemia neumoc\u00f3cica (presencia de bacterias en la sangre) mata aproximadamente a 1 de cada 30 ni\u00f1os y a 1 de cada 7 adultos que la padecen. Para quienes sobreviven, la bacteriemia neumoc\u00f3cica puede provocar la p\u00e9rdida de una o varias extremidades, como un brazo o una pierna. <\/span><\/li>\n<\/ul>\n<p><strong>Sepsis<\/strong><\/p>\n<ul>\n<li style=\"font-weight: 400;\" aria-level=\"1\"><span style=\"font-weight: 400;\">Las complicaciones de la sepsis (una inflamaci\u00f3n generalizada de varios \u00f3rganos y tejidos) incluyen insuficiencia en los ri\u00f1ones y da\u00f1o cerebral, pulmonar o card\u00edaco, y la muerte.<\/span><\/li>\n<\/ul>\n<p><strong>Infecciones de o\u00eddo<\/strong><\/p>\n<ul>\n<li style=\"font-weight: 400;\" aria-level=\"1\"><span style=\"font-weight: 400;\">Las infecciones de o\u00eddo neumoc\u00f3cicas suelen ser leves y son m\u00e1s comunes que las formas m\u00e1s graves de la enfermedad neumoc\u00f3cica. Sin embargo, algunos ni\u00f1os desarrollan infecciones de o\u00eddo repetidas y pueden necesitar tubos en los o\u00eddos. Otros pueden perder el o\u00eddo por completo.  <\/span><\/li>\n<\/ul>\n<p><strong>Infecciones sinusales<\/strong><\/p>\n<ul>\n<li style=\"font-weight: 400;\" aria-level=\"1\"><span style=\"font-weight: 400;\">Las complicaciones son poco frecuentes, pero incluyen infecci\u00f3n del tejido que rodea los ojos, infecci\u00f3n \u00f3sea y una acumulaci\u00f3n dolorosa de pus (absceso).<\/span><\/li>\n<\/ul>\n[\/vc_column_text][\/vc_column_inner][\/vc_row_inner][vc_row_inner][vc_column_inner][vc_custom_heading text=&#8221;\u00bfQu\u00e9 eficacia tienen las vacunas antineumoc\u00f3cicas?&#8221; font_container=&#8221;tag:h2|text_align:left|color:%23004789&#8243; use_theme_fonts=&#8221;yes&#8221;][vc_column_text]<span style=\"font-weight: 400;\">Antes de que existiera esta vacuna ,<\/span><span style=\"font-weight: 400;\">cada infecci\u00f3n neumoc\u00f3cica causaba:<\/span><\/p>\n<ul>\n<li style=\"font-weight: 400;\" aria-level=\"1\"><span style=\"font-weight: 400;\">alrededor de cinco millones de infecciones de o\u00eddo<\/span><\/li>\n<li style=\"font-weight: 400;\" aria-level=\"1\"><span style=\"font-weight: 400;\">m\u00e1s de 700 casos de meningitis<\/span><\/li>\n<li style=\"font-weight: 400;\" aria-level=\"1\"><span style=\"font-weight: 400;\">13 mil infecciones en la sangre (septicemia); y<\/span><\/li>\n<li style=\"font-weight: 400;\" aria-level=\"1\"><span style=\"font-weight: 400;\">otros problemas de salud, como neumon\u00eda, sordera y da\u00f1o cerebral<\/span><\/li>\n<\/ul>\n<p><span style=\"font-weight: 400;\">Dado que la enfermedad neumoc\u00f3cica tiene tantas manifestaciones, la vacunaci\u00f3n puede proteger contra una serie de enfermedades causadas por el neumococo, entre ellas las infecciones de o\u00eddo, la septicemia, la neumon\u00eda, la meningitis entre otras.<\/span><\/p>\n<ul>\n<li style=\"font-weight: 400;\" aria-level=\"1\"><b>Vacuna conjugada neumoc\u00f3cica (PCV13).<\/b><span style=\"font-weight: 400;\"> Tiene una eficacia de aproximadamente el 75 por ciento contra la enfermedad neumoc\u00f3cica invasiva (ENI), que puede causar meningitis.<\/span><\/li>\n<li><b>Vacuna polisac\u00e1rida neumoc\u00f3cica (PPSV23).<\/b><span style=\"font-weight: 400;\"> Est\u00e1 indicada para personas mayores de 65 a\u00f1os o personas con enfermedades cr\u00f3nicas. Tiene una eficacia del 60 al 80 por ciento contra la enfermedad neumoc\u00f3cica invasiva cuando se administra a personas sanas, pero es menos eficaz en personas con el sistema inmune debilitado. <\/span><\/li>\n<\/ul>\n[\/vc_column_text][\/vc_column_inner][\/vc_row_inner][vc_row_inner][vc_column_inner][vc_custom_heading text=&#8221;\u00bfEs segura la vacuna contra la neumon\u00eda?&#8221; font_container=&#8221;tag:h2|text_align:left|color:%23004789&#8243; use_theme_fonts=&#8221;yes&#8221;][vc_column_text]\n<ul>\n<li><strong>Vacuna conjugada neumoc\u00f3cica (PCV13):<\/strong> La vacuna PCV13 es muy segura: los efectos secundarios habituales son leves y suelen durar s\u00f3lo 1 \u00f3 2 d\u00edas. Incluyen somnolencia, p\u00e9rdida de apetito, dolor o hinchaz\u00f3n en el lugar donde se administr\u00f3 la vacuna, fiebre y dolor de cabeza.\n<\/li>\n<li><strong>Vacuna polisac\u00e1rida neumoc\u00f3cica (PPSV23):<\/strong> La vacuna PPSV23 es extremadamente segura, y los efectos secundarios graves son poco comunes. La mitad de las personas pueden sentir enrojecimiento o dolor donde se aplic\u00f3 la vacuna. Menos del 1por ciento puede tener fiebre o dolor muscular.  <\/li>\n<\/ul>\n[\/vc_column_text][\/vc_column_inner][\/vc_row_inner][vc_row_inner][vc_column_inner][vc_custom_heading text=&#8221;\u00bfCu\u00e1ndo debe vacunarse mi familia contra la neumon\u00eda?&#8221; font_container=&#8221;tag:h2|text_align:left|color:%23004789&#8243; use_theme_fonts=&#8221;yes&#8221;][vc_column_text]\n<ul>\n<li><strong>Vacuna conjugada neumoc\u00f3cica (PCV13):<\/strong> Ni\u00f1os menores de 2 a\u00f1os y personas con ciertas enfermedades.<\/li>\n<li><strong>Vacuna polisac\u00e1rida neumoc\u00f3cica (PPSV23):<\/strong> Adultos mayores de 65 a\u00f1os, y personas menores de 65 con enfermedades o que fuman.<\/li>\n<\/ul>\n<p>Hable con su doctor o cl\u00ednica para saber qu\u00e9 vacunas necesitas t\u00fa y tu familia.[\/vc_column_text][\/vc_column_inner][\/vc_row_inner][vc_row_inner][vc_column_inner][vc_custom_heading text=&#8221;\u00bfQu\u00e9 puedo esperar el d\u00eda de la vacuna?&#8221; font_container=&#8221;tag:h2|text_align:left|color:%23004789&#8243; use_theme_fonts=&#8221;yes&#8221;][vc_column_text]Un poquito de preparaci\u00f3n ayuda much\u00edsimo a reducir el estr\u00e9s, tanto para ti como para tu hijo. La informaci\u00f3n confiable te ayuda a garantizar elecciones saludables y fomenta la confianza en la vacuna.[\/vc_column_text][\/vc_column_inner][\/vc_row_inner][vc_row_inner equal_height=&#8221;yes&#8221; content_placement=&#8221;middle&#8221;][vc_column_inner width=&#8221;1\/3&#8243;]<figure class=\"vcex-image vcex-module\"><div class=\"vcex-image-inner wpex-relative wpex-inline-block\"><a href=\"https:\/\/www.voicesforvaccines.org\/fact-sheets\/chickenpox-vaccine-fact-sheet\/\"><img width=\"794\" height=\"1026\" src=\"https:\/\/www.voicesforvaccines.org\/content\/uploads\/2021\/10\/Screen-Shot-2021-10-03-at-3.32.07-PM.png\" class=\"vcex-image-img wpex-align-middle\" alt=\"Download the Pneumonia PDF Fact Sheet\" loading=\"lazy\" decoding=\"async\" srcset=\"https:\/\/www.voicesforvaccines.org\/content\/uploads\/2021\/10\/Screen-Shot-2021-10-03-at-3.32.07-PM.png 794w, https:\/\/www.voicesforvaccines.org\/content\/uploads\/2021\/10\/Screen-Shot-2021-10-03-at-3.32.07-PM-232x300.png 232w, https:\/\/www.voicesforvaccines.org\/content\/uploads\/2021\/10\/Screen-Shot-2021-10-03-at-3.32.07-PM-792x1024.png 792w, https:\/\/www.voicesforvaccines.org\/content\/uploads\/2021\/10\/Screen-Shot-2021-10-03-at-3.32.07-PM-116x150.png 116w, https:\/\/www.voicesforvaccines.org\/content\/uploads\/2021\/10\/Screen-Shot-2021-10-03-at-3.32.07-PM-768x992.png 768w\" sizes=\"auto, (max-width: 794px) 100vw, 794px\" \/><\/a><\/div><\/figure>[\/vc_column_inner][vc_column_inner width=&#8221;2\/3&#8243;][vc_custom_heading text=&#8221;Hoja informativa sobre la neumon\u00eda&#8221; font_container=&#8221;tag:h3|text_align:left|color:%23004789&#8243; use_theme_fonts=&#8221;yes&#8221;][vc_column_text]\u00bfAlg\u00fan miembro de tu familia necesita la vacuna contra la neumon\u00eda? Descarga nuestro <a href=\"https:\/\/www.voicesforvaccines.org\/fact-sheets\/pneumococcal-vaccines\/\">panfleto informativo sobre la vacuna neumoc\u00f3cica<\/a> para preparar tu cita.[\/vc_column_text]<div class=\"vcex-spacing wpex-w-100 wpex-clear\"><\/div><a href=\"https:\/\/www.voicesforvaccines.org\/fact-sheets\/chickenpox-vaccine-fact-sheet\/\" class=\"vcex-button theme-button inline\"><span class=\"vcex-button-inner theme-button-inner wpex-flex wpex-flex-wrap wpex-items-center wpex-justify-center\">Obt\u00e9n el panfleto informativo sobre la neumon\u00eda<\/span><\/a> [\/vc_column_inner][\/vc_row_inner][vc_row_inner remove_bottom_col_margin=&#8221;true&#8221;][vc_column_inner][vc_custom_heading text=&#8221;\u00bfD\u00f3nde puedo encontrar informaci\u00f3n confiable?&#8221; font_container=&#8221;tag:h2|text_align:left|color:%23004789&#8243; use_theme_fonts=&#8221;yes&#8221;][vc_column_text responsive_text=&#8221;true&#8221; font_family=&#8221;Open Sans&#8221;]Estas organizaciones son expertas en vacunas y pueden proporcionar informaci\u00f3n confiable:<\/p>\n<ul>\n<li><a href=\"https:\/\/www.cdc.gov\/vaccines\/vpd\/pneumo\/public\/index.html\" target=\"_blank\" rel=\"noopener\">Vacunaci\u00f3n neumoc\u00f3cica de los CDC: lo que todo el mundo deber\u00eda saber <\/a><\/li>\n<li><a href=\"https:\/\/www.lung.org\/lung-health-diseases\/lung-disease-lookup\/pneumonia\/preventing-pneumonia\" target=\"_blank\" rel=\"noopener\">Prevenci\u00f3n de la neumon\u00eda de la Asociaci\u00f3n Americana del Pulm\u00f3n<\/a><\/li>\n<li><a href=\"https:\/\/www.hopkinsmedicine.org\/health\/conditions-and-diseases\/pneumonia\" target=\"_blank\" rel=\"noopener\">\u00bfQu\u00e9 es la neumon\u00eda? Hospital Johns Hopkins<\/a><\/li>\n<\/ul>\n[\/vc_column_text]<div class=\"templatera_shortcode\"><style type=\"text\/css\" data-type=\"vc_shortcodes-default-css\">.vc_do_custom_heading{margin-bottom:0.625rem;margin-top:0;}<\/style><style type=\"text\/css\" data-type=\"vc_shortcodes-custom-css\">.vc_custom_1623967295184{padding-top: 20px !important;}<\/style>[vc_row][vc_column][vc_custom_heading text=\"\u00bfC\u00f3mo s\u00e9 que esta informaci\u00f3n es cre\u00edble?\" font_container=\"tag:h2|text_align:left|color:%23004789\" use_theme_fonts=\"yes\" css=\".vc_custom_1623967295184{padding-top: 20px !important;}\"][vc_column_text]Trabajamos para los padres, por lo que nos aseguramos de que sus preocupaciones se aborden utilizando hechos y ciencia, y nuestro contenido es revisado por expertos que han dedicado su carrera al estudio de las vacunas. <a href=\"https:\/\/www.voicesforvaccines.org\/credible-info\/\">Obt\u00e9n m\u00e1s informaci\u00f3n<\/a> sobre c\u00f3mo nos aseguramos de ofrecerte la mejor informaci\u00f3n para ayudarte a tomar decisiones saludables para tu familia.[\/vc_column_text][\/vc_column][\/vc_row]<\/div>[\/vc_column_inner][\/vc_row_inner][\/vc_column][vc_column width=&#8221;1\/3&#8243; css=&#8221;.vc_custom_1651881313547{border-radius: 1px !important;}&#8221;][vc_row_inner][vc_column_inner][vc_single_image image=&#8221;13473&#8243; onclick=&#8221;img_link_large&#8221;][\/vc_column_inner][\/vc_row_inner][vc_row_inner][vc_column_inner][vc_custom_heading text=&#8221;Aprende m\u00e1s&#8221; font_container=&#8221;tag:h3|text_align:left|color:%23004789&#8243; use_theme_fonts=&#8221;yes&#8221; css=&#8221;.vc_custom_1651624950470{padding-top: 20px !important;}&#8221;][\/vc_column_inner][\/vc_row_inner][vc_row_inner][vc_column_inner][\/vc_column_inner][\/vc_row_inner]<div class=\"templatera_shortcode\"><style type=\"text\/css\" data-type=\"vc_shortcodes-default-css\">.vc_do_custom_heading{margin-bottom:0.625rem;margin-top:0;}<\/style>[vc_row][vc_column][vc_custom_heading text=\"Have a question?\" font_container=\"tag:h3|text_align:left\" use_theme_fonts=\"yes\"]<div class=\"vcex-spacing wpex-w-100 wpex-clear\" style=\"height:10px;\"><\/div>[vc_column_text]You can <a href=\"https:\/\/www.voicesforvaccines.org\/ask-an-expert\/\">ask us<\/a> and one of our <a href=\"https:\/\/www.voicesforvaccines.org\/credible-info\/\">experts<\/a> might answer it on our website.[\/vc_column_text][\/vc_column][\/vc_row]<\/div>[\/vc_column][\/vc_row]\n<\/div>","protected":false},"excerpt":{"rendered":"<p>La neumon\u00eda es una infecci\u00f3n pulmonar que puede ir de leve a grave y a veces poner en peligro la vida. Inf\u00f3rmate sobre la neumon\u00eda y las vacunas que la previenen. <\/p>\n","protected":false},"author":14,"featured_media":13511,"parent":14784,"menu_order":0,"comment_status":"closed","ping_status":"closed","template":"templates\/no-sidebar.php","meta":{"_acf_changed":false,"_price":"","_stock":"","_tribe_ticket_header":"","_tribe_default_ticket_provider":"","_tribe_ticket_capacity":"0","_ticket_start_date":"","_ticket_end_date":"","_tribe_ticket_show_description":"","_tribe_ticket_show_not_going":false,"_tribe_ticket_use_global_stock":"","_tribe_ticket_global_stock_level":"","_global_stock_mode":"","_global_stock_cap":"","_tribe_rsvp_for_event":"","_tribe_ticket_going_count":"","_tribe_ticket_not_going_count":"","_tribe_tickets_list":"[]","_tribe_ticket_has_attendee_info_fields":false,"footnotes":"","_tec_slr_enabled":"","_tec_slr_layout":""},"class_list":["post-14748","page","type-page","status-publish","has-post-thumbnail","hentry","entry","has-media"],"acf":[],"ticketed":false,"_links":{"self":[{"href":"https:\/\/www.voicesforvaccines.org\/es\/wp-json\/wp\/v2\/pages\/14748","targetHints":{"allow":["GET"]}}],"collection":[{"href":"https:\/\/www.voicesforvaccines.org\/es\/wp-json\/wp\/v2\/pages"}],"about":[{"href":"https:\/\/www.voicesforvaccines.org\/es\/wp-json\/wp\/v2\/types\/page"}],"author":[{"embeddable":true,"href":"https:\/\/www.voicesforvaccines.org\/es\/wp-json\/wp\/v2\/users\/14"}],"replies":[{"embeddable":true,"href":"https:\/\/www.voicesforvaccines.org\/es\/wp-json\/wp\/v2\/comments?post=14748"}],"version-history":[{"count":3,"href":"https:\/\/www.voicesforvaccines.org\/es\/wp-json\/wp\/v2\/pages\/14748\/revisions"}],"predecessor-version":[{"id":14751,"href":"https:\/\/www.voicesforvaccines.org\/es\/wp-json\/wp\/v2\/pages\/14748\/revisions\/14751"}],"up":[{"embeddable":true,"href":"https:\/\/www.voicesforvaccines.org\/es\/wp-json\/wp\/v2\/pages\/14784"}],"wp:featuredmedia":[{"embeddable":true,"href":"https:\/\/www.voicesforvaccines.org\/es\/wp-json\/wp\/v2\/media\/13511"}],"wp:attachment":[{"href":"https:\/\/www.voicesforvaccines.org\/es\/wp-json\/wp\/v2\/media?parent=14748"}],"curies":[{"name":"wp","href":"https:\/\/api.w.org\/{rel}","templated":true}]}}