{"id":14752,"date":"2021-05-13T20:42:31","date_gmt":"2021-05-14T01:42:31","guid":{"rendered":"https:\/\/www.voicesforvaccines.org\/informacion-sobre-la-polio\/"},"modified":"2025-08-18T14:33:53","modified_gmt":"2025-08-18T19:33:53","slug":"informacion-sobre-la-polio","status":"publish","type":"page","link":"https:\/\/www.voicesforvaccines.org\/es\/informacion-sobre-vacunas-y-enfermedades-prevenibles-con-vacunas\/informacion-sobre-la-polio\/","title":{"rendered":"Informaci\u00f3n sobre la polio"},"content":{"rendered":"<div class=\"wpb-content-wrapper\">[vc_row css=&#8221;.vc_custom_1620857387659{border-radius: 1px !important;}&#8221;][vc_column width=&#8221;2\/3&#8243;][vc_row_inner][vc_column_inner]<h1 class=\"vcex-heading vcex-heading-plain vcex-module wpex-heading wpex-text-2xl\"><span class=\"vcex-heading-inner wpex-inline-block\">Vacuna contra la poliomielitis<\/span><\/h1>[\/vc_column_inner][\/vc_row_inner][vc_row_inner][vc_column_inner][vc_custom_heading text=&#8221;\u00bfQu\u00e9 es la poliomielitis?&#8221; font_container=&#8221;tag:h2|text_align:left|color:%23004789&#8243; use_theme_fonts=&#8221;yes&#8221;][vc_column_text]La poliomielitis, o polio, es una enfermedad causada por un virus que se pasa de una persona a otra por las heces o v\u00eda oral. Esto sucede cuando alguien toca o come algo que tiene contacto con heces (caca) de una persona infectada, especialmente si no se lavan bien las manos o si el agua o los alimentos est\u00e1n sucios. Este virus ataca la m\u00e9dula espinal (la parte del cuerpo que ayuda a mover los m\u00fasculos). En casos graves, la polio puede causar par\u00e1lisis permanente, Si los m\u00fasculos que ayudan a respirar se paralizan, la persona puede morir.    <\/p>\n<p>La mayor\u00eda de las personas que se infectan con el virus de la polio (alrededor del 72 por ciento) no tienen ning\u00fan s\u00edntoma. Otras personas pueden sentir s\u00edntomas similares a una gripe, como fiebre, dolor de cabeza o dolor de est\u00f3mago. Estos malestares suelen durar de 2 a 5 d\u00edas y luego desaparecen solos. En algunos casos de grupos m\u00e1s peque\u00f1os, la polio puede causar s\u00edntomas m\u00e1s graves como par\u00e1lisis.  <\/p>\n<p>Es importante comprender que incluso las personas que NO presentan s\u00edntomas pueden contagiar a otras.<\/p>\n<p>La poliomielitis es una de las pocas enfermedades que podemos erradicar por completo del planeta, ya que solo se transmite de persona a persona. Si vacunamos a todo el mundo, la poliomielitis no tendr\u00e1 a qui\u00e9n infectar y dejar\u00e1 de existir. Es una noticia buen\u00edsima, ya que, hasta la d\u00e9cada de 1950, la poliomielitis era una de las enfermedades m\u00e1s temidas en los Estados Unidos. Antes de la vacunaci\u00f3n, la poliomielitis paralizaba a m\u00e1s de 15 mil personas <strong>cada a\u00f1o!<\/strong>  <\/p>\n<p>Debido a que las vacunas han sido tan eficaces en la prevenci\u00f3n de la poliomielitis en los Estados Unidos, muchos padres y madres de familia, as\u00ed como m\u00e9dicos nunca han visto la poliomielitis y piensan que ya no es una amenaza. Pero la polio a\u00fan no ha sido erradicada; el mundo est\u00e1 MUY cerca de ello, pero debemos seguir vacunando a todos los ni\u00f1os para que no vuelva. La polio no conoce fronteras: puede regresar en un solo viaje en avi\u00f3n en una visita a un pa\u00eds donde a\u00fan no ha sido erradicada.[\/vc_column_text][\/vc_column_inner][\/vc_row_inner][vc_row_inner][vc_column_inner][vc_custom_heading text=&#8221;\u00bfCu\u00e1les son los riesgos de la poliomielitis?&#8221; font_container=&#8221;tag:h2|text_align:left|color:%23004789&#8243; use_theme_fonts=&#8221;yes&#8221;][vc_column_text]En raras ocasiones, algunas personas desarrollan s\u00edntomas m\u00e1s graves que afectan al cerebro y la m\u00e9dula espinal, entre los que se incluyen:<\/p>\n<ul>\n<li>sensaci\u00f3n de hormigueo en las piernas<\/li>\n<li>meningitis (1 de cada 25 personas con poliomielitis)<\/li>\n<li>par\u00e1lisis (1 de cada 200 personas con poliomielitis)<\/li>\n<\/ul>\n<p>Entre 2 y 10 de cada 100 personas paralizadas morir\u00e1n porque la poliomielitis afecta a los m\u00fasculos que les ayudan a respirar. Tambi\u00e9n hay complicaciones a largo plazo para quienes sobreviven a la poliomielitis. El s\u00edndrome pospoliomiel\u00edtico se produce en algunos adultos totalmente recuperados entre 15 o 40 a\u00f1os despu\u00e9s de la infecci\u00f3n. Los s\u00edntomas del s\u00edndrome pospoliomiel\u00edtico incluyen dolor muscular, debilidad o par\u00e1lisis.[\/vc_column_text][\/vc_column_inner][\/vc_row_inner][vc_row_inner][vc_column_inner][vc_custom_heading text=&#8221;\u00bfQu\u00e9 tan eficaz es la vacuna contra la poliomielitis?&#8221; font_container=&#8221;tag:h2|text_align:left|color:%23004789&#8243; use_theme_fonts=&#8221;yes&#8221;][vc_column_text]La IPV (vacuna inactiva contra el poliovirus) se administra en cuatro dosis:<\/p>\n<ul>\n<li>2 dosis de IPV son eficaces en m\u00e1s del 90 por ciento contra la poliomielitis.<\/li>\n<li>3 dosis de IPV son eficaces en un 99 a100 por ciento.<\/li>\n<\/ul>\n<p>Una cuarta dosis entre los 4 y los 6 a\u00f1os act\u00faa como refuerzo, lo que permite mantener la inmunidad.[\/vc_column_text][\/vc_column_inner][\/vc_row_inner][vc_row_inner][vc_column_inner][vc_custom_heading text=&#8221;\u00bfQu\u00e9 tan segura es la vacuna contra la poliomielitis?&#8221; font_container=&#8221;tag:h2|text_align:left|color:%23004789&#8243; use_theme_fonts=&#8221;yes&#8221;][vc_column_text]La vacuna IPV es <a href=\"https:\/\/www.voicesforvaccines.org\/science\/vaccinesafety\/\">muy segura<\/a>, y <a href=\"https:\/\/www.voicesforvaccines.org\/science\/vaccinesideeffects\/\">no se conocen efectos secundarios graves<\/a>. El efecto secundario leve m\u00e1s com\u00fan es dolor o enrojecimiento en el lugar donde se coloc\u00f3 la vacuna. En raras ocasiones, algunas personas pueden sentir mareos o desmayarse despu\u00e9s de recibir la vacuna, o tener dolor en el hombro. Al igual que con cualquier medicamento, puede producirse una reacci\u00f3n al\u00e9rgica, pero es tan poco frecuente que solo ocurre en 1 de cada 1 mill\u00f3n de dosis.[\/vc_column_text][\/vc_column_inner][\/vc_row_inner][vc_row_inner][vc_column_inner][vc_custom_heading text=&#8221;\u00bfCu\u00e1ndo debe recibir mi hijo la vacuna contra la poliomielitis?&#8221; font_container=&#8221;tag:h2|text_align:left|color:%23004789&#8243; use_theme_fonts=&#8221;yes&#8221;][vc_column_text]Los ni\u00f1os de Estados Unidos deben recibir 4 dosis de la vacuna inactivada contra la poliomielitis (IPV) para protegerse contra la poliomielitis a las siguientes edades:<\/p>\n<ul>\n<li>2 meses<\/li>\n<li>4 meses<\/li>\n<li>6 a 18 meses<\/li>\n<li>4 a 6 a\u00f1os<\/li>\n<\/ul>\n<p>Hable con su m\u00e9dico o cl\u00ednica sobre las vacunas que necesita su familia. Si su hijo tiene m\u00e1s de 6 a\u00f1os y no ha sido vacunado, a\u00fan puede recibir la vacuna contra la poliomielitis para estar protegido.[\/vc_column_text][\/vc_column_inner][\/vc_row_inner][vc_row_inner][vc_column_inner][vc_custom_heading text=&#8221;\u00bfQu\u00e9 puedo esperar el d\u00eda de la vacuna?&#8221; font_container=&#8221;tag:h2|text_align:left|color:%23004789&#8243; use_theme_fonts=&#8221;yes&#8221;][vc_column_text]Un poquito de preparaci\u00f3n ayuda much\u00edsimo a reducir el estr\u00e9s, tanto para ti como para tu hijo. La informaci\u00f3n confiable te ayuda a garantizar elecciones saludables y fomenta la confianza en la vacuna.[\/vc_column_text][\/vc_column_inner][\/vc_row_inner][vc_row_inner equal_height=&#8221;yes&#8221; content_placement=&#8221;middle&#8221;][vc_column_inner width=&#8221;1\/3&#8243;]<figure class=\"vcex-image vcex-module\"><div class=\"vcex-image-inner wpex-relative wpex-inline-block\"><a href=\"https:\/\/www.voicesforvaccines.org\/fact-sheets\/chickenpox-vaccine-fact-sheet\/\"><img width=\"788\" height=\"1028\" src=\"https:\/\/www.voicesforvaccines.org\/content\/uploads\/2021\/10\/Screen-Shot-2021-10-03-at-3.28.18-PM.png\" class=\"vcex-image-img wpex-align-middle\" alt=\"Download the Polio IPV Vaccine PDF Fact Sheet\" loading=\"lazy\" decoding=\"async\" srcset=\"https:\/\/www.voicesforvaccines.org\/content\/uploads\/2021\/10\/Screen-Shot-2021-10-03-at-3.28.18-PM.png 788w, https:\/\/www.voicesforvaccines.org\/content\/uploads\/2021\/10\/Screen-Shot-2021-10-03-at-3.28.18-PM-230x300.png 230w, https:\/\/www.voicesforvaccines.org\/content\/uploads\/2021\/10\/Screen-Shot-2021-10-03-at-3.28.18-PM-785x1024.png 785w, https:\/\/www.voicesforvaccines.org\/content\/uploads\/2021\/10\/Screen-Shot-2021-10-03-at-3.28.18-PM-115x150.png 115w, https:\/\/www.voicesforvaccines.org\/content\/uploads\/2021\/10\/Screen-Shot-2021-10-03-at-3.28.18-PM-768x1002.png 768w\" sizes=\"auto, (max-width: 788px) 100vw, 788px\" \/><\/a><\/div><\/figure>[\/vc_column_inner][vc_column_inner width=&#8221;2\/3&#8243;][vc_custom_heading text=&#8221;Panfleto informativo sobre la poliomielitis&#8221; font_container=&#8221;tag:h3|text_align:left|color:%23004789&#8243; use_theme_fonts=&#8221;yes&#8221;][vc_column_text]\u00bfQuieres prepararte para la vacuna contra la poliomielitis de su hijo? Descarga nuestro <a href=\"https:\/\/www.voicesforvaccines.org\/fact-sheets\/polio-vaccine\/\"> panfleto informativo sobre la vacuna contra la poliomielitis<\/a> para obtener m\u00e1s informaci\u00f3n.[\/vc_column_text]<div class=\"vcex-spacing wpex-w-100 wpex-clear\"><\/div><a href=\"https:\/\/www.voicesforvaccines.org\/fact-sheets\/chickenpox-vaccine-fact-sheet\/\" class=\"vcex-button theme-button inline\"><span class=\"vcex-button-inner theme-button-inner wpex-flex wpex-flex-wrap wpex-items-center wpex-justify-center\">Obt\u00e9n el panfleto informativo sobre la poliomielitis<\/span><\/a> [\/vc_column_inner][\/vc_row_inner][vc_row_inner remove_bottom_col_margin=&#8221;true&#8221;][vc_column_inner][vc_custom_heading text=&#8221;\u00bfD\u00f3nde puedo encontrar informaci\u00f3n confiable?&#8221; font_container=&#8221;tag:h2|text_align:left|color:%23004789&#8243; use_theme_fonts=&#8221;yes&#8221;][vc_column_text responsive_text=&#8221;true&#8221; font_family=&#8221;Open Sans&#8221;]Estas organizaciones son expertas en vacunas y pueden proporcionar informaci\u00f3n confiable:<\/p>\n<ul>\n<li><a href=\"https:\/\/www.mayoclinic.org\/diseases-conditions\/polio\/symptoms-causes\/syc-20376512\" target=\"_blank\" rel=\"noopener\">Informaci\u00f3n sobre la poliomielitis de la Cl\u00ednica Mayo<\/a><\/li>\n<li><a href=\"https:\/\/www.historyofvaccines.org\/timeline\/polio\" target=\"_blank\" rel=\"noopener\">P\u00e1gina sobre la historia de las vacunas contra la poliomielitis<\/a><\/li>\n<li style=\"list-style-type: none;\">\n<\/li>\n<\/ul>\n[\/vc_column_text]<div class=\"templatera_shortcode\"><style type=\"text\/css\" data-type=\"vc_shortcodes-default-css\">.vc_do_custom_heading{margin-bottom:0.625rem;margin-top:0;}<\/style><style type=\"text\/css\" data-type=\"vc_shortcodes-custom-css\">.vc_custom_1623967295184{padding-top: 20px !important;}<\/style>[vc_row][vc_column][vc_custom_heading text=\"\u00bfC\u00f3mo s\u00e9 que esta informaci\u00f3n es cre\u00edble?\" font_container=\"tag:h2|text_align:left|color:%23004789\" use_theme_fonts=\"yes\" css=\".vc_custom_1623967295184{padding-top: 20px !important;}\"][vc_column_text]Trabajamos para los padres, por lo que nos aseguramos de que sus preocupaciones se aborden utilizando hechos y ciencia, y nuestro contenido es revisado por expertos que han dedicado su carrera al estudio de las vacunas. <a href=\"https:\/\/www.voicesforvaccines.org\/credible-info\/\">Obt\u00e9n m\u00e1s informaci\u00f3n<\/a> sobre c\u00f3mo nos aseguramos de ofrecerte la mejor informaci\u00f3n para ayudarte a tomar decisiones saludables para tu familia.[\/vc_column_text][\/vc_column][\/vc_row]<\/div>[\/vc_column_inner][\/vc_row_inner][\/vc_column][vc_column width=&#8221;1\/3&#8243;][vc_row_inner][vc_column_inner][vc_single_image image=&#8221;13472&#8243; onclick=&#8221;img_link_large&#8221;][\/vc_column_inner][\/vc_row_inner][vc_row_inner][vc_column_inner][vc_custom_heading text=&#8221;Aprende m\u00e1s&#8221; font_container=&#8221;tag:h3|text_align:left|color:%23004789&#8243; use_theme_fonts=&#8221;yes&#8221; css=&#8221;.vc_custom_1651624950470{padding-top: 20px !important;}&#8221;][\/vc_column_inner][\/vc_row_inner][vc_row_inner][vc_column_inner][\/vc_column_inner][\/vc_row_inner]<div class=\"templatera_shortcode\"><style type=\"text\/css\" data-type=\"vc_shortcodes-default-css\">.vc_do_custom_heading{margin-bottom:0.625rem;margin-top:0;}<\/style>[vc_row][vc_column][vc_custom_heading text=\"Have a question?\" font_container=\"tag:h3|text_align:left\" use_theme_fonts=\"yes\"]<div class=\"vcex-spacing wpex-w-100 wpex-clear\" style=\"height:10px;\"><\/div>[vc_column_text]You can <a href=\"https:\/\/www.voicesforvaccines.org\/ask-an-expert\/\">ask us<\/a> and one of our <a href=\"https:\/\/www.voicesforvaccines.org\/credible-info\/\">experts<\/a> might answer it on our website.[\/vc_column_text][\/vc_column][\/vc_row]<\/div>[\/vc_column][\/vc_row]\n<\/div>","protected":false},"excerpt":{"rendered":"<p>La poliomielitis es una infecci\u00f3n v\u00edrica grave que puede provocar par\u00e1lisis permanente. Inf\u00f3rmate sobre la poliomielitis y la vacuna que la previene. <\/p>\n","protected":false},"author":14,"featured_media":13511,"parent":14784,"menu_order":0,"comment_status":"closed","ping_status":"closed","template":"templates\/no-sidebar.php","meta":{"_acf_changed":false,"_price":"","_stock":"","_tribe_ticket_header":"","_tribe_default_ticket_provider":"","_tribe_ticket_capacity":"0","_ticket_start_date":"","_ticket_end_date":"","_tribe_ticket_show_description":"","_tribe_ticket_show_not_going":false,"_tribe_ticket_use_global_stock":"","_tribe_ticket_global_stock_level":"","_global_stock_mode":"","_global_stock_cap":"","_tribe_rsvp_for_event":"","_tribe_ticket_going_count":"","_tribe_ticket_not_going_count":"","_tribe_tickets_list":"[]","_tribe_ticket_has_attendee_info_fields":false,"footnotes":"","_tec_slr_enabled":"","_tec_slr_layout":""},"class_list":["post-14752","page","type-page","status-publish","has-post-thumbnail","hentry","entry","has-media"],"acf":[],"ticketed":false,"_links":{"self":[{"href":"https:\/\/www.voicesforvaccines.org\/es\/wp-json\/wp\/v2\/pages\/14752","targetHints":{"allow":["GET"]}}],"collection":[{"href":"https:\/\/www.voicesforvaccines.org\/es\/wp-json\/wp\/v2\/pages"}],"about":[{"href":"https:\/\/www.voicesforvaccines.org\/es\/wp-json\/wp\/v2\/types\/page"}],"author":[{"embeddable":true,"href":"https:\/\/www.voicesforvaccines.org\/es\/wp-json\/wp\/v2\/users\/14"}],"replies":[{"embeddable":true,"href":"https:\/\/www.voicesforvaccines.org\/es\/wp-json\/wp\/v2\/comments?post=14752"}],"version-history":[{"count":3,"href":"https:\/\/www.voicesforvaccines.org\/es\/wp-json\/wp\/v2\/pages\/14752\/revisions"}],"predecessor-version":[{"id":14755,"href":"https:\/\/www.voicesforvaccines.org\/es\/wp-json\/wp\/v2\/pages\/14752\/revisions\/14755"}],"up":[{"embeddable":true,"href":"https:\/\/www.voicesforvaccines.org\/es\/wp-json\/wp\/v2\/pages\/14784"}],"wp:featuredmedia":[{"embeddable":true,"href":"https:\/\/www.voicesforvaccines.org\/es\/wp-json\/wp\/v2\/media\/13511"}],"wp:attachment":[{"href":"https:\/\/www.voicesforvaccines.org\/es\/wp-json\/wp\/v2\/media?parent=14752"}],"curies":[{"name":"wp","href":"https:\/\/api.w.org\/{rel}","templated":true}]}}