{"id":14756,"date":"2021-05-13T21:06:01","date_gmt":"2021-05-14T02:06:01","guid":{"rendered":"https:\/\/www.voicesforvaccines.org\/informacion-sobre-el-rotavirus\/"},"modified":"2025-08-18T14:33:47","modified_gmt":"2025-08-18T19:33:47","slug":"informacion-sobre-el-rotavirus","status":"publish","type":"page","link":"https:\/\/www.voicesforvaccines.org\/es\/informacion-sobre-vacunas-y-enfermedades-prevenibles-con-vacunas\/informacion-sobre-el-rotavirus\/","title":{"rendered":"Informaci\u00f3n sobre el rotavirus"},"content":{"rendered":"<div class=\"wpb-content-wrapper\">[vc_row css=&#8221;.vc_custom_1620857387659{border-radius: 1px !important;}&#8221;][vc_column width=&#8221;2\/3&#8243;][vc_row_inner][vc_column_inner]<style>.vcex-heading.vcex_69d1d982e8bfe{font-size:30px;font-weight:700;}<\/style><h1 class=\"vcex-heading vcex-heading-plain vcex-module wpex-heading wpex-text-2xl vcex_69d1d982e8bfe\"><span class=\"vcex-heading-inner wpex-inline-block\">Vacuna contra el rotavirus<\/span><\/h1>[\/vc_column_inner][\/vc_row_inner][vc_row_inner][vc_column_inner][vc_custom_heading text=&#8221;\u00bfQu\u00e9 es el rotavirus?&#8221; font_container=&#8221;tag:h2|text_align:left|color:%23004789&#8243; use_theme_fonts=&#8221;yes&#8221;][vc_column_text]El rotavirus es una infecci\u00f3n viral muy contagiosa que causa diarrea y dolor abdominal. Por lo general, es leve, pero puede ser grave en los ni\u00f1os. Se transmite por contaminaci\u00f3n oral o a trav\u00e9s de las heces (normalmente por manos sucias despu\u00e9s de ir al ba\u00f1o). Se puede transmitir a cualquier cosa que toque una persona enferma con las manos sucias: juguetes o perillas de puertas e incluso personas. Este virus puede sobrevivir en las superficies durante varios d\u00edas. Una persona puede ser contagiosa incluso antes de que aparezcan los s\u00edntomas y hasta 10 d\u00edas despu\u00e9s de que estos desaparezcan. Tambi\u00e9n puede ser contagiosa, aunque no presente ning\u00fan s\u00edntoma.     <\/p>\n<p>Los s\u00edntomas m\u00e1s comunes del rotavirus en los ni\u00f1os son fiebre y v\u00f3mitos, seguidos de diarrea maloliente durante unos 3 a 8 d\u00edas, a veces con dolor abdominal.<\/p>\n<p>Otros signos incluyen:<\/p>\n<ul>\n<li>Disminuci\u00f3n de la orina<\/li>\n<li>Sequedad de boca y garganta<\/li>\n<li>Mareos<\/li>\n<li>Llanto con pocas o ninguna l\u00e1grima<\/li>\n<li>Mucho sue\u00f1o o irritabilidad inusuales<\/li>\n<\/ul>\n[\/vc_column_text][\/vc_column_inner][\/vc_row_inner][vc_row_inner][vc_column_inner][vc_custom_heading text=&#8221;\u00bfCu\u00e1les son los riesgos del rotavirus?&#8221; font_container=&#8221;tag:h2|text_align:left|color:%23004789&#8243; use_theme_fonts=&#8221;yes&#8221;][vc_column_text]La deshidrataci\u00f3n, especialmente en ni\u00f1os peque\u00f1os, es un efecto secundario grave y, si no se trata, puede causar la muerte.<\/p>\n<p>Llame a su m\u00e9dico o cl\u00ednica si su hijo presenta:<\/p>\n<ul>\n<li>Diarrea durante m\u00e1s de 24 horas<\/li>\n<li>V\u00f3mitos frecuentes<\/li>\n<li>Heces negras, color negro, brillante y pegajoso o con sangre<\/li>\n<li>Fiebre de 104 \u00b0F (40 \u00b0C) o m\u00e1s<\/li>\n<li>Parece muy cansado, irritable o con dolor<\/li>\n<\/ul>\n[\/vc_column_text][\/vc_column_inner][\/vc_row_inner][vc_row_inner][vc_column_inner][vc_custom_heading text=&#8221;\u00bfQu\u00e9 tan eficaz es la vacuna contra el rotavirus?&#8221; font_container=&#8221;tag:h2|text_align:left|color:%23004789&#8243; use_theme_fonts=&#8221;yes&#8221;][vc_column_text]La vacuna contra el rotavirus tiene una eficacia superior al 85 por ciento en la protecci\u00f3n contra la infecci\u00f3n grave por rotavirus durante los dos primeros a\u00f1os de vida. Algunos beb\u00e9s pueden seguir contagi\u00e1ndose de rotavirus, pero la enfermedad suele ser menos grave.[\/vc_column_text][\/vc_column_inner][\/vc_row_inner][vc_row_inner][vc_column_inner][vc_custom_heading text=&#8221;\u00bfQu\u00e9 tan segura es la vacuna contra el rotavirus?&#8221; font_container=&#8221;tag:h2|text_align:left|color:%23004789&#8243; use_theme_fonts=&#8221;yes&#8221;][vc_column_text]La vacuna contra el rotavirus es <a href=\"https:\/\/www.voicesforvaccines.org\/es\/ciencia\/seguridad-de-las-vacunas\/\">muy segura<\/a>. Los <a href=\"https:\/\/www.voicesforvaccines.org\/es\/ciencia\/efectos-secundarios-de-las-vacunas\/\">efectos secundarios<\/a> suelen ser leves y desaparecen por s\u00ed solos. Los efectos secundarios incluyen: <\/p>\n<ul>\n<li>Irritabilidad<\/li>\n<li>Diarrea<\/li>\n<li>V\u00f3mitos<\/li>\n<\/ul>\n<p>Algunos estudios han encontrado un peque\u00f1o aumento en un problema raro del est\u00f3mago llamado invaginaci\u00f3n intestinal, que es cuando el intestino se bloquea y se necesita atenci\u00f3n m\u00e9dica en el hospital. Este problema puede pasar en 1 de cada 20 mil a 100 mil beb\u00e9s despu\u00e9s de ponerse la vacuna. Antes de que existiera la vacuna, cada a\u00f1o unos 1,900 beb\u00e9s menores de un a\u00f1o ya sufr\u00edan este problema.[\/vc_column_text][\/vc_column_inner][\/vc_row_inner][vc_row_inner][vc_column_inner][vc_custom_heading text=&#8221;\u00bfCu\u00e1ndo debe recibir mi hijo la vacuna contra el rotavirus?&#8221; font_container=&#8221;tag:h2|text_align:left|color:%23004789&#8243; use_theme_fonts=&#8221;yes&#8221;][vc_column_text]Existen dos vacunas diferentes contra el rotavirus. Dependiendo de la vacuna que reciba su hijo, se le deben administrar 2 o 3 dosis a los: <\/p>\n<ul>\n<li>2 meses<\/li>\n<li>4 meses<\/li>\n<li>6 meses (si se utiliza la vacuna de 3 dosis)<\/li>\n<\/ul>\n<p>Hable con su m\u00e9dico o cl\u00ednica sobre las vacunas que necesita su familia.[\/vc_column_text][\/vc_column_inner][\/vc_row_inner][vc_row_inner][vc_column_inner][vc_custom_heading text=&#8221;\u00bfQu\u00e9 puedo esperar el d\u00eda de la vacuna?&#8221; font_container=&#8221;tag:h2|text_align:left|color:%23004789&#8243; use_theme_fonts=&#8221;yes&#8221;][vc_column_text]Un poquito de preparaci\u00f3n ayuda much\u00edsimo a reducir el estr\u00e9s, tanto para ti como para tu hijo. La informaci\u00f3n confiable te ayuda a garantizar elecciones saludables y fomenta la confianza en la vacuna.[\/vc_column_text][\/vc_column_inner][\/vc_row_inner][vc_row_inner equal_height=&#8221;yes&#8221; content_placement=&#8221;middle&#8221;][vc_column_inner width=&#8221;1\/3&#8243;]<figure class=\"vcex-image vcex-module\"><div class=\"vcex-image-inner wpex-relative wpex-inline-block\"><a href=\"https:\/\/www.voicesforvaccines.org\/fact-sheets\/chickenpox-vaccine-fact-sheet\/\"><img width=\"790\" height=\"1022\" src=\"https:\/\/www.voicesforvaccines.org\/content\/uploads\/2021\/10\/Screen-Shot-2021-10-03-at-3.57.20-PM.png\" class=\"vcex-image-img wpex-align-middle\" alt=\"Download the Rotavirus PDF Fact Sheet\" loading=\"lazy\" decoding=\"async\" srcset=\"https:\/\/www.voicesforvaccines.org\/content\/uploads\/2021\/10\/Screen-Shot-2021-10-03-at-3.57.20-PM.png 790w, https:\/\/www.voicesforvaccines.org\/content\/uploads\/2021\/10\/Screen-Shot-2021-10-03-at-3.57.20-PM-232x300.png 232w, https:\/\/www.voicesforvaccines.org\/content\/uploads\/2021\/10\/Screen-Shot-2021-10-03-at-3.57.20-PM-116x150.png 116w, https:\/\/www.voicesforvaccines.org\/content\/uploads\/2021\/10\/Screen-Shot-2021-10-03-at-3.57.20-PM-768x994.png 768w\" sizes=\"auto, (max-width: 790px) 100vw, 790px\" \/><\/a><\/div><\/figure>[\/vc_column_inner][vc_column_inner width=&#8221;2\/3&#8243;][vc_custom_heading text=&#8221;Panfleto informativo sobre el rotavirus&#8221; font_container=&#8221;tag:h3|text_align:left|color:%23004789&#8243; use_theme_fonts=&#8221;yes&#8221;][vc_column_text]\u00bfLe toca a tu beb\u00e9 la vacuna contra el rotavirus? Descarga nuestro <a href=\"https:\/\/www.voicesforvaccines.org\/fact-sheets\/rotavirus-vaccine\/\">panfleto informativo sobre la vacuna contra el<\/a> rotavirus para prepararte para su cita.[\/vc_column_text]<div class=\"vcex-spacing wpex-w-100 wpex-clear\"><\/div><a href=\"https:\/\/www.voicesforvaccines.org\/fact-sheets\/chickenpox-vaccine-fact-sheet\/\" class=\"vcex-button theme-button inline\"><span class=\"vcex-button-inner theme-button-inner wpex-flex wpex-flex-wrap wpex-items-center wpex-justify-center\">Obt\u00e9n el panfleto informativo sobre el rotavirus<\/span><\/a> [\/vc_column_inner][\/vc_row_inner][vc_row_inner][vc_column_inner][vc_custom_heading text=&#8221;\u00bfD\u00f3nde puedo encontrar informaci\u00f3n confiable?&#8221; font_container=&#8221;tag:h2|text_align:left|color:%23004789&#8243; use_theme_fonts=&#8221;yes&#8221;][vc_column_text responsive_text=&#8221;true&#8221; font_family=&#8221;Open Sans&#8221;]Estas organizaciones son expertas en vacunas y pueden proporcionar informaci\u00f3n confiable:<\/p>\n<ul>\n<li><a href=\"https:\/\/www.immunize.org\/catg.d\/p4217.pdf\" target=\"_blank\" rel=\"noopener\">Preguntas y respuestas sobre el rotavirus de la Coalici\u00f3n de Acci\u00f3n para la Inmunizaci\u00f3n<\/a><\/li>\n<li><a href=\"https:\/\/www.mayoclinic.org\/diseases-conditions\/rotavirus\/symptoms-causes\/syc-20351300\" target=\"_blank\" rel=\"noopener\">P\u00e1gina sobre el rotavirus de la Cl\u00ednica Mayo<\/a><\/li>\n<li><a href=\"https:\/\/www.cdc.gov\/rotavirus\/vaccination.html\" target=\"_blank\" rel=\"noopener\">P\u00e1gina sobre las vacunas contra el rotavirus del CDC<\/a><\/li>\n<\/ul>\n[\/vc_column_text]<div class=\"templatera_shortcode\"><style type=\"text\/css\" data-type=\"vc_shortcodes-default-css\">.vc_do_custom_heading{margin-bottom:0.625rem;margin-top:0;}<\/style><style type=\"text\/css\" data-type=\"vc_shortcodes-custom-css\">.vc_custom_1623967295184{padding-top: 20px !important;}<\/style>[vc_row][vc_column][vc_custom_heading text=\"\u00bfC\u00f3mo s\u00e9 que esta informaci\u00f3n es cre\u00edble?\" font_container=\"tag:h2|text_align:left|color:%23004789\" use_theme_fonts=\"yes\" css=\".vc_custom_1623967295184{padding-top: 20px !important;}\"][vc_column_text]Trabajamos para los padres, por lo que nos aseguramos de que sus preocupaciones se aborden utilizando hechos y ciencia, y nuestro contenido es revisado por expertos que han dedicado su carrera al estudio de las vacunas. <a href=\"https:\/\/www.voicesforvaccines.org\/credible-info\/\">Obt\u00e9n m\u00e1s informaci\u00f3n<\/a> sobre c\u00f3mo nos aseguramos de ofrecerte la mejor informaci\u00f3n para ayudarte a tomar decisiones saludables para tu familia.[\/vc_column_text][\/vc_column][\/vc_row]<\/div>[\/vc_column_inner][\/vc_row_inner][\/vc_column][vc_column width=&#8221;1\/3&#8243; css=&#8221;.vc_custom_1651881405033{border-radius: 1px !important;}&#8221;][vc_row_inner css=&#8221;.vc_custom_1694638482579{background-color: #2e598d !important;}&#8221;][vc_column_inner]<style>.vcex-heading.vcex_69d1d982ec2ca{color:#004789;}<\/style><h2 class=\"vcex-heading vcex-heading-plain vcex-module wpex-heading wpex-text-2xl sr-only vcex_69d1d982ec2ca\"><span class=\"vcex-heading-inner wpex-inline-block\">Conoce los riesgos: Rotavirus<\/span><\/h2><figure class=\"vcex-image vcex-module\"><div class=\"vcex-image-inner wpex-relative wpex-inline-block\"><img width=\"801\" height=\"223\" src=\"https:\/\/www.voicesforvaccines.org\/content\/uploads\/2023\/09\/know-the-risks-rotavirus.png\" class=\"vcex-image-img wpex-align-middle\" alt=\"\" loading=\"lazy\" decoding=\"async\" srcset=\"https:\/\/www.voicesforvaccines.org\/content\/uploads\/2023\/09\/know-the-risks-rotavirus.png 801w, https:\/\/www.voicesforvaccines.org\/content\/uploads\/2023\/09\/know-the-risks-rotavirus-300x84.png 300w, https:\/\/www.voicesforvaccines.org\/content\/uploads\/2023\/09\/know-the-risks-rotavirus-150x42.png 150w, https:\/\/www.voicesforvaccines.org\/content\/uploads\/2023\/09\/know-the-risks-rotavirus-768x214.png 768w, https:\/\/www.voicesforvaccines.org\/content\/uploads\/2023\/09\/know-the-risks-rotavirus-50x14.png 50w, https:\/\/www.voicesforvaccines.org\/content\/uploads\/2023\/09\/know-the-risks-rotavirus-100x28.png 100w\" sizes=\"auto, (max-width: 801px) 100vw, 801px\" \/><\/div><\/figure><div class=\"vcex-module vcex-divider vcex-divider-solid vcex-divider-center wpex-mx-auto wpex-max-w-100 wpex-block wpex-h-0 wpex-border-b wpex-border-solid wpex-border-main\" style=\"width:80%;margin-block:10px;border-bottom-width:5px;border-color:#ffffff;\"><\/div>[\/vc_column_inner][\/vc_row_inner][vc_row_inner css=&#8221;.vc_custom_1694638482579{background-color: #2e598d !important;}&#8221;][vc_column_inner width=&#8221;1\/2&#8243;]<figure class=\"vcex-image vcex-module wpex-text-center\"><div class=\"vcex-image-inner wpex-relative wpex-inline-block vc_custom_1694889099984\"><img width=\"331\" height=\"371\" src=\"https:\/\/www.voicesforvaccines.org\/content\/uploads\/2023\/09\/5th-birthday.png\" class=\"vcex-image-img wpex-align-middle\" alt=\"\" loading=\"lazy\" decoding=\"async\" \/><\/div><\/figure>[\/vc_column_inner][vc_column_inner width=&#8221;1\/2&#8243;][vc_column_text color=&#8221;#ffffff&#8221; text_align=&#8221;center&#8221; line_height=&#8221;snug&#8221; letter_spacing=&#8221;tight&#8221; css=&#8221;.vc_custom_1694889078396{margin-top: -20px !important;padding-right: 10px !important;}&#8221;]\u00bfSab\u00edas que antes de la vacuna contra el rotavirus&#8230;[\/vc_column_text][\/vc_column_inner][\/vc_row_inner][vc_row_inner css=&#8221;.vc_custom_1694638482579{background-color: #2e598d !important;}&#8221;][vc_column_inner][vc_column_text color=&#8221;#ffffff&#8221; text_align=&#8221;center&#8221; line_height=&#8221;snug&#8221; letter_spacing=&#8221;tight&#8221; css=&#8221;.vc_custom_1694889085518{margin-top: -20px !important;padding-right: 10px !important;}&#8221;]<span class=\"wpex-text-lg\" style=\"color: #9fca4f;\"><strong>casi todos los ni\u00f1os en Estados Unidos hab\u00edan tenido rotavirus<\/strong><\/span>al menos una vez antes de cumplir los 5 a\u00f1os?[\/vc_column_text][\/vc_column_inner][\/vc_row_inner][vc_row_inner css=&#8221;.vc_custom_1694638482579{background-color: #2e598d !important;}&#8221;][vc_column_inner][vc_column_text color=&#8221;#ffffff&#8221; line_height=&#8221;snug&#8221; letter_spacing=&#8221;tight&#8221; css=&#8221;.vc_custom_1694889616516{padding-right: 10px !important;padding-left: 10px !important;}&#8221;]\n<p style=\"text-align: left;\"><span class=\"wpex-text-lg\">El rotavirus causa&#8230;<\/span><\/p>\n<ul>\n<li style=\"text-align: left;\">fiebre<\/li>\n<li style=\"text-align: left;\">dolor abdominal<\/li>\n<li>diarrea grave<\/li>\n<\/ul>\n[\/vc_column_text][\/vc_column_inner][\/vc_row_inner][vc_row_inner equal_height=&#8221;yes&#8221; content_placement=&#8221;middle&#8221; css=&#8221;.vc_custom_1694889550568{background-color: #2e598d !important;}&#8221;][vc_column_inner width=&#8221;1\/2&#8243;]<figure class=\"vcex-image vcex-module wpex-text-center\"><div class=\"vcex-image-inner wpex-relative wpex-inline-block\"><img width=\"144\" height=\"144\" src=\"https:\/\/www.voicesforvaccines.org\/content\/uploads\/2023\/09\/hospitalization.png\" class=\"vcex-image-img wpex-align-middle\" alt=\"\" loading=\"lazy\" decoding=\"async\" srcset=\"https:\/\/www.voicesforvaccines.org\/content\/uploads\/2023\/09\/hospitalization.png 144w, https:\/\/www.voicesforvaccines.org\/content\/uploads\/2023\/09\/hospitalization-50x50.png 50w, https:\/\/www.voicesforvaccines.org\/content\/uploads\/2023\/09\/hospitalization-100x100.png 100w\" sizes=\"auto, (max-width: 144px) 100vw, 144px\" \/><\/div><\/figure>[\/vc_column_inner][vc_column_inner width=&#8221;1\/2&#8243;][vc_column_text text_align=&#8221;left&#8221; line_height=&#8221;snug&#8221; letter_spacing=&#8221;tight&#8221; color=&#8221;#ffffff&#8221;]\n<p style=\"text-align: left;\">La diarrea grave puede requerir hospitalizaci\u00f3n.<\/p>\n[\/vc_column_text][\/vc_column_inner][\/vc_row_inner][vc_row_inner css=&#8221;.vc_custom_1694638482579{background-color: #2e598d !important;}&#8221;][vc_column_inner]<div class=\"vcex-spacing wpex-w-100 wpex-clear\" style=\"height:10px;\"><\/div>[vc_column_text color=&#8221;#ffffff&#8221; text_align=&#8221;center&#8221; line_height=&#8221;snug&#8221; letter_spacing=&#8221;tight&#8221; css=&#8221;.vc_custom_1694889678002{padding-right: 10px !important;padding-left: 10px !important;}&#8221;]Pero el rotavirus se puede prevenir.<\/p>\n<p><span class=\"wpex-text-lg\" style=\"color: #9fca4f;\"><strong>\u00bfPor qu\u00e9 dejar que tu hijo sufra cuando existe una vacuna segura y eficaz que puede prevenir el rotavirus?<\/strong><\/span>[\/vc_column_text][\/vc_column_inner][\/vc_row_inner][vc_row_inner remove_bottom_col_margin=&#8221;true&#8221; css=&#8221;.vc_custom_1694640285251{border-right-width: 10px !important;border-bottom-width: 10px !important;border-left-width: 10px !important;border-left-color: #2e598d !important;border-left-style: solid !important;border-right-color: #2e598d !important;border-right-style: solid !important;border-bottom-color: #2e598d !important;border-bottom-style: solid !important;}&#8221;][vc_column_inner]<div class=\"vcex-spacing wpex-w-100 wpex-clear\" style=\"height:10px;\"><\/div>[vc_column_text text_align=&#8221;center&#8221; color=&#8221;#2e598d&#8221; css=&#8221;.vc_custom_1694640262505{background-color: #ffffff !important;}&#8221; line_height=&#8221;snug&#8221; letter_spacing=&#8221;tight&#8221;]<span class=\"wpex-text-sm\"><strong>No dejes que nadie te diga lo contrario: La vacuna es <span class=\"wpex-text-lg\" style=\"color: #9fca4f;\">SIEMPRE<\/span> m\u00e1s segura que la enfermedad.<\/strong><\/span>[\/vc_column_text]<div class=\"vcex-spacing wpex-w-100 wpex-clear\" style=\"height:10px;\"><\/div><div class=\"vcex-module vcex-divider vcex-divider-solid vcex-divider-center wpex-mx-auto wpex-max-w-100 wpex-block wpex-h-0 wpex-border-b wpex-border-solid wpex-border-main\" style=\"width:80%;border-bottom-width:1px;border-color:#2e598d;\"><\/div><div class=\"vcex-spacing wpex-w-100 wpex-clear\" style=\"height:10px;\"><\/div><figure class=\"vcex-image vcex-module wpex-text-center\"><div class=\"vcex-image-inner wpex-relative wpex-inline-block\"><img loading=\"lazy\" class=\"vcex-image-img wpex-align-middle\" decoding=\"async\" src=\"https:\/\/www.voicesforvaccines.org\/content\/uploads\/2021\/06\/LogoNoTag-White-100x47.png\" alt=\"\" srcset=\"https:\/\/www.voicesforvaccines.org\/content\/uploads\/2021\/06\/LogoNoTag-White-100x47.png 100w, https:\/\/www.voicesforvaccines.org\/content\/uploads\/2021\/06\/LogoNoTag-White-300x140.png 300w, https:\/\/www.voicesforvaccines.org\/content\/uploads\/2021\/06\/LogoNoTag-White-150x70.png 150w, https:\/\/www.voicesforvaccines.org\/content\/uploads\/2021\/06\/LogoNoTag-White-768x358.png 768w, https:\/\/www.voicesforvaccines.org\/content\/uploads\/2021\/06\/LogoNoTag-White-100x47@2x.png 200w, https:\/\/www.voicesforvaccines.org\/content\/uploads\/2021\/06\/LogoNoTag-White.png 846w, https:\/\/www.voicesforvaccines.org\/content\/uploads\/2021\/06\/LogoNoTag-White-100x47@2x.png 2x\" width=\"100\" height=\"47\"><\/div><\/figure><div class=\"vcex-spacing wpex-w-100 wpex-clear\" style=\"height:5px;\"><\/div>[\/vc_column_inner][\/vc_row_inner][vc_row_inner][vc_column_inner][vc_custom_heading text=&#8221;Aprende m\u00e1s&#8221; font_container=&#8221;tag:h3|text_align:left|color:%23004789&#8243; use_theme_fonts=&#8221;yes&#8221; css=&#8221;.vc_custom_1651624950470{padding-top: 20px !important;}&#8221;][\/vc_column_inner][\/vc_row_inner][vc_row_inner][vc_column_inner][\/vc_column_inner][\/vc_row_inner][\/vc_column][\/vc_row]\n<\/div>","protected":false},"excerpt":{"rendered":"<p>El rotavirus es un virus contagioso que causa diarrea y puede ser mortal. Inf\u00f3rmate sobre el rotavirus y la vacuna que lo previene. <\/p>\n","protected":false},"author":14,"featured_media":12971,"parent":14784,"menu_order":0,"comment_status":"closed","ping_status":"closed","template":"templates\/no-sidebar.php","meta":{"_acf_changed":false,"_price":"","_stock":"","_tribe_ticket_header":"","_tribe_default_ticket_provider":"","_tribe_ticket_capacity":"0","_ticket_start_date":"","_ticket_end_date":"","_tribe_ticket_show_description":"","_tribe_ticket_show_not_going":false,"_tribe_ticket_use_global_stock":"","_tribe_ticket_global_stock_level":"","_global_stock_mode":"","_global_stock_cap":"","_tribe_rsvp_for_event":"","_tribe_ticket_going_count":"","_tribe_ticket_not_going_count":"","_tribe_tickets_list":"[]","_tribe_ticket_has_attendee_info_fields":false,"footnotes":"","_tec_slr_enabled":"","_tec_slr_layout":""},"class_list":["post-14756","page","type-page","status-publish","has-post-thumbnail","hentry","entry","has-media"],"acf":[],"ticketed":false,"_links":{"self":[{"href":"https:\/\/www.voicesforvaccines.org\/es\/wp-json\/wp\/v2\/pages\/14756","targetHints":{"allow":["GET"]}}],"collection":[{"href":"https:\/\/www.voicesforvaccines.org\/es\/wp-json\/wp\/v2\/pages"}],"about":[{"href":"https:\/\/www.voicesforvaccines.org\/es\/wp-json\/wp\/v2\/types\/page"}],"author":[{"embeddable":true,"href":"https:\/\/www.voicesforvaccines.org\/es\/wp-json\/wp\/v2\/users\/14"}],"replies":[{"embeddable":true,"href":"https:\/\/www.voicesforvaccines.org\/es\/wp-json\/wp\/v2\/comments?post=14756"}],"version-history":[{"count":2,"href":"https:\/\/www.voicesforvaccines.org\/es\/wp-json\/wp\/v2\/pages\/14756\/revisions"}],"predecessor-version":[{"id":14758,"href":"https:\/\/www.voicesforvaccines.org\/es\/wp-json\/wp\/v2\/pages\/14756\/revisions\/14758"}],"up":[{"embeddable":true,"href":"https:\/\/www.voicesforvaccines.org\/es\/wp-json\/wp\/v2\/pages\/14784"}],"wp:featuredmedia":[{"embeddable":true,"href":"https:\/\/www.voicesforvaccines.org\/es\/wp-json\/wp\/v2\/media\/12971"}],"wp:attachment":[{"href":"https:\/\/www.voicesforvaccines.org\/es\/wp-json\/wp\/v2\/media?parent=14756"}],"curies":[{"name":"wp","href":"https:\/\/api.w.org\/{rel}","templated":true}]}}