{"id":14769,"date":"2021-05-15T15:48:47","date_gmt":"2021-05-15T20:48:47","guid":{"rendered":"https:\/\/www.voicesforvaccines.org\/efectos-secundarios-de-las-vacunas\/"},"modified":"2025-08-13T09:51:46","modified_gmt":"2025-08-13T14:51:46","slug":"efectos-secundarios-de-las-vacunas","status":"publish","type":"page","link":"https:\/\/www.voicesforvaccines.org\/es\/ciencia\/efectos-secundarios-de-las-vacunas\/","title":{"rendered":"Efectos secundarios de las vacunas"},"content":{"rendered":"<div class=\"wpb-content-wrapper\">[vc_row][vc_column]<style>.vcex-heading.vcex_69e65569a59b9{color:#004789;font-size:30px;font-weight:700;}<\/style><div class=\"vcex-heading vcex-heading-plain vcex-module wpex-heading wpex-text-2xl vcex_69e65569a59b9\"><span class=\"vcex-heading-inner wpex-inline-block\">Efectos secundarios de las vacunas<\/span><\/div>[\/vc_column][\/vc_row][vc_row][vc_column][vc_column_text responsive_text=&#8221;true&#8221; font_family=&#8221;Open Sans&#8221;]<span style=\"font-weight: 400\">Existe mucha confusi\u00f3n sobre lo que son y no son los efectos secundarios. Tambi\u00e9n hay bastante <a href=\"https:\/\/www.voicesforvaccines.org\/es\/desinformacion\/\">desinformaci\u00f3n<\/a> al respecto. Por eso es importante conocer los hechos y saber d\u00f3nde encontrar informaci\u00f3n confiable.   <\/span>[\/vc_column_text][\/vc_column][\/vc_row][vc_row][vc_column][vc_custom_heading text=&#8221;\u00bfQu\u00e9 son los efectos secundarios despu\u00e9s de la vacunaci\u00f3n?&#8221; use_theme_fonts=&#8221;yes&#8221;][vc_column_text]Cuando se habla de efectos secundarios, tal vez escuches el t\u00e9rmino \u201cevento adverso\u201d. Un evento adverso o efecto secundario es cualquier cosa no deseada que ocurre despu\u00e9s de la vacunaci\u00f3n. Algunos eventos realmente son causados por la vacuna (reacciones), mientras que otros son solo coincidencias que suceden despu\u00e9s de recibirla.[\/vc_column_text][\/vc_column][\/vc_row][vc_row][vc_column][vc_custom_heading text=&#8221;Los efectos secundarios causados&#8221; font_container=&#8221;tag:h3|text_align:left&#8221; use_theme_fonts=&#8221;yes&#8221;][\/vc_column][\/vc_row][vc_row][vc_column][vc_column_text]por la vacuna incluyen:<\/p>\n<ul>\n<li><strong>Efectos secundarios:<\/strong> Son s\u00edntomas no deseados que ocurren por la vacuna o la inyecci\u00f3n. Los m\u00e1s comunes son leves y desaparecen solos despu\u00e9s de unos d\u00edas, sin necesidad de tratamiento. Ejemplos incluyen enrojecimiento e hinchaz\u00f3n en el lugar de la inyecci\u00f3n o fiebre baja.  <\/li>\n<li><strong>Reacciones graves:<\/strong> Como las alergias. Estas son muy raras y aparecen justo despu\u00e9s de la vacunaci\u00f3n, normalmente en los primeros 30 minutos (y no m\u00e1s de 4 horas). <\/li>\n<\/ul>\n[\/vc_column_text][\/vc_column][\/vc_row][vc_row][vc_column][vc_custom_heading text=&#8221;Efectos secundarios no causados por la vacuna&#8221; font_container=&#8221;tag:h3|text_align:left&#8221; use_theme_fonts=&#8221;yes&#8221;][\/vc_column][\/vc_row][vc_row][vc_column][vc_column_text]Muchas personas creen que cualquier cosa que pase despu\u00e9s de una vacuna es culpa de ella, pero eso no es cierto. Las vacunas son unos de los tratamientos m\u00e9dicos m\u00e1s estudiados. Los cient\u00edficos saben muy bien qu\u00e9 est\u00e1 o no relacionado con ellas. Que una cosa ocurra despu\u00e9s de otra no significa que sea su causa. Por ejemplo:   <\/p>\n<ul>\n<li><strong>A los 12 meses:<\/strong> La mayor\u00eda de los ni\u00f1os comienzan a caminar y reciben la vacuna MMR. Pero la vacuna no hace que caminen.<\/li>\n<li><strong>A los 3 a\u00f1os:<\/strong> Aprenden a ir al ba\u00f1o y a nombrar colores. Pero una cosa no tiene que ver con la otra.<\/li>\n<li><strong>A los 5-6 a\u00f1os:<\/strong> Muchos pueden pararse en un pie por 10 segundos y comienzan a leer. Pero leer no depende de eso.<\/li>\n<li><strong>A los 21 a\u00f1os:<\/strong> Muchos hombres alcanzan su estatura m\u00e1xima y legalmente pueden beber alcohol. Pero beber no detiene el crecimiento.<\/li>\n<\/ul>\n<p>El autismo es una condici\u00f3n que algunos padres relacionan err\u00f3neamente con las vacunas. Los s\u00edntomas suelen aparecer entre los 12 y 18 meses, justo cuando se administran algunas vacunas. Pero docenas de estudios con cientos de miles de ni\u00f1os han demostrado que las vacunas no causan autismo.  <\/p>\n<p>Aqu\u00ed se resumen algunos <a href=\"https:\/\/www.cdc.gov\/vaccinesafety\/00_pdf\/CDCStudiesonVaccinesandAutism.pdf\" target=\"_blank\" rel=\"noopener\">estudios sobre vacunas y autismo<\/a>.<\/p>\n<p>Lo importante es entender la ciencia y conocer los hechos para tomar decisiones informadas sobre la salud de tu familia.[\/vc_column_text][\/vc_column][\/vc_row][vc_row][vc_column][vc_custom_heading text=&#8221;\u00bfCu\u00e1les son los efectos secundarios leves de las vacunas?&#8221; use_theme_fonts=&#8221;yes&#8221;][vc_column_text]Los efectos secundarios son s\u00edntomas no deseados pero esperados.<\/p>\n<p>Hay que tener en cuenta dos cosas:<\/p>\n<ul>\n<li>Todos los tratamientos m\u00e9dicos, incluidas las vacunas, pueden tener efectos secundarios.<\/li>\n<li>No deseado no significa necesariamente malo.<\/li>\n<\/ul>\n<p>De hecho, los efectos leves suelen indicar que la vacuna est\u00e1 funcionando. Su trabajo es entrenar al sistema inmunol\u00f3gico para reconocer y atacar a los invasores. Por eso, cuando aparecen s\u00edntomas como sensibilidad o hinchaz\u00f3n en el lugar de la inyecci\u00f3n, es se\u00f1al de que el cuerpo est\u00e1 aprendiendo a defenderse.<br \/>Otros efectos comunes y leves:   <\/p>\n<ul>\n<li>Fiebre baja<\/li>\n<li>Escalofr\u00edos<\/li>\n<li>Cansancio<\/li>\n<li>Dolor de cabeza<\/li>\n<li>Dolores musculares o articulares<\/li>\n<\/ul>\n<p>Estos s\u00edntomas suelen desaparecer solos en pocas horas o d\u00edas, sin necesidad de tratamiento.[\/vc_column_text][\/vc_column][\/vc_row][vc_row][vc_column][vc_custom_heading text=&#8221;\u00bfCu\u00e1les son los efectos secundarios graves de las vacunas?&#8221; use_theme_fonts=&#8221;yes&#8221;][vc_column_text]Son extremadamente raros. \u00bfQu\u00e9 tan raros? <\/p>\n<p>Por cada mill\u00f3n de dosis de vacunas, solo de 1 a 2 personas tienen una reacci\u00f3n al\u00e9rgica grave (alrededor del 0.0002 por ciento).<\/p>\n<p>Comparemos con las enfermedades que estas vacunas previenen:<\/p>\n<ul>\n<li><strong>Meningoc\u00f3cica:<\/strong> entre el 10 y 15 por ciento de los casos terminan en muerte.<\/li>\n<li>Haemophilus influenzae tipo B (<strong>Hib<\/strong>): 5 por ciento mueren y entre el 15 al 20 por ciento de los sobrevivientes quedan sordos.<\/li>\n<li><strong>T\u00e9tanos:<\/strong> 6 por ciento mueren en casos leves y hasta 60 por ciento en casos graves.<\/li>\n<\/ul>\n<p>Algunos padres se preocupan por los riesgos. Pero <em><strong>todo<\/strong><\/em> en la vida tiene riesgos. No podemos eliminar los riesgos, pero s\u00ed podemos tomar decisiones saludables entendiendo bien los beneficios y riesgos reales.  <\/p>\n<p><strong>No vacunar no elimina el riesgo. Solo cambia un riesgo muy peque\u00f1o por uno mucho mayor, como una enfermedad grave o discapacidad. <\/strong>[\/vc_column_text][\/vc_column][\/vc_row][vc_row][vc_column][vc_custom_heading text=&#8221;\u00bfY las alergias a las vacunas?&#8221; font_container=&#8221;tag:h2|text_align:left|color:%23004789&#8243; use_theme_fonts=&#8221;yes&#8221; css=&#8221;.vc_custom_1651805832550{padding-top: 20px !important;}&#8221;][\/vc_column][\/vc_row][vc_row][vc_column][vc_single_image image=&#8221;14386&#8243; css=&#8221;&#8221;][\/vc_column][\/vc_row][vc_row remove_bottom_col_margin=&#8221;true&#8221;][vc_column][vc_custom_heading text=&#8221;\u00bfQuieres m\u00e1s informaci\u00f3n?&#8221; use_theme_fonts=&#8221;yes&#8221;][vc_column_text]Las organizaciones que son expertas en vacunas y ofrecen informaci\u00f3n cre\u00edble:<\/p>\n<ul>\n<li><a href=\"https:\/\/www.cdc.gov\/vaccines\/vac-gen\/side-effects.htm\" target=\"_blank\" rel=\"noopener\">CDC: Posibles efectos secundarios de las vacunas<\/a><\/li>\n<li><a href=\"https:\/\/www.historyofvaccines.org\/content\/articles\/vaccine-side-effects-and-adverse-events\" target=\"_blank\" rel=\"noopener\">The History of Vaccines: Efectos secundarios y eventos adversos<\/a><\/li>\n<li><a href=\"https:\/\/www.seattlechildrens.org\/conditions\/a-z\/immunization-reactions\/\" target=\"_blank\" rel=\"noopener\">Hospital Infantil de Seattle: Reacciones a la inmunizaci\u00f3n <\/a><\/li>\n<\/ul>\n[\/vc_column_text]<div class=\"templatera_shortcode\"><style type=\"text\/css\" data-type=\"vc_shortcodes-default-css\">.vc_do_custom_heading{margin-bottom:0.625rem;margin-top:0;}<\/style><style type=\"text\/css\" data-type=\"vc_shortcodes-custom-css\">.vc_custom_1623967295184{padding-top: 20px !important;}<\/style>[vc_row][vc_column][vc_custom_heading text=\"\u00bfC\u00f3mo s\u00e9 que esta informaci\u00f3n es cre\u00edble?\" font_container=\"tag:h2|text_align:left|color:%23004789\" use_theme_fonts=\"yes\" css=\".vc_custom_1623967295184{padding-top: 20px !important;}\"][vc_column_text]Trabajamos para los padres, por lo que nos aseguramos de que sus preocupaciones se aborden utilizando hechos y ciencia, y nuestro contenido es revisado por expertos que han dedicado su carrera al estudio de las vacunas. <a href=\"https:\/\/www.voicesforvaccines.org\/credible-info\/\">Obt\u00e9n m\u00e1s informaci\u00f3n<\/a> sobre c\u00f3mo nos aseguramos de ofrecerte la mejor informaci\u00f3n para ayudarte a tomar decisiones saludables para tu familia.[\/vc_column_text][\/vc_column][\/vc_row]<\/div>[\/vc_column][\/vc_row]\n<\/div>","protected":false},"excerpt":{"rendered":"<p>[vc_row][vc_column][\/vc_column][\/vc_row][vc_row][vc_column][vc_column_text responsive_text=&#8221;true&#8221; font_family=&#8221;Open Sans&#8221;]Existe mucha confusi\u00f3n sobre lo que son y no son los efectos secundarios. Tambi\u00e9n hay bastante desinformaci\u00f3n al respecto. Por eso es importante conocer los hechos y&hellip;<\/p>\n","protected":false},"author":14,"featured_media":13508,"parent":14779,"menu_order":0,"comment_status":"closed","ping_status":"closed","template":"","meta":{"_acf_changed":false,"_price":"","_stock":"","_tribe_ticket_header":"","_tribe_default_ticket_provider":"","_tribe_ticket_capacity":"0","_ticket_start_date":"","_ticket_end_date":"","_tribe_ticket_show_description":"","_tribe_ticket_show_not_going":false,"_tribe_ticket_use_global_stock":"","_tribe_ticket_global_stock_level":"","_global_stock_mode":"","_global_stock_cap":"","_tribe_rsvp_for_event":"","_tribe_ticket_going_count":"","_tribe_ticket_not_going_count":"","_tribe_tickets_list":"[]","_tribe_ticket_has_attendee_info_fields":false,"footnotes":"","_tec_slr_enabled":"","_tec_slr_layout":""},"class_list":["post-14769","page","type-page","status-publish","has-post-thumbnail","hentry","entry","has-media"],"acf":[],"ticketed":false,"_links":{"self":[{"href":"https:\/\/www.voicesforvaccines.org\/es\/wp-json\/wp\/v2\/pages\/14769","targetHints":{"allow":["GET"]}}],"collection":[{"href":"https:\/\/www.voicesforvaccines.org\/es\/wp-json\/wp\/v2\/pages"}],"about":[{"href":"https:\/\/www.voicesforvaccines.org\/es\/wp-json\/wp\/v2\/types\/page"}],"author":[{"embeddable":true,"href":"https:\/\/www.voicesforvaccines.org\/es\/wp-json\/wp\/v2\/users\/14"}],"replies":[{"embeddable":true,"href":"https:\/\/www.voicesforvaccines.org\/es\/wp-json\/wp\/v2\/comments?post=14769"}],"version-history":[{"count":5,"href":"https:\/\/www.voicesforvaccines.org\/es\/wp-json\/wp\/v2\/pages\/14769\/revisions"}],"predecessor-version":[{"id":14775,"href":"https:\/\/www.voicesforvaccines.org\/es\/wp-json\/wp\/v2\/pages\/14769\/revisions\/14775"}],"up":[{"embeddable":true,"href":"https:\/\/www.voicesforvaccines.org\/es\/wp-json\/wp\/v2\/pages\/14779"}],"wp:featuredmedia":[{"embeddable":true,"href":"https:\/\/www.voicesforvaccines.org\/es\/wp-json\/wp\/v2\/media\/13508"}],"wp:attachment":[{"href":"https:\/\/www.voicesforvaccines.org\/es\/wp-json\/wp\/v2\/media?parent=14769"}],"curies":[{"name":"wp","href":"https:\/\/api.w.org\/{rel}","templated":true}]}}