{"id":14779,"date":"2021-05-14T18:33:04","date_gmt":"2021-05-14T23:33:04","guid":{"rendered":"https:\/\/www.voicesforvaccines.org\/ciencia\/"},"modified":"2025-08-13T09:51:46","modified_gmt":"2025-08-13T14:51:46","slug":"ciencia","status":"publish","type":"page","link":"https:\/\/www.voicesforvaccines.org\/es\/ciencia\/","title":{"rendered":"Ciencia"},"content":{"rendered":"<div class=\"wpb-content-wrapper\">[vc_row css=&#8221;.vc_custom_1620857387659{border-radius: 1px !important;}&#8221;][vc_column width=&#8221;2\/3&#8243;][vc_row_inner][vc_column_inner]<style>.vcex-heading.vcex_69e6c87b31b65{color:#004789;font-size:30px;font-weight:700;}<\/style><h1 class=\"vcex-heading vcex-heading-plain vcex-module wpex-heading wpex-text-2xl vcex_69e6c87b31b65\"><span class=\"vcex-heading-inner wpex-inline-block\">Ciencia<\/span><\/h1>[vc_single_image image=&#8221;13451&#8243; onclick=&#8221;img_link_large&#8221; css=&#8221;.vc_custom_1631997496838{padding-top: 75px !important;}&#8221;][\/vc_column_inner][\/vc_row_inner][vc_row_inner][vc_column_inner][vc_column_text responsive_text=&#8221;true&#8221; font_family=&#8221;Open Sans&#8221;]A veces resulta dif\u00edcil separar los hechos de la desinformaci\u00f3n. Puede ser a\u00fan m\u00e1s dif\u00edcil encontrar informaci\u00f3n que explique la ciencia detr\u00e1s de las vacunas de forma clara y \u00fatil para los padres. Estamos aqu\u00ed para ayudarte.  <\/p>\n<p>Aqu\u00ed encontrar\u00e1s informaci\u00f3n confiable y f\u00e1cil de entender sobre:<\/p>\n<ul>\n<li><a href=\"https:\/\/www.voicesforvaccines.org\/science\/vaccinedevelopment\/\">Desarrollo de vacunas<\/a><\/li>\n<li><a href=\"https:\/\/www.voicesforvaccines.org\/es\/ciencia\/seguridad-de-las-vacunas\/\">Seguridad de las vacunas<\/a><\/li>\n<li><a href=\"https:\/\/www.voicesforvaccines.org\/science\/howvaccineswork\/\">C\u00f3mo funcionan las vacunas<\/a><\/li>\n<li><a href=\"https:\/\/www.voicesforvaccines.org\/es\/ciencia\/ingredientes-de-la-vacunas\/\">Ingredientes de las vacunas<\/a><\/li>\n<li><a href=\"https:\/\/www.voicesforvaccines.org\/es\/ciencia\/efectos-secundarios-de-las-vacunas\/\">Efectos secundarios<\/a><\/li>\n<li><a href=\"https:\/\/www.voicesforvaccines.org\/es\/ciencia\/desinformacion\/\">C\u00f3mo se propaga la desinformaci\u00f3n<\/a><\/li>\n<\/ul>\n[\/vc_column_text][\/vc_column_inner][\/vc_row_inner][\/vc_column][vc_column width=&#8221;1\/3&#8243; css=&#8221;.vc_custom_1651882418572{border-top-width: 1px !important;border-right-width: 1px !important;border-bottom-width: 1px !important;border-left-width: 1px !important;padding-right: 0px !important;padding-left: 0px !important;border-left-color: #0a0a0a !important;border-left-style: solid !important;border-right-color: #0a0a0a !important;border-right-style: solid !important;border-top-color: #0a0a0a !important;border-top-style: solid !important;border-bottom-color: #0a0a0a !important;border-bottom-style: solid !important;}&#8221; el_class=&#8221;lookforme&#8221;]<style>.vcex-icon-box.vcex_69e6c87b32ee5{background:#9ecc41;}.vcex-icon-box.vcex_69e6c87b32ee5 .vcex-icon-box-heading{color:#004789;font-family:'Open Sans', sans-serif;}.vcex-icon-box.vcex_69e6c87b32ee5 .vcex-icon-box-image{width:30px;}<\/style><div class=\"vcex-module vcex-icon-box vcex-icon-box-one wpex-flex wpex-text-left vc_custom_1623963094815 vcex_69e6c87b32ee5\"><div class=\"vcex-icon-box-symbol vcex-icon-box-symbol--image wpex-flex-shrink-0 wpex-mr-20\"><img loading=\"lazy\" class=\"vcex-icon-box-image wpex-align-middle\" decoding=\"async\" src=\"https:\/\/www.voicesforvaccines.org\/content\/uploads\/2021\/06\/Concept-BuildingBlocks-30x30.png\" alt=\"\" srcset=\"https:\/\/www.voicesforvaccines.org\/content\/uploads\/2021\/06\/Concept-BuildingBlocks-30x30.png 30w, https:\/\/www.voicesforvaccines.org\/content\/uploads\/2021\/06\/Concept-BuildingBlocks-300x300.png 300w, https:\/\/www.voicesforvaccines.org\/content\/uploads\/2021\/06\/Concept-BuildingBlocks-150x150.png 150w, https:\/\/www.voicesforvaccines.org\/content\/uploads\/2021\/06\/Concept-BuildingBlocks-30x30@2x.png 60w, https:\/\/www.voicesforvaccines.org\/content\/uploads\/2021\/06\/Concept-BuildingBlocks.png 366w, https:\/\/www.voicesforvaccines.org\/content\/uploads\/2021\/06\/Concept-BuildingBlocks-30x30@2x.png 2x\" width=\"30\" height=\"30\"><\/div><div class=\"vcex-icon-box-text wpex-flex-grow\"><h3 class=\"vcex-icon-box-heading wpex-heading wpex-text-md wpex-mb-10\">Preg\u00fantale a los expertos<\/h3><\/div><\/div>[vc_row_inner css=&#8221;.vc_custom_1621370750839{margin-right: 5px !important;margin-left: 5px !important;}&#8221;][vc_column_inner][vc_column_text css=&#8221;.vc_custom_1686246009135{padding-top: 20px !important;}&#8221;]<strong>\u00bfC\u00f3mo funcionan las vacunas?<\/strong>[\/vc_column_text][vc_empty_space height=&#8221;8px&#8221;][vc_video link=&#8221;https:\/\/youtu.be\/jprnyPWYVsA&#8221; css=&#8221;&#8221;][vc_empty_space height=&#8221;20px&#8221;][vc_column_text css=&#8221;.vc_custom_1686246186153{padding-top: 20px !important;}&#8221;]<strong>\u00bfC\u00f3mo se eval\u00faan antes de su aprobaci\u00f3n?<\/strong>[\/vc_column_text][vc_empty_space height=&#8221;8px&#8221;][vc_video link=&#8221;https:\/\/youtu.be\/Ya3zKBZzyAw&#8221;][vc_column_text css=&#8221;.vc_custom_1625173474997{padding-top: 20px !important;}&#8221;]&gt; <a href=\"https:\/\/youtube.com\/playlist?list=PLM53nMUclCyx5IlsdL2qOYrh5PAl8xooE\" target=\"_blank\" rel=\"noopener\">M\u00e1s v\u00eddeos<\/a>[\/vc_column_text][vc_column_text]Puedes ver m\u00e1s videos o enviar tus <a href=\"https:\/\/www.voicesforvaccines.org\/ask-an-expert\/\">preguntas<\/a> directamente. \u00a1Uno de nuestros expertos puede responderte en nuestro sitio web![\/vc_column_text][\/vc_column_inner][\/vc_row_inner][\/vc_column][\/vc_row][vc_row][vc_column]<div class=\"templatera_shortcode\"><style type=\"text\/css\" data-type=\"vc_shortcodes-default-css\">.vc_do_custom_heading{margin-bottom:0.625rem;margin-top:0;}<\/style><style type=\"text\/css\" data-type=\"vc_shortcodes-custom-css\">.vc_custom_1623967295184{padding-top: 20px !important;}<\/style>[vc_row][vc_column][vc_custom_heading text=\"\u00bfC\u00f3mo s\u00e9 que esta informaci\u00f3n es cre\u00edble?\" font_container=\"tag:h2|text_align:left|color:%23004789\" use_theme_fonts=\"yes\" css=\".vc_custom_1623967295184{padding-top: 20px !important;}\"][vc_column_text]Trabajamos para los padres, por lo que nos aseguramos de que sus preocupaciones se aborden utilizando hechos y ciencia, y nuestro contenido es revisado por expertos que han dedicado su carrera al estudio de las vacunas. <a href=\"https:\/\/www.voicesforvaccines.org\/credible-info\/\">Obt\u00e9n m\u00e1s informaci\u00f3n<\/a> sobre c\u00f3mo nos aseguramos de ofrecerte la mejor informaci\u00f3n para ayudarte a tomar decisiones saludables para tu familia.[\/vc_column_text][\/vc_column][\/vc_row]<\/div>[\/vc_column][\/vc_row]\n<\/div>","protected":false},"excerpt":{"rendered":"<p>[vc_row css=&#8221;.vc_custom_1620857387659{border-radius: 1px !important;}&#8221;][vc_column width=&#8221;2\/3&#8243;][vc_row_inner][vc_column_inner][vc_single_image image=&#8221;13451&#8243; onclick=&#8221;img_link_large&#8221; css=&#8221;.vc_custom_1631997496838{padding-top: 75px !important;}&#8221;][\/vc_column_inner][\/vc_row_inner][vc_row_inner][vc_column_inner][vc_column_text responsive_text=&#8221;true&#8221; font_family=&#8221;Open Sans&#8221;]A veces resulta dif\u00edcil separar los hechos de la desinformaci\u00f3n. Puede ser a\u00fan m\u00e1s dif\u00edcil encontrar informaci\u00f3n que&hellip;<\/p>\n","protected":false},"author":14,"featured_media":0,"parent":0,"menu_order":0,"comment_status":"closed","ping_status":"closed","template":"","meta":{"_acf_changed":false,"_price":"","_stock":"","_tribe_ticket_header":"","_tribe_default_ticket_provider":"","_tribe_ticket_capacity":"0","_ticket_start_date":"","_ticket_end_date":"","_tribe_ticket_show_description":"","_tribe_ticket_show_not_going":false,"_tribe_ticket_use_global_stock":"","_tribe_ticket_global_stock_level":"","_global_stock_mode":"","_global_stock_cap":"","_tribe_rsvp_for_event":"","_tribe_ticket_going_count":"","_tribe_ticket_not_going_count":"","_tribe_tickets_list":"[]","_tribe_ticket_has_attendee_info_fields":false,"footnotes":"","_tec_slr_enabled":"","_tec_slr_layout":""},"class_list":["post-14779","page","type-page","status-publish","hentry","entry","no-media"],"acf":[],"ticketed":false,"_links":{"self":[{"href":"https:\/\/www.voicesforvaccines.org\/es\/wp-json\/wp\/v2\/pages\/14779","targetHints":{"allow":["GET"]}}],"collection":[{"href":"https:\/\/www.voicesforvaccines.org\/es\/wp-json\/wp\/v2\/pages"}],"about":[{"href":"https:\/\/www.voicesforvaccines.org\/es\/wp-json\/wp\/v2\/types\/page"}],"author":[{"embeddable":true,"href":"https:\/\/www.voicesforvaccines.org\/es\/wp-json\/wp\/v2\/users\/14"}],"replies":[{"embeddable":true,"href":"https:\/\/www.voicesforvaccines.org\/es\/wp-json\/wp\/v2\/comments?post=14779"}],"version-history":[{"count":3,"href":"https:\/\/www.voicesforvaccines.org\/es\/wp-json\/wp\/v2\/pages\/14779\/revisions"}],"predecessor-version":[{"id":14782,"href":"https:\/\/www.voicesforvaccines.org\/es\/wp-json\/wp\/v2\/pages\/14779\/revisions\/14782"}],"wp:attachment":[{"href":"https:\/\/www.voicesforvaccines.org\/es\/wp-json\/wp\/v2\/media?parent=14779"}],"curies":[{"name":"wp","href":"https:\/\/api.w.org\/{rel}","templated":true}]}}