{"id":14784,"date":"2021-05-12T16:19:57","date_gmt":"2021-05-12T21:19:57","guid":{"rendered":"https:\/\/www.voicesforvaccines.org\/informacion-sobre-vacunas-y-enfermedades-prevenibles-con-vacunas\/"},"modified":"2025-10-07T14:45:33","modified_gmt":"2025-10-07T19:45:33","slug":"informacion-sobre-vacunas-y-enfermedades-prevenibles-con-vacunas","status":"publish","type":"page","link":"https:\/\/www.voicesforvaccines.org\/es\/informacion-sobre-vacunas-y-enfermedades-prevenibles-con-vacunas\/","title":{"rendered":"Informaci\u00f3n sobre vacunas y enfermedades prevenibles con vacunas"},"content":{"rendered":"<div class=\"wpb-content-wrapper\">[vc_row css=&#8221;.vc_custom_1620857387659{border-radius: 1px !important;}&#8221;][vc_column width=&#8221;2\/3&#8243;][vc_custom_heading source=&#8221;post_title&#8221; font_container=&#8221;tag:h1|text_align:left|color:%23004789&#8243; use_theme_fonts=&#8221;yes&#8221; css=&#8221;.vc_custom_1678386018179{padding-top: 20px !important;padding-bottom: 20px !important;}&#8221;][vc_column_text responsive_text=&#8221;true&#8221; font_family=&#8221;Open Sans&#8221;]Las vacunas son uno de los mayores \u00e9xitos de la salud p\u00fablica. \u00bfSab\u00edas que entre los ni\u00f1os vacunados en EE.\u202fUU. durante los \u00faltimos 20 a\u00f1os, las vacunas han prevenido m\u00e1s de 21 millones de hospitalizaciones y 700,000 muertes? Pero estos datos no son solo n\u00fameros\u2026 cada cifra representa un ni\u00f1o protegido, que a su vez ayud\u00f3 a proteger a su comunidad.   <\/p>\n<p>Aprende m\u00e1s sobre las vacunas y las enfermedades que previenen:[\/vc_column_text]<div class=\"vcex-module vcex-bullets vcex-bullets--vertical custom-icon\">\n<ul role=\"list\">\n<li><div class=\"vcex-bullets-ci-wrap wpex-inline-flex\"><span class=\"vcex-bullets-icon-wrap vcex-icon-wrap wpex-mr-10\"><span class=\"vcex-bullets-icon vcex-icon fas fa-chevron-right\" aria-hidden=\"true\"><\/span><\/span><div class=\"vcex-content wpex-flex-grow\"><a href=\"https:\/\/www.voicesforvaccines.org\/es\/informacion-sobre-vacunas-y-enfermedades-prevenibles-con-vacunas\/informacion-sobre-la-varicela\/\">Varicela (Chickenpox)<\/a><\/div><\/div><\/li>\n<li><div class=\"vcex-bullets-ci-wrap wpex-inline-flex\"><span class=\"vcex-bullets-icon-wrap vcex-icon-wrap wpex-mr-10\"><span class=\"vcex-bullets-icon vcex-icon fas fa-chevron-right\" aria-hidden=\"true\"><\/span><\/span><div class=\"vcex-content wpex-flex-grow\"><a href=\"https:\/\/www.voicesforvaccines.org\/es\/informacion-sobre-vacunas-y-enfermedades-prevenibles-con-vacunas\/informacion-sobre-la-vacuna-covid-19\/\">COVID-19<\/a><\/div><\/div><\/li>\n<li><div class=\"vcex-bullets-ci-wrap wpex-inline-flex\"><span class=\"vcex-bullets-icon-wrap vcex-icon-wrap wpex-mr-10\"><span class=\"vcex-bullets-icon vcex-icon fas fa-chevron-right\" aria-hidden=\"true\"><\/span><\/span><div class=\"vcex-content wpex-flex-grow\"><a href=\"https:\/\/www.voicesforvaccines.org\/es\/informacion-sobre-vacunas-y-enfermedades-prevenibles-con-vacunas\/informacion-sobre-la-vacuna-dtpa\/\">DTaP (Difteria, t\u00e9tanos, tos ferina)<\/a><\/div><\/div><\/li>\n<li><div class=\"vcex-bullets-ci-wrap wpex-inline-flex\"><span class=\"vcex-bullets-icon-wrap vcex-icon-wrap wpex-mr-10\"><span class=\"vcex-bullets-icon vcex-icon fas fa-chevron-right\" aria-hidden=\"true\"><\/span><\/span><div class=\"vcex-content wpex-flex-grow\"><a href=\"https:\/\/www.voicesforvaccines.org\/es\/informacion-sobre-vacunas-y-enfermedades-prevenibles-con-vacunas\/informacion-sobre-la-vacuna-de-la-hepatitis-a\/\">Hepatitis A <\/a><\/div><\/div><\/li>\n<li><div class=\"vcex-bullets-ci-wrap wpex-inline-flex\"><span class=\"vcex-bullets-icon-wrap vcex-icon-wrap wpex-mr-10\"><span class=\"vcex-bullets-icon vcex-icon fas fa-chevron-right\" aria-hidden=\"true\"><\/span><\/span><div class=\"vcex-content wpex-flex-grow\"><a href=\"https:\/\/www.voicesforvaccines.org\/es\/informacion-sobre-vacunas-y-enfermedades-prevenibles-con-vacunas\/informacion-sobre-la-vacuna-de-la-hepatitis-b\/\">Hepatitis B<\/a><\/div><\/div><\/li>\n<li><div class=\"vcex-bullets-ci-wrap wpex-inline-flex\"><span class=\"vcex-bullets-icon-wrap vcex-icon-wrap wpex-mr-10\"><span class=\"vcex-bullets-icon vcex-icon fas fa-chevron-right\" aria-hidden=\"true\"><\/span><\/span><div class=\"vcex-content wpex-flex-grow\"><a href=\"https:\/\/www.voicesforvaccines.org\/vaccine-information\/hib\/\">Hib (Haemophilus influenzae tipo B)<\/a><\/div><\/div><\/li>\n<li><div class=\"vcex-bullets-ci-wrap wpex-inline-flex\"><span class=\"vcex-bullets-icon-wrap vcex-icon-wrap wpex-mr-10\"><span class=\"vcex-bullets-icon vcex-icon fas fa-chevron-right\" aria-hidden=\"true\"><\/span><\/span><div class=\"vcex-content wpex-flex-grow\"><a href=\"https:\/\/www.voicesforvaccines.org\/es\/informacion-sobre-vacunas-y-enfermedades-prevenibles-con-vacunas\/informacion-sobre-el-vph\/\">VPH (Virus del papiloma humano)<\/a><\/div><\/div><\/li>\n<li><div class=\"vcex-bullets-ci-wrap wpex-inline-flex\"><span class=\"vcex-bullets-icon-wrap vcex-icon-wrap wpex-mr-10\"><span class=\"vcex-bullets-icon vcex-icon fas fa-chevron-right\" aria-hidden=\"true\"><\/span><\/span><div class=\"vcex-content wpex-flex-grow\"><a href=\"https:\/\/www.voicesforvaccines.org\/es\/informacion-sobre-vacunas-y-enfermedades-prevenibles-con-vacunas\/informacion-sobre-la-influenza-gripe\/\">Influenza (Gripe)<\/a><\/div><\/div><\/li>\n<li><div class=\"vcex-bullets-ci-wrap wpex-inline-flex\"><span class=\"vcex-bullets-icon-wrap vcex-icon-wrap wpex-mr-10\"><span class=\"vcex-bullets-icon vcex-icon fas fa-chevron-right\" aria-hidden=\"true\"><\/span><\/span><div class=\"vcex-content wpex-flex-grow\"><a href=\"https:\/\/www.voicesforvaccines.org\/es\/informacion-sobre-vacunas-y-enfermedades-prevenibles-con-vacunas\/informacion-sobre-la-vacuna-triple-virica\/\">MMR (Sarampi\u00f3n, paperas y rub\u00e9ola)<\/a><\/div><\/div><\/li>\n<li><div class=\"vcex-bullets-ci-wrap wpex-inline-flex\"><span class=\"vcex-bullets-icon-wrap vcex-icon-wrap wpex-mr-10\"><span class=\"vcex-bullets-icon vcex-icon fas fa-chevron-right\" aria-hidden=\"true\"><\/span><\/span><div class=\"vcex-content wpex-flex-grow\"><a href=\"https:\/\/www.voicesforvaccines.org\/es\/informacion-sobre-vacunas-y-enfermedades-prevenibles-con-vacunas\/informacion-sobre-la-enfermedad-meningococica\/\">Meningitis <\/a><\/div><\/div><\/li>\n<li><div class=\"vcex-bullets-ci-wrap wpex-inline-flex\"><span class=\"vcex-bullets-icon-wrap vcex-icon-wrap wpex-mr-10\"><span class=\"vcex-bullets-icon vcex-icon fas fa-chevron-right\" aria-hidden=\"true\"><\/span><\/span><div class=\"vcex-content wpex-flex-grow\"><a href=\"https:\/\/www.voicesforvaccines.org\/es\/informacion-sobre-vacunas-y-enfermedades-prevenibles-con-vacunas\/informacion-sobre-la-polio\/\">Polio<\/a><\/div><\/div><\/li>\n<li><div class=\"vcex-bullets-ci-wrap wpex-inline-flex\"><span class=\"vcex-bullets-icon-wrap vcex-icon-wrap wpex-mr-10\"><span class=\"vcex-bullets-icon vcex-icon fas fa-chevron-right\" aria-hidden=\"true\"><\/span><\/span><div class=\"vcex-content wpex-flex-grow\"><a href=\"https:\/\/www.voicesforvaccines.org\/es\/informacion-sobre-vacunas-y-enfermedades-prevenibles-con-vacunas\/informacion-sobre-la-neumonia\/\">Neumon\u00eda<\/a><\/div><\/div><\/li>\n<li><div class=\"vcex-bullets-ci-wrap wpex-inline-flex\"><span class=\"vcex-bullets-icon-wrap vcex-icon-wrap wpex-mr-10\"><span class=\"vcex-bullets-icon vcex-icon fas fa-chevron-right\" aria-hidden=\"true\"><\/span><\/span><div class=\"vcex-content wpex-flex-grow\"><a href=\"https:\/\/www.voicesforvaccines.org\/es\/informacion-sobre-vacunas-y-enfermedades-prevenibles-con-vacunas\/informacion-sobre-el-rotavirus\/\">Rotavirus<\/a><\/div><\/div><\/li>\n<li><div class=\"vcex-bullets-ci-wrap wpex-inline-flex\"><span class=\"vcex-bullets-icon-wrap vcex-icon-wrap wpex-mr-10\"><span class=\"vcex-bullets-icon vcex-icon fas fa-chevron-right\" aria-hidden=\"true\"><\/span><\/span><div class=\"vcex-content wpex-flex-grow\"><a href=\"https:\/\/www.voicesforvaccines.org\/es\/informacion-sobre-vacunas-y-enfermedades-prevenibles-con-vacunas\/informacion-sobre-vacunas-contra-el-virus-respiratorio-sincitial-rsv\/\">Virus respiratorio sincitial (RSV)<\/a><\/div><\/div><\/li>\n<li><div class=\"vcex-bullets-ci-wrap wpex-inline-flex\"><span class=\"vcex-bullets-icon-wrap vcex-icon-wrap wpex-mr-10\"><span class=\"vcex-bullets-icon vcex-icon fas fa-chevron-right\" aria-hidden=\"true\"><\/span><\/span><div class=\"vcex-content wpex-flex-grow\"><a href=\"https:\/\/www.voicesforvaccines.org\/es\/informacion-sobre-vacunas-y-enfermedades-prevenibles-con-vacunas\/informacion-sobre-la-culebrilla-herpes-zoster\/\">Culebrilla (Herpes z\u00f3ster)<\/a><\/div><\/div><\/li>\n<li><div class=\"vcex-bullets-ci-wrap wpex-inline-flex\"><span class=\"vcex-bullets-icon-wrap vcex-icon-wrap wpex-mr-10\"><span class=\"vcex-bullets-icon vcex-icon fas fa-chevron-right\" aria-hidden=\"true\"><\/span><\/span><div class=\"vcex-content wpex-flex-grow\"><a href=\"https:\/\/www.voicesforvaccines.org\/es\/informacion-sobre-vacunas-y-enfermedades-prevenibles-con-vacunas\/informacion-sobre-la-vacuna-tdap\/\">Tdap<\/a><\/div><\/div><\/li>\n<li><div class=\"vcex-bullets-ci-wrap wpex-inline-flex\"><span class=\"vcex-bullets-icon-wrap vcex-icon-wrap wpex-mr-10\"><span class=\"vcex-bullets-icon vcex-icon fas fa-chevron-right\" aria-hidden=\"true\"><\/span><\/span><div class=\"vcex-content wpex-flex-grow\"><a href=\"https:\/\/www.voicesforvaccines.org\/es\/informacion-sobre-vacunas-y-enfermedades-prevenibles-con-vacunas\/informacion-sobre-vacunas-adicionales\/\">Otras vacunas<\/a><\/div><\/div><\/li>\n<\/ul>\n<\/div>[\/vc_column][vc_column width=&#8221;1\/3&#8243; css=&#8221;.vc_custom_1621370661743{margin-top: 75px !important;border-top-width: 1px !important;border-right-width: 1px !important;border-bottom-width: 1px !important;border-left-width: 1px !important;padding-right: 0px !important;padding-left: 0px !important;border-left-color: #0a0a0a !important;border-left-style: solid !important;border-right-color: #0a0a0a !important;border-right-style: solid !important;border-top-color: #0a0a0a !important;border-top-style: solid !important;border-bottom-color: #0a0a0a !important;border-bottom-style: solid !important;}&#8221; el_class=&#8221;lookforme&#8221;]<style>.vcex-icon-box.vcex_69d76b831f410{background:#9ecc41;}.vcex-icon-box.vcex_69d76b831f410 .vcex-icon-box-heading{color:#004789;font-family:'Open Sans', sans-serif;}.vcex-icon-box.vcex_69d76b831f410 .vcex-icon-box-image{width:30px;}<\/style><div class=\"vcex-module vcex-icon-box vcex-icon-box-one wpex-flex wpex-text-left vc_custom_1623963055633 vcex_69d76b831f410\"><div class=\"vcex-icon-box-symbol vcex-icon-box-symbol--image wpex-flex-shrink-0 wpex-mr-20\"><img loading=\"lazy\" class=\"vcex-icon-box-image wpex-align-middle\" decoding=\"async\" src=\"https:\/\/www.voicesforvaccines.org\/content\/uploads\/2021\/06\/Concept-BuildingBlocks-30x30.png\" alt=\"\" srcset=\"https:\/\/www.voicesforvaccines.org\/content\/uploads\/2021\/06\/Concept-BuildingBlocks-30x30.png 30w, https:\/\/www.voicesforvaccines.org\/content\/uploads\/2021\/06\/Concept-BuildingBlocks-300x300.png 300w, https:\/\/www.voicesforvaccines.org\/content\/uploads\/2021\/06\/Concept-BuildingBlocks-150x150.png 150w, https:\/\/www.voicesforvaccines.org\/content\/uploads\/2021\/06\/Concept-BuildingBlocks-30x30@2x.png 60w, https:\/\/www.voicesforvaccines.org\/content\/uploads\/2021\/06\/Concept-BuildingBlocks.png 366w, https:\/\/www.voicesforvaccines.org\/content\/uploads\/2021\/06\/Concept-BuildingBlocks-30x30@2x.png 2x\" width=\"30\" height=\"30\"><\/div><div class=\"vcex-icon-box-text wpex-flex-grow\"><h3 class=\"vcex-icon-box-heading wpex-heading wpex-text-md wpex-mb-10\">Preg\u00fantale a los expertos<\/h3><\/div><\/div>[vc_row_inner css=&#8221;.vc_custom_1621370750839{margin-right: 5px !important;margin-left: 5px !important;}&#8221;][vc_column_inner][vc_column_text css=&#8221;.vc_custom_1724078480872{padding-top: 20px !important;}&#8221;]<strong>\u00bfC\u00f3mo funcionan las vacunas?<\/strong>[\/vc_column_text]<div class=\"vcex-spacing wpex-w-100 wpex-clear\" style=\"height:8px;\"><\/div>[vc_video link=&#8221;https:\/\/youtu.be\/jprnyPWYVsA&#8221; css=&#8221;&#8221;]<div class=\"vcex-spacing wpex-w-100 wpex-clear\" style=\"height:20px;\"><\/div>[vc_column_text css=&#8221;.vc_custom_1686245835841{padding-top: 20px !important;}&#8221;]<strong>\u00bfEs segura la vacuna MMR?<\/strong>[\/vc_column_text]<div class=\"vcex-spacing wpex-w-100 wpex-clear\" style=\"height:8px;\"><\/div>[vc_video link=&#8221;https:\/\/youtu.be\/m99JiIJIS8k&#8221;][vc_column_text css=&#8221;.vc_custom_1625173292721{padding-top: 20px !important;}&#8221;]<span class=\"wpex-icon wpex-icon--bidi\" aria-hidden=\"true\"><svg xmlns=\"http:\/\/www.w3.org\/2000\/svg\" viewBox=\"0 0 320 512\"><path d=\"M310.6 233.4c12.5 12.5 12.5 32.8 0 45.3l-192 192c-12.5 12.5-32.8 12.5-45.3 0s-12.5-32.8 0-45.3L242.7 256 73.4 86.6c-12.5-12.5-12.5-32.8 0-45.3s32.8-12.5 45.3 0l192 192z\"\/><\/svg><\/span><a href=\"https:\/\/youtube.com\/playlist?list=PLM53nMUclCyx5IlsdL2qOYrh5PAl8xooE\" target=\"_blank\" rel=\"noopener\"> M\u00e1s v\u00eddeos<\/a>[\/vc_column_text][vc_column_text css=&#8221;.vc_custom_1703725577862{padding-top: 30px !important;}&#8221;]\n<p class=\"vc_custom_heading\"><strong>\u00bfTienes pregunta? <\/strong>Puedes <a href=\"https:\/\/www.voicesforvaccines.org\/ask-an-expert\/\">escribirmos<\/a> y alguno de nuestros <a href=\"https:\/\/www.voicesforvaccines.org\/credible-info\/\">expertos<\/a> podr\u00eda responderlas en nuestro sitio web.<\/p>\n[\/vc_column_text][\/vc_column_inner][\/vc_row_inner][\/vc_column][\/vc_row][vc_row][vc_column]<div class=\"templatera_shortcode\"><style type=\"text\/css\" data-type=\"vc_shortcodes-default-css\">.vc_do_custom_heading{margin-bottom:0.625rem;margin-top:0;}<\/style><style type=\"text\/css\" data-type=\"vc_shortcodes-custom-css\">.vc_custom_1623967295184{padding-top: 20px !important;}<\/style>[vc_row][vc_column][vc_custom_heading text=\"\u00bfC\u00f3mo s\u00e9 que esta informaci\u00f3n es cre\u00edble?\" font_container=\"tag:h2|text_align:left|color:%23004789\" use_theme_fonts=\"yes\" css=\".vc_custom_1623967295184{padding-top: 20px !important;}\"][vc_column_text]Trabajamos para los padres, por lo que nos aseguramos de que sus preocupaciones se aborden utilizando hechos y ciencia, y nuestro contenido es revisado por expertos que han dedicado su carrera al estudio de las vacunas. <a href=\"https:\/\/www.voicesforvaccines.org\/credible-info\/\">Obt\u00e9n m\u00e1s informaci\u00f3n<\/a> sobre c\u00f3mo nos aseguramos de ofrecerte la mejor informaci\u00f3n para ayudarte a tomar decisiones saludables para tu familia.[\/vc_column_text][\/vc_column][\/vc_row]<\/div>[\/vc_column][\/vc_row]\n<\/div>","protected":false},"excerpt":{"rendered":"<p>[vc_row css=&#8221;.vc_custom_1620857387659{border-radius: 1px !important;}&#8221;][vc_column width=&#8221;2\/3&#8243;][vc_custom_heading source=&#8221;post_title&#8221; font_container=&#8221;tag:h1|text_align:left|color:%23004789&#8243; use_theme_fonts=&#8221;yes&#8221; css=&#8221;.vc_custom_1678386018179{padding-top: 20px !important;padding-bottom: 20px !important;}&#8221;][vc_column_text responsive_text=&#8221;true&#8221; font_family=&#8221;Open Sans&#8221;]Las vacunas son uno de los mayores \u00e9xitos de la salud p\u00fablica. \u00bfSab\u00edas que entre&hellip;<\/p>\n","protected":false},"author":14,"featured_media":13511,"parent":0,"menu_order":0,"comment_status":"closed","ping_status":"closed","template":"","meta":{"_acf_changed":false,"_price":"","_stock":"","_tribe_ticket_header":"","_tribe_default_ticket_provider":"","_tribe_ticket_capacity":"0","_ticket_start_date":"","_ticket_end_date":"","_tribe_ticket_show_description":"","_tribe_ticket_show_not_going":false,"_tribe_ticket_use_global_stock":"","_tribe_ticket_global_stock_level":"","_global_stock_mode":"","_global_stock_cap":"","_tribe_rsvp_for_event":"","_tribe_ticket_going_count":"","_tribe_ticket_not_going_count":"","_tribe_tickets_list":"[]","_tribe_ticket_has_attendee_info_fields":false,"footnotes":"","_tec_slr_enabled":"","_tec_slr_layout":""},"class_list":["post-14784","page","type-page","status-publish","has-post-thumbnail","hentry","entry","has-media"],"acf":[],"ticketed":false,"_links":{"self":[{"href":"https:\/\/www.voicesforvaccines.org\/es\/wp-json\/wp\/v2\/pages\/14784","targetHints":{"allow":["GET"]}}],"collection":[{"href":"https:\/\/www.voicesforvaccines.org\/es\/wp-json\/wp\/v2\/pages"}],"about":[{"href":"https:\/\/www.voicesforvaccines.org\/es\/wp-json\/wp\/v2\/types\/page"}],"author":[{"embeddable":true,"href":"https:\/\/www.voicesforvaccines.org\/es\/wp-json\/wp\/v2\/users\/14"}],"replies":[{"embeddable":true,"href":"https:\/\/www.voicesforvaccines.org\/es\/wp-json\/wp\/v2\/comments?post=14784"}],"version-history":[{"count":8,"href":"https:\/\/www.voicesforvaccines.org\/es\/wp-json\/wp\/v2\/pages\/14784\/revisions"}],"predecessor-version":[{"id":15102,"href":"https:\/\/www.voicesforvaccines.org\/es\/wp-json\/wp\/v2\/pages\/14784\/revisions\/15102"}],"wp:featuredmedia":[{"embeddable":true,"href":"https:\/\/www.voicesforvaccines.org\/es\/wp-json\/wp\/v2\/media\/13511"}],"wp:attachment":[{"href":"https:\/\/www.voicesforvaccines.org\/es\/wp-json\/wp\/v2\/media?parent=14784"}],"curies":[{"name":"wp","href":"https:\/\/api.w.org\/{rel}","templated":true}]}}