{"id":14787,"date":"2021-05-14T18:45:53","date_gmt":"2021-05-14T23:45:53","guid":{"rendered":"https:\/\/www.voicesforvaccines.org\/ciencia\/desarrollo-de-vacunas\/"},"modified":"2025-10-07T14:32:05","modified_gmt":"2025-10-07T19:32:05","slug":"desarrollo-de-vacunas","status":"publish","type":"page","link":"https:\/\/www.voicesforvaccines.org\/es\/ciencia\/desarrollo-de-vacunas\/","title":{"rendered":"Desarrollo de vacunas"},"content":{"rendered":"<div class=\"wpb-content-wrapper\">[vc_row css=&#8221;.vc_custom_1620857387659{border-radius: 1px !important;}&#8221;][vc_column width=&#8221;2\/3&#8243;][vc_row_inner][vc_column_inner]<style>.vcex-heading.vcex_69f3576e0e6ea{color:#004789;font-size:30px;font-weight:700;}<\/style><h1 class=\"vcex-heading vcex-heading-plain vcex-module wpex-heading wpex-text-2xl vcex_69f3576e0e6ea\"><span class=\"vcex-heading-inner wpex-inline-block\">Desarrollo de vacunas<\/span><\/h1>[\/vc_column_inner][\/vc_row_inner][vc_row_inner][vc_column_inner][vc_column_text responsive_text=&#8221;true&#8221; font_family=&#8221;Open Sans&#8221;]El desarrollo de vacunas es un <a href=\"https:\/\/www.voicesforvaccines.org\/toolkits\/vaccine-overview-development-safety\/\">proceso complejo y riguroso<\/a> que pasa por varias etapas antes de estar disponible para el p\u00fablico. Aqu\u00ed tienes una gu\u00eda para entender mejor c\u00f3mo funciona.[\/vc_column_text][\/vc_column_inner][\/vc_row_inner][vc_row_inner][vc_column_inner][vc_custom_heading text=&#8221;Ensayos cl\u00ednicos&#8221; use_theme_fonts=&#8221;yes&#8221;][vc_column_text]Las vacunas son uno de los tratamientos m\u00e9dicos m\u00e1s probados del mundo. Pasan por fases rigurosas que pueden durar a\u00f1os, incluyendo ensayos cl\u00ednicos y procesos de aprobaci\u00f3n. Este proceso incluye:  <\/p>\n<p><strong>Fase exploratoria:<\/strong> Ocurre en laboratorios de investigaci\u00f3n. Se identifican posibles ant\u00edgenos (sustancias que ayudan al cuerpo a generar una respuesta inmunitaria que podr\u00eda prevenir enfermedades).<\/p>\n<p><strong>Fase Precl\u00ednica:<\/strong> Los investigadores prueban esos ant\u00edgenos en el laboratorio (no en humanos) para ver si generan una respuesta inmune.<\/p>\n<h3>Desarrollo cl\u00ednico<\/h3>\n<ul>\n<li><strong>Fase I:<\/strong> Estudio peque\u00f1o (menos de 100 personas). Se prueba la seguridad de la vacuna y se observa la respuesta inmune.<\/li>\n<li><strong>Fase II:<\/strong> Estudio con cientos de participantes. Se analiza:\n<ul>\n<li>Seguridad<\/li>\n<li>Eficacia (inmunogenicidad)<\/li>\n<li>Cu\u00e1ndo es mejor aplicarla (cronograma de vacunaci\u00f3n)<\/li>\n<li>Qu\u00e9 dosis se necesita<\/li>\n<\/ul>\n<\/li>\n<li><strong>La fase III:<\/strong> Estudio grande con miles de personas. Se eval\u00faan posibles efectos secundarios raros y se confirma la eficacia.<\/li>\n<\/ul>\n[\/vc_column_text][\/vc_column_inner][\/vc_row_inner][vc_row_inner][vc_column_inner][vc_custom_heading text=&#8221;Aprobaci\u00f3n oficial&#8221; use_theme_fonts=&#8221;yes&#8221;][vc_column_text]Despu\u00e9s del proceso de investigaci\u00f3n, la vacuna debe pasar por m\u00e1s revisiones antes de llegar al consultorio m\u00e9dico.<\/p>\n<p>Si se demuestra que es segura y eficaz, la FDA analiza todos los datos y decide si se aprueba su uso en los Estados Unidos. La FDA solo aprueba una vacuna si los beneficios superan los riesgos.  <\/p>\n<p>Casi todos los pa\u00edses tienen entidades similares a la FDA, as\u00ed que los datos son revisados por muchas agencias alrededor del mundo.<\/p>\n<p>En Estados Unidos, una vez que una vacuna se aprueba, el Comit\u00e9 Asesor sobre Pr\u00e1cticas de Inmunizaci\u00f3n (ACIP) eval\u00faa los datos y decide c\u00f3mo debe usarse. Sus miembros son expertos en vacunas y m\u00e9dicos. Luego, el Director del CDC revisa la recomendaci\u00f3n. Si la aprueba, la vacuna se agrega al calendario oficial de vacunaci\u00f3n.<br \/>\n[\/vc_column_text][\/vc_column_inner][\/vc_row_inner][vc_row_inner][vc_column_inner][vc_custom_heading text=&#8221;Monitoreo continuo de seguridad&#8221; use_theme_fonts=&#8221;yes&#8221;][vc_column_text]Una vacuna sigue siendo vigilada incluso despu\u00e9s de ser aprobada, mediante estos sistemas:<\/p>\n<ul>\n<li><strong>VAERS (Sistema de Reporte de Eventos Adversos de Vacunas):<\/strong> El VAERS analiza los informes de acontecimientos adversos que se producen despu\u00e9s de la vacunaci\u00f3n.<br \/>Cualquier persona puede enviar un reporte sobre efectos secundarios. Que se registre un evento no significa que fue causado por la vacuna. Consulta las <a href=\"https:\/\/www.voicesforvaccines.org\/resources\/frequently-asked-questions\/\">preguntas m\u00e1s frecuentes<\/a> para obtener m\u00e1s informaci\u00f3n sobre el VAERS.  <\/li>\n<li><strong> VSD (Enlace de Seguridad de Vacunas):<\/strong> Analiza informaci\u00f3n m\u00e9dica de m\u00e1s de 24 millones de personas, protegiendo su privacidad. <\/li>\n<li><strong>PRISM:<\/strong> Revisa informaci\u00f3n de salud de m\u00e1s de 190 millones de personas, agrupada y sin datos personales. <\/li>\n<li><strong>CISA:<\/strong> Proyecto del CDC con 7 centros m\u00e9dicos que brindan asesor\u00eda t\u00e9cnica y estudian c\u00f3mo mejorar la seguridad de las vacunas.<\/li>\n<\/ul>\n[\/vc_column_text][\/vc_column_inner][\/vc_row_inner][vc_row_inner][vc_column_inner][vc_custom_heading text=&#8221;Autorizaciones de uso de emergencia&#8221; use_theme_fonts=&#8221;yes&#8221;][vc_column_text]En Estados Unidos, la FDA puede permitir el uso temporal de emergencia de una vacuna cuando hay una epidemia, pero a\u00fan no se ha completado el proceso de aprobaci\u00f3n. Para que se otorgue una Autorizaci\u00f3n de Uso de Emergencia:<br \/>Deben completarse los ensayos cl\u00ednicos de fase I y II. La vacuna debe ser segura. Debe haber datos preliminares que indiquen que podr\u00eda ser eficaz. Solo se aprueba en situaciones urgentes donde puede salvar vidas.   <\/p>\n<p>Ejemplos de vacunas con Autorizaci\u00f3n de Uso de Emergencia: <br \/>\u2022 La vacuna contra el \u00c9bola en \u00c1frica Occidental<br \/>\u2022 Tres vacunas contra el COVID-19 aprobadas antes de su autorizaci\u00f3n total  <\/p>\n<p>La Autorizaci\u00f3n de Uso de Emergencia es temporal. La vacuna igual debe pasar por todo el proceso de aprobaci\u00f3n y sigue bajo monitoreo.[\/vc_column_text][\/vc_column_inner][\/vc_row_inner][vc_row_inner remove_bottom_col_margin=&#8221;true&#8221;][vc_column_inner][vc_custom_heading text=&#8221;\u00bfD\u00f3nde encontrar informaci\u00f3n confiable?&#8221; use_theme_fonts=&#8221;yes&#8221;][vc_column_text]Estas son algunas organizaciones expertas que ofrecen datos cre\u00edbles:<\/p>\n<ul>\n<li><a href=\"https:\/\/www.cdc.gov\/vaccines\/basics\/test-approve.html\" target=\"_blank\" rel=\"noopener\">La p\u00e1gina del CDC sobre el proceso de aprobaci\u00f3n <\/a><\/li>\n<li><a href=\"https:\/\/publichealthonline.gwu.edu\/blog\/producing-prevention-the-complex-development-of-vaccines\/\" target=\"_blank\" rel=\"noopener\">La Escuela de Salud P\u00fablica Milken: Desarrollo complejo de vacunas<\/a><\/li>\n<li><a href=\"https:\/\/www.cdc.gov\/vaccines\/parents\/infographics\/journey-of-child-vaccine-h.pdf\" target=\"_blank\" rel=\"noopener\">Infograf\u00eda del CDC &#8211; El proceso de las vacunas infantiles<\/a>(PDF)<\/li>\n<\/ul>\n[\/vc_column_text]<div class=\"templatera_shortcode\"><style type=\"text\/css\" data-type=\"vc_shortcodes-default-css\">.vc_do_custom_heading{margin-bottom:0.625rem;margin-top:0;}<\/style><style type=\"text\/css\" data-type=\"vc_shortcodes-custom-css\">.vc_custom_1623967295184{padding-top: 20px !important;}<\/style>[vc_row][vc_column][vc_custom_heading text=\"\u00bfC\u00f3mo s\u00e9 que esta informaci\u00f3n es cre\u00edble?\" font_container=\"tag:h2|text_align:left|color:%23004789\" use_theme_fonts=\"yes\" css=\".vc_custom_1623967295184{padding-top: 20px !important;}\"][vc_column_text]Trabajamos para los padres, por lo que nos aseguramos de que sus preocupaciones se aborden utilizando hechos y ciencia, y nuestro contenido es revisado por expertos que han dedicado su carrera al estudio de las vacunas. <a href=\"https:\/\/www.voicesforvaccines.org\/credible-info\/\">Obt\u00e9n m\u00e1s informaci\u00f3n<\/a> sobre c\u00f3mo nos aseguramos de ofrecerte la mejor informaci\u00f3n para ayudarte a tomar decisiones saludables para tu familia.[\/vc_column_text][\/vc_column][\/vc_row]<\/div>[\/vc_column_inner][\/vc_row_inner][\/vc_column][vc_column width=&#8221;1\/3&#8243; css=&#8221;.vc_custom_1651882329219{border-top-width: 1px !important;border-right-width: 1px !important;border-bottom-width: 1px !important;border-left-width: 1px !important;padding-right: 0px !important;padding-left: 0px !important;background-color: #eaeaea !important;border-left-color: #0a0a0a !important;border-left-style: solid !important;border-right-color: #0a0a0a !important;border-right-style: solid !important;border-top-color: #0a0a0a !important;border-top-style: solid !important;border-bottom-color: #0a0a0a !important;border-bottom-style: solid !important;}&#8221;]<style>.vcex-icon-box.vcex_69f3576e10381{background:#9ecc41;}.vcex-icon-box.vcex_69f3576e10381 .vcex-icon-box-image{width:30px;}<\/style><div class=\"vcex-module vcex-icon-box vcex-icon-box-one wpex-flex wpex-text-left vc_custom_1651692916848 vcex_69f3576e10381\"><div class=\"vcex-icon-box-symbol vcex-icon-box-symbol--image wpex-flex-shrink-0 wpex-mr-20\"><img loading=\"lazy\" class=\"vcex-icon-box-image wpex-align-middle\" decoding=\"async\" src=\"https:\/\/www.voicesforvaccines.org\/content\/uploads\/2021\/06\/Concept-BuildingBlocks-30x30.png\" alt=\"\" srcset=\"https:\/\/www.voicesforvaccines.org\/content\/uploads\/2021\/06\/Concept-BuildingBlocks-30x30.png 30w, https:\/\/www.voicesforvaccines.org\/content\/uploads\/2021\/06\/Concept-BuildingBlocks-300x300.png 300w, https:\/\/www.voicesforvaccines.org\/content\/uploads\/2021\/06\/Concept-BuildingBlocks-150x150.png 150w, https:\/\/www.voicesforvaccines.org\/content\/uploads\/2021\/06\/Concept-BuildingBlocks-30x30@2x.png 60w, https:\/\/www.voicesforvaccines.org\/content\/uploads\/2021\/06\/Concept-BuildingBlocks.png 366w, https:\/\/www.voicesforvaccines.org\/content\/uploads\/2021\/06\/Concept-BuildingBlocks-30x30@2x.png 2x\" width=\"30\" height=\"30\"><\/div><div class=\"vcex-icon-box-text wpex-flex-grow\"><h2 class=\"vcex-icon-box-heading wpex-heading wpex-text-md wpex-mb-10\">Entendiendo VAERS<\/h2><\/div><\/div>[vc_row_inner][vc_column_inner][vc_column_text css=&#8221;.vc_custom_1633989389027{padding-top: 10px !important;padding-right: 20px !important;padding-bottom: 10px !important;padding-left: 20px !important;border-radius: 1px !important;}&#8221;]VAERS es un sistema muy \u00fatil porque cualquier persona puede reportar lo que cree que ocurri\u00f3 despu\u00e9s de una vacuna. Esto permite que todos participen en el proceso de seguridad. Pero como no todos somos expertos en vacunas, muchos reportes de VAERS no est\u00e1n relacionados realmente con las vacunas.      <\/p>\n<p>Ejemplos reales incluyen:<\/p>\n<ul>\n<li>Pelea escolar (VAERS ID 0403086-1)<\/li>\n<li>Congelamiento (VAERS ID 0284528-1)<\/li>\n<li>Infecci\u00f3n por \u00e1caros (VAERS ID 0156190-1)<\/li>\n<\/ul>\n<p>As\u00ed que, cuando oigas que una vacuna tiene varios informes VAERS, recuerda que la mayor\u00eda de ellos probablemente no est\u00e9n relacionados con la vacuna en absoluto. Y los que lo est\u00e1n, suelen ser leves. Los acontecimientos adversos graves son aproximadamente 1 de cada 1 mill\u00f3n de vacunas. Es importante comprender el cuadro completo para tomar decisiones seguras e informadas para tu familia.[\/vc_column_text][\/vc_column_inner][\/vc_row_inner][\/vc_column][\/vc_row]\n<\/div>","protected":false},"excerpt":{"rendered":"<p>[vc_row css=&#8221;.vc_custom_1620857387659{border-radius: 1px !important;}&#8221;][vc_column width=&#8221;2\/3&#8243;][vc_row_inner][vc_column_inner][\/vc_column_inner][\/vc_row_inner][vc_row_inner][vc_column_inner][vc_column_text responsive_text=&#8221;true&#8221; font_family=&#8221;Open Sans&#8221;]El desarrollo de vacunas es un proceso complejo y riguroso que pasa por varias etapas antes de estar disponible para el p\u00fablico. Aqu\u00ed&hellip;<\/p>\n","protected":false},"author":14,"featured_media":13496,"parent":14779,"menu_order":0,"comment_status":"closed","ping_status":"closed","template":"","meta":{"_acf_changed":false,"_price":"","_stock":"","_tribe_ticket_header":"","_tribe_default_ticket_provider":"","_tribe_ticket_capacity":"0","_ticket_start_date":"","_ticket_end_date":"","_tribe_ticket_show_description":"","_tribe_ticket_show_not_going":false,"_tribe_ticket_use_global_stock":"","_tribe_ticket_global_stock_level":"","_global_stock_mode":"","_global_stock_cap":"","_tribe_rsvp_for_event":"","_tribe_ticket_going_count":"","_tribe_ticket_not_going_count":"","_tribe_tickets_list":"[]","_tribe_ticket_has_attendee_info_fields":false,"footnotes":"","_tec_slr_enabled":"","_tec_slr_layout":""},"class_list":["post-14787","page","type-page","status-publish","has-post-thumbnail","hentry","entry","has-media"],"acf":[],"ticketed":false,"_links":{"self":[{"href":"https:\/\/www.voicesforvaccines.org\/es\/wp-json\/wp\/v2\/pages\/14787","targetHints":{"allow":["GET"]}}],"collection":[{"href":"https:\/\/www.voicesforvaccines.org\/es\/wp-json\/wp\/v2\/pages"}],"about":[{"href":"https:\/\/www.voicesforvaccines.org\/es\/wp-json\/wp\/v2\/types\/page"}],"author":[{"embeddable":true,"href":"https:\/\/www.voicesforvaccines.org\/es\/wp-json\/wp\/v2\/users\/14"}],"replies":[{"embeddable":true,"href":"https:\/\/www.voicesforvaccines.org\/es\/wp-json\/wp\/v2\/comments?post=14787"}],"version-history":[{"count":9,"href":"https:\/\/www.voicesforvaccines.org\/es\/wp-json\/wp\/v2\/pages\/14787\/revisions"}],"predecessor-version":[{"id":15084,"href":"https:\/\/www.voicesforvaccines.org\/es\/wp-json\/wp\/v2\/pages\/14787\/revisions\/15084"}],"up":[{"embeddable":true,"href":"https:\/\/www.voicesforvaccines.org\/es\/wp-json\/wp\/v2\/pages\/14779"}],"wp:featuredmedia":[{"embeddable":true,"href":"https:\/\/www.voicesforvaccines.org\/es\/wp-json\/wp\/v2\/media\/13496"}],"wp:attachment":[{"href":"https:\/\/www.voicesforvaccines.org\/es\/wp-json\/wp\/v2\/media?parent=14787"}],"curies":[{"name":"wp","href":"https:\/\/api.w.org\/{rel}","templated":true}]}}