{"id":14815,"date":"2021-05-15T15:37:29","date_gmt":"2021-05-15T20:37:29","guid":{"rendered":"https:\/\/www.voicesforvaccines.org\/ciencia\/como-funcionan-las-vacunas\/"},"modified":"2025-10-07T14:33:23","modified_gmt":"2025-10-07T19:33:23","slug":"como-funcionan-las-vacunas","status":"publish","type":"page","link":"https:\/\/www.voicesforvaccines.org\/es\/ciencia\/como-funcionan-las-vacunas\/","title":{"rendered":"C\u00f3mo funcionan las vacunas"},"content":{"rendered":"<div class=\"wpb-content-wrapper\">[vc_row css=&#8221;.vc_custom_1620857387659{border-radius: 1px !important;}&#8221;][vc_column width=&#8221;2\/3&#8243;][vc_row_inner][vc_column_inner]<style>.vcex-heading.vcex_69da52f967015{color:#004789;font-size:30px;font-weight:700;}<\/style><h1 class=\"vcex-heading vcex-heading-plain vcex-module wpex-heading wpex-text-2xl vcex_69da52f967015\"><span class=\"vcex-heading-inner wpex-inline-block\">C\u00f3mo funcionan las vacunas<\/span><\/h1>[\/vc_column_inner][\/vc_row_inner][vc_row_inner][vc_column_inner][vc_column_text responsive_text=&#8221;true&#8221; font_family=&#8221;Open Sans&#8221;]Las vacunas son uno de los mayores logros de la ciencia y la salud p\u00fablica en los \u00faltimos 100 a\u00f1os. Pero para muchas personas, todav\u00eda puede parecer un misterio c\u00f3mo funcionan. Aqu\u00ed te explicamos de forma sencilla c\u00f3mo trabaja tu sistema inmunitario y c\u00f3mo las vacunas lo ayudan a protegerte contra algunas de las enfermedades m\u00e1s graves y peligrosas. Adem\u00e1s, en nuestra gu\u00eda de recursos sobre vacunas encontrar\u00e1s <a href=\"https:\/\/www.voicesforvaccines.org\/toolkits\/a-brief-but-spectacular-history-of-vaccines\/\">una breve (\u00a1pero emocionante!) historia<\/a> de su desarrollo.[\/vc_column_text][\/vc_column_inner][\/vc_row_inner][vc_row_inner][vc_column_inner][vc_custom_heading text=&#8221;El sistema inmunol\u00f3gico&#8221; use_theme_fonts=&#8221;yes&#8221;][vc_column_text]Tu sistema inmunitario est\u00e1 formado por distintos tipos de c\u00e9lulas y \u00f3rganos que trabajan juntos como un ej\u00e9rcito muy bien entrenado. Su misi\u00f3n es proteger tu cuerpo de bacterias, virus, hongos y par\u00e1sitos que pueden hacerte enfermar. Todos los d\u00edas, tu sistema inmunitario inmune detecta y combate miles de \u201cinvasores\u201d. Y lo m\u00e1s impresionante es que cada vez que se enfrenta a uno nuevo, aprende a reconocerlo para poder reaccionar m\u00e1s r\u00e1pido si vuelve a aparecer. A eso le llamamos inmunidad.   <\/p>\n<p>Existen varios tipos de inmunidad:<\/p>\n<ul>\n<li><strong>Innata<\/strong>: Es la que traemos desde que nacemos. Por ejemplo, la piel es una barrera natural que impide la entrada de muchos g\u00e9rmenes. <\/li>\n<li><strong>Adaptativa:<\/strong> Es la que se va desarrollando a lo largo de la vida. La adquirimos cuando pasamos por una enfermedad o cuando nos vacunamos. <\/li>\n<li><strong>Pasiva:<\/strong> Es temporal, pero \u00fatil. Por ejemplo, los beb\u00e9s reciben anticuerpos a trav\u00e9s de la leche materna que les ayudan a defenderse mientras su sistema inmunitario madura.  <\/li>\n<\/ul>\n<p>Tu sistema inmunitario est\u00e1 en alerta todo el tiempo, actuando sin que lo notes. Pero a veces, un virus o bacteria puede multiplicarse tan r\u00e1pido dentro del cuerpo que tu sistema no alcanza a detenerlo a tiempo. Cuando eso pasa, te enfermas. La mayor\u00eda de los g\u00e9rmenes causan enfermedades leves, pero algunos pueden provocar complicaciones graves o incluso la muerte. Las vacunas est\u00e1n dise\u00f1adas para protegernos justamente contra esas enfermedades m\u00e1s serias.[\/vc_column_text][\/vc_column_inner][\/vc_row_inner][vc_row_inner][vc_column_inner][vc_custom_heading text=&#8221;Inmunidad de grupo (tambi\u00e9n conocida como inmunidad colectiva)&#8221; use_theme_fonts=&#8221;yes&#8221;][vc_column_text]Hay personas que no pueden vacunarse, y para ellas una infecci\u00f3n puede ser muy peligrosa. Estas personas pueden ser: <\/p>\n<ul>\n<li>Beb\u00e9s<\/li>\n<li>Personas con sistemas inmunitarios d\u00e9biles (por ejemplo, quienes est\u00e1n en tratamiento contra el c\u00e1ncer o padecen alguna enfermedad autoinmune).<\/li>\n<li>Adultos mayores<\/li>\n<\/ul>\n<p>Para que est\u00e9n a salvo, estos grupos de personas dependen de que la mayor\u00eda de la comunidad est\u00e9 protegida. Esto se llama inmunidad de grupo. Cuando muchas personas est\u00e1n inmunizadas, la enfermedad tiene menos oportunidades de propagarse, y eso protege tambi\u00e9n a quienes no pueden vacunarse. Esta inmunidad se puede dar de dos formas: cuando la gente se contagia naturalmente (lo cual implica que muchas personas se enfermen) o, de forma mucho m\u00e1s segura, a trav\u00e9s de la vacunaci\u00f3n.   <\/p>\n<p>Cada enfermedad requiere que cierto porcentaje de la poblaci\u00f3n est\u00e9 inmunizada para que la inmunidad de grupo funcione: <\/p>\n<ul>\n<li><a href=\"https:\/\/www.voicesforvaccines.org\/es\/informacion-sobre-vacunas-y-enfermedades-prevenibles-con-vacunas\/informacion-sobre-la-vacuna-tdap\/\">Difteria<\/a>: 85%<\/li>\n<li><a href=\"https:\/\/www.voicesforvaccines.org\/es\/informacion-sobre-vacunas-y-enfermedades-prevenibles-con-vacunas\/informacion-sobre-la-vacuna-triple-virica\/\">Sarampi\u00f3n<\/a>: 94%<\/li>\n<li><a href=\"https:\/\/www.voicesforvaccines.org\/fact-sheets\/mmr-vaccine\/\">Paperas<\/a>: 86%<\/li>\n<li><a href=\"https:\/\/www.voicesforvaccines.org\/es\/informacion-sobre-vacunas-y-enfermedades-prevenibles-con-vacunas\/informacion-sobre-la-vacuna-tdap\/\">Tosferina<\/a>: 94%<\/li>\n<li><a href=\"https:\/\/www.voicesforvaccines.org\/es\/informacion-sobre-vacunas-y-enfermedades-prevenibles-con-vacunas\/informacion-sobre-la-polio\/\">Polio<\/a>: 86%<\/li>\n<li><a href=\"https:\/\/www.voicesforvaccines.org\/es\/informacion-sobre-vacunas-y-enfermedades-prevenibles-con-vacunas\/informacion-sobre-la-vacuna-triple-virica\/\">Rub\u00e9ola<\/a>: 85%<\/li>\n<\/ul>\n<p>Cuando te vacunas, no solo te cuidas t\u00fa: tambi\u00e9n est\u00e1s protegiendo a tu comunidad. Es una forma de decir \u201cme importan los dem\u00e1s\u201d, especialmente quienes son m\u00e1s vulnerables. Puedes conocer m\u00e1s sobre este tema en nuestro <a href=\"https:\/\/www.voicesforvaccines.org\/toolkits\/community-immunity-toolkit\/\">toolkit sobre inmunidad comunitaria<\/a>.[\/vc_column_text][vc_video link=&#8221;https:\/\/youtu.be\/HUJwbvdyqqk?si=X2YKk9tR3cvQtLRa&#8221; title=&#8221;Inmunidad de grupo (tambi\u00e9n conocida como inmunidad colectiva)&#8221;][\/vc_column_inner][\/vc_row_inner][vc_row_inner remove_bottom_col_margin=&#8221;true&#8221;][vc_column_inner][vc_custom_heading text=&#8221;\u00bfCu\u00e1nto dura la protecci\u00f3n de una vacuna?&#8221; use_theme_fonts=&#8221;yes&#8221;][vc_column_text]Durante el <a href=\"https:\/\/www.voicesforvaccines.org\/es\/ciencia\/desarrollo-de-vacunas\/\">desarrollo de una vacuna<\/a>, los cient\u00edficos estudian cu\u00e1nto tiempo dura su efecto protector. Algunas vacunas nos protegen de por vida, pero otras necesitan refuerzos porque la inmunidad puede ir disminuyendo con el tiempo. Por ejemplo, la <a href=\"https:\/\/www.voicesforvaccines.org\/es\/informacion-sobre-vacunas-y-enfermedades-prevenibles-con-vacunas\/informacion-sobre-la-vacuna-tdap\/\">vacuna contra el t\u00e9tanos<\/a> hay que repetirla cada cierto n\u00famero de a\u00f1os.<\/p>\n<p>La <a href=\"https:\/\/www.voicesforvaccines.org\/es\/informacion-sobre-vacunas-y-enfermedades-prevenibles-con-vacunas\/informacion-sobre-la-influenza-gripe\/\">vacuna contra la influenza<\/a> se aplica cada a\u00f1o, porque el virus de la gripe cambia constantemente. El virus que circula este a\u00f1o no es el mismo que el del a\u00f1o pasado, as\u00ed que el cuerpo necesita estar preparado para el nuevo.[\/vc_column_text][\/vc_column_inner][\/vc_row_inner]<div class=\"templatera_shortcode\"><style type=\"text\/css\" data-type=\"vc_shortcodes-default-css\">.vc_do_custom_heading{margin-bottom:0.625rem;margin-top:0;}<\/style><style type=\"text\/css\" data-type=\"vc_shortcodes-custom-css\">.vc_custom_1623967295184{padding-top: 20px !important;}<\/style>[vc_row][vc_column][vc_custom_heading text=\"\u00bfC\u00f3mo s\u00e9 que esta informaci\u00f3n es cre\u00edble?\" font_container=\"tag:h2|text_align:left|color:%23004789\" use_theme_fonts=\"yes\" css=\".vc_custom_1623967295184{padding-top: 20px !important;}\"][vc_column_text]Trabajamos para los padres, por lo que nos aseguramos de que sus preocupaciones se aborden utilizando hechos y ciencia, y nuestro contenido es revisado por expertos que han dedicado su carrera al estudio de las vacunas. <a href=\"https:\/\/www.voicesforvaccines.org\/credible-info\/\">Obt\u00e9n m\u00e1s informaci\u00f3n<\/a> sobre c\u00f3mo nos aseguramos de ofrecerte la mejor informaci\u00f3n para ayudarte a tomar decisiones saludables para tu familia.[\/vc_column_text][\/vc_column][\/vc_row]<\/div>[\/vc_column][vc_column width=&#8221;1\/3&#8243; css=&#8221;.vc_custom_1651882255775{padding-top: 5px !important;padding-right: 5px !important;padding-bottom: 5px !important;padding-left: 5px !important;border-radius: 1px !important;}&#8221;][vc_single_image image=&#8221;13445&#8243; onclick=&#8221;img_link_large&#8221;][\/vc_column][\/vc_row]\n<\/div>","protected":false},"excerpt":{"rendered":"<p>[vc_row css=&#8221;.vc_custom_1620857387659{border-radius: 1px !important;}&#8221;][vc_column width=&#8221;2\/3&#8243;][vc_row_inner][vc_column_inner][\/vc_column_inner][\/vc_row_inner][vc_row_inner][vc_column_inner][vc_column_text responsive_text=&#8221;true&#8221; font_family=&#8221;Open Sans&#8221;]Las vacunas son uno de los mayores logros de la ciencia y la salud p\u00fablica en los \u00faltimos 100 a\u00f1os. Pero para muchas&hellip;<\/p>\n","protected":false},"author":14,"featured_media":13511,"parent":14779,"menu_order":0,"comment_status":"closed","ping_status":"closed","template":"","meta":{"_acf_changed":false,"_price":"","_stock":"","_tribe_ticket_header":"","_tribe_default_ticket_provider":"","_tribe_ticket_capacity":"0","_ticket_start_date":"","_ticket_end_date":"","_tribe_ticket_show_description":"","_tribe_ticket_show_not_going":false,"_tribe_ticket_use_global_stock":"","_tribe_ticket_global_stock_level":"","_global_stock_mode":"","_global_stock_cap":"","_tribe_rsvp_for_event":"","_tribe_ticket_going_count":"","_tribe_ticket_not_going_count":"","_tribe_tickets_list":"[]","_tribe_ticket_has_attendee_info_fields":false,"footnotes":"","_tec_slr_enabled":"","_tec_slr_layout":""},"class_list":["post-14815","page","type-page","status-publish","has-post-thumbnail","hentry","entry","has-media"],"acf":[],"ticketed":false,"_links":{"self":[{"href":"https:\/\/www.voicesforvaccines.org\/es\/wp-json\/wp\/v2\/pages\/14815","targetHints":{"allow":["GET"]}}],"collection":[{"href":"https:\/\/www.voicesforvaccines.org\/es\/wp-json\/wp\/v2\/pages"}],"about":[{"href":"https:\/\/www.voicesforvaccines.org\/es\/wp-json\/wp\/v2\/types\/page"}],"author":[{"embeddable":true,"href":"https:\/\/www.voicesforvaccines.org\/es\/wp-json\/wp\/v2\/users\/14"}],"replies":[{"embeddable":true,"href":"https:\/\/www.voicesforvaccines.org\/es\/wp-json\/wp\/v2\/comments?post=14815"}],"version-history":[{"count":19,"href":"https:\/\/www.voicesforvaccines.org\/es\/wp-json\/wp\/v2\/pages\/14815\/revisions"}],"predecessor-version":[{"id":15096,"href":"https:\/\/www.voicesforvaccines.org\/es\/wp-json\/wp\/v2\/pages\/14815\/revisions\/15096"}],"up":[{"embeddable":true,"href":"https:\/\/www.voicesforvaccines.org\/es\/wp-json\/wp\/v2\/pages\/14779"}],"wp:featuredmedia":[{"embeddable":true,"href":"https:\/\/www.voicesforvaccines.org\/es\/wp-json\/wp\/v2\/media\/13511"}],"wp:attachment":[{"href":"https:\/\/www.voicesforvaccines.org\/es\/wp-json\/wp\/v2\/media?parent=14815"}],"curies":[{"name":"wp","href":"https:\/\/api.w.org\/{rel}","templated":true}]}}